{"id":4317,"date":"2026-02-23T08:16:40","date_gmt":"2026-02-23T07:16:40","guid":{"rendered":"https:\/\/www.sqinsertec.com\/?page_id=4317"},"modified":"2026-02-23T08:16:40","modified_gmt":"2026-02-23T07:16:40","slug":"cookies-policy","status":"publish","type":"page","link":"https:\/\/www.sqinsertec.com\/en\/cookies-policy\/","title":{"rendered":"Cookies policy"},"content":{"rendered":"<div class=\"row\"  id=\"row-1988262692\">\n\n\t<div id=\"col-1844699276\" class=\"col small-12 large-12\"  >\n\t\t\t\t<div class=\"col-inner\"  >\n\t\t\t\n\t\t\t\n<span><span><a href=\"https:\/\/www.sqinsertec.com\/en\/\">SQInsertec<\/a><\/span><\/span>\n\t\t<\/div>\n\t\t\t\t\n<style>\n#col-1844699276 > .col-inner {\n  padding: 30px 0px 0px 0px;\n}\n<\/style>\n\t<\/div>\n\n\t\n<\/div>\n<div class=\"row\"  id=\"row-440760821\">\n\n\t<div id=\"col-1969851991\" class=\"col small-12 large-12\"  >\n\t\t\t\t<div class=\"col-inner\"  >\n\t\t\t\n\t\t\t\n\t<div id=\"text-2368118600\" class=\"text\">\n\t\t\n<h1><i>Cookies policy<\/i><\/h1>\n\t\t\n<style>\n#text-2368118600 {\n  font-size: 1.5rem;\n}\n<\/style>\n\t<\/div>\n\t\n\t\t<\/div>\n\t\t\t\t\n<style>\n#col-1969851991 > .col-inner {\n  padding: 0 0px 0px 0px;\n}\n<\/style>\n\t<\/div>\n\n\t\n<\/div>\n<div class=\"row\"  id=\"row-2029291057\">\n\n\t<div id=\"col-537551960\" class=\"col small-12 large-12\"  >\n\t\t\t\t<div class=\"col-inner\"  >\n\t\t\t\n\t\t\t\n<h2>What is a Cookie?<\/h2>\n<p>A Cookie is a small text file that a website places on your PC, phone or any other device, with information about your browsing on said site. Cookies are necessary to facilitate navigation and make it more user-friendly. <\/p>\n<p>Although the general term \u201cCookie\u201d is used in this policy, as it is the main information storage method used by this website, the \u201cLocal Storage\u201d space of the browser is also used for the same purposes as Cookies. . In this sense, all the information included in this section is equally applicable to this \u201cLocal Storage\u201d. <\/p>\n<h2>What are Cookies used for on this website?<\/h2>\n<p>Cookies are an essential part of how our website works. The main objective of our Cookies is to improve your browsing experience. For example, they are used to remember your preferences during browsing and on future visits.  <br \/> The information collected in Cookies also allows us to improve the website by estimating usage numbers and patterns, adapting the website to the individual interests of users, accelerating searches, etc. <\/p>\n<h2>Who uses the information stored in Cookies? <\/h2>\n<p>The information stored in the Cookies on our website is used exclusively by us and we do not use \u201cThird Party Cookies\u201d (managed by external entities to provide requested services to improve services and the user experience when browsing a website). <\/p>\n<h2>How can I prevent the use of Cookies on this website?<\/h2>\n<p>If you prefer to avoid the use of Cookies on this page taking into account the previous limitations, you must, firstly, disable the use of Cookies in your browser and, secondly, delete the Cookies saved in your browser associated with this website.<\/p>\n<p>This possibility of avoiding the use of Cookies can be carried out by you at any time.<\/p>\n<p>Different browsers provide different methods for blocking and deleting cookies used by websites. You can change your browser settings to block\/delete cookies. For more information on how to manage and delete cookies, visit <a href=\"https:\/\/en.wikipedia.org\/wiki\/HTTP_cookie\" rel=\"nofollow noopener\" target=\"_blank\">wikipedia.org<\/a>. , <a href=\"http:\/\/www.allaboutcookies.org\/\" rel=\"nofollow noopener\" target=\"_blank\">www.allaboutcookies.org.<\/a>    <\/p>\n<h2>What specific Cookies does this website use and for what purposes?<\/h2>\n<p>Below is a table with the Cookies, which we can activate or deactivate those used by this website, along with the description and example of their use:<\/p>\n<div>\n<h3>Necesaria<\/h3>\n<div>\n<p>Las cookies necesarias son fundamentales para el funcionamiento b\u00e1sico del sitio web. Sin ellas, el sitio no puede realizar tareas de seguridad o personalizaci\u00f3n de sesi\u00f3n. Estas cookies no almacenan informaci\u00f3n de identificaci\u00f3n personal.<\/p>\n<\/div>\n<div>\n<table>\n<thead>\n<tr>\n<th>Cookie<\/th>\n<th>Duraci\u00f3n<\/th>\n<th>Descripci\u00f3n<\/th>\n<\/tr>\n<\/thead>\n<tbody>\n<tr>\n<td>CookieConsent<\/td>\n<td>1 a\u00f1o<\/td>\n<td>Almacena el estado de consentimiento de cookies del usuario para que no tenga que volver a aceptarlas en cada visita.<\/td>\n<\/tr>\n<tr>\n<td>cf_clearance<\/td>\n<td>1 a\u00f1o<\/td>\n<td>Cookie t\u00e9cnica de seguridad de Cloudflare Turnstile. Ayuda a verificar que el usuario es un humano y protege el sitio contra spam y bots.<\/td>\n<\/tr>\n<tr>\n<td>wordpress_test_cookie<\/td>\n<td>Sesi\u00f3n<\/td>\n<td>Utilizada por WordPress para comprobar si el navegador del usuario permite el uso de cookies.<\/td>\n<\/tr>\n<tr>\n<td>wp-settings-*<\/td>\n<td>1 a\u00f1o<\/td>\n<td>Almacena las preferencias de configuraci\u00f3n y apariencia del usuario dentro del sitio.<\/td>\n<\/tr>\n<\/tbody>\n<\/table><\/div>\n<h3>Anal\u00edtica<\/h3>\n<div>\n<p>Las cookies anal\u00edticas nos ayudan a entender c\u00f3mo los visitantes interact\u00faan con la p\u00e1gina, permiti\u00e9ndonos medir el n\u00famero de visitas y las fuentes de tr\u00e1fico de forma agregada y an\u00f3nima.<\/p>\n<\/div>\n<div>\n<table>\n<thead>\n<tr>\n<th>Cookie<\/th>\n<th>Duraci\u00f3n<\/th>\n<th>Descripci\u00f3n<\/th>\n<\/tr>\n<\/thead>\n<tbody>\n<tr>\n<td>_ga<\/td>\n<td>1 a\u00f1o 1 mes<\/td>\n<td>Cookie principal de Google Analytics. Se utiliza para distinguir a los usuarios de forma an\u00f3nima para generar datos estad\u00edsticos.<\/td>\n<\/tr>\n<tr>\n<td>_ga_*<\/td>\n<td>1 a\u00f1o 1 mes<\/td>\n<td>Utilizada por Google Analytics para mantener el estado de la sesi\u00f3n y rastrear la navegaci\u00f3n del usuario.<\/td>\n<\/tr>\n<tr>\n<td>_gcl_au<\/td>\n<td>3 meses<\/td>\n<td>Utilizada por Google Tag Manager para almacenar y realizar un seguimiento de las conversiones de forma propia (first-party).<\/td>\n<\/tr>\n<\/tbody>\n<\/table><\/div>\n<\/div>\n\t\t<\/div>\n\t\t\t\t\t<\/div>\n\n\t\n<\/div>\n","protected":false},"excerpt":{"rendered":"","protected":false},"author":1,"featured_media":0,"parent":0,"menu_order":0,"comment_status":"closed","ping_status":"closed","template":"","meta":{"inline_featured_image":false,"footnotes":""},"class_list":["post-4317","page","type-page","status-publish","hentry"],"_links":{"self":[{"href":"https:\/\/www.sqinsertec.com\/en\/wp-json\/wp\/v2\/pages\/4317","targetHints":{"allow":["GET"]}}],"collection":[{"href":"https:\/\/www.sqinsertec.com\/en\/wp-json\/wp\/v2\/pages"}],"about":[{"href":"https:\/\/www.sqinsertec.com\/en\/wp-json\/wp\/v2\/types\/page"}],"author":[{"embeddable":true,"href":"https:\/\/www.sqinsertec.com\/en\/wp-json\/wp\/v2\/users\/1"}],"replies":[{"embeddable":true,"href":"https:\/\/www.sqinsertec.com\/en\/wp-json\/wp\/v2\/comments?post=4317"}],"version-history":[{"count":1,"href":"https:\/\/www.sqinsertec.com\/en\/wp-json\/wp\/v2\/pages\/4317\/revisions"}],"predecessor-version":[{"id":4333,"href":"https:\/\/www.sqinsertec.com\/en\/wp-json\/wp\/v2\/pages\/4317\/revisions\/4333"}],"wp:attachment":[{"href":"https:\/\/www.sqinsertec.com\/en\/wp-json\/wp\/v2\/media?parent=4317"}],"curies":[{"name":"wp","href":"https:\/\/api.w.org\/{rel}","templated":true}]}}