{"id":3811,"date":"2017-09-14T17:02:30","date_gmt":"2017-09-14T15:02:30","guid":{"rendered":"https:\/\/www.sqinsertec.com\/sobre-nosotros\/"},"modified":"2026-02-20T19:58:52","modified_gmt":"2026-02-20T18:58:52","slug":"sobre-nosotros","status":"publish","type":"page","link":"https:\/\/www.sqinsertec.com\/es\/sobre-nosotros\/","title":{"rendered":"Sobre nosotros"},"content":{"rendered":"\n  <div class=\"banner has-hover\" id=\"banner-886431964\">\n          <div class=\"banner-inner fill\">\n        <div class=\"banner-bg fill\" >\n            <img loading=\"lazy\" decoding=\"async\" width=\"1796\" height=\"400\" src=\"https:\/\/www.sqinsertec.com\/wp-content\/uploads\/fachada-insertec.jpg\" class=\"bg attachment-original size-original\" alt=\"The exterior of Insertec\" \/>                                    \n                    <\/div>\n\t\t\n        <div class=\"banner-layers container\">\n            <div class=\"fill banner-link\"><\/div>            \n        <\/div>\n      <\/div>\n\n            \n<style>\n#banner-886431964 {\n  padding-top: 300px;\n}\n<\/style>\n  <\/div>\n\n\n\n\t<section class=\"section\" id=\"section_1198092281\">\n\t\t<div class=\"section-bg fill\" >\n\t\t\t\t\t\t\t\t\t\n\t\t\t\n\n\t\t<\/div>\n\n\t\t\n\n\t\t<div class=\"section-content relative\">\n\t\t\t\n<div class=\"row\"  id=\"row-759770447\">\n\n\t<div id=\"col-247012580\" class=\"col large-12\"  >\n\t\t\t\t<div class=\"col-inner text-left\"  >\n\t\t\t\n\t\t\t\n\t<div id=\"text-9993410\" class=\"text\">\n\t\t\n<span><span><a href=\"https:\/\/www.sqinsertec.com\/es\/\">SQInsertec<\/a><\/span><\/span>\n\t\t\n<style>\n#text-9993410 {\n  font-size: 0.75rem;\n}\n<\/style>\n\t<\/div>\n\t\n\t\t<\/div>\n\t\t\t\t\t<\/div>\n\n\t\n<\/div>\n<div class=\"row align-center\"  id=\"row-2048186353\">\n\n\t<div id=\"col-830789561\" class=\"col medium-10 large-10\"  >\n\t\t\t\t<div class=\"col-inner text-center\"  >\n\t\t\t\n\t\t\t\n<h1>Sobre nosotros<\/h1>\n\t<div id=\"text-914238120\" class=\"text center-section\">\n\t\t\n<p class=\"lead\">SQInsertec es una empresa especializada en ofrecer productos refractarios a los sectores de fundici\u00f3n de acero, fundici\u00f3n de hierro y fundici\u00f3n no ferrosos. Entre las diferentes aplicaciones de nuestros productos se encuentran los materiales de fundici\u00f3n, la fundici\u00f3n continua y la fabricaci\u00f3n de lingotes de acero.<\/p>\n\t\t\t<\/div>\n\t\n\t\t<\/div>\n\t\t\t\t\t<\/div>\n\n\t\n<\/div>\n\t\t<\/div>\n\n\t\t\n<style>\n#section_1198092281 {\n  padding-top: 0px;\n  padding-bottom: 0px;\n}\n<\/style>\n\t<\/section>\n\t\n\n\t<section class=\"section\" id=\"section_227204322\">\n\t\t<div class=\"section-bg fill\" >\n\t\t\t\t\t\t\t\t\t\n\t\t\t\n\n\t\t<\/div>\n\n\t\t\n\n\t\t<div class=\"section-content relative\">\n\t\t\t\n<div class=\"row\"  id=\"row-1780609799\">\n\n\t<div id=\"col-546280738\" class=\"col medium-6 large-6\"  >\n\t\t\t\t<div class=\"col-inner\"  >\n\t\t\t\n\t\t\t\n<h2>Nuestra compa\u00f1\u00eda<\/h2>\n<p>SQInsertec naci\u00f3 de la uni\u00f3n de la multinacional china SQ Group y la empresa vasca Insertec con el objetivo de proporcionar soluciones rentables para la industria de la fundici\u00f3n y la industria del acero.<\/p>\n<p> De la uni\u00f3n de ambas empresas surge la fortaleza, la experiencia y el profundo conocimiento de los sectores de la fundici\u00f3n y la acer\u00eda.<\/p>\n\t\t<\/div>\n\t\t\t\t\t<\/div>\n\n\t\n\n\t<div id=\"col-538774996\" class=\"col medium-6 large-6\"  >\n\t\t\t\t<div class=\"col-inner\"  >\n\t\t\t\n\t\t\t\n<h2>Our values<\/h2>\n<p>En SQInsertec tenemos una ilusi\u00f3n, proporcionar las soluciones refractarias m\u00e1s rentables a nuestros clientes con el mejor servicio. Nuestros valores y fundamentos nos ayudar\u00e1n a lograr nuestro objetivo. <\/p>\n\n<ul class=\"tick-list\">\n<li>Estamos cerca del cliente para conocer bien sus procesos y necesidades.<\/li>\n<li>Damos buen servicio, siendo r\u00e1pidos y flexibles.<\/li>\n<li>Somos honestos con nuestras recomendaciones.<\/li>\n<li>Trabajamos de forma inteligente para poder ofrecer a nuestros clientes materiales al mejor precio y aporte de valor.<\/li>\n<li>Ofrecemos productos que son cada vez m\u00e1s ecol\u00f3gicos.<\/li>\n<\/ul>\n\n\t\t<\/div>\n\t\t\t\t\t<\/div>\n\n\t\n<\/div>\n\t\t<\/div>\n\n\t\t\n<style>\n#section_227204322 {\n  padding-top: 15px 0px 0px 0px;\n  padding-bottom: 15px 0px 0px 0px;\n  background-color: #f0f5fa;\n}\n<\/style>\n\t<\/section>\n\t\n\n  <div class=\"banner has-hover\" id=\"banner-1539407050\">\n          <div class=\"banner-inner fill\">\n        <div class=\"banner-bg fill\" >\n            <img loading=\"lazy\" decoding=\"async\" width=\"1800\" height=\"715\" src=\"https:\/\/www.sqinsertec.com\/wp-content\/uploads\/bola_verde-1.jpg\" class=\"bg attachment-original size-original\" alt=\"Bola Verde\" \/>                                    \n                    <\/div>\n\t\t\n        <div class=\"banner-layers container\">\n            <div class=\"fill banner-link\"><\/div>            \r\n\r\n   <div id=\"text-box-1294769026\" class=\"text-box banner-layer x0 md-x0 lg-x0 y50 md-y50 lg-y50 res-text\">\n                                <div class=\"text-box-content text \">\n              \n              <div class=\"text-inner text-center\">\n                  \r\n\r\n<h2 style=\"text-align: center; margin: 0 0 15px 0;\">SEGURIDAD \/ SALUD \/ MEDIO AMBIENTE<\/h2>\r\n<ul class=\"tick-list\">\r\n<li>Aprobado por el Sistema de Gesti\u00f3n de Seguridad y Salud Ocupacional ISO18001<\/li>\r\n<li>Aprobado por el Sistema de Gesti\u00f3n Ambiental ISO14001; Cada a\u00f1o invertimos decenas de millones en RMB para efluentes, tratamientos exhaustivos.<\/li>\r\n<li>Aprobado por \u00abEmpresa nacional de clase AAA con buenas pr\u00e1cticas en estandarizaci\u00f3n\u00bb<\/li>\r\n<li>Empresa de investigaci\u00f3n y desarrollo de tecnolog\u00eda de biomasa<\/li>\r\n<\/ul>\r\n<p style=\"margin-top: 15px;\">SQInsertec Europe, S.L. pone a disposici\u00f3n su pol\u00edtica de calidad, medio ambiente y seguridad en el trabajo. Si desea conocerla, <br><a title=\"Contacto\" href=\"\/es\/contacto\/\">por favor p\u00f3ngase en contacto con nosotros<\/a>.<\/p>\r\n\r\n\r\n              <\/div>\n           <\/div>\n                            \n<style>\n#text-box-1294769026 .text-box-content {\n  background-color: rgba(255, 255, 255, 0.5);\n  font-size: 100%;\n}\n#text-box-1294769026 .text-inner {\n  padding: 15px 15px 15px 15px;\n}\n#text-box-1294769026 {\n  width: 60%;\n}\n<\/style>\n    <\/div>\n \r\n\r\n        <\/div>\n      <\/div>\n\n            \n<style>\n#banner-1539407050 {\n  padding-top: 500px;\n}\n<\/style>\n  <\/div>\n\n\n","protected":false},"excerpt":{"rendered":"","protected":false},"author":1,"featured_media":0,"parent":0,"menu_order":0,"comment_status":"closed","ping_status":"closed","template":"","meta":{"inline_featured_image":false,"footnotes":""},"class_list":["post-3811","page","type-page","status-publish","hentry"],"_links":{"self":[{"href":"https:\/\/www.sqinsertec.com\/es\/wp-json\/wp\/v2\/pages\/3811","targetHints":{"allow":["GET"]}}],"collection":[{"href":"https:\/\/www.sqinsertec.com\/es\/wp-json\/wp\/v2\/pages"}],"about":[{"href":"https:\/\/www.sqinsertec.com\/es\/wp-json\/wp\/v2\/types\/page"}],"author":[{"embeddable":true,"href":"https:\/\/www.sqinsertec.com\/es\/wp-json\/wp\/v2\/users\/1"}],"replies":[{"embeddable":true,"href":"https:\/\/www.sqinsertec.com\/es\/wp-json\/wp\/v2\/comments?post=3811"}],"version-history":[{"count":3,"href":"https:\/\/www.sqinsertec.com\/es\/wp-json\/wp\/v2\/pages\/3811\/revisions"}],"predecessor-version":[{"id":3814,"href":"https:\/\/www.sqinsertec.com\/es\/wp-json\/wp\/v2\/pages\/3811\/revisions\/3814"}],"wp:attachment":[{"href":"https:\/\/www.sqinsertec.com\/es\/wp-json\/wp\/v2\/media?parent=3811"}],"curies":[{"name":"wp","href":"https:\/\/api.w.org\/{rel}","templated":true}]}}