{"id":3815,"date":"2026-02-03T17:54:55","date_gmt":"2026-02-03T16:54:55","guid":{"rendered":"https:\/\/www.sqinsertec.com\/sobre-nosotros\/sobre-insertec\/"},"modified":"2026-02-20T20:02:30","modified_gmt":"2026-02-20T19:02:30","slug":"sobre-insertec","status":"publish","type":"page","link":"https:\/\/www.sqinsertec.com\/es\/sobre-nosotros\/sobre-insertec\/","title":{"rendered":"Sobre Insertec"},"content":{"rendered":"\n  <div class=\"banner has-hover\" id=\"banner-1744273141\">\n          <div class=\"banner-inner fill\">\n        <div class=\"banner-bg fill\" >\n            <img loading=\"lazy\" decoding=\"async\" width=\"1376\" height=\"465\" src=\"https:\/\/www.sqinsertec.com\/wp-content\/uploads\/img1-empresa-insertec.jpg\" class=\"bg attachment-original size-original\" alt=\"Img1 Empresa Insertec\" \/>                                    \n                    <\/div>\n\t\t\n        <div class=\"banner-layers container\">\n            <div class=\"fill banner-link\"><\/div>            \n   <div id=\"text-box-625802304\" class=\"text-box banner-layer x50 md-x50 lg-x50 y50 md-y50 lg-y50 res-text\">\n                                <div class=\"text-box-content text dark\">\n              \n              <div class=\"text-inner text-center\">\n                  \n\t<div id=\"text-3285240222\" class=\"text center-section\">\n\t\t\n<h2>Somos fabricantes de hornos industriales y materiales refractarios<\/h2>\n<p>Aportamos soluciones innovadoras al sector del calor industrial<\/p>\n\t\t\t<\/div>\n\t\n              <\/div>\n           <\/div>\n                            \n<style>\n#text-box-625802304 {\n  width: 60%;\n}\n#text-box-625802304 .text-box-content {\n  font-size: 100%;\n}\n<\/style>\n    <\/div>\n \n        <\/div>\n      <\/div>\n\n            \n<style>\n#banner-1744273141 {\n  padding-top: 500px;\n}\n<\/style>\n  <\/div>\n\n\n\n\t<section class=\"section dark\" id=\"section_786954341\">\n\t\t<div class=\"section-bg fill\" >\n\t\t\t\t\t\t\t\t\t\n\t\t\t\n\n\t\t<\/div>\n\n\t\t\n\n\t\t<div class=\"section-content relative\">\n\t\t\t\n<div class=\"row\"  id=\"row-1644807236\">\n\n\t<div id=\"col-1916498119\" class=\"col medium-6 large-6\"  >\n\t\t\t\t<div class=\"col-inner text-center\"  >\n\t\t\t\n\t\t\t\n<h2>\u201cEl progreso ha sido el motor de Insertec desde su inicio\u201d<\/h2>\n\t\t<\/div>\n\t\t\t\t\t<\/div>\n\n\t\n\n\t<div id=\"col-930860698\" class=\"col medium-6 large-6\"  >\n\t\t\t\t<div class=\"col-inner\"  >\n\t\t\t\n\t\t\t\n<p>Dise\u00f1amos y fabricamos hornos industriales y refractarios a medida.<\/p>\n<p>Una combinaci\u00f3n de actividades que se ha convertido en se\u00f1a de identidad y calidad de nuestros servicios por sus claras sinergias. Una fusi\u00f3n perfecta y una de las claves de nuestro \u00e9xito. <\/p>\n<p>En Insertec trabajamos para transformar el mundo, para ayudar a las sociedad a progresar, porque nuestra actividad es esenciales en industrias tan diversas como las energ\u00edas renovables, el transporte o la automoci\u00f3n, que tanto inciden en el progreso y el bienestar social de hoy en d\u00eda.<\/p>\n\t\t<\/div>\n\t\t\t\t\t<\/div>\n\n\t\n<\/div>\n\t\t<\/div>\n\n\t\t\n<style>\n#section_786954341 {\n  padding-top: 100px;\n  padding-bottom: 100px;\n}\n<\/style>\n\t<\/section>\n\t\n\n\t<section class=\"section\" id=\"section_1023585589\">\n\t\t<div class=\"section-bg fill\" >\n\t\t\t\t\t\t\t\t\t\n\t\t\t\n\n\t\t<\/div>\n\n\t\t\n\n\t\t<div class=\"section-content relative\">\n\t\t\t\n<div class=\"row\"  id=\"row-540552757\">\n\n\t<div id=\"col-1209248182\" class=\"col medium-6 large-6\"  >\n\t\t\t\t<div class=\"col-inner\"  >\n\t\t\t\n\t\t\t\n\t<div class=\"img has-hover x md-x lg-x y md-y lg-y\" id=\"image_1778713886\">\n\t\t\t\t\t\t\t\t<div class=\"img-inner dark\" >\n\t\t\t<img loading=\"lazy\" decoding=\"async\" width=\"600\" height=\"400\" src=\"https:\/\/www.sqinsertec.com\/wp-content\/uploads\/insertec-2.jpg\" class=\"attachment-original size-original\" alt=\"Insertec 2\" srcset=\"https:\/\/www.sqinsertec.com\/wp-content\/uploads\/insertec-2.jpg 600w, https:\/\/www.sqinsertec.com\/wp-content\/uploads\/insertec-2-300x200.jpg 300w\" sizes=\"auto, (max-width: 600px) 100vw, 600px\" \/>\t\t\t\t\t\t\n\t\t\t\t\t<\/div>\n\t\t\t\t\t\t\t\t\n<style>\n#image_1778713886 {\n  width: 100%;\n}\n<\/style>\n\t<\/div>\n\t\n\t\t<\/div>\n\t\t\t\t\t<\/div>\n\n\t\n\n\t<div id=\"col-1841844251\" class=\"col medium-6 large-6\"  >\n\t\t\t\t<div class=\"col-inner\"  >\n\t\t\t\n\t\t\t\n\t<div class=\"img has-hover x md-x lg-x y md-y lg-y\" id=\"image_346584364\">\n\t\t\t\t\t\t\t\t<div class=\"img-inner dark\" >\n\t\t\t<img loading=\"lazy\" decoding=\"async\" width=\"376\" height=\"237\" src=\"https:\/\/www.sqinsertec.com\/wp-content\/uploads\/insertec-3-1.jpg\" class=\"attachment-original size-original\" alt=\"Insertec 3\" srcset=\"https:\/\/www.sqinsertec.com\/wp-content\/uploads\/insertec-3-1.jpg 376w, https:\/\/www.sqinsertec.com\/wp-content\/uploads\/insertec-3-1-300x189.jpg 300w\" sizes=\"auto, (max-width: 376px) 100vw, 376px\" \/>\t\t\t\t\t\t\n\t\t\t\t\t<\/div>\n\t\t\t\t\t\t\t\t\n<style>\n#image_346584364 {\n  width: 60%;\n}\n<\/style>\n\t<\/div>\n\t\n<h3> Proceso de producci\u00f3n integral<\/h3>\n<p>Creamos valor para nuestros clientes gracias a nuestra experiencia y know-how.<\/p>\n<p>Nuestros conocimientos en ingenier\u00eda y fabricaci\u00f3n de hornos nos ayudan a producir mejores refractarios, y nuestro profundo conocimiento en refractarios nos ayuda a dise\u00f1ar mejores hornos.<\/p>\n<p>En Insertec controlamos todas las facetas de producci\u00f3n de nuestros productos gracias a un proceso de producci\u00f3n integral. Desde la extracci\u00f3n de las materias primas para refractarios en nuestra propia mina, hasta el montaje y puesta en marcha de los equipos en las instalaciones del cliente. <\/p>\n\t\t<\/div>\n\t\t\t\t\t<\/div>\n\n\t\n<\/div>\n\t\t<\/div>\n\n\t\t\n<style>\n#section_1023585589 {\n  padding-top: 30px;\n  padding-bottom: 30px;\n}\n<\/style>\n\t<\/section>\n\t\n\n\t<section class=\"section\" id=\"section_1372582300\">\n\t\t<div class=\"section-bg fill\" >\n\t\t\t\t\t\t\t\t\t\n\t\t\t\n\n\t\t<\/div>\n\n\t\t\n\n\t\t<div class=\"section-content relative\">\n\t\t\t\n<div class=\"row\"  id=\"row-683146770\">\n\n\t<div id=\"col-2112734231\" class=\"col medium-6 large-6\"  >\n\t\t\t\t<div class=\"col-inner\"  >\n\t\t\t\n\t\t\t\n<h3 style=\"color:#0e357a;\">Grupo Insertec<\/h3>\n<p>Insertec, fundada en 1980, es hoy en d\u00eda un potente grupo industrial internacional, presente en 8 pa\u00edses, con oficinas centrales en Bizkaia \u2013 Espa\u00f1a- y numerosas delegaciones por el mundo.<\/p>\n<p>Contamos con un excelente equipo humano de m\u00e1s de 250 profesionales altamente cualificados.<\/p>\n<ul>\n<li>Adem\u00e1s de nuestra sede y delegaciones, disponemos de plantas e infraestructuras propias como:<\/li>\n<li>Mina en Guadalajara (Espa\u00f1a), de la que extraemos el mineral para nuestros refractarios. Laboratorio qu\u00edmico de primer orden para la realizaci\u00f3n de pruebas para nuestros proyectos.<\/li>\n<\/ul>\n\t\t<\/div>\n\t\t\t\t\t<\/div>\n\n\t\n\n\t<div id=\"col-1271726192\" class=\"col medium-6 large-6\"  >\n\t\t\t\t<div class=\"col-inner\"  >\n\t\t\t\n\t\t\t\n\t<div class=\"img has-hover x md-x lg-x y md-y lg-y\" id=\"image_903361919\">\n\t\t\t\t\t\t\t\t<div class=\"img-inner dark\" >\n\t\t\t<img loading=\"lazy\" decoding=\"async\" width=\"718\" height=\"481\" src=\"https:\/\/www.sqinsertec.com\/wp-content\/uploads\/insertec-4-1.jpg\" class=\"attachment-original size-original\" alt=\"Insertec 4\" srcset=\"https:\/\/www.sqinsertec.com\/wp-content\/uploads\/insertec-4-1.jpg 718w, https:\/\/www.sqinsertec.com\/wp-content\/uploads\/insertec-4-1-300x201.jpg 300w\" sizes=\"auto, (max-width: 718px) 100vw, 718px\" \/>\t\t\t\t\t\t\n\t\t\t\t\t<\/div>\n\t\t\t\t\t\t\t\t\n<style>\n#image_903361919 {\n  width: 100%;\n}\n<\/style>\n\t<\/div>\n\t\n\t\t<\/div>\n\t\t\t\t\t<\/div>\n\n\t\n<\/div>\n\t\t<\/div>\n\n\t\t\n<style>\n#section_1372582300 {\n  padding-top: 30px;\n  padding-bottom: 30px;\n}\n<\/style>\n\t<\/section>\n\t\n\n\t<section class=\"section dark\" id=\"section_1797073791\">\n\t\t<div class=\"section-bg fill\" >\n\t\t\t\t\t\t\t\t\t\n\t\t\t\n\n\t\t<\/div>\n\n\t\t\n\n\t\t<div class=\"section-content relative\">\n\t\t\t\n<div class=\"row\"  id=\"row-941402521\">\n\n\t<div id=\"col-593778127\" class=\"col medium-6 large-6\"  >\n\t\t\t\t<div class=\"col-inner text-center\"  >\n\t\t\t\n\t\t\t\n<h2>Preparando el futuro<\/h2>\n\t\t<\/div>\n\t\t\t\t\t<\/div>\n\n\t\n\n\t<div id=\"col-797523465\" class=\"col medium-6 large-6\"  >\n\t\t\t\t<div class=\"col-inner\"  >\n\t\t\t\n\t\t\t\n<p>En Insertec hemos adquirido el compromiso de dar una respuesta sostenible y responsable a la incidencia de nuestra actividad sobre el planeta.<\/p>\n<p>Nuestro equipo de I+D+i lleva a cabo proyectos de investigaci\u00f3n en torno a la producci\u00f3n de refractarios de regeneraci\u00f3n, as\u00ed como en soluciones de eficiencia energ\u00e9tica para nuestros equipos, que puedan dar respuesta sostenible a las necesidades futuras o a empresas socialmente responsables.<\/p>\n<p>As\u00ed mismo, fabricamos distintos tipos de hornos industriales para procesos de reciclaje industrial.<\/p>\n\t\t<\/div>\n\t\t\t\t\t<\/div>\n\n\t\n\n<style>\n#row-941402521 > .col > .col-inner {\n  padding: 60px 0px 60px 0px;\n}\n<\/style>\n<\/div>\n\t\t<\/div>\n\n\t\t\n<style>\n#section_1797073791 {\n  padding-top: 0px;\n  padding-bottom: 0px;\n}\n<\/style>\n\t<\/section>\n\t\n\n\t<section class=\"section\" id=\"section_533057671\">\n\t\t<div class=\"section-bg fill\" >\n\t\t\t\t\t\t\t\t\t\n\t\t\t\n\n\t\t<\/div>\n\n\t\t\n\n\t\t<div class=\"section-content relative\">\n\t\t\t\n<div class=\"row row-collapse row-full-width\"  id=\"row-1379056679\">\n\n\t<div id=\"col-825898025\" class=\"col medium-6 large-6\"  >\n\t\t\t\t<div class=\"col-inner\"  >\n\t\t\t\n\t\t\t\n\t<div class=\"img has-hover x md-x lg-x y md-y lg-y\" id=\"image_2012645153\">\n\t\t\t\t\t\t\t\t<div class=\"img-inner dark\" >\n\t\t\t<img loading=\"lazy\" decoding=\"async\" width=\"800\" height=\"400\" src=\"https:\/\/www.sqinsertec.com\/wp-content\/uploads\/insertec-5-1.jpg\" class=\"attachment-original size-original\" alt=\"Insertec 5\" srcset=\"https:\/\/www.sqinsertec.com\/wp-content\/uploads\/insertec-5-1.jpg 800w, https:\/\/www.sqinsertec.com\/wp-content\/uploads\/insertec-5-1-300x150.jpg 300w, https:\/\/www.sqinsertec.com\/wp-content\/uploads\/insertec-5-1-768x384.jpg 768w\" sizes=\"auto, (max-width: 800px) 100vw, 800px\" \/>\t\t\t\t\t\t\n\t\t\t\t\t<\/div>\n\t\t\t\t\t\t\t\t\n<style>\n#image_2012645153 {\n  width: 100%;\n}\n<\/style>\n\t<\/div>\n\t\n\t\t<\/div>\n\t\t\t\t\t<\/div>\n\n\t\n\n\t<div id=\"col-1405561293\" class=\"col medium-6 large-6\"  >\n\t\t\t\t<div class=\"col-inner\"  >\n\t\t\t\n\t\t\t\n\t<div class=\"img has-hover x md-x lg-x y md-y lg-y\" id=\"image_1533634645\">\n\t\t\t\t\t\t\t\t<div class=\"img-inner dark\" >\n\t\t\t<img loading=\"lazy\" decoding=\"async\" width=\"800\" height=\"400\" src=\"https:\/\/www.sqinsertec.com\/wp-content\/uploads\/insertec-6.jpg\" class=\"attachment-original size-original\" alt=\"Insertec 6\" srcset=\"https:\/\/www.sqinsertec.com\/wp-content\/uploads\/insertec-6.jpg 800w, https:\/\/www.sqinsertec.com\/wp-content\/uploads\/insertec-6-300x150.jpg 300w, https:\/\/www.sqinsertec.com\/wp-content\/uploads\/insertec-6-768x384.jpg 768w\" sizes=\"auto, (max-width: 800px) 100vw, 800px\" \/>\t\t\t\t\t\t\n\t\t\t\t\t<\/div>\n\t\t\t\t\t\t\t\t\n<style>\n#image_1533634645 {\n  width: 100%;\n}\n<\/style>\n\t<\/div>\n\t\n\t\t<\/div>\n\t\t\t\t\t<\/div>\n\n\t\n<\/div>\n\t\t<\/div>\n\n\t\t\n<style>\n#section_533057671 {\n  padding-top: 0;\n  padding-bottom: 0;\n}\n<\/style>\n\t<\/section>\n\t\n\n\t<section class=\"section\" id=\"section_966372943\">\n\t\t<div class=\"section-bg fill\" >\n\t\t\t\t\t\t\t\t\t\n\t\t\t\n\n\t\t<\/div>\n\n\t\t\n\n\t\t<div class=\"section-content relative\">\n\t\t\t\n<div class=\"row align-center\"  id=\"row-68155908\">\n\n\t<div id=\"col-294677572\" class=\"col medium-6 large-6\"  >\n\t\t\t\t<div class=\"col-inner text-center\"  >\n\t\t\t\n\t\t\t\n<div class=\"ux-logo has-hover align-middle ux_logo inline-block\" style=\"max-width: 100%!important; width: 260px!important\"><div class=\"ux-logo-link block image-\" title=\"\" href=\"\" style=\"padding: 15px;\"><img decoding=\"async\" src=\"https:\/\/www.sqinsertec.com\/wp-content\/uploads\/logo_insertec_es_2.png\" title=\"\" alt=\"\" class=\"ux-logo-image block\" style=\"height:65px;\" \/><\/div><\/div>\n\t<div id=\"gap-889064392\" class=\"gap-element clearfix\" style=\"display:block; height:auto;\">\n\t\t\n<style>\n#gap-889064392 {\n  padding-top: 60px;\n}\n<\/style>\n\t<\/div>\n\t\n<h3 style=\"color:#0e357a; text-align:center;\">\n\u201cSeguiremos, innovando y construyendo. Porque nuestro compromiso es proporcionar soluciones innovadoras en el sector del calor industrial, ahora y en el futuro.\u201d<br \/><\/h3>\n\t\t<\/div>\n\t\t\t\t\t<\/div>\n\n\t\n<\/div>\n\t\t<\/div>\n\n\t\t\n<style>\n#section_966372943 {\n  padding-top: 150px;\n  padding-bottom: 150px;\n  background-color: rgb(240, 240, 240);\n}\n<\/style>\n\t<\/section>\n\t\n","protected":false},"excerpt":{"rendered":"","protected":false},"author":1,"featured_media":0,"parent":3811,"menu_order":0,"comment_status":"closed","ping_status":"closed","template":"","meta":{"inline_featured_image":false,"footnotes":""},"class_list":["post-3815","page","type-page","status-publish","hentry"],"_links":{"self":[{"href":"https:\/\/www.sqinsertec.com\/es\/wp-json\/wp\/v2\/pages\/3815","targetHints":{"allow":["GET"]}}],"collection":[{"href":"https:\/\/www.sqinsertec.com\/es\/wp-json\/wp\/v2\/pages"}],"about":[{"href":"https:\/\/www.sqinsertec.com\/es\/wp-json\/wp\/v2\/types\/page"}],"author":[{"embeddable":true,"href":"https:\/\/www.sqinsertec.com\/es\/wp-json\/wp\/v2\/users\/1"}],"replies":[{"embeddable":true,"href":"https:\/\/www.sqinsertec.com\/es\/wp-json\/wp\/v2\/comments?post=3815"}],"version-history":[{"count":3,"href":"https:\/\/www.sqinsertec.com\/es\/wp-json\/wp\/v2\/pages\/3815\/revisions"}],"predecessor-version":[{"id":3818,"href":"https:\/\/www.sqinsertec.com\/es\/wp-json\/wp\/v2\/pages\/3815\/revisions\/3818"}],"up":[{"embeddable":true,"href":"https:\/\/www.sqinsertec.com\/es\/wp-json\/wp\/v2\/pages\/3811"}],"wp:attachment":[{"href":"https:\/\/www.sqinsertec.com\/es\/wp-json\/wp\/v2\/media?parent=3815"}],"curies":[{"name":"wp","href":"https:\/\/api.w.org\/{rel}","templated":true}]}}