{"id":3831,"date":"2017-08-25T14:50:06","date_gmt":"2017-08-25T12:50:06","guid":{"rendered":"https:\/\/www.sqinsertec.com\/sobre-nosotros\/sobre-grupo-sq\/"},"modified":"2026-02-20T20:10:06","modified_gmt":"2026-02-20T19:10:06","slug":"sobre-grupo-sq","status":"publish","type":"page","link":"https:\/\/www.sqinsertec.com\/es\/sobre-nosotros\/sobre-grupo-sq\/","title":{"rendered":"Sobre Grupo SQ"},"content":{"rendered":"\n\t<section class=\"section\" id=\"section_1261558431\">\n\t\t<div class=\"section-bg fill\" >\n\t\t\t\t\t\t\t\t\t\n\t\t\t\n\n\t\t<\/div>\n\n\t\t\n\n\t\t<div class=\"section-content relative\">\n\t\t\t\n<div class=\"row align-center\"  id=\"row-771112890\">\n\n\t<div id=\"col-2024809833\" class=\"col medium-6 large-6\"  >\n\t\t\t\t<div class=\"col-inner text-center\"  >\n\t\t\t\n\t\t\t\n\t<div id=\"text-1299940651\" class=\"text\">\n\t\t\n<h1>Sobre Grupo SQ<\/h1>\n\t\t\n<style>\n#text-1299940651 {\n  text-align: center;\n}\n<\/style>\n\t<\/div>\n\t\n\t<div id=\"text-1023761245\" class=\"text\">\n\t\t\n<span><span><a href=\"https:\/\/www.sqinsertec.com\/es\/\">SQInsertec<\/a><\/span><\/span>\n\t\t\n<style>\n#text-1023761245 {\n  font-size: 0.75rem;\n  text-align: center;\n}\n<\/style>\n\t<\/div>\n\t\n\t<div id=\"gap-1753654029\" class=\"gap-element clearfix\" style=\"display:block; height:auto;\">\n\t\t\n<style>\n#gap-1753654029 {\n  padding-top: 30px;\n}\n<\/style>\n\t<\/div>\n\t\n\t<div id=\"text-2804111945\" class=\"text\">\n\t\t\n<p>A lo largo de 30 a\u00f1os de desarrollo innovador y sostenible, Shengquan Group ha logrado un \u00e9xito global demostrado en I + D, asumiendo el papel principal en la industria mundial de nuevos materiales de biomasa. Shengquan Group fue nombrada entre las Top 500 empresas privadas de fabricaci\u00f3n de China.<\/p>\n\t\t\n<style>\n#text-2804111945 {\n  text-align: center;\n}\n<\/style>\n\t<\/div>\n\t\n<a href=\"https:\/\/www.shengquan.com\/\" target=\"_blank\" class=\"button primary\" rel=\"noopener\" >\n\t\t<span>www.shengquan.com<\/span>\n\t<i class=\"icon-angle-right\" aria-hidden=\"true\"><\/i><\/a>\n\n\t\t<\/div>\n\t\t\t\t\t<\/div>\n\n\t\n<\/div>\n\t\t<\/div>\n\n\t\t\n<style>\n#section_1261558431 {\n  padding-top: 30px;\n  padding-bottom: 30px;\n  margin-bottom: 20px 0;\n}\n<\/style>\n\t<\/section>\n\t\n\n  <div class=\"banner has-hover\" id=\"banner-625810049\">\n          <div class=\"banner-inner fill\">\n        <div class=\"banner-bg fill\" >\n            <img loading=\"lazy\" decoding=\"async\" width=\"1800\" height=\"598\" src=\"https:\/\/www.sqinsertec.com\/wp-content\/uploads\/plant-overview-sqgroup_compressed-1.jpg\" class=\"bg attachment-original size-original\" alt=\"Visi\u00f3n general de la planta Sqgroup\" \/>                                    \n                    <\/div>\n\t\t\n        <div class=\"banner-layers container\">\n            <div class=\"fill banner-link\"><\/div>            \n   <div id=\"text-box-270403726\" class=\"text-box banner-layer x50 md-x50 lg-x50 y50 md-y50 lg-y50 res-text\">\n                                <div class=\"text-box-content text \">\n              \n              <div class=\"text-inner text-center\">\n                  \n<h2>Jinan Shengquan Group Share Holding Co., Ltd. fue fundada en 1979<\/h2>\n              <\/div>\n           <\/div>\n                            \n<style>\n#text-box-270403726 {\n  width: 60%;\n}\n#text-box-270403726 .text-box-content {\n  font-size: 100%;\n}\n<\/style>\n    <\/div>\n \n        <\/div>\n      <\/div>\n\n            \n<style>\n#banner-625810049 {\n  padding-top: 500px;\n}\n<\/style>\n  <\/div>\n\n\n\n\t<section class=\"section\" id=\"section_1988943957\">\n\t\t<div class=\"section-bg fill\" >\n\t\t\t\t\t\t\t\t\t\n\t\t\t\n\n\t\t<\/div>\n\n\t\t\n\n\t\t<div class=\"section-content relative\">\n\t\t\t\n<div class=\"row align-middle\"  id=\"row-1463111649\">\n\n\t<div id=\"col-1375221134\" class=\"col medium-6 large-6\"  >\n\t\t\t\t<div class=\"col-inner\"  >\n\t\t\t\n\t\t\t\n<h2>Divisi\u00f3n de negocios SQ Group<\/h2>\n\t<div class=\"img has-hover x md-x lg-x y md-y lg-y\" id=\"image_1826021341\">\n\t\t\t\t\t\t\t\t<div class=\"img-inner dark\" >\n\t\t\t<img loading=\"lazy\" decoding=\"async\" width=\"1155\" height=\"611\" src=\"https:\/\/www.sqinsertec.com\/wp-content\/uploads\/sqgroup-bussiness-divisions.png\" class=\"attachment-original size-original\" alt=\"Divisiones de negocio de Sqgroup\" srcset=\"https:\/\/www.sqinsertec.com\/wp-content\/uploads\/sqgroup-bussiness-divisions.png 1155w, https:\/\/www.sqinsertec.com\/wp-content\/uploads\/sqgroup-bussiness-divisions-300x159.png 300w, https:\/\/www.sqinsertec.com\/wp-content\/uploads\/sqgroup-bussiness-divisions-1024x542.png 1024w, https:\/\/www.sqinsertec.com\/wp-content\/uploads\/sqgroup-bussiness-divisions-768x406.png 768w\" sizes=\"auto, (max-width: 1155px) 100vw, 1155px\" \/>\t\t\t\t\t\t\n\t\t\t\t\t<\/div>\n\t\t\t\t\t\t\t\t\n<style>\n#image_1826021341 {\n  width: 100%;\n}\n<\/style>\n\t<\/div>\n\t\n\t\t<\/div>\n\t\t\t\t\t<\/div>\n\n\t\n\n\t<div id=\"col-828912741\" class=\"col medium-6 large-6\"  >\n\t\t\t\t<div class=\"col-inner\"  >\n\t\t\t\n\t\t\t\n<ul class=\"tick-list\">\n<li>Empresa agr\u00edcola nacional l\u00edder en China<\/li>\n<li>Empresa l\u00edder en innovaci\u00f3n tecnol\u00f3gica<\/li>\n<li>Planta de fabricaci\u00f3n verde<\/li>\n<li>Empresa medalla de oro en responsabilidad social corporativa<\/li>\n<\/ul>\n\t\t<\/div>\n\t\t\t\t\t<\/div>\n\n\t\n<\/div>\n\t\t<\/div>\n\n\t\t\n<style>\n#section_1988943957 {\n  padding-top: 30px;\n  padding-bottom: 30px;\n}\n<\/style>\n\t<\/section>\n\t\n","protected":false},"excerpt":{"rendered":"","protected":false},"author":1,"featured_media":0,"parent":3811,"menu_order":0,"comment_status":"closed","ping_status":"closed","template":"","meta":{"inline_featured_image":false,"footnotes":""},"class_list":["post-3831","page","type-page","status-publish","hentry"],"_links":{"self":[{"href":"https:\/\/www.sqinsertec.com\/es\/wp-json\/wp\/v2\/pages\/3831","targetHints":{"allow":["GET"]}}],"collection":[{"href":"https:\/\/www.sqinsertec.com\/es\/wp-json\/wp\/v2\/pages"}],"about":[{"href":"https:\/\/www.sqinsertec.com\/es\/wp-json\/wp\/v2\/types\/page"}],"author":[{"embeddable":true,"href":"https:\/\/www.sqinsertec.com\/es\/wp-json\/wp\/v2\/users\/1"}],"replies":[{"embeddable":true,"href":"https:\/\/www.sqinsertec.com\/es\/wp-json\/wp\/v2\/comments?post=3831"}],"version-history":[{"count":3,"href":"https:\/\/www.sqinsertec.com\/es\/wp-json\/wp\/v2\/pages\/3831\/revisions"}],"predecessor-version":[{"id":3834,"href":"https:\/\/www.sqinsertec.com\/es\/wp-json\/wp\/v2\/pages\/3831\/revisions\/3834"}],"up":[{"embeddable":true,"href":"https:\/\/www.sqinsertec.com\/es\/wp-json\/wp\/v2\/pages\/3811"}],"wp:attachment":[{"href":"https:\/\/www.sqinsertec.com\/es\/wp-json\/wp\/v2\/media?parent=3831"}],"curies":[{"name":"wp","href":"https:\/\/api.w.org\/{rel}","templated":true}]}}