{"id":3877,"date":"2026-02-03T21:42:57","date_gmt":"2026-02-03T20:42:57","guid":{"rendered":"https:\/\/www.sqinsertec.com\/productos\/"},"modified":"2026-03-16T16:31:51","modified_gmt":"2026-03-16T15:31:51","slug":"productos","status":"publish","type":"page","link":"https:\/\/www.sqinsertec.com\/es\/productos\/","title":{"rendered":"Productos"},"content":{"rendered":"\n\t<section class=\"section\" id=\"section_890204752\">\n\t\t<div class=\"section-bg fill\" >\n\t\t\t\t\t\t\t\t\t\n\t\t\t\n\n\t\t<\/div>\n\n\t\t\n\n\t\t<div class=\"section-content relative\">\n\t\t\t\n<div class=\"row align-center\"  id=\"row-264515334\">\n\n\t<div id=\"col-1774270188\" class=\"col medium-6 large-6\"  >\n\t\t\t\t<div class=\"col-inner text-center\"  >\n\t\t\t\n\t\t\t\n\t<div id=\"text-2665683682\" class=\"text\">\n\t\t\n<h1>Productos<\/h1>\n\t\t\n<style>\n#text-2665683682 {\n  text-align: center;\n}\n<\/style>\n\t<\/div>\n\t\n\t<div id=\"text-2323460361\" class=\"text\">\n\t\t\n<span><span><a href=\"https:\/\/www.sqinsertec.com\/es\/\">SQInsertec<\/a><\/span><\/span>\n\t\t\n<style>\n#text-2323460361 {\n  font-size: 0.75rem;\n  text-align: center;\n}\n<\/style>\n\t<\/div>\n\t\n\t<div id=\"gap-651285101\" class=\"gap-element clearfix\" style=\"display:block; height:auto;\">\n\t\t\n<style>\n#gap-651285101 {\n  padding-top: 30px;\n}\n<\/style>\n\t<\/div>\n\t\n<p style=\"text-align: justify;\">SQ Insertec aspira a convertirse en el proveedor l\u00edder en Europa de resinas y materiales para la fundici\u00f3n. Nuestras soluciones para la industria de la fundici\u00f3n incluyen: resinas, revestimientos, manguitos elevadores, filtros, materiales auxiliares y materiales para metalurgia. <\/p>\n\t\t<\/div>\n\t\t\t\t\t<\/div>\n\n\t\n<\/div>\n\t\t<\/div>\n\n\t\t\n<style>\n#section_890204752 {\n  padding-top: 30px;\n  padding-bottom: 30px;\n  margin-bottom: 20px 0;\n}\n<\/style>\n\t<\/section>\n\t\n\n\t<section class=\"section\" id=\"section_2054292316\">\n\t\t<div class=\"section-bg fill\" >\n\t\t\t\t\t\t\t\t\t\n\t\t\t\n\n\t\t<\/div>\n\n\t\t\n\n\t\t<div class=\"section-content relative\">\n\t\t\t\n<div class=\"row\"  id=\"row-760099761\">\n\n\t<div id=\"col-437134799\" class=\"col large-12\"  >\n\t\t\t\t<div class=\"col-inner text-center\"  >\n\t\t\t\n\t\t\t\n<h2 style=\"text-align: center;\">Productos para la fundici\u00f3n<\/h2>\n\t\t<\/div>\n\t\t\t\t\t<\/div>\n\n\t\n<\/div>\n\t\t<\/div>\n\n\t\t\n<style>\n#section_2054292316 {\n  padding-top: 0px;\n  padding-bottom: 0px;\n}\n<\/style>\n\t<\/section>\n\t\n\n\t<section class=\"section\" id=\"section_63724218\">\n\t\t<div class=\"section-bg fill\" >\n\t\t\t\t\t\t\t\t\t\n\t\t\t\n\n\t\t<\/div>\n\n\t\t\n\n\t\t<div class=\"section-content relative\">\n\t\t\t\n<div class=\"row row-large\"  id=\"row-283473162\">\n\n\t<div id=\"col-716511958\" class=\"col medium-4 small-12 large-4\"  >\n\t\t\t\t<div class=\"col-inner text-center\"  >\n\t\t\t\n\t\t\t\n<p><span style=\"font-size: 1.5em; display:block; margin-bottom:10px;\"><strong>Resinas<\/strong><\/span><\/p>\n\t<div class=\"img has-hover x md-x lg-x y md-y lg-y\" id=\"image_1709167921\">\n\t\t<a class=\"\" href=\"https:\/\/www.sqinsertec.com\/es\/productos\/resinas\/\" >\t\t\t\t\t\t<div class=\"img-inner dark\" >\n\t\t\t<img loading=\"lazy\" decoding=\"async\" width=\"400\" height=\"300\" src=\"https:\/\/www.sqinsertec.com\/wp-content\/uploads\/binders-2.jpg\" class=\"attachment-original size-original\" alt=\"Resinas\" srcset=\"https:\/\/www.sqinsertec.com\/wp-content\/uploads\/binders-2.jpg 400w, https:\/\/www.sqinsertec.com\/wp-content\/uploads\/binders-2-300x225.jpg 300w\" sizes=\"auto, (max-width: 400px) 100vw, 400px\" \/>\t\t\t\t\t\t\n\t\t\t\t\t<\/div>\n\t\t\t\t\t\t<\/a>\t\t\n<style>\n#image_1709167921 {\n  width: 100%;\n}\n<\/style>\n\t<\/div>\n\t\n\t<div id=\"gap-892624612\" class=\"gap-element clearfix\" style=\"display:block; height:auto;\">\n\t\t\n<style>\n#gap-892624612 {\n  padding-top: 15px;\n}\n<\/style>\n\t<\/div>\n\t\n<p>SQ Insertec suministra una amplia gama de resinas para la industria de la fundici\u00f3n en diferentes formatos.<\/p>\n<a href=\"https:\/\/www.sqinsertec.com\/es\/productos\/resinas\/\" class=\"button primary is-link is-small\" >\n\t\t<span>Todo sobre resinas<\/span>\n\t<i class=\"icon-angle-right\" aria-hidden=\"true\"><\/i><\/a>\n\n\t\t<\/div>\n\t\t\t\t\t<\/div>\n\n\t\n\n\t<div id=\"col-186897515\" class=\"col medium-4 small-12 large-4\"  >\n\t\t\t\t<div class=\"col-inner text-center\"  >\n\t\t\t\n\t\t\t\n<p><span style=\"font-size: 1.5em; display:block; margin-bottom:10px;\"><strong>Revestimientos<\/strong><\/span><\/p>\n\t<div class=\"img has-hover x md-x lg-x y md-y lg-y\" id=\"image_323094328\">\n\t\t<a class=\"\" href=\"https:\/\/www.sqinsertec.com\/es\/productos\/coatings\/\" >\t\t\t\t\t\t<div class=\"img-inner dark\" >\n\t\t\t<img loading=\"lazy\" decoding=\"async\" width=\"400\" height=\"300\" src=\"https:\/\/www.sqinsertec.com\/wp-content\/uploads\/coatings-2.jpg\" class=\"attachment-original size-original\" alt=\"Revestimientos\" srcset=\"https:\/\/www.sqinsertec.com\/wp-content\/uploads\/coatings-2.jpg 400w, https:\/\/www.sqinsertec.com\/wp-content\/uploads\/coatings-2-300x225.jpg 300w\" sizes=\"auto, (max-width: 400px) 100vw, 400px\" \/>\t\t\t\t\t\t\n\t\t\t\t\t<\/div>\n\t\t\t\t\t\t<\/a>\t\t\n<style>\n#image_323094328 {\n  width: 100%;\n}\n<\/style>\n\t<\/div>\n\t\n\t<div id=\"gap-1077434449\" class=\"gap-element clearfix\" style=\"display:block; height:auto;\">\n\t\t\n<style>\n#gap-1077434449 {\n  padding-top: 15px;\n}\n<\/style>\n\t<\/div>\n\t\n<p>SQ Insertec suministra revestimientos para la industria de la fundici\u00f3n y siderurgia: revestimientos refractarios en base agua y alcohol para uso en moldes de arena, espuma perdida y otros.<\/p>\n<a href=\"https:\/\/www.sqinsertec.com\/es\/productos\/coatings\/\" class=\"button primary is-link is-small\" >\n\t\t<span>Todo sobre revestimientos<\/span>\n\t<i class=\"icon-angle-right\" aria-hidden=\"true\"><\/i><\/a>\n\n\t\t<\/div>\n\t\t\t\t\t<\/div>\n\n\t\n\n\t<div id=\"col-650786557\" class=\"col medium-4 small-12 large-4\"  >\n\t\t\t\t<div class=\"col-inner text-center\"  >\n\t\t\t\n\t\t\t\n<p><span style=\"font-size: 1.5em; display:block; margin-bottom:10px;\"><strong>Manguitos de alimentaci\u00f3n<\/strong><\/span><\/p>\n\t<div class=\"img has-hover x md-x lg-x y md-y lg-y\" id=\"image_1506814548\">\n\t\t<a class=\"\" href=\"https:\/\/www.sqinsertec.com\/es\/productos\/manguitos-de-alimentacion\/\" >\t\t\t\t\t\t<div class=\"img-inner dark\" >\n\t\t\t<img loading=\"lazy\" decoding=\"async\" width=\"400\" height=\"300\" src=\"https:\/\/www.sqinsertec.com\/wp-content\/uploads\/riser-sleeves-2-2.jpg\" class=\"attachment-original size-original\" alt=\"Manguitos de alimentaci\u00f3n\" srcset=\"https:\/\/www.sqinsertec.com\/wp-content\/uploads\/riser-sleeves-2-2.jpg 400w, https:\/\/www.sqinsertec.com\/wp-content\/uploads\/riser-sleeves-2-2-300x225.jpg 300w\" sizes=\"auto, (max-width: 400px) 100vw, 400px\" \/>\t\t\t\t\t\t\n\t\t\t\t\t<\/div>\n\t\t\t\t\t\t<\/a>\t\t\n<style>\n#image_1506814548 {\n  width: 100%;\n}\n<\/style>\n\t<\/div>\n\t\n\t<div id=\"gap-245319517\" class=\"gap-element clearfix\" style=\"display:block; height:auto;\">\n\t\t\n<style>\n#gap-245319517 {\n  padding-top: 15px;\n}\n<\/style>\n\t<\/div>\n\t\n<p>Manguitos exot\u00e9rmicos y aislantes para la industria de la fundici\u00f3n y siderurgia.<\/p>\n<a href=\"https:\/\/www.sqinsertec.com\/es\/productos\/manguitos-de-alimentacion\/\" class=\"button primary is-link is-small\" >\n\t\t<span>Todo sobre manguitos de alimentaci\u00f3n<\/span>\n\t<i class=\"icon-angle-right\" aria-hidden=\"true\"><\/i><\/a>\n\n\t\t<\/div>\n\t\t\t\t\t<\/div>\n\n\t\n\n\t<div id=\"col-2132184435\" class=\"col medium-4 small-12 large-4\"  >\n\t\t\t\t<div class=\"col-inner text-center\"  >\n\t\t\t\n\t\t\t\n<p><span style=\"font-size: 1.5em; display:block; margin-bottom:10px;\"><strong>Filtros<\/strong><\/span><\/p>\n\t<div class=\"img has-hover x md-x lg-x y md-y lg-y\" id=\"image_1020852473\">\n\t\t<a class=\"\" href=\"https:\/\/www.sqinsertec.com\/es\/productos\/filtros\/\" >\t\t\t\t\t\t<div class=\"img-inner dark\" >\n\t\t\t<img loading=\"lazy\" decoding=\"async\" width=\"400\" height=\"300\" src=\"https:\/\/www.sqinsertec.com\/wp-content\/uploads\/filters-3.jpg\" class=\"attachment-original size-original\" alt=\"Filtros\" srcset=\"https:\/\/www.sqinsertec.com\/wp-content\/uploads\/filters-3.jpg 400w, https:\/\/www.sqinsertec.com\/wp-content\/uploads\/filters-3-300x225.jpg 300w\" sizes=\"auto, (max-width: 400px) 100vw, 400px\" \/>\t\t\t\t\t\t\n\t\t\t\t\t<\/div>\n\t\t\t\t\t\t<\/a>\t\t\n<style>\n#image_1020852473 {\n  width: 100%;\n}\n<\/style>\n\t<\/div>\n\t\n\t<div id=\"gap-1124063205\" class=\"gap-element clearfix\" style=\"display:block; height:auto;\">\n\t\t\n<style>\n#gap-1124063205 {\n  padding-top: 15px;\n}\n<\/style>\n\t<\/div>\n\t\n<p>Espuma de SIC, silicato de circonio, al\u00famina, carb\u00f3n y filtros prensados para la industria de la fundici\u00f3n y siderurgia.<\/p>\n<a href=\"https:\/\/www.sqinsertec.com\/es\/productos\/filtros\/\" class=\"button primary is-link is-small\" >\n\t\t<span>Todo sobre filtros<\/span>\n\t<i class=\"icon-angle-right\" aria-hidden=\"true\"><\/i><\/a>\n\n\t\t<\/div>\n\t\t\t\t\t<\/div>\n\n\t\n\n\t<div id=\"col-1360675521\" class=\"col medium-4 small-12 large-4\"  >\n\t\t\t\t<div class=\"col-inner text-center\"  >\n\t\t\t\n\t\t\t\n<p><span style=\"font-size: 1.5em; display:block; margin-bottom:10px;\"><strong>Materiales auxiliares<\/strong><\/span><\/p>\n\t<div class=\"img has-hover x md-x lg-x y md-y lg-y\" id=\"image_1426657415\">\n\t\t<a class=\"\" href=\"https:\/\/www.sqinsertec.com\/es\/productos\/materiales-auxiliares\/\" >\t\t\t\t\t\t<div class=\"img-inner dark\" >\n\t\t\t<img loading=\"lazy\" decoding=\"async\" width=\"400\" height=\"300\" src=\"https:\/\/www.sqinsertec.com\/wp-content\/uploads\/auxiliary-materials-2.jpg\" class=\"attachment-original size-original\" alt=\"Materiales auxiliares\" srcset=\"https:\/\/www.sqinsertec.com\/wp-content\/uploads\/auxiliary-materials-2.jpg 400w, https:\/\/www.sqinsertec.com\/wp-content\/uploads\/auxiliary-materials-2-300x225.jpg 300w\" sizes=\"auto, (max-width: 400px) 100vw, 400px\" \/>\t\t\t\t\t\t\n\t\t\t\t\t<\/div>\n\t\t\t\t\t\t<\/a>\t\t\n<style>\n#image_1426657415 {\n  width: 100%;\n}\n<\/style>\n\t<\/div>\n\t\n\t<div id=\"gap-1028506540\" class=\"gap-element clearfix\" style=\"display:block; height:auto;\">\n\t\t\n<style>\n#gap-1028506540 {\n  padding-top: 15px;\n}\n<\/style>\n\t<\/div>\n\t\n<p>Materiales auxiliares para fundici\u00f3n y siderurgia. Cont\u00e1ctenos para saber m\u00e1s sobre nuestros materiales auxiliares. <\/p>\n<a href=\"https:\/\/www.sqinsertec.com\/es\/productos\/materiales-auxiliares\/\" class=\"button primary is-link is-small\" >\n\t\t<span>Todo sobre materiales auxiliares<\/span>\n\t<i class=\"icon-angle-right\" aria-hidden=\"true\"><\/i><\/a>\n\n\t\t<\/div>\n\t\t\t\t\t<\/div>\n\n\t\n\n\t<div id=\"col-1698598426\" class=\"col medium-4 small-12 large-4\"  >\n\t\t\t\t<div class=\"col-inner text-center\"  >\n\t\t\t\n\t\t\t\n<p><span style=\"font-size: 1.5em; display:block; margin-bottom:10px;\"><strong>Materiales para la metalurgia<\/strong><\/span><\/p>\n\t<div class=\"img has-hover x md-x lg-x y md-y lg-y\" id=\"image_957890946\">\n\t\t<a class=\"\" href=\"https:\/\/www.sqinsertec.com\/es\/productos\/materiales-para-metalurgia\/\" >\t\t\t\t\t\t<div class=\"img-inner dark\" >\n\t\t\t<img loading=\"lazy\" decoding=\"async\" width=\"400\" height=\"300\" src=\"https:\/\/www.sqinsertec.com\/wp-content\/uploads\/metallurgical-materials-2-1.jpg\" class=\"attachment-original size-original\" alt=\"Materiales para la metalurgia\" srcset=\"https:\/\/www.sqinsertec.com\/wp-content\/uploads\/metallurgical-materials-2-1.jpg 400w, https:\/\/www.sqinsertec.com\/wp-content\/uploads\/metallurgical-materials-2-1-300x225.jpg 300w\" sizes=\"auto, (max-width: 400px) 100vw, 400px\" \/>\t\t\t\t\t\t\n\t\t\t\t\t<\/div>\n\t\t\t\t\t\t<\/a>\t\t\n<style>\n#image_957890946 {\n  width: 100%;\n}\n<\/style>\n\t<\/div>\n\t\n\t<div id=\"gap-1448666733\" class=\"gap-element clearfix\" style=\"display:block; height:auto;\">\n\t\t\n<style>\n#gap-1448666733 {\n  padding-top: 15px;\n}\n<\/style>\n\t<\/div>\n\t\n<p>SQ Insertec ofrece diferentes materiales para metalurgia de alto rendimiento tales como inoculantes y nodulizadores de aleaciones de magnesio. <\/p>\n<a href=\"https:\/\/www.sqinsertec.com\/es\/productos\/materiales-para-metalurgia\/\" class=\"button primary is-link is-small\" >\n\t\t<span>Todo sobre materiales para la metalurgia<\/span>\n\t<i class=\"icon-angle-right\" aria-hidden=\"true\"><\/i><\/a>\n\n\t\t<\/div>\n\t\t\t\t\t<\/div>\n\n\t\n<\/div>\n\t\t<\/div>\n\n\t\t\n<style>\n#section_63724218 {\n  padding-top: 20px;\n  padding-bottom: 20px;\n}\n<\/style>\n\t<\/section>\n\t\n\n\t<section class=\"section\" id=\"section_73374725\">\n\t\t<div class=\"section-bg fill\" >\n\t\t\t\t\t\t\t\t\t\n\t\t\t\n\n\t\t<\/div>\n\n\t\t\n\n\t\t<div class=\"section-content relative\">\n\t\t\t\n<div class=\"row\"  id=\"row-1443330005\">\n\n\t<div id=\"col-747986639\" class=\"col medium-6 small-12 large-6\"  >\n\t\t\t\t<div class=\"col-inner\"  >\n\t\t\t\n\t\t\t\n<h2 style=\"text-align: center;\">Productos para la colada continua<\/h2>\n<p>SQ Insertec fabrica y distribuye multitud de productos refractarios para colada continua.<\/p>\n<a href=\"https:\/\/www.sqinsertec.com\/es\/productos\/productos-para-colada-continua\/\" class=\"button primary is-primary\" >\n\t\t<span>Todo sobre colada continua<\/span>\n\t<\/a>\n\n\t\t<\/div>\n\t\t\t\t\t<\/div>\n\n\t\n\n\t<div id=\"col-280217131\" class=\"col medium-6 small-12 large-6\"  >\n\t\t\t\t<div class=\"col-inner\"  >\n\t\t\t\n\t\t\t\n\t<div class=\"img has-hover x md-x lg-x y md-y lg-y\" id=\"image_1359118283\">\n\t\t<a class=\"\" href=\"https:\/\/www.sqinsertec.com\/es\/productos\/productos-para-colada-continua\/\" >\t\t\t\t\t\t<div class=\"img-inner dark\" >\n\t\t\t<img loading=\"lazy\" decoding=\"async\" width=\"400\" height=\"300\" src=\"https:\/\/www.sqinsertec.com\/wp-content\/uploads\/continous-casting.jpg\" class=\"attachment-original size-original\" alt=\"Colada continua\" srcset=\"https:\/\/www.sqinsertec.com\/wp-content\/uploads\/continous-casting.jpg 400w, https:\/\/www.sqinsertec.com\/wp-content\/uploads\/continous-casting-300x225.jpg 300w\" sizes=\"auto, (max-width: 400px) 100vw, 400px\" \/>\t\t\t\t\t\t\n\t\t\t\t\t<\/div>\n\t\t\t\t\t\t<\/a>\t\t\n<style>\n#image_1359118283 {\n  width: 60%;\n}\n<\/style>\n\t<\/div>\n\t\n\t\t<\/div>\n\t\t\t\t\t<\/div>\n\n\t\n<\/div>\n\t\t<\/div>\n\n\t\t\n<style>\n#section_73374725 {\n  padding-top: 30px;\n  padding-bottom: 30px;\n}\n<\/style>\n\t<\/section>\n\t\n\n\t<section class=\"section\" id=\"section_1644723480\">\n\t\t<div class=\"section-bg fill\" >\n\t\t\t\t\t\t\t\t\t\n\t\t\t\n\n\t\t<\/div>\n\n\t\t\n\n\t\t<div class=\"section-content relative\">\n\t\t\t\n<div class=\"row\"  id=\"row-1211538975\">\n\n\t<div id=\"col-1605078073\" class=\"col medium-6 small-12 large-6\"  >\n\t\t\t\t<div class=\"col-inner\"  >\n\t\t\t\n\t\t\t\n<h2 style=\"text-align: center;\">Productos para lingotes de acero<\/h2>\n<p>SQ Insertec fabrica y distribuye multitud de productos refractarios para colado en lingotes de acero.<\/p>\n<a href=\"https:\/\/www.sqinsertec.com\/es\/productos\/productos-para-lingotes-de-acero\/\" class=\"button primary is-primary\" >\n\t\t<span>Todo sobre lingotes de acero<\/span>\n\t<\/a>\n\n\t\t<\/div>\n\t\t\t\t\t<\/div>\n\n\t\n\n\t<div id=\"col-2102099795\" class=\"col medium-6 small-12 large-6\"  >\n\t\t\t\t<div class=\"col-inner\"  >\n\t\t\t\n\t\t\t\n\t<div class=\"img has-hover x md-x lg-x y md-y lg-y\" id=\"image_858839600\">\n\t\t<a class=\"\" href=\"https:\/\/www.sqinsertec.com\/es\/productos\/productos-para-lingotes-de-acero\/\" >\t\t\t\t\t\t<div class=\"img-inner dark\" >\n\t\t\t<img loading=\"lazy\" decoding=\"async\" width=\"636\" height=\"417\" src=\"https:\/\/www.sqinsertec.com\/wp-content\/uploads\/Imagen7.png\" class=\"attachment-original size-original\" alt=\"Imagen7\" srcset=\"https:\/\/www.sqinsertec.com\/wp-content\/uploads\/Imagen7.png 636w, https:\/\/www.sqinsertec.com\/wp-content\/uploads\/Imagen7-300x197.png 300w\" sizes=\"auto, (max-width: 636px) 100vw, 636px\" \/>\t\t\t\t\t\t\n\t\t\t\t\t<\/div>\n\t\t\t\t\t\t<\/a>\t\t\n<style>\n#image_858839600 {\n  width: 60%;\n}\n<\/style>\n\t<\/div>\n\t\n\t\t<\/div>\n\t\t\t\t\t<\/div>\n\n\t\n<\/div>\n\t\t<\/div>\n\n\t\t\n<style>\n#section_1644723480 {\n  padding-top: 30px;\n  padding-bottom: 30px;\n}\n<\/style>\n\t<\/section>\n\t\n\n\t<section class=\"section\" id=\"section_1173202251\">\n\t\t<div class=\"section-bg fill\" >\n\t\t\t\t\t\t\t\t\t\n\t\t\t\n\n\t\t<\/div>\n\n\t\t\n\n\t\t<div class=\"section-content relative\">\n\t\t\t\r\n\r\n<div class=\"row align-center\"  id=\"row-1700390892\">\r\n\r\n\n\t<div id=\"col-2019081828\" class=\"col medium-6 large-6\"  >\n\t\t\t\t<div class=\"col-inner text-center\"  >\n\t\t\t\n\t\t\t\r\n\r\n\t<div id=\"text-2766346729\" class=\"text\">\n\t\t\r\n\r\n<h2>Ponte manos a la obra con SQ Insertec<\/h2>\r\n\t\t\n<style>\n#text-2766346729 {\n  text-align: center;\n}\n<\/style>\n\t<\/div>\n\t\r\n\t<div id=\"text-2444633077\" class=\"text center-section\">\n\t\t\r\n\r\n<p>Contacta con nosotros y te ayudaremos lo antes posible\r\n<\/p>\r\n\t\t\t<\/div>\n\t\r\n<a data-animate=\"flipInX\" href=\"https:\/\/www.sqinsertec.com\/contact-us\/\" class=\"button primary is-primary\" >\n\t\t<span>Contacto<\/span>\n\t<i class=\"icon-angle-right\" aria-hidden=\"true\"><\/i><\/a>\n\r\n\r\n\r\n\t\t<\/div>\n\t\t\t\t\t<\/div>\n\n\t\r\n\r\n<\/div>\r\n\r\n\t\t<\/div>\n\n\t\t\n<style>\n#section_1173202251 {\n  padding-top: 30px;\n  padding-bottom: 30px;\n  margin-bottom: 20px 0;\n}\n<\/style>\n\t<\/section>\n\t\n\n  <div class=\"banner has-hover\" id=\"banner-2035376004\">\n          <div class=\"banner-inner fill\">\n        <div class=\"banner-bg fill\" >\n            <img loading=\"lazy\" decoding=\"async\" width=\"1800\" height=\"715\" src=\"https:\/\/www.sqinsertec.com\/wp-content\/uploads\/bola_verde-1.jpg\" class=\"bg attachment-original size-original\" alt=\"Bola Verde\" \/>                                    \n                    <\/div>\n\t\t\n        <div class=\"banner-layers container\">\n            <div class=\"fill banner-link\"><\/div>            \r\n\r\n   <div id=\"text-box-2049849894\" class=\"text-box banner-layer x0 md-x0 lg-x0 y50 md-y50 lg-y50 res-text\">\n                                <div class=\"text-box-content text \">\n              \n              <div class=\"text-inner text-center\">\n                  \r\n\r\n<h2 style=\"text-align: center; margin: 0 0 15px 0;\">SEGURIDAD \/ SALUD \/ MEDIO AMBIENTE<\/h2>\r\n<ul class=\"tick-list\">\r\n<li>Aprobado por el Sistema de Gesti\u00f3n de Seguridad y Salud Ocupacional ISO18001<\/li>\r\n<li>Aprobado por el Sistema de Gesti\u00f3n Ambiental ISO14001; Cada a\u00f1o invertimos decenas de millones en RMB para efluentes, tratamientos exhaustivos.<\/li>\r\n<li>Aprobado por \u00abEmpresa nacional de clase AAA con buenas pr\u00e1cticas en estandarizaci\u00f3n\u00bb<\/li>\r\n<li>Empresa de investigaci\u00f3n y desarrollo de tecnolog\u00eda de biomasa<\/li>\r\n<\/ul>\r\n<p style=\"margin-top: 15px;\">SQInsertec Europe, S.L. pone a disposici\u00f3n su pol\u00edtica de calidad, medio ambiente y seguridad en el trabajo. Si desea conocerla, <br><a title=\"Contacto\" href=\"\/es\/contacto\/\">por favor p\u00f3ngase en contacto con nosotros<\/a>.<\/p>\r\n\r\n\r\n              <\/div>\n           <\/div>\n                            \n<style>\n#text-box-2049849894 .text-box-content {\n  background-color: rgba(255, 255, 255, 0.5);\n  font-size: 100%;\n}\n#text-box-2049849894 .text-inner {\n  padding: 15px 15px 15px 15px;\n}\n#text-box-2049849894 {\n  width: 60%;\n}\n<\/style>\n    <\/div>\n \r\n\r\n        <\/div>\n      <\/div>\n\n            \n<style>\n#banner-2035376004 {\n  padding-top: 500px;\n}\n<\/style>\n  <\/div>\n\n\n","protected":false},"excerpt":{"rendered":"","protected":false},"author":1,"featured_media":0,"parent":0,"menu_order":0,"comment_status":"closed","ping_status":"closed","template":"","meta":{"inline_featured_image":false,"footnotes":""},"class_list":["post-3877","page","type-page","status-publish","hentry"],"_links":{"self":[{"href":"https:\/\/www.sqinsertec.com\/es\/wp-json\/wp\/v2\/pages\/3877","targetHints":{"allow":["GET"]}}],"collection":[{"href":"https:\/\/www.sqinsertec.com\/es\/wp-json\/wp\/v2\/pages"}],"about":[{"href":"https:\/\/www.sqinsertec.com\/es\/wp-json\/wp\/v2\/types\/page"}],"author":[{"embeddable":true,"href":"https:\/\/www.sqinsertec.com\/es\/wp-json\/wp\/v2\/users\/1"}],"replies":[{"embeddable":true,"href":"https:\/\/www.sqinsertec.com\/es\/wp-json\/wp\/v2\/comments?post=3877"}],"version-history":[{"count":5,"href":"https:\/\/www.sqinsertec.com\/es\/wp-json\/wp\/v2\/pages\/3877\/revisions"}],"predecessor-version":[{"id":4597,"href":"https:\/\/www.sqinsertec.com\/es\/wp-json\/wp\/v2\/pages\/3877\/revisions\/4597"}],"wp:attachment":[{"href":"https:\/\/www.sqinsertec.com\/es\/wp-json\/wp\/v2\/media?parent=3877"}],"curies":[{"name":"wp","href":"https:\/\/api.w.org\/{rel}","templated":true}]}}