{"id":4028,"date":"2026-02-03T21:54:07","date_gmt":"2026-02-03T20:54:07","guid":{"rendered":"https:\/\/www.sqinsertec.com\/productos\/tubo-de-colada-de-papel\/"},"modified":"2026-02-21T11:14:13","modified_gmt":"2026-02-21T10:14:13","slug":"tubo-de-colada-de-papel","status":"publish","type":"page","link":"https:\/\/www.sqinsertec.com\/es\/productos\/tubo-de-colada-de-papel\/","title":{"rendered":"Tubo de colada de papel"},"content":{"rendered":"\n\t<section class=\"section\" id=\"section_299899353\">\n\t\t<div class=\"section-bg fill\" >\n\t\t\t\t\t\t\t\t\t\n\t\t\t\n\n\t\t<\/div>\n\n\t\t\n\n\t\t<div class=\"section-content relative\">\n\t\t\t\n<div class=\"row align-center\"  id=\"row-1251246092\">\n\n\t<div id=\"col-1966106821\" class=\"col medium-10 large-10\"  >\n\t\t\t\t<div class=\"col-inner text-center\"  >\n\t\t\t\n\t\t\t\n<h1>Tubo de colada de papel<\/h1>\n\t<div id=\"text-1722024095\" class=\"text\">\n\t\t\n<span><span><a href=\"https:\/\/www.sqinsertec.com\/es\/\">SQInsertec<\/a><\/span><\/span>\n\t\t\n<style>\n#text-1722024095 {\n  font-size: 0.75rem;\n}\n<\/style>\n\t<\/div>\n\t\n\t\t<\/div>\n\t\t\t\t\t<\/div>\n\n\t\n\n<style>\n#row-1251246092 > .col > .col-inner {\n  padding: 0px 0px 0px 0px;\n}\n<\/style>\n<\/div>\n\t\t<\/div>\n\n\t\t\n<style>\n#section_299899353 {\n  padding-top: 0px;\n  padding-bottom: 0px;\n}\n<\/style>\n\t<\/section>\n\t\n\n\t<section class=\"section blanco\" id=\"section_1710908542\">\n\t\t<div class=\"section-bg fill\" >\n\t\t\t<img loading=\"lazy\" decoding=\"async\" width=\"1620\" height=\"1080\" src=\"https:\/\/www.sqinsertec.com\/wp-content\/uploads\/metal-castings-inside-the-factory-2023-02-16-01-49-13-utc.jpg\" class=\"bg attachment-original size-original\" alt=\"Metal Castings Inside The Factory\" \/>\t\t\t\t\t\t\n\t\t\t\n\n\t\t<\/div>\n\n\t\t\n\n\t\t<div class=\"section-content relative\">\n\t\t\t\n<div class=\"row align-middle align-center\"  id=\"row-630216191\">\n\n\t<div id=\"col-909065954\" class=\"col text-center medium-6 large-6\"  >\n\t\t\t\t<div class=\"col-inner\"  >\n\t\t\t\n\t\t\t\n\t<div id=\"text-640380468\" class=\"text\">\n\t\t\n<h2>Tubo de colada de papel de la serie ZG<\/h2>\n\t\t\n<style>\n#text-640380468 {\n  text-align: center;\n}\n<\/style>\n\t<\/div>\n\t\n\t\t<\/div>\n\t\t\t\t\t<\/div>\n\n\t\n<\/div>\n\t\t<\/div>\n\n\t\t\n<style>\n#section_1710908542 {\n  padding-top: 50px;\n  padding-bottom: 50px;\n}\n@media (min-width:550px) {\n  #section_1710908542 {\n    padding-top: 70px;\n    padding-bottom: 70px;\n  }\n}\n@media (min-width:850px) {\n  #section_1710908542 {\n    padding-top: 100px;\n    padding-bottom: 100px;\n  }\n}\n<\/style>\n\t<\/section>\n\t\n\n\t<section class=\"section dark\" id=\"section_2032481179\">\n\t\t<div class=\"section-bg fill\" >\n\t\t\t\t\t\t\t\t\t\n\t\t\t\n\n\t\t<\/div>\n\n\t\t\n\n\t\t<div class=\"section-content relative\">\n\t\t\t\n<div class=\"row align-middle align-center\"  id=\"row-1916960914\">\n\n\t<div id=\"col-993468901\" class=\"col medium-4 large-4\"  >\n\t\t\t\t<div class=\"col-inner\"  >\n\t\t\t\n\t\t\t\n\t<div class=\"ux-menu stack stack-col justify-start ux-menu--divider-solid\">\n\t\t\n\t<div class=\"ux-menu-link flex menu-item\">\n\t\t<a class=\"ux-menu-link__link flex\" href=\"#ZG-straight-tube\" >\n\t\t\t<i class=\"ux-menu-link__icon text-center icon-plus\" aria-hidden=\"true\"><\/i>\t\t\t<span class=\"ux-menu-link__text\">\n\t\t\t\tZG-straight tube\t\t\t<\/span>\n\t\t<\/a>\n\t<\/div>\n\t\n\t<div class=\"ux-menu-link flex menu-item\">\n\t\t<a class=\"ux-menu-link__link flex\" href=\"#ZG-elbow-tube\" >\n\t\t\t<i class=\"ux-menu-link__icon text-center icon-plus\" aria-hidden=\"true\"><\/i>\t\t\t<span class=\"ux-menu-link__text\">\n\t\t\t\tZG-elbow-tube\t\t\t<\/span>\n\t\t<\/a>\n\t<\/div>\n\t\n\t<div class=\"ux-menu-link flex menu-item\">\n\t\t<a class=\"ux-menu-link__link flex\" href=\"#ZG-tee-joint\" >\n\t\t\t<i class=\"ux-menu-link__icon text-center icon-plus\" aria-hidden=\"true\"><\/i>\t\t\t<span class=\"ux-menu-link__text\">\n\t\t\t\tZG-tee joint\t\t\t<\/span>\n\t\t<\/a>\n\t<\/div>\n\t\n\t<\/div>\n\t\n\t\t<\/div>\n\t\t\t\t\t<\/div>\n\n\t\n<\/div>\n\t\t<\/div>\n\n\t\t\n<style>\n#section_2032481179 {\n  padding-top: 20px;\n  padding-bottom: 20px;\n  background-color: #0e357a;\n}\n<\/style>\n\t<\/section>\n\t\n\n\t<section class=\"section\" id=\"section_335429809\">\n\t\t<div class=\"section-bg fill\" >\n\t\t\t\t\t\t\t\t\t\n\t\t\t\n\n\t\t<\/div>\n\n\t\t\n\n\t\t<div class=\"section-content relative\">\n\t\t\t\n<div class=\"row align-middle align-center\"  id=\"row-1332096499\">\n\n\t<div id=\"col-306989733\" class=\"col text-center medium-5 large-5\"  >\n\t\t\t\t<div class=\"col-inner\"  >\n\t\t\t\n\t\t\t\n<p>Los tubos de colada de papel para fundici\u00f3n pueden reemplazar los tubos de colada cer\u00e1micos, se utilizan principalmente en fundici\u00f3n de espuma perdida, fundici\u00f3n de molde completo, fundici\u00f3n de arena tradicional, etc., pueden mejorar la calidad de las piezas fundidas, reducir la tasa de chatarra, mejorar la calidad de la arena recuperada y reducir la intensidad del trabajo de los trabajadores.<\/p>\n\t\t<\/div>\n\t\t\t\t\t<\/div>\n\n\t\n\n\t<div id=\"col-1174296960\" class=\"col text-center medium-3 large-3\"  >\n\t\t\t\t<div class=\"col-inner\"  >\n\t\t\t\n\t\t\t\n\t<div class=\"img has-hover x md-x lg-x y md-y lg-y\" id=\"image_1021934831\">\n\t\t\t\t\t\t\t\t<div class=\"img-inner dark\" >\n\t\t\t<img loading=\"lazy\" decoding=\"async\" width=\"351\" height=\"353\" src=\"https:\/\/www.sqinsertec.com\/wp-content\/uploads\/tubo-colada-papel.png\" class=\"attachment-original size-original\" alt=\"Tubo Colada Papel\" srcset=\"https:\/\/www.sqinsertec.com\/wp-content\/uploads\/tubo-colada-papel.png 351w, https:\/\/www.sqinsertec.com\/wp-content\/uploads\/tubo-colada-papel-298x300.png 298w, https:\/\/www.sqinsertec.com\/wp-content\/uploads\/tubo-colada-papel-150x150.png 150w\" sizes=\"auto, (max-width: 351px) 100vw, 351px\" \/>\t\t\t\t\t\t\n\t\t\t\t\t<\/div>\n\t\t\t\t\t\t\t\t\n<style>\n#image_1021934831 {\n  width: 100%;\n}\n<\/style>\n\t<\/div>\n\t\n\t\t<\/div>\n\t\t\t\t\t<\/div>\n\n\t\n<\/div>\n\t\t<\/div>\n\n\t\t\n<style>\n#section_335429809 {\n  padding-top: 30px;\n  padding-bottom: 30px;\n}\n<\/style>\n\t<\/section>\n\t\n<span class=\"scroll-to\" data-label=\"Scroll to: #ZG-straight-tube\" data-bullet=\"false\" data-link=\"#ZG-straight-tube\" data-title=\"Change this\"><a name=\"ZG-straight-tube\"><\/a><\/span>\n\n\t<section class=\"section\" id=\"section_1173979541\">\n\t\t<div class=\"section-bg fill\" >\n\t\t\t\t\t\t\t\t\t\n\t\t\t\n\n\t\t<\/div>\n\n\t\t\n\n\t\t<div class=\"section-content relative\">\n\t\t\t\n<div class=\"row align-center\"  id=\"row-1701393403\">\n\n\t<div id=\"col-87073033\" class=\"col text-center medium-8 large-8\"  >\n\t\t\t\t<div class=\"col-inner\"  >\n\t\t\t\n\t\t\t\n<div class=\"container section-title-container\" ><h2 class=\"section-title section-title-center\"><b aria-hidden=\"true\"><\/b><span class=\"section-title-main\" >ZG-straight tube<\/span><b aria-hidden=\"true\"><\/b><\/h2><\/div>\n\n<table cellspacing=\"0\" cellpadding=\"6\">\n<thead>\n<tr>\n<th rowspan=\"2\">Tipo<\/th>\n<th colspan=\"7\">Tama\u00f1o<\/th>\n<th rowspan=\"2\">Embalaje <br \/>(pieza\/caja)<\/th>\n<\/tr>\n<tr>\n<th>A (mm)<\/th>\n<th>B (mm)<\/th>\n<th>D1 (mm)<\/th>\n<th>D2 (mm)<\/th>\n<th>d1 (mm)<\/th>\n<th>d2 (mm)<\/th>\n<th>L (mm)<\/th>\n<\/tr>\n<\/thead>\n<tbody>\n<tr>\n<td>ZG-25Z<\/td>\n<td>22<\/td>\n<td>22<\/td>\n<td>29.5<\/td>\n<td>30<\/td>\n<td>30.5<\/td>\n<td>31<\/td>\n<td>310<\/td>\n<td>156<\/td>\n<\/tr>\n<tr>\n<td>ZG-30Z<\/td>\n<td>22<\/td>\n<td>22<\/td>\n<td>34.5<\/td>\n<td>35<\/td>\n<td>35.5<\/td>\n<td>36<\/td>\n<td>310<\/td>\n<td>156<\/td>\n<\/tr>\n<tr>\n<td>ZG-50Z<\/td>\n<td>27<\/td>\n<td>27<\/td>\n<td>52.4<\/td>\n<td>53<\/td>\n<td>53.4<\/td>\n<td>54<\/td>\n<td>310<\/td>\n<td>68<\/td>\n<\/tr>\n<tr>\n<td>ZG-70Z<\/td>\n<td>27<\/td>\n<td>27<\/td>\n<td>72.4<\/td>\n<td>73<\/td>\n<td>73.4<\/td>\n<td>74<\/td>\n<td>310<\/td>\n<td>39<\/td>\n<\/tr>\n<\/tbody>\n<\/table>\n\n\t<div class=\"img has-hover x md-x lg-x y md-y lg-y\" id=\"image_1476543622\">\n\t\t\t\t\t\t\t\t<div class=\"img-inner dark\" >\n\t\t\t<img loading=\"lazy\" decoding=\"async\" width=\"1020\" height=\"164\" src=\"https:\/\/www.sqinsertec.com\/wp-content\/uploads\/zg-straight-1024x165.png\" class=\"attachment-large size-large\" alt=\"Zg Straight\" srcset=\"https:\/\/www.sqinsertec.com\/wp-content\/uploads\/zg-straight-1024x165.png 1024w, https:\/\/www.sqinsertec.com\/wp-content\/uploads\/zg-straight-300x48.png 300w, https:\/\/www.sqinsertec.com\/wp-content\/uploads\/zg-straight-768x124.png 768w, https:\/\/www.sqinsertec.com\/wp-content\/uploads\/zg-straight.png 1030w\" sizes=\"auto, (max-width: 1020px) 100vw, 1020px\" \/>\t\t\t\t\t\t\n\t\t\t\t\t<\/div>\n\t\t\t\t\t\t\t\t\n<style>\n#image_1476543622 {\n  width: 100%;\n}\n<\/style>\n\t<\/div>\n\t\n\t\t<\/div>\n\t\t\t\t\t<\/div>\n\n\t\n<\/div>\n\t\t<\/div>\n\n\t\t\n<style>\n#section_1173979541 {\n  padding-top: 30px;\n  padding-bottom: 30px;\n}\n<\/style>\n\t<\/section>\n\t\n<span class=\"scroll-to\" data-label=\"Scroll to: #ZG-elbow-tube\" data-bullet=\"false\" data-link=\"#ZG-elbow-tube\" data-title=\"Change this\"><a name=\"ZG-elbow-tube\"><\/a><\/span>\n\n\t<section class=\"section\" id=\"section_860478579\">\n\t\t<div class=\"section-bg fill\" >\n\t\t\t\t\t\t\t\t\t\n\t\t\t\n\n\t\t<\/div>\n\n\t\t\n\n\t\t<div class=\"section-content relative\">\n\t\t\t\n<div class=\"row align-center\"  id=\"row-1581603301\">\n\n\t<div id=\"col-703088488\" class=\"col medium-8 large-8\"  >\n\t\t\t\t<div class=\"col-inner\"  >\n\t\t\t\n\t\t\t\n<div class=\"container section-title-container\" ><h2 class=\"section-title section-title-center\"><b aria-hidden=\"true\"><\/b><span class=\"section-title-main\" >ZG-elbow tube<\/span><b aria-hidden=\"true\"><\/b><\/h2><\/div>\n\n<table cellspacing=\"0\" cellpadding=\"6\">\n<thead>\n<tr>\n<th rowspan=\"2\">Tipo<\/th>\n<th colspan=\"8\">Tama\u00f1o<\/th>\n<th rowspan=\"2\">Embalaje <br \/>(pieza\/caja)<\/th>\n<\/tr>\n<tr>\n<th>A (mm)<\/th>\n<th>B (mm)<\/th>\n<th>D1 (mm)<\/th>\n<th>D2 (mm)<\/th>\n<th>d1 (mm)<\/th>\n<th>d2 (mm)<\/th>\n<th>C (mm)<\/th>\n<th>R (mm)<\/th>\n<\/tr>\n<\/thead>\n<tbody>\n<tr>\n<td>ZG-25W<\/td>\n<td>22<\/td>\n<td>22<\/td>\n<td>29.5<\/td>\n<td>30<\/td>\n<td>30.5<\/td>\n<td>31<\/td>\n<td>52<\/td>\n<td>25<\/td>\n<td>126<\/td>\n<\/tr>\n<tr>\n<td>ZG-30W<\/td>\n<td>22<\/td>\n<td>22<\/td>\n<td>34.5<\/td>\n<td>35<\/td>\n<td>35.5<\/td>\n<td>36<\/td>\n<td>52<\/td>\n<td>30<\/td>\n<td>126<\/td>\n<\/tr>\n<tr>\n<td>ZG-50W<\/td>\n<td>27<\/td>\n<td>27<\/td>\n<td>52.4<\/td>\n<td>53<\/td>\n<td>53.4<\/td>\n<td>54<\/td>\n<td>65<\/td>\n<td>35<\/td>\n<td>50<\/td>\n<\/tr>\n<tr>\n<td>ZG-70W<\/td>\n<td>27<\/td>\n<td>27<\/td>\n<td>72.4<\/td>\n<td>73<\/td>\n<td>73.4<\/td>\n<td>74<\/td>\n<td>84<\/td>\n<td>50<\/td>\n<td>32<\/td>\n<\/tr>\n<\/tbody>\n<\/table>\n\n\t<div class=\"img has-hover x md-x lg-x y md-y lg-y\" id=\"image_956825174\">\n\t\t\t\t\t\t\t\t<div class=\"img-inner dark\" >\n\t\t\t<img loading=\"lazy\" decoding=\"async\" width=\"1040\" height=\"382\" src=\"https:\/\/www.sqinsertec.com\/wp-content\/uploads\/zg-elbow-tube.png\" class=\"attachment-original size-original\" alt=\"Zg Elbow Tube\" srcset=\"https:\/\/www.sqinsertec.com\/wp-content\/uploads\/zg-elbow-tube.png 1040w, https:\/\/www.sqinsertec.com\/wp-content\/uploads\/zg-elbow-tube-300x110.png 300w, https:\/\/www.sqinsertec.com\/wp-content\/uploads\/zg-elbow-tube-1024x376.png 1024w, https:\/\/www.sqinsertec.com\/wp-content\/uploads\/zg-elbow-tube-768x282.png 768w\" sizes=\"auto, (max-width: 1040px) 100vw, 1040px\" \/>\t\t\t\t\t\t\n\t\t\t\t\t<\/div>\n\t\t\t\t\t\t\t\t\n<style>\n#image_956825174 {\n  width: 100%;\n}\n<\/style>\n\t<\/div>\n\t\n\t\t<\/div>\n\t\t\t\t\t<\/div>\n\n\t\n<\/div>\n\t\t<\/div>\n\n\t\t\n<style>\n#section_860478579 {\n  padding-top: 30px;\n  padding-bottom: 30px;\n  background-color: rgb(240, 245, 250);\n}\n<\/style>\n\t<\/section>\n\t\n<span class=\"scroll-to\" data-label=\"Scroll to: #ZG-tee-joint\" data-bullet=\"false\" data-link=\"#ZG-tee-joint\" data-title=\"Change this\"><a name=\"ZG-tee-joint\"><\/a><\/span>\n\n\t<section class=\"section\" id=\"section_2090556338\">\n\t\t<div class=\"section-bg fill\" >\n\t\t\t\t\t\t\t\t\t\n\t\t\t\n\n\t\t<\/div>\n\n\t\t\n\n\t\t<div class=\"section-content relative\">\n\t\t\t\n<div class=\"row align-center\"  id=\"row-2017529166\">\n\n\t<div id=\"col-562757185\" class=\"col medium-8 large-8\"  >\n\t\t\t\t<div class=\"col-inner\"  >\n\t\t\t\n\t\t\t\n<div class=\"container section-title-container\" ><h2 class=\"section-title section-title-center\"><b aria-hidden=\"true\"><\/b><span class=\"section-title-main\" >ZG-tee joint<\/span><b aria-hidden=\"true\"><\/b><\/h2><\/div>\n\n<table cellspacing=\"0\" cellpadding=\"6\">\n<thead>\n<tr>\n<th rowspan=\"2\">Tipo<\/th>\n<th colspan=\"8\">Tama\u00f1o<\/th>\n<th rowspan=\"2\">Embalaje <br \/>(pieza\/caja)<\/th>\n<\/tr>\n<tr>\n<th>A (mm)<\/th>\n<th>B (mm)<\/th>\n<th>D1 (mm)<\/th>\n<th>D2 (mm)<\/th>\n<th>d1 (mm)<\/th>\n<th>d2 (mm)<\/th>\n<th>C (mm)<\/th>\n<th>L (mm)<\/th>\n<\/tr>\n<\/thead>\n<tbody>\n<tr>\n<td>ZG-50\/30S<\/td>\n<td>22<\/td>\n<td>27<\/td>\n<td>34.5<\/td>\n<td>35<\/td>\n<td>53.4<\/td>\n<td>54<\/td>\n<td>52<\/td>\n<td>112<\/td>\n<td>62<\/td>\n<\/tr>\n<tr>\n<td>ZG-70\/50S<\/td>\n<td>27<\/td>\n<td>27<\/td>\n<td>52.4<\/td>\n<td>53<\/td>\n<td>73.4<\/td>\n<td>74<\/td>\n<td>84<\/td>\n<td>145<\/td>\n<td>36<\/td>\n<\/tr>\n<\/tbody>\n<\/table>\n\n\t<div class=\"img has-hover x md-x lg-x y md-y lg-y\" id=\"image_1188837108\">\n\t\t\t\t\t\t\t\t<div class=\"img-inner dark\" >\n\t\t\t<img loading=\"lazy\" decoding=\"async\" width=\"1041\" height=\"384\" src=\"https:\/\/www.sqinsertec.com\/wp-content\/uploads\/zg-tee-joint-1.png\" class=\"attachment-original size-original\" alt=\"Zg Tee Joint\" srcset=\"https:\/\/www.sqinsertec.com\/wp-content\/uploads\/zg-tee-joint-1.png 1041w, https:\/\/www.sqinsertec.com\/wp-content\/uploads\/zg-tee-joint-1-300x111.png 300w, https:\/\/www.sqinsertec.com\/wp-content\/uploads\/zg-tee-joint-1-1024x378.png 1024w, https:\/\/www.sqinsertec.com\/wp-content\/uploads\/zg-tee-joint-1-768x283.png 768w\" sizes=\"auto, (max-width: 1041px) 100vw, 1041px\" \/>\t\t\t\t\t\t\n\t\t\t\t\t<\/div>\n\t\t\t\t\t\t\t\t\n<style>\n#image_1188837108 {\n  width: 100%;\n}\n<\/style>\n\t<\/div>\n\t\n\t\t<\/div>\n\t\t\t\t\t<\/div>\n\n\t\n<\/div>\n<div class=\"row align-center\"  id=\"row-1227094116\">\n\n\t<div id=\"col-1240816370\" class=\"col medium-8 large-8\"  >\n\t\t\t\t<div class=\"col-inner\"  >\n\t\t\t\n\t\t\t\n<div class=\"container section-title-container\" ><h4 class=\"section-title section-title-normal\"><b aria-hidden=\"true\"><\/b><span class=\"section-title-main\" >Application<\/span><b aria-hidden=\"true\"><\/b><\/h4><\/div>\n<ol>\n<li>De acuerdo con el dise\u00f1o del proceso, utilice tubos rectos, tubos de codo y tubos de junta en T para conectar para formar un sistema de colada;<\/li>\n<li>Cuando necesite ajustar la longitud, utilice un cortador de papel para cortar el tubo, luego con\u00e9ctelo;<\/li>\n<li>Las uniones de las piezas cortadas necesitan ser envueltas con cinta adhesiva para evitar espacios que afecten el efecto del tubo;<\/li>\n<\/ol>\n<div class=\"container section-title-container\" ><h4 class=\"section-title section-title-normal\"><b aria-hidden=\"true\"><\/b><span class=\"section-title-main\" >Almacenamiento y vida \u00fatil<\/span><b aria-hidden=\"true\"><\/b><\/h4><\/div>\n<p>Mantener en lugar fresco y seco, alejado de la humedad, evitar la compresi\u00f3n.<\/p>\n<p>Manipular con cuidado durante el embalaje, carga y transporte.<\/p>\n<div class=\"container section-title-container\" ><h4 class=\"section-title section-title-normal\"><b aria-hidden=\"true\"><\/b><span class=\"section-title-main\" >Vida \u00fatil<\/span><b aria-hidden=\"true\"><\/b><\/h4><\/div>\n<p>Un a\u00f1o<\/p>\n\t\t<\/div>\n\t\t\t\t\t<\/div>\n\n\t\n<\/div>\n\t\t<\/div>\n\n\t\t\n<style>\n#section_2090556338 {\n  padding-top: 30px;\n  padding-bottom: 30px;\n}\n<\/style>\n\t<\/section>\n\t\n\n\t<section class=\"section\" id=\"section_2050944569\">\n\t\t<div class=\"section-bg fill\" >\n\t\t\t\t\t\t\t\t\t\n\t\t\t\n\n\t\t<\/div>\n\n\t\t\n\n\t\t<div class=\"section-content relative\">\n\t\t\t\r\n\r\n<div class=\"row align-center\"  id=\"row-1911764088\">\r\n\r\n\n\t<div id=\"col-535522442\" class=\"col medium-6 large-6\"  >\n\t\t\t\t<div class=\"col-inner text-center\"  >\n\t\t\t\n\t\t\t\r\n\r\n\t<div id=\"text-1826360193\" class=\"text\">\n\t\t\r\n\r\n<h2>Ponte manos a la obra con SQ Insertec<\/h2>\r\n\t\t\n<style>\n#text-1826360193 {\n  text-align: center;\n}\n<\/style>\n\t<\/div>\n\t\r\n\t<div id=\"text-716431031\" class=\"text center-section\">\n\t\t\r\n\r\n<p>Contacta con nosotros y te ayudaremos lo antes posible\r\n<\/p>\r\n\t\t\t<\/div>\n\t\r\n<a data-animate=\"flipInX\" href=\"https:\/\/www.sqinsertec.com\/contact-us\/\" class=\"button primary is-primary\" >\n\t\t<span>Contacto<\/span>\n\t<i class=\"icon-angle-right\" aria-hidden=\"true\"><\/i><\/a>\n\r\n\r\n\r\n\t\t<\/div>\n\t\t\t\t\t<\/div>\n\n\t\r\n\r\n<\/div>\r\n\r\n\t\t<\/div>\n\n\t\t\n<style>\n#section_2050944569 {\n  padding-top: 30px;\n  padding-bottom: 30px;\n  margin-bottom: 20px 0;\n}\n<\/style>\n\t<\/section>\n\t\n","protected":false},"excerpt":{"rendered":"","protected":false},"author":1,"featured_media":0,"parent":3877,"menu_order":0,"comment_status":"closed","ping_status":"closed","template":"","meta":{"inline_featured_image":false,"footnotes":""},"class_list":["post-4028","page","type-page","status-publish","hentry"],"_links":{"self":[{"href":"https:\/\/www.sqinsertec.com\/es\/wp-json\/wp\/v2\/pages\/4028","targetHints":{"allow":["GET"]}}],"collection":[{"href":"https:\/\/www.sqinsertec.com\/es\/wp-json\/wp\/v2\/pages"}],"about":[{"href":"https:\/\/www.sqinsertec.com\/es\/wp-json\/wp\/v2\/types\/page"}],"author":[{"embeddable":true,"href":"https:\/\/www.sqinsertec.com\/es\/wp-json\/wp\/v2\/users\/1"}],"replies":[{"embeddable":true,"href":"https:\/\/www.sqinsertec.com\/es\/wp-json\/wp\/v2\/comments?post=4028"}],"version-history":[{"count":3,"href":"https:\/\/www.sqinsertec.com\/es\/wp-json\/wp\/v2\/pages\/4028\/revisions"}],"predecessor-version":[{"id":4031,"href":"https:\/\/www.sqinsertec.com\/es\/wp-json\/wp\/v2\/pages\/4028\/revisions\/4031"}],"up":[{"embeddable":true,"href":"https:\/\/www.sqinsertec.com\/es\/wp-json\/wp\/v2\/pages\/3877"}],"wp:attachment":[{"href":"https:\/\/www.sqinsertec.com\/es\/wp-json\/wp\/v2\/media?parent=4028"}],"curies":[{"name":"wp","href":"https:\/\/api.w.org\/{rel}","templated":true}]}}