{"id":4151,"date":"2026-02-03T21:54:46","date_gmt":"2026-02-03T20:54:46","guid":{"rendered":"https:\/\/www.sqinsertec.com\/productos\/productos-para-colada-continua\/"},"modified":"2026-02-21T13:40:06","modified_gmt":"2026-02-21T12:40:06","slug":"productos-para-colada-continua","status":"publish","type":"page","link":"https:\/\/www.sqinsertec.com\/es\/productos\/productos-para-colada-continua\/","title":{"rendered":"Productos para Colada continua"},"content":{"rendered":"\n\t<section class=\"section\" id=\"section_983825913\">\n\t\t<div class=\"section-bg fill\" >\n\t\t\t\t\t\t\t\t\t\n\t\t\t\n\n\t\t<\/div>\n\n\t\t\n\n\t\t<div class=\"section-content relative\">\n\t\t\t\n<div class=\"row align-center\"  id=\"row-1565649853\">\n\n\t<div id=\"col-1891667202\" class=\"col medium-10 large-10\"  >\n\t\t\t\t<div class=\"col-inner text-center\"  >\n\t\t\t\n\t\t\t\n<h1>Productos para Colada continua<\/h1>\n\t<div id=\"text-3961904974\" class=\"text\">\n\t\t\n<span><span><a href=\"https:\/\/www.sqinsertec.com\/es\/\">SQInsertec<\/a><\/span><\/span>\n\t\t\n<style>\n#text-3961904974 {\n  font-size: 0.75rem;\n}\n<\/style>\n\t<\/div>\n\t\n\t\t<\/div>\n\t\t\t\t\t<\/div>\n\n\t\n\n<style>\n#row-1565649853 > .col > .col-inner {\n  padding: 0px 0px 0px 0px;\n}\n<\/style>\n<\/div>\n\t\t<\/div>\n\n\t\t\n<style>\n#section_983825913 {\n  padding-top: 0px;\n  padding-bottom: 0px;\n}\n<\/style>\n\t<\/section>\n\t\n\n\t<section class=\"section cc-products\" id=\"section_1303147626\">\n\t\t<div class=\"section-bg fill\" >\n\t\t\t\t\t\t\t\t\t\n\t\t\t\n\n\t\t<\/div>\n\n\t\t\n\n\t\t<div class=\"section-content relative\">\n\t\t\t\n<div class=\"row align-center\"  id=\"row-1329744400\">\n\n\t<div id=\"col-274870571\" class=\"col medium-6 small-12 large-6\"  >\n\t\t\t\t<div class=\"col-inner\"  >\n\t\t\t\n\t\t\t\n<h2>Colada continua rentable<\/h2>\n<p>La colada continua exige unos refractarios de excepci\u00f3n para poder llevar a cabo y con \u00e9xito su misi\u00f3n. SQ Insertec fabrica y distribuye multitud de productos refractarios para los diferentes tipos de colada continua que existen. <\/p>\n<div class=\"accordion\">\n\t<div id=\"accordion-4278790034\" class=\"accordion-item\">\n\t\t<a id=\"accordion-4278790034-label\" class=\"accordion-title plain\" href=\"#accordion-item-coberturas-aislantes\" aria-expanded=\"false\" aria-controls=\"accordion-4278790034-content\">\n\t\t\t<button class=\"toggle\" aria-label=\"Toggle\"><i class=\"icon-angle-down\" aria-hidden=\"true\"><\/i><\/button>\n\t\t\t<span>Coberturas aislantes<\/span>\n\t\t<\/a>\n\t\t<div id=\"accordion-4278790034-content\" class=\"accordion-inner\" aria-labelledby=\"accordion-4278790034-label\">\n\t\t\t\n<ul>\n<li>Polvos de cobertura aisltantes para tundish y cucharas<\/li>\n<li>Protecci\u00f3n del caldo, disminuyendo las p\u00e9rdidas por radiaci\u00f3n<\/li>\n<li>Diferentes rangos de basidad y contenidos en C<\/li>\n<li>\n Amplia gama seg\u00fan necesidades del cliente<\/p>\n<ul>\n<li><strong>ACIDAS<\/strong>: MOLCOAT 250; MOLCOAT 350<\/li>\n<li><strong>BASICAS<\/strong>: MOLCOAT 500; MOLCOAT 350<\/li>\n<li><strong>NEUTRAS<\/strong>: MOLCOAT 50B, MOLCOAT 50B-EX; MOLCOAT 50L; MOLCOAT LC; ISOLAN A<\/li>\n<\/ul>\n<\/li>\n<\/ul>\n\t\t<\/div>\n\t<\/div>\n\t\n\t<div id=\"accordion-590269589\" class=\"accordion-item\">\n\t\t<a id=\"accordion-590269589-label\" class=\"accordion-title plain\" href=\"#accordion-item-placas-fr\u00edas-tundish\" aria-expanded=\"false\" aria-controls=\"accordion-590269589-content\">\n\t\t\t<button class=\"toggle\" aria-label=\"Toggle\"><i class=\"icon-angle-down\" aria-hidden=\"true\"><\/i><\/button>\n\t\t\t<span>Placas fr\u00edas tundish<\/span>\n\t\t<\/a>\n\t\t<div id=\"accordion-590269589-content\" class=\"accordion-inner\" aria-labelledby=\"accordion-590269589-label\">\n\t\t\t\n<p>ACIDAS\/BASICAS <em>\u2013<\/em> Placas fr\u00edas de revestimiento de tundish.<\/p>\n\t\t<\/div>\n\t<\/div>\n\t\n\t<div id=\"accordion-2063656893\" class=\"accordion-item\">\n\t\t<a id=\"accordion-2063656893-label\" class=\"accordion-title plain\" href=\"#accordion-item-tubos-de-arranque-\/-anillos-flotadores\" aria-expanded=\"false\" aria-controls=\"accordion-2063656893-content\">\n\t\t\t<button class=\"toggle\" aria-label=\"Toggle\"><i class=\"icon-angle-down\" aria-hidden=\"true\"><\/i><\/button>\n\t\t\t<span>Tubos de arranque \/ Anillos flotadores<\/span>\n\t\t<\/a>\n\t\t<div id=\"accordion-2063656893-content\" class=\"accordion-inner\" aria-labelledby=\"accordion-2063656893-label\">\n\t\t\t\n<p>Para controlar el instante de arranque de la colada.<\/p>\n\t\t<\/div>\n\t<\/div>\n\t\n\t<div id=\"accordion-476763060\" class=\"accordion-item\">\n\t\t<a id=\"accordion-476763060-label\" class=\"accordion-title plain\" href=\"#accordion-item-manguitos-calentamiento\" aria-expanded=\"false\" aria-controls=\"accordion-476763060-content\">\n\t\t\t<button class=\"toggle\" aria-label=\"Toggle\"><i class=\"icon-angle-down\" aria-hidden=\"true\"><\/i><\/button>\n\t\t\t<span>Manguitos calentamiento<\/span>\n\t\t<\/a>\n\t\t<div id=\"accordion-476763060-content\" class=\"accordion-inner\" aria-labelledby=\"accordion-476763060-label\">\n\t\t\t\n<p>Para calentar el stopper antes del arranque.<\/p>\n\t\t<\/div>\n\t<\/div>\n\t\n\t<div id=\"accordion-720833909\" class=\"accordion-item\">\n\t\t<a id=\"accordion-720833909-label\" class=\"accordion-title plain\" href=\"#accordion-item-cajones-de-impacto\" aria-expanded=\"false\" aria-controls=\"accordion-720833909-content\">\n\t\t\t<button class=\"toggle\" aria-label=\"Toggle\"><i class=\"icon-angle-down\" aria-hidden=\"true\"><\/i><\/button>\n\t\t\t<span>Cajones de impacto<\/span>\n\t\t<\/a>\n\t\t<div id=\"accordion-720833909-content\" class=\"accordion-inner\" aria-labelledby=\"accordion-720833909-label\">\n\t\t\t\n<p>Colocado en el fondo del tundish, minimiza los efectos de choque t\u00e9rmico y erosi\u00f3n del corro de acero sobre el refractario.<\/p>\n\t\t<\/div>\n\t<\/div>\n\t\n<\/div>\n\t\t<\/div>\n\t\t\t\t\t<\/div>\n\n\t\n\n\t<div id=\"col-1762940728\" class=\"col medium-6 small-12 large-6\"  >\n\t\t\t\t<div class=\"col-inner\"  >\n\t\t\t\n\t\t\t\n\t<div class=\"img has-hover x md-x lg-x y md-y lg-y\" id=\"image_1104923327\">\n\t\t\t\t\t\t\t\t<div class=\"img-inner dark\" >\n\t\t\t<img loading=\"lazy\" decoding=\"async\" width=\"2560\" height=\"1920\" src=\"https:\/\/www.sqinsertec.com\/wp-content\/uploads\/DSC01715-1-scaled-1.jpg\" class=\"attachment-original size-original\" alt=\"Dsc01715 1\" srcset=\"https:\/\/www.sqinsertec.com\/wp-content\/uploads\/DSC01715-1-scaled-1.jpg 2560w, https:\/\/www.sqinsertec.com\/wp-content\/uploads\/DSC01715-1-scaled-1-300x225.jpg 300w, https:\/\/www.sqinsertec.com\/wp-content\/uploads\/DSC01715-1-scaled-1-1024x768.jpg 1024w, https:\/\/www.sqinsertec.com\/wp-content\/uploads\/DSC01715-1-scaled-1-768x576.jpg 768w, https:\/\/www.sqinsertec.com\/wp-content\/uploads\/DSC01715-1-scaled-1-1536x1152.jpg 1536w, https:\/\/www.sqinsertec.com\/wp-content\/uploads\/DSC01715-1-scaled-1-2048x1536.jpg 2048w\" sizes=\"auto, (max-width: 2560px) 100vw, 2560px\" \/>\t\t\t\t\t\t\n\t\t\t\t\t<\/div>\n\t\t\t\t\t\t\t\t\n<style>\n#image_1104923327 {\n  width: 100%;\n}\n<\/style>\n\t<\/div>\n\t\n\t\t<\/div>\n\t\t\t\t\t<\/div>\n\n\t\n<\/div>\n\t\t<\/div>\n\n\t\t\n<style>\n#section_1303147626 {\n  padding-top: 0px;\n  padding-bottom: 0px;\n}\n<\/style>\n\t<\/section>\n\t\n\n\t<section class=\"section cc-block-1\" id=\"section_341812236\">\n\t\t<div class=\"section-bg fill\" >\n\t\t\t\t\t\t\t\t\t\n\t\t\t\n\n\t\t<\/div>\n\n\t\t\n\n\t\t<div class=\"section-content relative\">\n\t\t\t\n<div class=\"row\"  id=\"row-528931647\">\n\n\t<div id=\"col-1931200831\" class=\"col medium-6 small-12 large-6\"  >\n\t\t\t\t<div class=\"col-inner\"  >\n\t\t\t\n\t\t\t\n\t<div class=\"img has-hover x md-x lg-x y md-y lg-y\" id=\"image_1558579696\">\n\t\t\t\t\t\t\t\t<div class=\"img-inner dark\" >\n\t\t\t<img loading=\"lazy\" decoding=\"async\" width=\"725\" height=\"499\" src=\"https:\/\/www.sqinsertec.com\/wp-content\/uploads\/continous-casting-1-1.png\" class=\"attachment-original size-original\" alt=\"Continous Casting 1\" srcset=\"https:\/\/www.sqinsertec.com\/wp-content\/uploads\/continous-casting-1-1.png 725w, https:\/\/www.sqinsertec.com\/wp-content\/uploads\/continous-casting-1-1-300x206.png 300w\" sizes=\"auto, (max-width: 725px) 100vw, 725px\" \/>\t\t\t\t\t\t\n\t\t\t\t\t<\/div>\n\t\t\t\t\t\t\t\t\n<style>\n#image_1558579696 {\n  width: 100%;\n}\n<\/style>\n\t<\/div>\n\t\n\t\t<\/div>\n\t\t\t\t\t<\/div>\n\n\t\n\n\t<div id=\"col-2105432263\" class=\"col medium-6 small-12 large-6\"  >\n\t\t\t\t<div class=\"col-inner\"  >\n\t\t\t\n\t\t\t\n<h3>Forro de artesa -TUNSIL<\/h3>\n<ul class=\"arrow-list\">\n<li>Tableros aislantes y refractarios. El revestimiento \u00e1cido (s\u00edlice) se usa generalmente para tama\u00f1os peque\u00f1os a medianos de artesas y para palanquillas.  <\/li>\n<li>No hay necesidad de precalentar antes de temblar.<\/li>\n<\/ul>\n\t\t<\/div>\n\t\t\t\t\t<\/div>\n\n\t\n<\/div>\n\t\t<\/div>\n\n\t\t\n<style>\n#section_341812236 {\n  padding-top: 100px 0px;\n  padding-bottom: 100px 0px;\n  background-color: #f0f5fa;\n}\n<\/style>\n\t<\/section>\n\t\n\n\t<section class=\"section cc-block-2\" id=\"section_2006327648\">\n\t\t<div class=\"section-bg fill\" >\n\t\t\t\t\t\t\t\t\t\n\t\t\t\n\n\t\t<\/div>\n\n\t\t\n\n\t\t<div class=\"section-content relative\">\n\t\t\t\n<div class=\"row\"  id=\"row-1291731820\">\n\n\t<div id=\"col-1410115581\" class=\"col medium-6 small-12 large-6\"  >\n\t\t\t\t<div class=\"col-inner\"  >\n\t\t\t\n\t\t\t\n<h3>Forro de artesa \u2013 TUNMAG<\/h3>\n<ul class=\"arrow-list\">\n<li>Tableros refractarios. El revestimiento b\u00e1sico (MgO) se usa generalmente para artesas de tama\u00f1o medio a grande. Utilizar para el casting secuencial.  <\/li>\n<li>No hay necesidad de precalentar antes de temblar. <\/li>\n<\/ul>\n\t\t<\/div>\n\t\t\t\t\t<\/div>\n\n\t\n\n\t<div id=\"col-596102616\" class=\"col medium-6 small-12 large-6\"  >\n\t\t\t\t<div class=\"col-inner\"  >\n\t\t\t\n\t\t\t\n\t<div class=\"img has-hover x md-x lg-x y md-y lg-y\" id=\"image_631272388\">\n\t\t\t\t\t\t\t\t<div class=\"img-inner dark\" >\n\t\t\t<img loading=\"lazy\" decoding=\"async\" width=\"640\" height=\"480\" src=\"https:\/\/www.sqinsertec.com\/wp-content\/uploads\/continous-casting-2.png\" class=\"attachment-original size-original\" alt=\"Continous Casting 2\" srcset=\"https:\/\/www.sqinsertec.com\/wp-content\/uploads\/continous-casting-2.png 640w, https:\/\/www.sqinsertec.com\/wp-content\/uploads\/continous-casting-2-300x225.png 300w\" sizes=\"auto, (max-width: 640px) 100vw, 640px\" \/>\t\t\t\t\t\t\n\t\t\t\t\t<\/div>\n\t\t\t\t\t\t\t\t\n<style>\n#image_631272388 {\n  width: 100%;\n}\n<\/style>\n\t<\/div>\n\t\n\t\t<\/div>\n\t\t\t\t\t<\/div>\n\n\t\n<\/div>\n\t\t<\/div>\n\n\t\t\n<style>\n#section_2006327648 {\n  padding-top: 30px 0px;\n  padding-bottom: 30px 0px;\n}\n<\/style>\n\t<\/section>\n\t\n\n\t<section class=\"section cc-block-3\" id=\"section_21906281\">\n\t\t<div class=\"section-bg fill\" >\n\t\t\t\t\t\t\t\t\t\n\t\t\t\n\n\t\t<\/div>\n\n\t\t\n\n\t\t<div class=\"section-content relative\">\n\t\t\t\n<div class=\"row\"  id=\"row-97824505\">\n\n\t<div id=\"col-1900071776\" class=\"col medium-6 small-12 large-6\"  >\n\t\t\t\t<div class=\"col-inner\"  >\n\t\t\t\n\t\t\t\n\t<div class=\"img has-hover x md-x lg-x y md-y lg-y\" id=\"image_1480152844\">\n\t\t\t\t\t\t\t\t<div class=\"img-inner dark\" >\n\t\t\t<img loading=\"lazy\" decoding=\"async\" width=\"824\" height=\"562\" src=\"https:\/\/www.sqinsertec.com\/wp-content\/uploads\/continous-casting-3-1.png\" class=\"attachment-original size-original\" alt=\"Continous Casting 3\" srcset=\"https:\/\/www.sqinsertec.com\/wp-content\/uploads\/continous-casting-3-1.png 824w, https:\/\/www.sqinsertec.com\/wp-content\/uploads\/continous-casting-3-1-300x205.png 300w, https:\/\/www.sqinsertec.com\/wp-content\/uploads\/continous-casting-3-1-768x524.png 768w\" sizes=\"auto, (max-width: 824px) 100vw, 824px\" \/>\t\t\t\t\t\t\n\t\t\t\t\t<\/div>\n\t\t\t\t\t\t\t\t\n<style>\n#image_1480152844 {\n  width: 100%;\n}\n<\/style>\n\t<\/div>\n\t\n\t\t<\/div>\n\t\t\t\t\t<\/div>\n\n\t\n\n\t<div id=\"col-1534609956\" class=\"col medium-6 small-12 large-6\"  >\n\t\t\t\t<div class=\"col-inner\"  >\n\t\t\t\n\t\t\t\n<h3>Cemento de sellado \u2013 SIDERCOL<\/h3>\n<ul class=\"arrow-list\">\n<li>Varias formulaciones seg\u00fan la aplicaci\u00f3n.<\/li>\n<li>Son pegamentos o cementos refractarios para hacer uniones entre las tablas ensambladas aislantes para evitar la penetraci\u00f3n del metal durante el amontonamiento.<\/li>\n<\/ul>\n\t\t<\/div>\n\t\t\t\t\t<\/div>\n\n\t\n<\/div>\n\t\t<\/div>\n\n\t\t\n<style>\n#section_21906281 {\n  padding-top: 100px 0px;\n  padding-bottom: 100px 0px;\n  background-color: #f0f5fa;\n}\n<\/style>\n\t<\/section>\n\t\n\n\t<section class=\"section cc-block-4\" id=\"section_2089399042\">\n\t\t<div class=\"section-bg fill\" >\n\t\t\t\t\t\t\t\t\t\n\t\t\t\n\n\t\t<\/div>\n\n\t\t\n\n\t\t<div class=\"section-content relative\">\n\t\t\t\n<div class=\"row\"  id=\"row-666295162\">\n\n\t<div id=\"col-1913250781\" class=\"col medium-6 small-12 large-6\"  >\n\t\t\t\t<div class=\"col-inner\"  >\n\t\t\t\n\t\t\t\n<h3>Tundish Cover \u2013 MOLDCOAT<\/h3>\n<ul class=\"arrow-list\">\n<li>Polvos de cobertura aislante que protegen la superficie del acero contra la oxidaci\u00f3n.<\/li>\n<li>Las formulaciones especiales est\u00e1n disponibles de acuerdo con el revestimiento tundish (b\u00e1sico o \u00e1cido) y las aleaciones de acero.<\/li>\n<\/ul>\n\t\t<\/div>\n\t\t\t\t\t<\/div>\n\n\t\n\n\t<div id=\"col-1008684417\" class=\"col medium-6 small-12 large-6\"  >\n\t\t\t\t<div class=\"col-inner\"  >\n\t\t\t\n\t\t\t\n\t<div class=\"img has-hover x md-x lg-x y md-y lg-y\" id=\"image_1981260030\">\n\t\t\t\t\t\t\t\t<div class=\"img-inner dark\" >\n\t\t\t<img loading=\"lazy\" decoding=\"async\" width=\"823\" height=\"561\" src=\"https:\/\/www.sqinsertec.com\/wp-content\/uploads\/continous-casting-4.png\" class=\"attachment-original size-original\" alt=\"Continous Casting 4\" srcset=\"https:\/\/www.sqinsertec.com\/wp-content\/uploads\/continous-casting-4.png 823w, https:\/\/www.sqinsertec.com\/wp-content\/uploads\/continous-casting-4-300x204.png 300w, https:\/\/www.sqinsertec.com\/wp-content\/uploads\/continous-casting-4-768x524.png 768w\" sizes=\"auto, (max-width: 823px) 100vw, 823px\" \/>\t\t\t\t\t\t\n\t\t\t\t\t<\/div>\n\t\t\t\t\t\t\t\t\n<style>\n#image_1981260030 {\n  width: 100%;\n}\n<\/style>\n\t<\/div>\n\t\n\t\t<\/div>\n\t\t\t\t\t<\/div>\n\n\t\n<\/div>\n\t\t<\/div>\n\n\t\t\n<style>\n#section_2089399042 {\n  padding-top: 30px 0px;\n  padding-bottom: 30px 0px;\n}\n<\/style>\n\t<\/section>\n\t\n\n\t<section class=\"section cc-block-5\" id=\"section_792612869\">\n\t\t<div class=\"section-bg fill\" >\n\t\t\t\t\t\t\t\t\t\n\t\t\t\n\n\t\t<\/div>\n\n\t\t\n\n\t\t<div class=\"section-content relative\">\n\t\t\t\n<div class=\"row\"  id=\"row-1271119902\">\n\n\t<div id=\"col-643708660\" class=\"col medium-6 small-12 large-6\"  >\n\t\t\t\t<div class=\"col-inner\"  >\n\t\t\t\n\t\t\t\n\t<div class=\"img has-hover x md-x lg-x y md-y lg-y\" id=\"image_1932563000\">\n\t\t\t\t\t\t\t\t<div class=\"img-inner dark\" >\n\t\t\t<img loading=\"lazy\" decoding=\"async\" width=\"564\" height=\"442\" src=\"https:\/\/www.sqinsertec.com\/wp-content\/uploads\/continous-casting-5.png\" class=\"attachment-original size-original\" alt=\"Continous Casting 5\" srcset=\"https:\/\/www.sqinsertec.com\/wp-content\/uploads\/continous-casting-5.png 564w, https:\/\/www.sqinsertec.com\/wp-content\/uploads\/continous-casting-5-300x235.png 300w\" sizes=\"auto, (max-width: 564px) 100vw, 564px\" \/>\t\t\t\t\t\t\n\t\t\t\t\t<\/div>\n\t\t\t\t\t\t\t\t\n<style>\n#image_1932563000 {\n  width: 100%;\n}\n<\/style>\n\t<\/div>\n\t\n\t\t<\/div>\n\t\t\t\t\t<\/div>\n\n\t\n\n\t<div id=\"col-2103707637\" class=\"col medium-6 small-12 large-6\"  >\n\t\t\t\t<div class=\"col-inner\"  >\n\t\t\t\n\t\t\t\n<h3>Dispositivos de comienzo \u2013 ALUVAC<\/h3>\n<p>Antes de temblar, las barras de tope y las boquillas tundish deben precalentarse bien para evitar que se congelen cuando comienza el temblar.<\/p>\n<ul class=\"arrow-list\">\n<li><strong>Conos de precalentamiento<\/strong> (fabricados con este material aislante muy alto). Dicho cono concentra el calor en la punta de la varilla y la boquilla de embudo durante el precalentamiento. <\/li>\n<li><strong>Tubos de arranque y anillos flotantes<\/strong>: el objetivo es comenzar con la idea de dejar un tal\u00f3n de acero en la parte inferior de la artesa para evitar que el acero se congele y entrar en las boquillas.<\/li>\n<\/ul>\n\t\t<\/div>\n\t\t\t\t\t<\/div>\n\n\t\n<\/div>\n\t\t<\/div>\n\n\t\t\n<style>\n#section_792612869 {\n  padding-top: 30px 0px;\n  padding-bottom: 30px 0px;\n  background-color: #f0f5fa;\n}\n<\/style>\n\t<\/section>\n\t\n\n\t<section class=\"section\" id=\"section_3934089\">\n\t\t<div class=\"section-bg fill\" >\n\t\t\t\t\t\t\t\t\t\n\t\t\t\n\n\t\t<\/div>\n\n\t\t\n\n\t\t<div class=\"section-content relative\">\n\t\t\t\r\n\r\n<div class=\"row align-center\"  id=\"row-1589133042\">\r\n\r\n\n\t<div id=\"col-328956894\" class=\"col medium-6 large-6\"  >\n\t\t\t\t<div class=\"col-inner text-center\"  >\n\t\t\t\n\t\t\t\r\n\r\n\t<div id=\"text-2899327740\" class=\"text\">\n\t\t\r\n\r\n<h2>Ponte manos a la obra con SQ Insertec<\/h2>\r\n\t\t\n<style>\n#text-2899327740 {\n  text-align: center;\n}\n<\/style>\n\t<\/div>\n\t\r\n\t<div id=\"text-1352350007\" class=\"text center-section\">\n\t\t\r\n\r\n<p>Contacta con nosotros y te ayudaremos lo antes posible\r\n<\/p>\r\n\t\t\t<\/div>\n\t\r\n<a data-animate=\"flipInX\" href=\"https:\/\/www.sqinsertec.com\/contact-us\/\" class=\"button primary is-primary\" >\n\t\t<span>Contacto<\/span>\n\t<i class=\"icon-angle-right\" aria-hidden=\"true\"><\/i><\/a>\n\r\n\r\n\r\n\t\t<\/div>\n\t\t\t\t\t<\/div>\n\n\t\r\n\r\n<\/div>\r\n\r\n\t\t<\/div>\n\n\t\t\n<style>\n#section_3934089 {\n  padding-top: 30px;\n  padding-bottom: 30px;\n  margin-bottom: 20px 0;\n}\n<\/style>\n\t<\/section>\n\t\n","protected":false},"excerpt":{"rendered":"","protected":false},"author":1,"featured_media":0,"parent":3877,"menu_order":0,"comment_status":"closed","ping_status":"closed","template":"","meta":{"inline_featured_image":false,"footnotes":""},"class_list":["post-4151","page","type-page","status-publish","hentry"],"_links":{"self":[{"href":"https:\/\/www.sqinsertec.com\/es\/wp-json\/wp\/v2\/pages\/4151","targetHints":{"allow":["GET"]}}],"collection":[{"href":"https:\/\/www.sqinsertec.com\/es\/wp-json\/wp\/v2\/pages"}],"about":[{"href":"https:\/\/www.sqinsertec.com\/es\/wp-json\/wp\/v2\/types\/page"}],"author":[{"embeddable":true,"href":"https:\/\/www.sqinsertec.com\/es\/wp-json\/wp\/v2\/users\/1"}],"replies":[{"embeddable":true,"href":"https:\/\/www.sqinsertec.com\/es\/wp-json\/wp\/v2\/comments?post=4151"}],"version-history":[{"count":3,"href":"https:\/\/www.sqinsertec.com\/es\/wp-json\/wp\/v2\/pages\/4151\/revisions"}],"predecessor-version":[{"id":4154,"href":"https:\/\/www.sqinsertec.com\/es\/wp-json\/wp\/v2\/pages\/4151\/revisions\/4154"}],"up":[{"embeddable":true,"href":"https:\/\/www.sqinsertec.com\/es\/wp-json\/wp\/v2\/pages\/3877"}],"wp:attachment":[{"href":"https:\/\/www.sqinsertec.com\/es\/wp-json\/wp\/v2\/media?parent=4151"}],"curies":[{"name":"wp","href":"https:\/\/api.w.org\/{rel}","templated":true}]}}