{"id":4162,"date":"2026-02-03T21:55:34","date_gmt":"2026-02-03T20:55:34","guid":{"rendered":"https:\/\/www.sqinsertec.com\/productos\/productos-para-lingotes-de-acero\/"},"modified":"2026-02-21T13:49:39","modified_gmt":"2026-02-21T12:49:39","slug":"productos-para-lingotes-de-acero","status":"publish","type":"page","link":"https:\/\/www.sqinsertec.com\/es\/productos\/productos-para-lingotes-de-acero\/","title":{"rendered":"Productos para Lingotes de acero"},"content":{"rendered":"\n\t<section class=\"section\" id=\"section_889220193\">\n\t\t<div class=\"section-bg fill\" >\n\t\t\t\t\t\t\t\t\t\n\t\t\t\n\n\t\t<\/div>\n\n\t\t\n\n\t\t<div class=\"section-content relative\">\n\t\t\t\n<div class=\"row align-center\"  id=\"row-219059877\">\n\n\t<div id=\"col-25508442\" class=\"col medium-10 large-10\"  >\n\t\t\t\t<div class=\"col-inner text-center\"  >\n\t\t\t\n\t\t\t\n<h1>Productos para Lingotes de acero<\/h1>\n\t<div id=\"text-2867433135\" class=\"text\">\n\t\t\n<span><span><a href=\"https:\/\/www.sqinsertec.com\/es\/\">SQInsertec<\/a><\/span><\/span>\n\t\t\n<style>\n#text-2867433135 {\n  font-size: 0.75rem;\n}\n<\/style>\n\t<\/div>\n\t\n\t\t<\/div>\n\t\t\t\t\t<\/div>\n\n\t\n\n<style>\n#row-219059877 > .col > .col-inner {\n  padding: 0px 0px 0px 0px;\n}\n<\/style>\n<\/div>\n\t\t<\/div>\n\n\t\t\n<style>\n#section_889220193 {\n  padding-top: 0px;\n  padding-bottom: 0px;\n}\n<\/style>\n\t<\/section>\n\t\n\n\t<section class=\"section\" id=\"section_1244462331\">\n\t\t<div class=\"section-bg fill\" >\n\t\t\t\t\t\t\t\t\t\n\t\t\t\n\n\t\t<\/div>\n\n\t\t\n\n\t\t<div class=\"section-content relative\">\n\t\t\t\n<div class=\"row align-stretch align-center\"  id=\"row-618878324\">\n\n\t<div id=\"col-599195587\" class=\"col medium-6 small-12 large-6\"  >\n\t\t\t\t<div class=\"col-inner text-left\"  >\n\t\t\t\n\t\t\t\n<h2>Colada de lingoteras rentable<\/h2>\n<p> El proceso de colado en lingoteras requiere los mejores refractarios y materiales auxiliares posibles para la perfecta ejecuci\u00f3n de la misma. SQ Insertec fabrica y distribuye multitud de productos refractarios para colado en lingotes de acero. <\/p>\n<div class=\"accordion\">\n\t<div id=\"accordion-2122217164\" class=\"accordion-item\">\n\t\t<a id=\"accordion-2122217164-label\" class=\"accordion-title plain active\" href=\"#accordion-item-mazarotas\" aria-expanded=\"true\" aria-controls=\"accordion-2122217164-content\">\n\t\t\t<button class=\"toggle\" aria-label=\"Toggle\"><i class=\"icon-angle-down\" aria-hidden=\"true\"><\/i><\/button>\n\t\t\t<span>Mazarotas<\/span>\n\t\t<\/a>\n\t\t<div id=\"accordion-2122217164-content\" class=\"accordion-inner\" style=\"display: block;\" aria-labelledby=\"accordion-2122217164-label\">\n\t\t\t\n<ul>\n<li>Aislantes y exot\u00e9rmicas.<\/li>\n<li>Gran variedad de mazarotas aislantes y exot\u00e9rmicas para colada en lingotera.<\/li>\n<\/ul>\n\t\t<\/div>\n\t<\/div>\n\t\n\t<div id=\"accordion-3221783989\" class=\"accordion-item\">\n\t\t<a id=\"accordion-3221783989-label\" class=\"accordion-title plain\" href=\"#accordion-item-coberturas-aislantes-y-exot\u00e9rmicas\" aria-expanded=\"false\" aria-controls=\"accordion-3221783989-content\">\n\t\t\t<button class=\"toggle\" aria-label=\"Toggle\"><i class=\"icon-angle-down\" aria-hidden=\"true\"><\/i><\/button>\n\t\t\t<span>Coberturas aislantes y exot\u00e9rmicas<\/span>\n\t\t<\/a>\n\t\t<div id=\"accordion-3221783989-content\" class=\"accordion-inner\" aria-labelledby=\"accordion-3221783989-label\">\n\t\t\t\n<p><strong>Conformadas (tapas).<\/strong><br \/>Coberturas s\u00f3lidas con diferentes geometr\u00edas o pulvurentas.<\/p>\n<p>          <strong>No conformadas (polvo).<\/strong><br \/>A\u00f1adidas justo despu\u00e9s de la colada, garantizan una buena alimentaci\u00f3n sin rechupes, obteniendo lingotes sanos.<\/p>\n\t\t<\/div>\n\t<\/div>\n\t\n\t<div id=\"accordion-670779234\" class=\"accordion-item\">\n\t\t<a id=\"accordion-670779234-label\" class=\"accordion-title plain\" href=\"#accordion-item-tapafondos\" aria-expanded=\"false\" aria-controls=\"accordion-670779234-content\">\n\t\t\t<button class=\"toggle\" aria-label=\"Toggle\"><i class=\"icon-angle-down\" aria-hidden=\"true\"><\/i><\/button>\n\t\t\t<span>Tapafondos<\/span>\n\t\t<\/a>\n\t\t<div id=\"accordion-670779234-content\" class=\"accordion-inner\" aria-labelledby=\"accordion-670779234-label\">\n\t\t\t\n<ul>\n<li>Junta de sellado entre placa de fondo de lingotera, minimizando los problemas de contaminaci\u00f3n introducidos desde la atm\u00f3sfera entre ellas.<\/li>\n<li>Prolongan la vida \u00fatil de placa y lingotera<\/li>\n<\/ul>\n\t\t<\/div>\n\t<\/div>\n\t\n\t<div id=\"accordion-906535240\" class=\"accordion-item\">\n\t\t<a id=\"accordion-906535240-label\" class=\"accordion-title plain\" href=\"#accordion-item-polvo-lubricante\" aria-expanded=\"false\" aria-controls=\"accordion-906535240-content\">\n\t\t\t<button class=\"toggle\" aria-label=\"Toggle\"><i class=\"icon-angle-down\" aria-hidden=\"true\"><\/i><\/button>\n\t\t\t<span>Polvo lubricante<\/span>\n\t\t<\/a>\n\t\t<div id=\"accordion-906535240-content\" class=\"accordion-inner\" aria-labelledby=\"accordion-906535240-label\">\n\t\t\t\n<ul>\n<li>Lubricante pielizante de lingotera para colada por sif\u00f3n.\n<ul>\n<li>KOLAN 111-R<\/li>\n<li>KOLAN 963<\/li>\n<\/ul>\n<\/li>\n<\/ul>\n\t\t<\/div>\n\t<\/div>\n\t\n\t<div id=\"accordion-1751026953\" class=\"accordion-item\">\n\t\t<a id=\"accordion-1751026953-label\" class=\"accordion-title plain\" href=\"#accordion-item-cementos-refractarios\" aria-expanded=\"false\" aria-controls=\"accordion-1751026953-content\">\n\t\t\t<button class=\"toggle\" aria-label=\"Toggle\"><i class=\"icon-angle-down\" aria-hidden=\"true\"><\/i><\/button>\n\t\t\t<span>Cementos refractarios<\/span>\n\t\t<\/a>\n\t\t<div id=\"accordion-1751026953-content\" class=\"accordion-inner\" aria-labelledby=\"accordion-1751026953-label\">\n\t\t\t\n<p>Cemento para juntas y mamposter\u00eda en general.<\/p>\n<p>          <strong>SIDERCOL 3<\/strong><br \/>Uni\u00f3n de piezas sil\u00edceas y silicoaluminosas<br \/>Base s\u00edlice.Ligado al aire <\/p>\n<p>          <strong>SIDERCOL 6<\/strong><br \/>Uni\u00f3n de piezas de alta al\u00famina (Cucharas, cierres de buzas).<br \/>70% Al\u00famina, Fraguado en fr\u00edo.<\/p>\n<p>          <strong>SIDERCOL 611 \u2013P<\/strong><br \/>Mortero reparaciones de peque\u00f1o espesor en tundish, piquera.<br \/>Grano fino. F\u00e1cil de aplicar. <\/p>\n<p>          <strong>SIDERCOL 620<\/strong><br \/>Pegado de buzas placas correderas.<br \/>Uso hasta 1750\u00baC.<\/p>\n<p>          <strong>SIDERCOL 25 GA1<\/strong><br \/>Uni\u00f3n buzas, placas de colada.<br \/>30% de cemento, evita adherencias de piezas.<\/p>\n<p>          SIDERCOL 26 ASG<br \/>F\u00e1cil montaje y desmontaje en caliente de tapones porosos.<br \/>Grano fino, r\u00e1pida y f\u00e1cil aplicaci\u00f3n.<\/p>\n\t\t<\/div>\n\t<\/div>\n\t\n<\/div>\n\t\t<\/div>\n\t\t\t\t\t<\/div>\n\n\t\n\n\t<div id=\"col-683632065\" class=\"col medium-6 small-12 large-6\"  >\n\t\t\t\t<div class=\"col-inner text-right\"  >\n\t\t\t\n\t\t\t\n\t<div class=\"img has-hover x md-x lg-x y md-y lg-y\" id=\"image_954192923\">\n\t\t\t\t\t\t\t\t<div class=\"img-inner dark\" >\n\t\t\t<img loading=\"lazy\" decoding=\"async\" width=\"636\" height=\"417\" src=\"https:\/\/www.sqinsertec.com\/wp-content\/uploads\/Imagen7.png\" class=\"attachment-original size-original\" alt=\"Imagen7\" srcset=\"https:\/\/www.sqinsertec.com\/wp-content\/uploads\/Imagen7.png 636w, https:\/\/www.sqinsertec.com\/wp-content\/uploads\/Imagen7-300x197.png 300w\" sizes=\"auto, (max-width: 636px) 100vw, 636px\" \/>\t\t\t\t\t\t\n\t\t\t\t\t<\/div>\n\t\t\t\t\t\t\t\t\n<style>\n#image_954192923 {\n  width: 100%;\n}\n<\/style>\n\t<\/div>\n\t\n\t\t<\/div>\n\t\t\t\t\t<\/div>\n\n\t\n<\/div>\n\t\t<\/div>\n\n\t\t\n<style>\n#section_1244462331 {\n  padding-top: 0px;\n  padding-bottom: 0px;\n}\n<\/style>\n\t<\/section>\n\t\n\n\t<section class=\"section cc-block-2\" id=\"section_1358012379\">\n\t\t<div class=\"section-bg fill\" >\n\t\t\t\t\t\t\t\t\t\n\t\t\t\n\n\t\t<\/div>\n\n\t\t\n\n\t\t<div class=\"section-content relative\">\n\t\t\t\n<div class=\"row\"  id=\"row-730099872\">\n\n\t<div id=\"col-561446282\" class=\"col small-12 large-12\"  >\n\t\t\t\t<div class=\"col-inner\"  >\n\t\t\t\n\t\t\t\n<div class=\"container section-title-container\" ><h2 class=\"section-title section-title-center\"><b aria-hidden=\"true\"><\/b><span class=\"section-title-main\" >Tapa caliente<\/span><b aria-hidden=\"true\"><\/b><\/h2><\/div>\n\t\t<\/div>\n\t\t\t\t\t<\/div>\n\n\t\n<\/div>\n<div class=\"row\"  id=\"row-400511994\">\n\n\t<div id=\"col-2099605129\" class=\"col medium-6 small-12 large-6\"  >\n\t\t\t\t<div class=\"col-inner\"  >\n\t\t\t\n\t\t\t\n<h3>Tapa caliente \u2013 ISOINGOT<\/h3>\n<p>Gracias a su rendimiento de aislamiento, los productos Hot Top evitan la contracci\u00f3n y ofrecen una buena solidificaci\u00f3n direccional del lingote.\n<\/p>\n<ul class=\"arrow-list\">\n<li>Formas aislantes (tablas, piezas de esquina, formas especiales, tablas flexibles, etc.), con densidad media y buena resistencia.<\/li>\n<li>Dedicado a todo tipo de moldes de lingotes y especialmente a los grandes.<\/li>\n<\/ul>\n\t\t<\/div>\n\t\t\t\t\t<\/div>\n\n\t\n\n\t<div id=\"col-859931802\" class=\"col medium-6 small-12 large-6\"  >\n\t\t\t\t<div class=\"col-inner\"  >\n\t\t\t\n\t\t\t\n\t<div class=\"img has-hover x md-x lg-x y md-y lg-y\" id=\"image_1377906326\">\n\t\t\t\t\t\t\t\t<div class=\"img-inner dark\" >\n\t\t\t<img loading=\"lazy\" decoding=\"async\" width=\"824\" height=\"566\" src=\"https:\/\/www.sqinsertec.com\/wp-content\/uploads\/ingots-1-1.png\" class=\"attachment-original size-original\" alt=\"Ingots 1\" srcset=\"https:\/\/www.sqinsertec.com\/wp-content\/uploads\/ingots-1-1.png 824w, https:\/\/www.sqinsertec.com\/wp-content\/uploads\/ingots-1-1-300x206.png 300w, https:\/\/www.sqinsertec.com\/wp-content\/uploads\/ingots-1-1-768x528.png 768w\" sizes=\"auto, (max-width: 824px) 100vw, 824px\" \/>\t\t\t\t\t\t\n\t\t\t\t\t<\/div>\n\t\t\t\t\t\t\t\t\n<style>\n#image_1377906326 {\n  width: 100%;\n}\n<\/style>\n\t<\/div>\n\t\n\t\t<\/div>\n\t\t\t\t\t<\/div>\n\n\t\n<\/div>\n<div class=\"row\"  id=\"row-916000825\">\n\n\t<div id=\"col-1638297116\" class=\"col medium-6 small-12 large-6\"  >\n\t\t\t\t<div class=\"col-inner\"  >\n\t\t\t\n\t\t\t\n\t<div class=\"img has-hover x md-x lg-x y md-y lg-y\" id=\"image_715737356\">\n\t\t\t\t\t\t\t\t<div class=\"img-inner dark\" >\n\t\t\t<img loading=\"lazy\" decoding=\"async\" width=\"823\" height=\"535\" src=\"https:\/\/www.sqinsertec.com\/wp-content\/uploads\/ingots-2.png\" class=\"attachment-original size-original\" alt=\"Ingots 2\" srcset=\"https:\/\/www.sqinsertec.com\/wp-content\/uploads\/ingots-2.png 823w, https:\/\/www.sqinsertec.com\/wp-content\/uploads\/ingots-2-300x195.png 300w, https:\/\/www.sqinsertec.com\/wp-content\/uploads\/ingots-2-768x499.png 768w\" sizes=\"auto, (max-width: 823px) 100vw, 823px\" \/>\t\t\t\t\t\t\n\t\t\t\t\t<\/div>\n\t\t\t\t\t\t\t\t\n<style>\n#image_715737356 {\n  width: 100%;\n}\n<\/style>\n\t<\/div>\n\t\n\t\t<\/div>\n\t\t\t\t\t<\/div>\n\n\t\n\n\t<div id=\"col-1436835270\" class=\"col medium-6 small-12 large-6\"  >\n\t\t\t\t<div class=\"col-inner\"  >\n\t\t\t\n\t\t\t\n<h3>Tapa caliente \u2013 ISOINGOT L<\/h3>\n<p>Gracias a su rendimiento de aislamiento, los productos Hot Top evitan la contracci\u00f3n y ofrecen una buena solidificaci\u00f3n direccional del lingote.<\/p>\n<ul class=\"arrow-list\">\n<li>Formas aislantes, tableros, formas especiales con baja denstidad y muy altas propiedades aislantes.<\/li>\n<li>Dedicado al tama\u00f1o medio de lingotes de molde.<\/li>\n<\/ul>\n\t\t<\/div>\n\t\t\t\t\t<\/div>\n\n\t\n<\/div>\n<div class=\"row\"  id=\"row-2047821135\">\n\n\t<div id=\"col-876902815\" class=\"col medium-6 small-12 large-6\"  >\n\t\t\t\t<div class=\"col-inner\"  >\n\t\t\t\n\t\t\t\n<h3>Tapa caliente \u2013 EXOINGOT<\/h3>\n<p>Gracias a su rendimiento de aislamiento, los productos Hot Top evitan la contracci\u00f3n y ofrecen una buena solidificaci\u00f3n direccional del lingote.<\/p>\n<ul class=\"arrow-list\">\n<li>Formas exot\u00e9rmicas y aislantes (tablas, formas especiales, esquinas, tablas flexibles, \u2026).<\/li>\n<li>Dedicado al tama\u00f1o peque\u00f1o o mediano del molde de lingotes.<\/li>\n<\/ul>\n\t\t<\/div>\n\t\t\t\t\t<\/div>\n\n\t\n\n\t<div id=\"col-834159851\" class=\"col medium-6 small-12 large-6\"  >\n\t\t\t\t<div class=\"col-inner\"  >\n\t\t\t\n\t\t\t\n\t<div class=\"img has-hover x md-x lg-x y md-y lg-y\" id=\"image_1778917866\">\n\t\t\t\t\t\t\t\t<div class=\"img-inner dark\" >\n\t\t\t<img loading=\"lazy\" decoding=\"async\" width=\"824\" height=\"566\" src=\"https:\/\/www.sqinsertec.com\/wp-content\/uploads\/ingots-1-1.png\" class=\"attachment-original size-original\" alt=\"Ingots 1\" srcset=\"https:\/\/www.sqinsertec.com\/wp-content\/uploads\/ingots-1-1.png 824w, https:\/\/www.sqinsertec.com\/wp-content\/uploads\/ingots-1-1-300x206.png 300w, https:\/\/www.sqinsertec.com\/wp-content\/uploads\/ingots-1-1-768x528.png 768w\" sizes=\"auto, (max-width: 824px) 100vw, 824px\" \/>\t\t\t\t\t\t\n\t\t\t\t\t<\/div>\n\t\t\t\t\t\t\t\t\n<style>\n#image_1778917866 {\n  width: 100%;\n}\n<\/style>\n\t<\/div>\n\t\n\t\t<\/div>\n\t\t\t\t\t<\/div>\n\n\t\n<\/div>\n\t\t<\/div>\n\n\t\t\n<style>\n#section_1358012379 {\n  padding-top: 30px 0px;\n  padding-bottom: 30px 0px;\n}\n<\/style>\n\t<\/section>\n\t\n\n\t<section class=\"section cc-block-1\" id=\"section_931322892\">\n\t\t<div class=\"section-bg fill\" >\n\t\t\t\t\t\t\t\t\t\n\t\t\t\n\n\t\t<\/div>\n\n\t\t\n\n\t\t<div class=\"section-content relative\">\n\t\t\t\n<div class=\"row\"  id=\"row-664354703\">\n\n\t<div id=\"col-812589591\" class=\"col small-12 large-12\"  >\n\t\t\t\t<div class=\"col-inner\"  >\n\t\t\t\n\t\t\t\n<div class=\"container section-title-container\" ><h2 class=\"section-title section-title-center\"><b aria-hidden=\"true\"><\/b><span class=\"section-title-main\" >Compuesto Anti Piping<\/span><b aria-hidden=\"true\"><\/b><\/h2><\/div>\n\t\t<\/div>\n\t\t\t\t\t<\/div>\n\n\t\n<\/div>\n<div class=\"row\"  id=\"row-1669480096\">\n\n\t<div id=\"col-932116312\" class=\"col medium-6 small-12 large-6\"  >\n\t\t\t\t<div class=\"col-inner\"  >\n\t\t\t\n\t\t\t\n\t<div class=\"img has-hover x md-x lg-x y md-y lg-y\" id=\"image_2082267966\">\n\t\t\t\t\t\t\t\t<div class=\"img-inner dark\" >\n\t\t\t<img loading=\"lazy\" decoding=\"async\" width=\"392\" height=\"504\" src=\"https:\/\/www.sqinsertec.com\/wp-content\/uploads\/ingots-dibujo.png\" class=\"attachment-original size-original\" alt=\"Ingots Dibujo\" srcset=\"https:\/\/www.sqinsertec.com\/wp-content\/uploads\/ingots-dibujo.png 392w, https:\/\/www.sqinsertec.com\/wp-content\/uploads\/ingots-dibujo-233x300.png 233w\" sizes=\"auto, (max-width: 392px) 100vw, 392px\" \/>\t\t\t\t\t\t\n\t\t\t\t\t<\/div>\n\t\t\t\t\t\t\t\t\n<style>\n#image_2082267966 {\n  width: 45%;\n}\n<\/style>\n\t<\/div>\n\t\n\t\t<\/div>\n\t\t\t\t\t<\/div>\n\n\t\n\n\t<div id=\"col-575567859\" class=\"col medium-6 small-12 large-6\"  >\n\t\t\t\t<div class=\"col-inner\"  >\n\t\t\t\n\t\t\t\n<h3>INGOTERM LE-EX<\/h3>\n<p>Evite la p\u00e9rdida de calor de la superficie superior del lingote, por lo tanto, evita el encogimiento y proporciona un buen lingote de sonido.<\/p>\n<ul class=\"arrow-list\">\n<li>Flujo de cobertura aislante bueno y exot\u00e9rmico para todo tipo de lingotes.<\/li>\n<li>Para ser agregado inmediatamente despu\u00e9s de la fundici\u00f3n, proteger\u00e1 y aislar\u00e1 perfectamente la superficie superior del lingote.<\/li>\n<li>Proporcionar un lingote de sonido con una contracci\u00f3n muy peque\u00f1a.<\/li>\n<\/ul>\n\t\t<\/div>\n\t\t\t\t\t<\/div>\n\n\t\n<\/div>\n<div class=\"row\"  id=\"row-1342467391\">\n\n\t<div id=\"col-1735236835\" class=\"col medium-6 small-12 large-6\"  >\n\t\t\t\t<div class=\"col-inner\"  >\n\t\t\t\n\t\t\t\n<h3>EXOTOP<\/h3>\n<p>Preformado, evita la p\u00e9rdida de calor de la superficie superior del lingote, por lo tanto, evita el encogimiento y proporciona un buen lingote de sonido.<\/p>\n<ul class=\"arrow-list\">\n<li>Tableros preformados exot\u00e9rmicos y aislantes para que coincidan con el \u00e1rea del lingote.<\/li>\n<li>Proteger\u00e1 y aislar\u00e1 perfectamente la superficie superior de los lingotes, lo que proporciona un lingote muy s\u00f3lido con una contracci\u00f3n muy peque\u00f1a y sin polvo durante la aplicaci\u00f3n.<\/li>\n<\/ul>\n\t\t<\/div>\n\t\t\t\t\t<\/div>\n\n\t\n\n\t<div id=\"col-1777736450\" class=\"col medium-6 small-12 large-6\"  >\n\t\t\t\t<div class=\"col-inner\"  >\n\t\t\t\n\t\t\t\n\t<div class=\"img has-hover x md-x lg-x y md-y lg-y\" id=\"image_91294976\">\n\t\t\t\t\t\t\t\t<div class=\"img-inner dark\" >\n\t\t\t<img loading=\"lazy\" decoding=\"async\" width=\"496\" height=\"456\" src=\"https:\/\/www.sqinsertec.com\/wp-content\/uploads\/ingots-4-1.png\" class=\"attachment-original size-original\" alt=\"Ingots 4\" srcset=\"https:\/\/www.sqinsertec.com\/wp-content\/uploads\/ingots-4-1.png 496w, https:\/\/www.sqinsertec.com\/wp-content\/uploads\/ingots-4-1-300x276.png 300w\" sizes=\"auto, (max-width: 496px) 100vw, 496px\" \/>\t\t\t\t\t\t\n\t\t\t\t\t<\/div>\n\t\t\t\t\t\t\t\t\n<style>\n#image_91294976 {\n  width: 100%;\n}\n<\/style>\n\t<\/div>\n\t\n\t\t<\/div>\n\t\t\t\t\t<\/div>\n\n\t\n<\/div>\n<div class=\"row\"  id=\"row-129531182\">\n\n\t<div id=\"col-2028876803\" class=\"col medium-6 small-12 large-6\"  >\n\t\t\t\t<div class=\"col-inner\"  >\n\t\t\t\n\t\t\t\n\t<div id=\"text-2718237594\" class=\"text\">\n\t\t\n<h3>Flujos abundantes<\/h3>\n\t\t\n<style>\n#text-2718237594 {\n  text-align: center;\n}\n<\/style>\n\t<\/div>\n\t\n<ul class=\"arrow-list\">\n<li>Es un polvo que generalmente se coloca en una bolsa peque\u00f1a en la parte inferior del molde del lingote antes de amontonarse.<\/li>\n<li>Comenzar\u00e1 a fundirse lubricando el menisco del acero ascendente, mejorando el acabado de la superficie del lingote.<\/li>\n<\/ul>\n\t\t<\/div>\n\t\t\t\t\t<\/div>\n\n\t\n\n\t<div id=\"col-849036357\" class=\"col medium-6 small-12 large-6\"  >\n\t\t\t\t<div class=\"col-inner\"  >\n\t\t\t\n\t\t\t\n\t<div id=\"text-2936177003\" class=\"text\">\n\t\t\n<h3>Dispositivo de sellado \u2013 INGOBOT<\/h3>\n\t\t\n<style>\n#text-2936177003 {\n  text-align: center;\n}\n<\/style>\n\t<\/div>\n\t\n<p>El dispositivo preformado se coloca entre el molde y la placa inferior para evitar que se rompa el aleteo y el acero (fugas) durante la colmena.<\/p>\n\n  \n    <div class=\"row large-columns-3 medium-columns- small-columns-2\" >\n  <div class=\"gallery-col col\" >\n          <div class=\"col-inner\">\n            <a class=\"image-lightbox lightbox-gallery\" href=\"https:\/\/www.sqinsertec.com\/wp-content\/uploads\/ingots-5.png\" title=\"Ingots 5\">            <div class=\"box has-hover gallery-box box-overlay dark\">\n              <div class=\"box-image\" >\n                <img loading=\"lazy\" decoding=\"async\" width=\"300\" height=\"242\" src=\"https:\/\/www.sqinsertec.com\/wp-content\/uploads\/ingots-5-300x242.png\" class=\"attachment-medium size-medium\" alt=\"Ingots 5\" ids=\"4155,4156\" lightbox_image_size=\"original\" columns=\"3\" text_hover=\"fade-in\" srcset=\"https:\/\/www.sqinsertec.com\/wp-content\/uploads\/ingots-5-300x242.png 300w, https:\/\/www.sqinsertec.com\/wp-content\/uploads\/ingots-5.png 525w\" sizes=\"auto, (max-width: 300px) 100vw, 300px\" \/>                                  <div class=\"overlay fill\"\n                      style=\"background-color: rgba(0,0,0,.15)\">\n                  <\/div>\n                                                              <\/div>\n              <div class=\"box-text show-on-hover hover-fade-in text-left\" >\n                 <p>Ingots 5<\/p>\n              <\/div>\n            <\/div>\n            <\/a>          <\/div>\n         <\/div><div class=\"gallery-col col\" >\n          <div class=\"col-inner\">\n            <a class=\"image-lightbox lightbox-gallery\" href=\"https:\/\/www.sqinsertec.com\/wp-content\/uploads\/ingots-6-1.png\" title=\"Ingots 6\">            <div class=\"box has-hover gallery-box box-overlay dark\">\n              <div class=\"box-image\" >\n                <img loading=\"lazy\" decoding=\"async\" width=\"300\" height=\"244\" src=\"https:\/\/www.sqinsertec.com\/wp-content\/uploads\/ingots-6-1-300x244.png\" class=\"attachment-medium size-medium\" alt=\"Ingots 6\" ids=\"4155,4156\" lightbox_image_size=\"original\" columns=\"3\" text_hover=\"fade-in\" srcset=\"https:\/\/www.sqinsertec.com\/wp-content\/uploads\/ingots-6-1-300x244.png 300w, https:\/\/www.sqinsertec.com\/wp-content\/uploads\/ingots-6-1.png 522w\" sizes=\"auto, (max-width: 300px) 100vw, 300px\" \/>                                  <div class=\"overlay fill\"\n                      style=\"background-color: rgba(0,0,0,.15)\">\n                  <\/div>\n                                                              <\/div>\n              <div class=\"box-text show-on-hover hover-fade-in text-left\" >\n                 <p>Ingots 6<\/p>\n              <\/div>\n            <\/div>\n            <\/a>          <\/div>\n         <\/div><\/div>\n\t\t<\/div>\n\t\t\t\t\t<\/div>\n\n\t\n<\/div>\n\t\t<\/div>\n\n\t\t\n<style>\n#section_931322892 {\n  padding-top: 100px 0px;\n  padding-bottom: 100px 0px;\n  background-color: #f0f5fa;\n}\n<\/style>\n\t<\/section>\n\t\n\n\t<section class=\"section\" id=\"section_308851159\">\n\t\t<div class=\"section-bg fill\" >\n\t\t\t\t\t\t\t\t\t\n\t\t\t\n\n\t\t<\/div>\n\n\t\t\n\n\t\t<div class=\"section-content relative\">\n\t\t\t\r\n\r\n<div class=\"row align-center\"  id=\"row-700457556\">\r\n\r\n\n\t<div id=\"col-954481024\" class=\"col medium-6 large-6\"  >\n\t\t\t\t<div class=\"col-inner text-center\"  >\n\t\t\t\n\t\t\t\r\n\r\n\t<div id=\"text-4109125634\" class=\"text\">\n\t\t\r\n\r\n<h2>Ponte manos a la obra con SQ Insertec<\/h2>\r\n\t\t\n<style>\n#text-4109125634 {\n  text-align: center;\n}\n<\/style>\n\t<\/div>\n\t\r\n\t<div id=\"text-178314361\" class=\"text center-section\">\n\t\t\r\n\r\n<p>Contacta con nosotros y te ayudaremos lo antes posible\r\n<\/p>\r\n\t\t\t<\/div>\n\t\r\n<a data-animate=\"flipInX\" href=\"https:\/\/www.sqinsertec.com\/contact-us\/\" class=\"button primary is-primary\" >\n\t\t<span>Contacto<\/span>\n\t<i class=\"icon-angle-right\" aria-hidden=\"true\"><\/i><\/a>\n\r\n\r\n\r\n\t\t<\/div>\n\t\t\t\t\t<\/div>\n\n\t\r\n\r\n<\/div>\r\n\r\n\t\t<\/div>\n\n\t\t\n<style>\n#section_308851159 {\n  padding-top: 30px;\n  padding-bottom: 30px;\n  margin-bottom: 20px 0;\n}\n<\/style>\n\t<\/section>\n\t\n","protected":false},"excerpt":{"rendered":"","protected":false},"author":1,"featured_media":0,"parent":3877,"menu_order":0,"comment_status":"closed","ping_status":"closed","template":"","meta":{"inline_featured_image":false,"footnotes":""},"class_list":["post-4162","page","type-page","status-publish","hentry"],"_links":{"self":[{"href":"https:\/\/www.sqinsertec.com\/es\/wp-json\/wp\/v2\/pages\/4162","targetHints":{"allow":["GET"]}}],"collection":[{"href":"https:\/\/www.sqinsertec.com\/es\/wp-json\/wp\/v2\/pages"}],"about":[{"href":"https:\/\/www.sqinsertec.com\/es\/wp-json\/wp\/v2\/types\/page"}],"author":[{"embeddable":true,"href":"https:\/\/www.sqinsertec.com\/es\/wp-json\/wp\/v2\/users\/1"}],"replies":[{"embeddable":true,"href":"https:\/\/www.sqinsertec.com\/es\/wp-json\/wp\/v2\/comments?post=4162"}],"version-history":[{"count":3,"href":"https:\/\/www.sqinsertec.com\/es\/wp-json\/wp\/v2\/pages\/4162\/revisions"}],"predecessor-version":[{"id":4165,"href":"https:\/\/www.sqinsertec.com\/es\/wp-json\/wp\/v2\/pages\/4162\/revisions\/4165"}],"up":[{"embeddable":true,"href":"https:\/\/www.sqinsertec.com\/es\/wp-json\/wp\/v2\/pages\/3877"}],"wp:attachment":[{"href":"https:\/\/www.sqinsertec.com\/es\/wp-json\/wp\/v2\/media?parent=4162"}],"curies":[{"name":"wp","href":"https:\/\/api.w.org\/{rel}","templated":true}]}}