{"id":4228,"date":"2026-02-03T21:56:42","date_gmt":"2026-02-03T20:56:42","guid":{"rendered":"https:\/\/www.sqinsertec.com\/productos\/recarburante\/"},"modified":"2026-02-21T15:41:11","modified_gmt":"2026-02-21T14:41:11","slug":"recarburante","status":"publish","type":"page","link":"https:\/\/www.sqinsertec.com\/es\/productos\/recarburante\/","title":{"rendered":"Recarburante"},"content":{"rendered":"\n\t<section class=\"section\" id=\"section_623861253\">\n\t\t<div class=\"section-bg fill\" >\n\t\t\t\t\t\t\t\t\t\n\t\t\t\n\n\t\t<\/div>\n\n\t\t\n\n\t\t<div class=\"section-content relative\">\n\t\t\t\n<div class=\"row align-center\"  id=\"row-173705445\">\n\n\t<div id=\"col-1722186681\" class=\"col medium-10 large-10\"  >\n\t\t\t\t<div class=\"col-inner text-center\"  >\n\t\t\t\n\t\t\t\n<h1>Recarburante<\/h1>\n\t<div id=\"text-1778865357\" class=\"text\">\n\t\t\n<span><span><a href=\"https:\/\/www.sqinsertec.com\/es\/\">SQInsertec<\/a><\/span><\/span>\n\t\t\n<style>\n#text-1778865357 {\n  font-size: 0.75rem;\n}\n<\/style>\n\t<\/div>\n\t\n\t\t<\/div>\n\t\t\t\t\t<\/div>\n\n\t\n\n<style>\n#row-173705445 > .col > .col-inner {\n  padding: 0px 0px 0px 0px;\n}\n<\/style>\n<\/div>\n\t\t<\/div>\n\n\t\t\n<style>\n#section_623861253 {\n  padding-top: 0px;\n  padding-bottom: 0px;\n}\n<\/style>\n\t<\/section>\n\t\n\n\t<section class=\"section blanco\" id=\"section_1995516001\">\n\t\t<div class=\"section-bg fill\" >\n\t\t\t<img loading=\"lazy\" decoding=\"async\" width=\"1591\" height=\"1080\" src=\"https:\/\/www.sqinsertec.com\/wp-content\/uploads\/finished-eight-cylinder-cylinder-blocks-made-of-ca-2022-10-28-22-12-59-utc-1.jpg\" class=\"bg attachment-original size-original\" alt=\"Finished Eight Cylinder Cylinder Blocks Made Of Cast Iron In The Workshop Of An Old Machine Building Plant\" \/>\t\t\t\t\t\t\n\t\t\t\n\n\t\t<\/div>\n\n\t\t\n\n\t\t<div class=\"section-content relative\">\n\t\t\t\n<div class=\"row align-middle align-center\"  id=\"row-474735052\">\n\n\t<div id=\"col-201183995\" class=\"col text-center medium-6 large-6\"  >\n\t\t\t\t<div class=\"col-inner\"  >\n\t\t\t\n\t\t\t\n\t\t<\/div>\n\t\t\t\t\t<\/div>\n\n\t\n<\/div>\n\t\t<\/div>\n\n\t\t\n<style>\n#section_1995516001 {\n  padding-top: 50px;\n  padding-bottom: 50px;\n}\n@media (min-width:550px) {\n  #section_1995516001 {\n    padding-top: 70px;\n    padding-bottom: 70px;\n  }\n}\n@media (min-width:850px) {\n  #section_1995516001 {\n    padding-top: 100px;\n    padding-bottom: 100px;\n  }\n}\n<\/style>\n\t<\/section>\n\t\n\n\t<section class=\"section dark\" id=\"section_1163925693\">\n\t\t<div class=\"section-bg fill\" >\n\t\t\t\t\t\t\t\t\t\n\t\t\t\n\n\t\t<\/div>\n\n\t\t\n\n\t\t<div class=\"section-content relative\">\n\t\t\t\n<div class=\"row align-middle align-center\"  id=\"row-680286404\">\n\n\t<div id=\"col-528518965\" class=\"col medium-4 large-4\"  >\n\t\t\t\t<div class=\"col-inner\"  >\n\t\t\t\n\t\t\t\n\t<div class=\"ux-menu stack stack-col justify-start ux-menu--divider-solid\">\n\t\t\n\t<div class=\"ux-menu-link flex menu-item\">\n\t\t<a class=\"ux-menu-link__link flex\" href=\"#JDZ-05\" >\n\t\t\t<i class=\"ux-menu-link__icon text-center icon-plus\" aria-hidden=\"true\"><\/i>\t\t\t<span class=\"ux-menu-link__text\">\n\t\t\t\tRecarburante JDZ-05\t\t\t<\/span>\n\t\t<\/a>\n\t<\/div>\n\t\n\t<div class=\"ux-menu-link flex menu-item\">\n\t\t<a class=\"ux-menu-link__link flex\" href=\"#JDZ-07-02\" >\n\t\t\t<i class=\"ux-menu-link__icon text-center icon-plus\" aria-hidden=\"true\"><\/i>\t\t\t<span class=\"ux-menu-link__text\">\n\t\t\t\tRecarburante JDZ-07-02\t\t\t<\/span>\n\t\t<\/a>\n\t<\/div>\n\t\n\t<div class=\"ux-menu-link flex menu-item\">\n\t\t<a class=\"ux-menu-link__link flex\" href=\"#JDZ-17\" >\n\t\t\t<i class=\"ux-menu-link__icon text-center icon-plus\" aria-hidden=\"true\"><\/i>\t\t\t<span class=\"ux-menu-link__text\">\n\t\t\t\tRecarburante JDZ-17\t\t\t<\/span>\n\t\t<\/a>\n\t<\/div>\n\t\n\t<div class=\"ux-menu-link flex menu-item\">\n\t\t<a class=\"ux-menu-link__link flex\" href=\"#JDZ-17-02\" >\n\t\t\t<i class=\"ux-menu-link__icon text-center icon-plus\" aria-hidden=\"true\"><\/i>\t\t\t<span class=\"ux-menu-link__text\">\n\t\t\t\tRecarburante JDZ-17-02\t\t\t<\/span>\n\t\t<\/a>\n\t<\/div>\n\t\n\t<div class=\"ux-menu-link flex menu-item\">\n\t\t<a class=\"ux-menu-link__link flex\" href=\"#JDZ-20\" >\n\t\t\t<i class=\"ux-menu-link__icon text-center icon-plus\" aria-hidden=\"true\"><\/i>\t\t\t<span class=\"ux-menu-link__text\">\n\t\t\t\tRecarburante JDZ-20\t\t\t<\/span>\n\t\t<\/a>\n\t<\/div>\n\t\n\t<\/div>\n\t\n\t\t<\/div>\n\t\t\t\t\t<\/div>\n\n\t\n<\/div>\n\t\t<\/div>\n\n\t\t\n<style>\n#section_1163925693 {\n  padding-top: 20px;\n  padding-bottom: 20px;\n  background-color: #0e357a;\n}\n<\/style>\n\t<\/section>\n\t\n<span class=\"scroll-to\" data-label=\"Scroll to: #JDZ-05\" data-bullet=\"false\" data-link=\"#JDZ-05\" data-title=\"Change this\"><a name=\"JDZ-05\"><\/a><\/span>\n\n\t<section class=\"section\" id=\"section_746136739\">\n\t\t<div class=\"section-bg fill\" >\n\t\t\t\t\t\t\t\t\t\n\t\t\t\n\n\t\t<\/div>\n\n\t\t\n\n\t\t<div class=\"section-content relative\">\n\t\t\t\n<div class=\"row align-center\"  id=\"row-1998770532\">\n\n\t<div id=\"col-1582605676\" class=\"col text-center medium-8 large-8\"  >\n\t\t\t\t<div class=\"col-inner\"  >\n\t\t\t\n\t\t\t\n<div class=\"container section-title-container\" ><h2 class=\"section-title section-title-center\"><b aria-hidden=\"true\"><\/b><span class=\"section-title-main\" >Recarburante JDZ-05<\/span><b aria-hidden=\"true\"><\/b><\/h2><\/div>\n<ul>\n<li>Producido a partir de coque esponjoso de alta calidad y sometido a un proceso de calcinaci\u00f3n a 1350\u00b0C, lo que da como resultado una pureza excepcional.<\/li>\n<li>Mejora las propiedades mec\u00e1nicas de las piezas fundidas al tiempo que reduce el uso de aleaciones de dependencia.<\/li>\n<li>Mantiene un control preciso y estricto sobre el contenido de nitr\u00f3geno.<\/li>\n<\/ul>\n\t\t<\/div>\n\t\t\t\t\t<\/div>\n\n\t\n<\/div>\n<div class=\"row\"  id=\"row-554548091\">\n\n\t<div id=\"col-549748746\" class=\"col medium-3 large-3\"  >\n\t\t\t\t<div class=\"col-inner\"  >\n\t\t\t\n\t\t\t\n\t<div class=\"img has-hover x md-x lg-x y md-y lg-y\" id=\"image_4925578\">\n\t\t\t\t\t\t\t\t<div class=\"img-inner dark\" >\n\t\t\t<img loading=\"lazy\" decoding=\"async\" width=\"221\" height=\"216\" src=\"https:\/\/www.sqinsertec.com\/wp-content\/uploads\/jdz-05.jpg\" class=\"attachment-original size-original\" alt=\"Jdz 05\" \/>\t\t\t\t\t\t\n\t\t\t\t\t<\/div>\n\t\t\t\t\t\t\t\t\n<style>\n#image_4925578 {\n  width: 100%;\n}\n<\/style>\n\t<\/div>\n\t\n\t\t<\/div>\n\t\t\t\t\t<\/div>\n\n\t\n\n\t<div id=\"col-1730488158\" class=\"col medium-9 large-9\"  >\n\t\t\t\t<div class=\"col-inner\"  >\n\t\t\t\n\t\t\t\n<div class=\"container section-title-container\" ><h4 class=\"section-title section-title-normal\"><b aria-hidden=\"true\"><\/b><span class=\"section-title-main\" >Campo de aplicaciones<\/span><b aria-hidden=\"true\"><\/b><\/h4><\/div>\n<ul class=\"arrow-list\">\n<li>Piezas fundidas de hierro gris, bloque de cilindros y culata del motor, m\u00e1quina herramienta, discos de freno, etc.\n<\/li>\n<\/ul>\n<div class=\"container section-title-container\" ><h4 class=\"section-title section-title-normal\"><b aria-hidden=\"true\"><\/b><span class=\"section-title-main\" >Especificaciones<\/span><b aria-hidden=\"true\"><\/b><\/h4><\/div>\n\n<table width=\"100%\">\n<tbody>\n<tr>\n<th>Carbono fijo<\/th>\n<th>Ceniza<\/th>\n<th>Vol\u00e1tiles<\/th>\n<th>Humedad<\/th>\n<th>Azufre<\/th>\n<th>Nitr\u00f3geno<\/th>\n<\/tr>\n<tr>\n<td>\u226598.5%<\/td>\n<td>\u22640.8%<\/td>\n<td>\u22640.7%<\/td>\n<td>\u22640.5%<\/td>\n<td>\u22641.5%<\/td>\n<td>\u22648000ppm<\/td>\n<\/tr>\n<\/tbody>\n<\/table>\n\n<div class=\"container section-title-container\" ><h4 class=\"section-title section-title-normal\"><b aria-hidden=\"true\"><\/b><span class=\"section-title-main\" >Tama\u00f1o<\/span><b aria-hidden=\"true\"><\/b><\/h4><\/div>\n<p>1-5mm, 70% within 2-4mm<\/p>\n\t\t<\/div>\n\t\t\t\t\t<\/div>\n\n\t\n<\/div>\n\t\t<\/div>\n\n\t\t\n<style>\n#section_746136739 {\n  padding-top: 30px;\n  padding-bottom: 30px;\n}\n<\/style>\n\t<\/section>\n\t\n<span class=\"scroll-to\" data-label=\"Scroll to: #JDZ-07-02\" data-bullet=\"false\" data-link=\"#JDZ-07-02\" data-title=\"Change this\"><a name=\"JDZ-07-02\"><\/a><\/span>\n\n\t<section class=\"section\" id=\"section_1132762398\">\n\t\t<div class=\"section-bg fill\" >\n\t\t\t\t\t\t\t\t\t\n\t\t\t\n\n\t\t<\/div>\n\n\t\t\n\n\t\t<div class=\"section-content relative\">\n\t\t\t\n<div class=\"row align-center\"  id=\"row-370851436\">\n\n\t<div id=\"col-985415692\" class=\"col medium-8 large-8\"  >\n\t\t\t\t<div class=\"col-inner\"  >\n\t\t\t\n\t\t\t\n<div class=\"container section-title-container\" ><h2 class=\"section-title section-title-center\"><b aria-hidden=\"true\"><\/b><span class=\"section-title-main\" >Recarburante JDZ-07-02<\/span><b aria-hidden=\"true\"><\/b><\/h2><\/div>\n<ul>\n<li>A partir de coque esponjoso de alta calidad con textura de producto duro, mejora significativamente la resistencia de las piezas fundidas de hierro gris.<\/li>\n<li>Alto grado de grafitizaci\u00f3n y bajo contenido de impurezas.<\/li>\n<li>Control estable del contenido de nitr\u00f3geno con el medidor de ox\u00edgeno y nitr\u00f3geno LECO.<\/li>\n<li>Mejora las propiedades mec\u00e1nicas de las piezas fundidas al tiempo que reduce el uso de aleaciones de dependencia.<\/li>\n<\/ul>\n\t\t<\/div>\n\t\t\t\t\t<\/div>\n\n\t\n<\/div>\n<div class=\"row\"  id=\"row-1941618796\">\n\n\t<div id=\"col-1616084349\" class=\"col medium-3 large-3\"  >\n\t\t\t\t<div class=\"col-inner\"  >\n\t\t\t\n\t\t\t\n\t<div class=\"img has-hover x md-x lg-x y md-y lg-y\" id=\"image_1266189768\">\n\t\t\t\t\t\t\t\t<div class=\"img-inner dark\" >\n\t\t\t<img loading=\"lazy\" decoding=\"async\" width=\"225\" height=\"224\" src=\"https:\/\/www.sqinsertec.com\/wp-content\/uploads\/jdz-07-02-1.jpg\" class=\"attachment-original size-original\" alt=\"Jdz 07 02\" srcset=\"https:\/\/www.sqinsertec.com\/wp-content\/uploads\/jdz-07-02-1.jpg 225w, https:\/\/www.sqinsertec.com\/wp-content\/uploads\/jdz-07-02-1-150x150.jpg 150w\" sizes=\"auto, (max-width: 225px) 100vw, 225px\" \/>\t\t\t\t\t\t\n\t\t\t\t\t<\/div>\n\t\t\t\t\t\t\t\t\n<style>\n#image_1266189768 {\n  width: 100%;\n}\n<\/style>\n\t<\/div>\n\t\n\t\t<\/div>\n\t\t\t\t\t<\/div>\n\n\t\n\n\t<div id=\"col-138287721\" class=\"col medium-9 large-9\"  >\n\t\t\t\t<div class=\"col-inner\"  >\n\t\t\t\n\t\t\t\n<div class=\"container section-title-container\" ><h4 class=\"section-title section-title-normal\"><b aria-hidden=\"true\"><\/b><span class=\"section-title-main\" >Campo de aplicaciones<\/span><b aria-hidden=\"true\"><\/b><\/h4><\/div>\n<ul class=\"arrow-list\">\n<li>Bloque de cilindros y culata del motor, m\u00e1quina herramienta, discos de freno, etc. Piezas fundidas de hierro gris que tienen requisitos estrictos sobre las propiedades mec\u00e1nicas.<\/li>\n<\/ul>\n<div class=\"container section-title-container\" ><h4 class=\"section-title section-title-normal\"><b aria-hidden=\"true\"><\/b><span class=\"section-title-main\" >Especificaciones<\/span><b aria-hidden=\"true\"><\/b><\/h4><\/div>\n\n<table width=\"100%\">\n<tbody>\n<tr>\n<th>Carbono fijo<\/th>\n<th>Ceniza<\/th>\n<th>Vol\u00e1tiles<\/th>\n<th>Humedad<\/th>\n<th>Azufre<\/th>\n<th>Nitr\u00f3geno<\/th>\n<\/tr>\n<tr>\n<td>\u226599%<\/td>\n<td>\u22640.5%<\/td>\n<td>\u22640.5%<\/td>\n<td>\u22640.1%<\/td>\n<td>\u22640.03%<\/td>\n<td>\u2264100ppm<\/td>\n<\/tr>\n<\/tbody>\n<\/table>\n\n<div class=\"container section-title-container\" ><h4 class=\"section-title section-title-normal\"><b aria-hidden=\"true\"><\/b><span class=\"section-title-main\" >Tama\u00f1o<\/span><b aria-hidden=\"true\"><\/b><\/h4><\/div>\n<p>1-5mm, 70% within 2-4mm\n<\/p>\n\t\t<\/div>\n\t\t\t\t\t<\/div>\n\n\t\n<\/div>\n\t\t<\/div>\n\n\t\t\n<style>\n#section_1132762398 {\n  padding-top: 30px;\n  padding-bottom: 30px;\n  background-color: rgb(240, 245, 250);\n}\n<\/style>\n\t<\/section>\n\t\n<span class=\"scroll-to\" data-label=\"Scroll to: #JDZ-17\" data-bullet=\"false\" data-link=\"#JDZ-17\" data-title=\"Change this\"><a name=\"JDZ-17\"><\/a><\/span>\n\n\t<section class=\"section\" id=\"section_1451286994\">\n\t\t<div class=\"section-bg fill\" >\n\t\t\t\t\t\t\t\t\t\n\t\t\t\n\n\t\t<\/div>\n\n\t\t\n\n\t\t<div class=\"section-content relative\">\n\t\t\t\n<div class=\"row align-center\"  id=\"row-467105641\">\n\n\t<div id=\"col-1167129159\" class=\"col text-center medium-8 large-8\"  >\n\t\t\t\t<div class=\"col-inner\"  >\n\t\t\t\n\t\t\t\n<div class=\"container section-title-container\" ><h2 class=\"section-title section-title-center\"><b aria-hidden=\"true\"><\/b><span class=\"section-title-main\" >Recarburante JDZ-17<\/span><b aria-hidden=\"true\"><\/b><\/h2><\/div>\n<ul>\n<li>A partir de coque esponjoso de alta calidad con apariencia de grano poroso, r\u00e1pida disoluci\u00f3n y alta tasa de absorci\u00f3n (\u226592%).<\/li>\n<li>Alto grado de grafitizaci\u00f3n y bajo contenido de impurezas.<\/li>\n<li>Tama\u00f1o de part\u00edcula uniforme<\/li>\n<li>Tasa de carburizaci\u00f3n estable.<\/li>\n<\/ul>\n\t\t<\/div>\n\t\t\t\t\t<\/div>\n\n\t\n<\/div>\n<div class=\"row\"  id=\"row-36155039\">\n\n\t<div id=\"col-1049105323\" class=\"col medium-3 large-3\"  >\n\t\t\t\t<div class=\"col-inner\"  >\n\t\t\t\n\t\t\t\n\t<div class=\"img has-hover x md-x lg-x y md-y lg-y\" id=\"image_887879070\">\n\t\t\t\t\t\t\t\t<div class=\"img-inner dark\" >\n\t\t\t<img loading=\"lazy\" decoding=\"async\" width=\"221\" height=\"216\" src=\"https:\/\/www.sqinsertec.com\/wp-content\/uploads\/jdz-17.jpg\" class=\"attachment-original size-original\" alt=\"Jdz 17\" \/>\t\t\t\t\t\t\n\t\t\t\t\t<\/div>\n\t\t\t\t\t\t\t\t\n<style>\n#image_887879070 {\n  width: 100%;\n}\n<\/style>\n\t<\/div>\n\t\n\t\t<\/div>\n\t\t\t\t\t<\/div>\n\n\t\n\n\t<div id=\"col-384935207\" class=\"col medium-9 large-9\"  >\n\t\t\t\t<div class=\"col-inner\"  >\n\t\t\t\n\t\t\t\n<div class=\"container section-title-container\" ><h4 class=\"section-title section-title-normal\"><b aria-hidden=\"true\"><\/b><span class=\"section-title-main\" >Campo de aplicaciones<\/span><b aria-hidden=\"true\"><\/b><\/h4><\/div>\n<ul class=\"arrow-list\">\n<li>Apropiado para una amplia gama de piezas fundidas de alta calidad, incluyendo, entre otros, grandes componentes de molinos de viento, piezas hidr\u00e1ulicas, piezas fundidas utilizadas en aplicaciones ferroviarias de alta velocidad, colectores de escape, cilindros y bloques de motor, y diversos componentes de automoci\u00f3n, etc.<\/li>\n<\/ul>\n<div class=\"container section-title-container\" ><h4 class=\"section-title section-title-normal\"><b aria-hidden=\"true\"><\/b><span class=\"section-title-main\" >Especificaciones<\/span><b aria-hidden=\"true\"><\/b><\/h4><\/div>\n\n<table width=\"100%\">\n<tbody>\n<tr>\n<th>Carbono fijo<\/th>\n<th>Ceniza<\/th>\n<th>Vol\u00e1tiles<\/th>\n<th>Humedad<\/th>\n<th>Azufre<\/th>\n<th>Nitr\u00f3geno<\/th>\n<\/tr>\n<tr>\n<td>\u226599%<\/td>\n<td>\u22640.5%<\/td>\n<td>\u22640.5%<\/td>\n<td>\u22640.1%<\/td>\n<td>\u22640.03%<\/td>\n<td>\u2264100ppm<\/td>\n<\/tr>\n<\/tbody>\n<\/table>\n\n<div class=\"container section-title-container\" ><h4 class=\"section-title section-title-normal\"><b aria-hidden=\"true\"><\/b><span class=\"section-title-main\" >Tama\u00f1o<\/span><b aria-hidden=\"true\"><\/b><\/h4><\/div>\n<p>1-5mm, 60% with 3mm\n<\/p>\n\t\t<\/div>\n\t\t\t\t\t<\/div>\n\n\t\n<\/div>\n\t\t<\/div>\n\n\t\t\n<style>\n#section_1451286994 {\n  padding-top: 30px;\n  padding-bottom: 30px;\n}\n<\/style>\n\t<\/section>\n\t\n<span class=\"scroll-to\" data-label=\"Scroll to: #JDZ-17-02\" data-bullet=\"false\" data-link=\"#JDZ-17-02\" data-title=\"Change this\"><a name=\"JDZ-17-02\"><\/a><\/span>\n\n\t<section class=\"section\" id=\"section_1860670435\">\n\t\t<div class=\"section-bg fill\" >\n\t\t\t\t\t\t\t\t\t\n\t\t\t\n\n\t\t<\/div>\n\n\t\t\n\n\t\t<div class=\"section-content relative\">\n\t\t\t\n<div class=\"row align-center\"  id=\"row-1508390383\">\n\n\t<div id=\"col-1467203969\" class=\"col medium-8 large-8\"  >\n\t\t\t\t<div class=\"col-inner\"  >\n\t\t\t\n\t\t\t\n<div class=\"container section-title-container\" ><h2 class=\"section-title section-title-center\"><b aria-hidden=\"true\"><\/b><span class=\"section-title-main\" >Recarburante JDZ-17-02<\/span><b aria-hidden=\"true\"><\/b><\/h2><\/div>\n<ul>\n<li>Derivado de coque esponjoso de alta calidad caracterizado por su estructura de grano poroso, r\u00e1pida disoluci\u00f3n y tasa de absorci\u00f3n excepcional (\u2265 85%).<\/li>\n<li>Bajo contenido de azufre.<\/li>\n<li>Presenta un efecto de pretratamiento sobre el hierro fundido.<\/li>\n<\/ul>\n\t\t<\/div>\n\t\t\t\t\t<\/div>\n\n\t\n<\/div>\n<div class=\"row\"  id=\"row-806232099\">\n\n\t<div id=\"col-7459083\" class=\"col medium-3 large-3\"  >\n\t\t\t\t<div class=\"col-inner\"  >\n\t\t\t\n\t\t\t\n\t<div class=\"img has-hover x md-x lg-x y md-y lg-y\" id=\"image_673984198\">\n\t\t\t\t\t\t\t\t<div class=\"img-inner dark\" >\n\t\t\t<img loading=\"lazy\" decoding=\"async\" width=\"223\" height=\"198\" src=\"https:\/\/www.sqinsertec.com\/wp-content\/uploads\/jdz-17-02-1.jpg\" class=\"attachment-original size-original\" alt=\"Jdz 17 02\" \/>\t\t\t\t\t\t\n\t\t\t\t\t<\/div>\n\t\t\t\t\t\t\t\t\n<style>\n#image_673984198 {\n  width: 100%;\n}\n<\/style>\n\t<\/div>\n\t\n\t\t<\/div>\n\t\t\t\t\t<\/div>\n\n\t\n\n\t<div id=\"col-729316412\" class=\"col medium-9 large-9\"  >\n\t\t\t\t<div class=\"col-inner\"  >\n\t\t\t\n\t\t\t\n<div class=\"container section-title-container\" ><h4 class=\"section-title section-title-normal\"><b aria-hidden=\"true\"><\/b><span class=\"section-title-main\" >Campo de aplicaciones<\/span><b aria-hidden=\"true\"><\/b><\/h4><\/div>\n<ul class=\"arrow-list\">\n<li>Apropiado para una amplia gama de piezas fundidas de alta calidad, incluyendo, entre otros, grandes componentes de molinos de viento, piezas hidr\u00e1ulicas, piezas fundidas utilizadas en aplicaciones ferroviarias de alta velocidad, colectores de escape, cilindros y bloques de motor, y diversos componentes de automoci\u00f3n, etc.<\/li>\n<\/ul>\n<div class=\"container section-title-container\" ><h4 class=\"section-title section-title-normal\"><b aria-hidden=\"true\"><\/b><span class=\"section-title-main\" >Especificaciones<\/span><b aria-hidden=\"true\"><\/b><\/h4><\/div>\n\n<table width=\"100%\">\n<tbody>\n<tr>\n<th>Carbono fijo<\/th>\n<th>Ceniza<\/th>\n<th>Vol\u00e1tiles<\/th>\n<th>Humedad<\/th>\n<th>Azufre<\/th>\n<th>Nitr\u00f3geno<\/th>\n<\/tr>\n<tr>\n<td>\u226598.5%<\/td>\n<td>\u22640.8%<\/td>\n<td>\u22640.7%<\/td>\n<td>\u22640.1%<\/td>\n<td>\u22640.04%<\/td>\n<td>\u2264200ppm<\/td>\n<\/tr>\n<\/tbody>\n<\/table>\n\n<div class=\"container section-title-container\" ><h4 class=\"section-title section-title-normal\"><b aria-hidden=\"true\"><\/b><span class=\"section-title-main\" >Tama\u00f1o<\/span><b aria-hidden=\"true\"><\/b><\/h4><\/div>\n<p>0.2-1mm<\/p>\n\t\t<\/div>\n\t\t\t\t\t<\/div>\n\n\t\n<\/div>\n\t\t<\/div>\n\n\t\t\n<style>\n#section_1860670435 {\n  padding-top: 30px;\n  padding-bottom: 30px;\n  background-color: rgb(240, 245, 250);\n}\n<\/style>\n\t<\/section>\n\t\n<span class=\"scroll-to\" data-label=\"Scroll to: #JDZ-20\" data-bullet=\"false\" data-link=\"#JDZ-20\" data-title=\"Change this\"><a name=\"JDZ-20\"><\/a><\/span>\n\n\t<section class=\"section\" id=\"section_1111695263\">\n\t\t<div class=\"section-bg fill\" >\n\t\t\t\t\t\t\t\t\t\n\t\t\t\n\n\t\t<\/div>\n\n\t\t\n\n\t\t<div class=\"section-content relative\">\n\t\t\t\n<div class=\"row align-center\"  id=\"row-126530989\">\n\n\t<div id=\"col-549358307\" class=\"col text-center medium-8 large-8\"  >\n\t\t\t\t<div class=\"col-inner\"  >\n\t\t\t\n\t\t\t\n<div class=\"container section-title-container\" ><h2 class=\"section-title section-title-center\"><b aria-hidden=\"true\"><\/b><span class=\"section-title-main\" >Recarburante JDZ-20<\/span><b aria-hidden=\"true\"><\/b><\/h2><\/div>\n<ul>\n<li>A partir de coque esponjoso de alta calidad con apariencia de grano poroso, r\u00e1pida disoluci\u00f3n y alta tasa de absorci\u00f3n (\u226590%).<\/li>\n<li>Bajo contenido de azufre.<\/li>\n<li>Tama\u00f1o de part\u00edcula uniforme con tasa de carburizaci\u00f3n estable.<\/li>\n<\/ul>\n\t\t<\/div>\n\t\t\t\t\t<\/div>\n\n\t\n<\/div>\n<div class=\"row\"  id=\"row-716720895\">\n\n\t<div id=\"col-704162626\" class=\"col medium-3 large-3\"  >\n\t\t\t\t<div class=\"col-inner\"  >\n\t\t\t\n\t\t\t\n\t<div class=\"img has-hover x md-x lg-x y md-y lg-y\" id=\"image_886948350\">\n\t\t\t\t\t\t\t\t<div class=\"img-inner dark\" >\n\t\t\t<img loading=\"lazy\" decoding=\"async\" width=\"222\" height=\"187\" src=\"https:\/\/www.sqinsertec.com\/wp-content\/uploads\/jdz-20-1.jpg\" class=\"attachment-original size-original\" alt=\"Jdz 20\" \/>\t\t\t\t\t\t\n\t\t\t\t\t<\/div>\n\t\t\t\t\t\t\t\t\n<style>\n#image_886948350 {\n  width: 100%;\n}\n<\/style>\n\t<\/div>\n\t\n\t\t<\/div>\n\t\t\t\t\t<\/div>\n\n\t\n\n\t<div id=\"col-1362394900\" class=\"col medium-9 large-9\"  >\n\t\t\t\t<div class=\"col-inner\"  >\n\t\t\t\n\t\t\t\n<div class=\"container section-title-container\" ><h4 class=\"section-title section-title-normal\"><b aria-hidden=\"true\"><\/b><span class=\"section-title-main\" >Campo de aplicaciones<\/span><b aria-hidden=\"true\"><\/b><\/h4><\/div>\n<ul class=\"arrow-list\">\n<li>Ampliamente utilizado en componentes de hierro fundido nodular y hierro gris, incluyendo bloques de cilindros del motor, cabezas de cilindro, m\u00e1quinas herramienta, discos de freno y carcasas de turbocompresores.<\/li>\n<\/ul>\n<div class=\"container section-title-container\" ><h4 class=\"section-title section-title-normal\"><b aria-hidden=\"true\"><\/b><span class=\"section-title-main\" >Especificaciones<\/span><b aria-hidden=\"true\"><\/b><\/h4><\/div>\n\n<table width=\"100%\">\n<tbody>\n<tr>\n<th>Carbono fijo<\/th>\n<th>Ceniza<\/th>\n<th>Vol\u00e1tiles<\/th>\n<th>Humedad<\/th>\n<th>Azufre<\/th>\n<th>Nitr\u00f3geno<\/th>\n<\/tr>\n<tr>\n<td>\u226598.5%<\/td>\n<td>\u22640.8%<\/td>\n<td>\u22640.7%<\/td>\n<td>\u22640.1%<\/td>\n<td>\u22640.1%<\/td>\n<td>\u2264800ppm<\/td>\n<\/tr>\n<\/tbody>\n<\/table>\n\n<div class=\"container section-title-container\" ><h4 class=\"section-title section-title-normal\"><b aria-hidden=\"true\"><\/b><span class=\"section-title-main\" >Tama\u00f1o<\/span><b aria-hidden=\"true\"><\/b><\/h4><\/div>\n<p>1-5mm, 70% within 3-4mm\n<\/p>\n\t\t<\/div>\n\t\t\t\t\t<\/div>\n\n\t\n<\/div>\n\t\t<\/div>\n\n\t\t\n<style>\n#section_1111695263 {\n  padding-top: 30px;\n  padding-bottom: 30px;\n}\n<\/style>\n\t<\/section>\n\t\n\n\t<section class=\"section\" id=\"section_647989895\">\n\t\t<div class=\"section-bg fill\" >\n\t\t\t\t\t\t\t\t\t\n\t\t\t\n\n\t\t<\/div>\n\n\t\t\n\n\t\t<div class=\"section-content relative\">\n\t\t\t\r\n\r\n<div class=\"row align-center\"  id=\"row-408685403\">\r\n\r\n\n\t<div id=\"col-165866131\" class=\"col medium-6 large-6\"  >\n\t\t\t\t<div class=\"col-inner text-center\"  >\n\t\t\t\n\t\t\t\r\n\r\n\t<div id=\"text-1873305999\" class=\"text\">\n\t\t\r\n\r\n<h2>Ponte manos a la obra con SQ Insertec<\/h2>\r\n\t\t\n<style>\n#text-1873305999 {\n  text-align: center;\n}\n<\/style>\n\t<\/div>\n\t\r\n\t<div id=\"text-3203719197\" class=\"text center-section\">\n\t\t\r\n\r\n<p>Contacta con nosotros y te ayudaremos lo antes posible\r\n<\/p>\r\n\t\t\t<\/div>\n\t\r\n<a data-animate=\"flipInX\" href=\"https:\/\/www.sqinsertec.com\/contact-us\/\" class=\"button primary is-primary\" >\n\t\t<span>Contacto<\/span>\n\t<i class=\"icon-angle-right\" aria-hidden=\"true\"><\/i><\/a>\n\r\n\r\n\r\n\t\t<\/div>\n\t\t\t\t\t<\/div>\n\n\t\r\n\r\n<\/div>\r\n\r\n\t\t<\/div>\n\n\t\t\n<style>\n#section_647989895 {\n  padding-top: 30px;\n  padding-bottom: 30px;\n  margin-bottom: 20px 0;\n}\n<\/style>\n\t<\/section>\n\t\n","protected":false},"excerpt":{"rendered":"","protected":false},"author":1,"featured_media":0,"parent":3877,"menu_order":0,"comment_status":"closed","ping_status":"closed","template":"","meta":{"inline_featured_image":false,"footnotes":""},"class_list":["post-4228","page","type-page","status-publish","hentry"],"_links":{"self":[{"href":"https:\/\/www.sqinsertec.com\/es\/wp-json\/wp\/v2\/pages\/4228","targetHints":{"allow":["GET"]}}],"collection":[{"href":"https:\/\/www.sqinsertec.com\/es\/wp-json\/wp\/v2\/pages"}],"about":[{"href":"https:\/\/www.sqinsertec.com\/es\/wp-json\/wp\/v2\/types\/page"}],"author":[{"embeddable":true,"href":"https:\/\/www.sqinsertec.com\/es\/wp-json\/wp\/v2\/users\/1"}],"replies":[{"embeddable":true,"href":"https:\/\/www.sqinsertec.com\/es\/wp-json\/wp\/v2\/comments?post=4228"}],"version-history":[{"count":3,"href":"https:\/\/www.sqinsertec.com\/es\/wp-json\/wp\/v2\/pages\/4228\/revisions"}],"predecessor-version":[{"id":4231,"href":"https:\/\/www.sqinsertec.com\/es\/wp-json\/wp\/v2\/pages\/4228\/revisions\/4231"}],"up":[{"embeddable":true,"href":"https:\/\/www.sqinsertec.com\/es\/wp-json\/wp\/v2\/pages\/3877"}],"wp:attachment":[{"href":"https:\/\/www.sqinsertec.com\/es\/wp-json\/wp\/v2\/media?parent=4228"}],"curies":[{"name":"wp","href":"https:\/\/api.w.org\/{rel}","templated":true}]}}