{"id":4245,"date":"2026-02-03T21:57:32","date_gmt":"2026-02-03T20:57:32","guid":{"rendered":"https:\/\/www.sqinsertec.com\/productos\/carburo-de-silicio\/"},"modified":"2026-02-21T15:51:48","modified_gmt":"2026-02-21T14:51:48","slug":"carburo-de-silicio","status":"publish","type":"page","link":"https:\/\/www.sqinsertec.com\/es\/productos\/carburo-de-silicio\/","title":{"rendered":"Carburo de silicio"},"content":{"rendered":"\n\t<section class=\"section\" id=\"section_1803847261\">\n\t\t<div class=\"section-bg fill\" >\n\t\t\t\t\t\t\t\t\t\n\t\t\t\n\n\t\t<\/div>\n\n\t\t\n\n\t\t<div class=\"section-content relative\">\n\t\t\t\n<div class=\"row align-center\"  id=\"row-1011187434\">\n\n\t<div id=\"col-1554739585\" class=\"col medium-10 large-10\"  >\n\t\t\t\t<div class=\"col-inner text-center\"  >\n\t\t\t\n\t\t\t\n<h1>Carburo de silicio<\/h1>\n\t<div id=\"text-1079960821\" class=\"text\">\n\t\t\n<span><span><a href=\"https:\/\/www.sqinsertec.com\/es\/\">SQInsertec<\/a><\/span><\/span>\n\t\t\n<style>\n#text-1079960821 {\n  font-size: 0.75rem;\n}\n<\/style>\n\t<\/div>\n\t\n\t\t<\/div>\n\t\t\t\t\t<\/div>\n\n\t\n\n<style>\n#row-1011187434 > .col > .col-inner {\n  padding: 0px 0px 0px 0px;\n}\n<\/style>\n<\/div>\n\t\t<\/div>\n\n\t\t\n<style>\n#section_1803847261 {\n  padding-top: 0px;\n  padding-bottom: 0px;\n}\n<\/style>\n\t<\/section>\n\t\n\n\t<section class=\"section blanco\" id=\"section_338115411\">\n\t\t<div class=\"section-bg fill\" >\n\t\t\t<img loading=\"lazy\" decoding=\"async\" width=\"1620\" height=\"1080\" src=\"https:\/\/www.sqinsertec.com\/wp-content\/uploads\/elements-of-exhaust-pipes-stored-away-2021-08-26-15-42-58-utc.jpg\" class=\"bg attachment-original size-original\" alt=\"Elements Of Exhaust Pipes, Stored Away\" \/>\t\t\t\t\t\t\n\t\t\t\n\n\t\t<\/div>\n\n\t\t\n\n\t\t<div class=\"section-content relative\">\n\t\t\t\n<div class=\"row align-middle align-center\"  id=\"row-725276387\">\n\n\t<div id=\"col-1977822420\" class=\"col text-center medium-6 large-6\"  >\n\t\t\t\t<div class=\"col-inner\"  >\n\t\t\t\n\t\t\t\n\t\t<\/div>\n\t\t\t\t\t<\/div>\n\n\t\n<\/div>\n\t\t<\/div>\n\n\t\t\n<style>\n#section_338115411 {\n  padding-top: 50px;\n  padding-bottom: 50px;\n}\n@media (min-width:550px) {\n  #section_338115411 {\n    padding-top: 70px;\n    padding-bottom: 70px;\n  }\n}\n@media (min-width:850px) {\n  #section_338115411 {\n    padding-top: 100px;\n    padding-bottom: 100px;\n  }\n}\n<\/style>\n\t<\/section>\n\t\n\n\t<section class=\"section dark\" id=\"section_951456184\">\n\t\t<div class=\"section-bg fill\" >\n\t\t\t\t\t\t\t\t\t\n\t\t\t\n\n\t\t<\/div>\n\n\t\t\n\n\t\t<div class=\"section-content relative\">\n\t\t\t\n<div class=\"row align-middle align-center\"  id=\"row-1044756907\">\n\n\t<div id=\"col-1742704901\" class=\"col medium-4 large-4\"  >\n\t\t\t\t<div class=\"col-inner\"  >\n\t\t\t\n\t\t\t\n\t<div class=\"ux-menu stack stack-col justify-start ux-menu--divider-solid\">\n\t\t\n\t<div class=\"ux-menu-link flex menu-item\">\n\t\t<a class=\"ux-menu-link__link flex\" href=\"#JDX-99\" >\n\t\t\t<i class=\"ux-menu-link__icon text-center icon-plus\" aria-hidden=\"true\"><\/i>\t\t\t<span class=\"ux-menu-link__text\">\n\t\t\t\tCarburo de silicio JDX-99\t\t\t<\/span>\n\t\t<\/a>\n\t<\/div>\n\t\n\t<div class=\"ux-menu-link flex menu-item\">\n\t\t<a class=\"ux-menu-link__link flex\" href=\"#JDX-90\" >\n\t\t\t<i class=\"ux-menu-link__icon text-center icon-plus\" aria-hidden=\"true\"><\/i>\t\t\t<span class=\"ux-menu-link__text\">\n\t\t\t\tCarburo de silicio JDX-90\t\t\t<\/span>\n\t\t<\/a>\n\t<\/div>\n\t\n\t<\/div>\n\t\n\t\t<\/div>\n\t\t\t\t\t<\/div>\n\n\t\n<\/div>\n\t\t<\/div>\n\n\t\t\n<style>\n#section_951456184 {\n  padding-top: 20px;\n  padding-bottom: 20px;\n  background-color: #0e357a;\n}\n<\/style>\n\t<\/section>\n\t\n<span class=\"scroll-to\" data-label=\"Scroll to: #JDX-99\" data-bullet=\"false\" data-link=\"#JDX-99\" data-title=\"Change this\"><a name=\"JDX-99\"><\/a><\/span>\n\n\t<section class=\"section\" id=\"section_1230732760\">\n\t\t<div class=\"section-bg fill\" >\n\t\t\t\t\t\t\t\t\t\n\t\t\t\n\n\t\t<\/div>\n\n\t\t\n\n\t\t<div class=\"section-content relative\">\n\t\t\t\n<div class=\"row align-center\"  id=\"row-1290455272\">\n\n\t<div id=\"col-692802511\" class=\"col text-center medium-8 large-8\"  >\n\t\t\t\t<div class=\"col-inner\"  >\n\t\t\t\n\t\t\t\n<div class=\"container section-title-container\" ><h2 class=\"section-title section-title-center\"><b aria-hidden=\"true\"><\/b><span class=\"section-title-main\" >Carburo de silicio JDX-99<\/span><b aria-hidden=\"true\"><\/b><\/h2><\/div>\n<p>Bajas impurezas, r\u00e1pida fusi\u00f3n, proporciona un an\u00e1lisis homog\u00e9neo y consistente al hierro fundido.<\/p>\n\t\t<\/div>\n\t\t\t\t\t<\/div>\n\n\t\n<\/div>\n<div class=\"row\"  id=\"row-292679484\">\n\n\t<div id=\"col-2079024207\" class=\"col medium-6 large-6\"  >\n\t\t\t\t<div class=\"col-inner\"  >\n\t\t\t\n\t\t\t\n<div class=\"container section-title-container\" ><h4 class=\"section-title section-title-normal\"><b aria-hidden=\"true\"><\/b><span class=\"section-title-main\" >Campo de aplicaciones<\/span><b aria-hidden=\"true\"><\/b><\/h4><\/div>\n<p>Hierro fundido nodular como turbocompresores, piezas fundidas de molinos de viento, entradas de frenos, tubos de escape\u2026;<br \/>Hierro fundido vermicular como bloque de cilindros y culata del motor, cuerpo de v\u00e1lvula hidr\u00e1ulica, tambor de freno;<br \/>Hierro fundido gris como m\u00e1quina herramienta, maquinaria de ingenier\u00eda, etc.<\/p>\n\t<div class=\"img has-hover x md-x lg-x y md-y lg-y\" id=\"image_1492595604\">\n\t\t\t\t\t\t\t\t<div class=\"img-inner dark\" >\n\t\t\t<img loading=\"lazy\" decoding=\"async\" width=\"424\" height=\"304\" src=\"https:\/\/www.sqinsertec.com\/wp-content\/uploads\/jdx-99-1.jpg\" class=\"attachment-original size-original\" alt=\"Jdx 99\" srcset=\"https:\/\/www.sqinsertec.com\/wp-content\/uploads\/jdx-99-1.jpg 424w, https:\/\/www.sqinsertec.com\/wp-content\/uploads\/jdx-99-1-300x215.jpg 300w\" sizes=\"auto, (max-width: 424px) 100vw, 424px\" \/>\t\t\t\t\t\t\n\t\t\t\t\t<\/div>\n\t\t\t\t\t\t\t\t\n<style>\n#image_1492595604 {\n  width: 65%;\n}\n<\/style>\n\t<\/div>\n\t\n\t\t<\/div>\n\t\t\t\t\t<\/div>\n\n\t\n\n\t<div id=\"col-1496167618\" class=\"col medium-6 large-6\"  >\n\t\t\t\t<div class=\"col-inner\"  >\n\t\t\t\n\t\t\t\n<div class=\"container section-title-container\" ><h4 class=\"section-title section-title-normal\"><b aria-hidden=\"true\"><\/b><span class=\"section-title-main\" >Instrucciones de uso<\/span><b aria-hidden=\"true\"><\/b><\/h4><\/div>\n<ul class=\"arrow-list\">\n<li>JDX-99 1-5 mm se utiliza principalmente en el horno, la cantidad de adici\u00f3n recomendada es 0.8-1.2%<\/li>\n<li>JDX-99 0.2-1 mm se utiliza principalmente para el pretratamiento de cuchara, la cantidad de adici\u00f3n recomendada es 0.1-0.3%<\/li>\n<\/ul>\n<div class=\"container section-title-container\" ><h4 class=\"section-title section-title-normal\"><b aria-hidden=\"true\"><\/b><span class=\"section-title-main\" >Especificaciones<\/span><b aria-hidden=\"true\"><\/b><\/h4><\/div>\n\n<table width=\"100%\">\n<tbody>\n<tr>\n<th>SIC<\/th>\n<th>Fe2O3<\/th>\n<th>F.C.<\/th>\n<th>S<\/th>\n<th>Al<\/th>\n<\/tr>\n<tr>\n<td>98.5-99.5%<\/td>\n<td>\u22640.3%<\/td>\n<td>\u22640.3%<\/td>\n<td>\u22640.01%<\/td>\n<td>0.01%<\/td>\n<\/tr>\n<\/tbody>\n<\/table>\n\n<div class=\"container section-title-container\" ><h4 class=\"section-title section-title-normal\"><b aria-hidden=\"true\"><\/b><span class=\"section-title-main\" >Tama\u00f1o<\/span><b aria-hidden=\"true\"><\/b><\/h4><\/div>\n<p>0.2-1 mm or 1-5 mm<\/p>\n\t\t<\/div>\n\t\t\t\t\t<\/div>\n\n\t\n<\/div>\n\t\t<\/div>\n\n\t\t\n<style>\n#section_1230732760 {\n  padding-top: 30px;\n  padding-bottom: 30px;\n}\n<\/style>\n\t<\/section>\n\t\n<span class=\"scroll-to\" data-label=\"Scroll to: #JDX-90\" data-bullet=\"false\" data-link=\"#JDX-90\" data-title=\"Change this\"><a name=\"JDX-90\"><\/a><\/span>\n\n\t<section class=\"section\" id=\"section_111834025\">\n\t\t<div class=\"section-bg fill\" >\n\t\t\t\t\t\t\t\t\t\n\t\t\t\n\n\t\t<\/div>\n\n\t\t\n\n\t\t<div class=\"section-content relative\">\n\t\t\t\n<div class=\"row align-center\"  id=\"row-1780772205\">\n\n\t<div id=\"col-662467301\" class=\"col medium-8 large-8\"  >\n\t\t\t\t<div class=\"col-inner\"  >\n\t\t\t\n\t\t\t\n<div class=\"container section-title-container\" ><h2 class=\"section-title section-title-center\"><b aria-hidden=\"true\"><\/b><span class=\"section-title-main\" >Carburo de silicio JDX-90<\/span><b aria-hidden=\"true\"><\/b><\/h2><\/div>\n<p>Producto rentable, velocidad de disoluci\u00f3n r\u00e1pida en hierro fundido, agregando continuamente grafito esf\u00e9rico al metal fundido.\n<\/p>\n\t\t<\/div>\n\t\t\t\t\t<\/div>\n\n\t\n<\/div>\n<div class=\"row\"  id=\"row-532099428\">\n\n\t<div id=\"col-290390518\" class=\"col medium-6 large-6\"  >\n\t\t\t\t<div class=\"col-inner\"  >\n\t\t\t\n\t\t\t\n<div class=\"container section-title-container\" ><h4 class=\"section-title section-title-normal\"><b aria-hidden=\"true\"><\/b><span class=\"section-title-main\" >Campo de aplicaciones<\/span><b aria-hidden=\"true\"><\/b><\/h4><\/div>\n<p>Hierro fundido nodular: accesorios de v\u00e1lvulas, maquinaria agr\u00edcola, maquinaria de ingenier\u00eda, mangueta de direcci\u00f3n de suspensi\u00f3n de autom\u00f3viles, etc.<br \/>Hierro fundido vermicular: bloque de cilindros y culata del motor, cuerpo de v\u00e1lvula hidr\u00e1ulica, etc.<br \/>Hierro fundido gris: disco de freno, m\u00e1quina herramienta, etc.<\/p>\n\t<div class=\"img has-hover x md-x lg-x y md-y lg-y\" id=\"image_950357771\">\n\t\t\t\t\t\t\t\t<div class=\"img-inner dark\" >\n\t\t\t<img loading=\"lazy\" decoding=\"async\" width=\"463\" height=\"322\" src=\"https:\/\/www.sqinsertec.com\/wp-content\/uploads\/jdx-90.jpg\" class=\"attachment-original size-original\" alt=\"Jdx 90\" srcset=\"https:\/\/www.sqinsertec.com\/wp-content\/uploads\/jdx-90.jpg 463w, https:\/\/www.sqinsertec.com\/wp-content\/uploads\/jdx-90-300x209.jpg 300w\" sizes=\"auto, (max-width: 463px) 100vw, 463px\" \/>\t\t\t\t\t\t\n\t\t\t\t\t<\/div>\n\t\t\t\t\t\t\t\t\n<style>\n#image_950357771 {\n  width: 65%;\n}\n<\/style>\n\t<\/div>\n\t\n\t\t<\/div>\n\t\t\t\t\t<\/div>\n\n\t\n\n\t<div id=\"col-1839311551\" class=\"col medium-6 large-6\"  >\n\t\t\t\t<div class=\"col-inner\"  >\n\t\t\t\n\t\t\t\n<div class=\"container section-title-container\" ><h4 class=\"section-title section-title-normal\"><b aria-hidden=\"true\"><\/b><span class=\"section-title-main\" >Instrucciones de uso<\/span><b aria-hidden=\"true\"><\/b><\/h4><\/div>\n<ul class=\"arrow-list\">\n<li>JDX-90 1-5 mm se utiliza principalmente para hornos de inducci\u00f3n, la cantidad de adici\u00f3n recomendada es 0.8-1.2 %<\/li>\n<li>JDX-90 0.5-1 mm se utiliza principalmente para el pretratamiento de cuchara, la cantidad de adici\u00f3n recomendada es 0.1-0.3%<\/li>\n<li>JDX-90 40-90 mm se utiliza principalmente para c\u00fapula, la cantidad de adici\u00f3n recomendada es 0.8-1.5%<\/li>\n<\/ul>\n<div class=\"container section-title-container\" ><h4 class=\"section-title section-title-normal\"><b aria-hidden=\"true\"><\/b><span class=\"section-title-main\" >Especificaciones<\/span><b aria-hidden=\"true\"><\/b><\/h4><\/div>\n\n<table width=\"100%\">\n<tbody>\n<tr>\n<th>SIC<\/th>\n<th>Fe2O3<\/th>\n<th>F.C.<\/th>\n<th>S<\/th>\n<th>Al<\/th>\n<\/tr>\n<tr>\n<td>90-92%<\/td>\n<td>\u22642%<\/td>\n<td>\u22642%<\/td>\n<td>\u22640.03%<\/td>\n<td>0.01%<\/td>\n<\/tr>\n<\/tbody>\n<\/table>\n\n<div class=\"container section-title-container\" ><h4 class=\"section-title section-title-normal\"><b aria-hidden=\"true\"><\/b><span class=\"section-title-main\" >Tama\u00f1o<\/span><b aria-hidden=\"true\"><\/b><\/h4><\/div>\n<p>0.5-1 mm o 1-5 mm para hornos de inducci\u00f3n, 40-90 mm para c\u00fapula<\/p>\n\t\t<\/div>\n\t\t\t\t\t<\/div>\n\n\t\n<\/div>\n\t\t<\/div>\n\n\t\t\n<style>\n#section_111834025 {\n  padding-top: 30px;\n  padding-bottom: 30px;\n  background-color: rgb(240, 245, 250);\n}\n<\/style>\n\t<\/section>\n\t\n\n\t<section class=\"section\" id=\"section_235331099\">\n\t\t<div class=\"section-bg fill\" >\n\t\t\t\t\t\t\t\t\t\n\t\t\t\n\n\t\t<\/div>\n\n\t\t\n\n\t\t<div class=\"section-content relative\">\n\t\t\t\r\n\r\n<div class=\"row align-center\"  id=\"row-1941525054\">\r\n\r\n\n\t<div id=\"col-1829989805\" class=\"col medium-6 large-6\"  >\n\t\t\t\t<div class=\"col-inner text-center\"  >\n\t\t\t\n\t\t\t\r\n\r\n\t<div id=\"text-3085577674\" class=\"text\">\n\t\t\r\n\r\n<h2>Ponte manos a la obra con SQ Insertec<\/h2>\r\n\t\t\n<style>\n#text-3085577674 {\n  text-align: center;\n}\n<\/style>\n\t<\/div>\n\t\r\n\t<div id=\"text-3141547547\" class=\"text center-section\">\n\t\t\r\n\r\n<p>Contacta con nosotros y te ayudaremos lo antes posible\r\n<\/p>\r\n\t\t\t<\/div>\n\t\r\n<a data-animate=\"flipInX\" href=\"https:\/\/www.sqinsertec.com\/contact-us\/\" class=\"button primary is-primary\" >\n\t\t<span>Contacto<\/span>\n\t<i class=\"icon-angle-right\" aria-hidden=\"true\"><\/i><\/a>\n\r\n\r\n\r\n\t\t<\/div>\n\t\t\t\t\t<\/div>\n\n\t\r\n\r\n<\/div>\r\n\r\n\t\t<\/div>\n\n\t\t\n<style>\n#section_235331099 {\n  padding-top: 30px;\n  padding-bottom: 30px;\n  margin-bottom: 20px 0;\n}\n<\/style>\n\t<\/section>\n\t\n","protected":false},"excerpt":{"rendered":"","protected":false},"author":1,"featured_media":0,"parent":3877,"menu_order":0,"comment_status":"closed","ping_status":"closed","template":"","meta":{"inline_featured_image":false,"footnotes":""},"class_list":["post-4245","page","type-page","status-publish","hentry"],"_links":{"self":[{"href":"https:\/\/www.sqinsertec.com\/es\/wp-json\/wp\/v2\/pages\/4245","targetHints":{"allow":["GET"]}}],"collection":[{"href":"https:\/\/www.sqinsertec.com\/es\/wp-json\/wp\/v2\/pages"}],"about":[{"href":"https:\/\/www.sqinsertec.com\/es\/wp-json\/wp\/v2\/types\/page"}],"author":[{"embeddable":true,"href":"https:\/\/www.sqinsertec.com\/es\/wp-json\/wp\/v2\/users\/1"}],"replies":[{"embeddable":true,"href":"https:\/\/www.sqinsertec.com\/es\/wp-json\/wp\/v2\/comments?post=4245"}],"version-history":[{"count":3,"href":"https:\/\/www.sqinsertec.com\/es\/wp-json\/wp\/v2\/pages\/4245\/revisions"}],"predecessor-version":[{"id":4248,"href":"https:\/\/www.sqinsertec.com\/es\/wp-json\/wp\/v2\/pages\/4245\/revisions\/4248"}],"up":[{"embeddable":true,"href":"https:\/\/www.sqinsertec.com\/es\/wp-json\/wp\/v2\/pages\/3877"}],"wp:attachment":[{"href":"https:\/\/www.sqinsertec.com\/es\/wp-json\/wp\/v2\/media?parent=4245"}],"curies":[{"name":"wp","href":"https:\/\/api.w.org\/{rel}","templated":true}]}}