{"id":4324,"date":"2026-02-23T08:13:00","date_gmt":"2026-02-23T07:13:00","guid":{"rendered":"https:\/\/www.sqinsertec.com\/?page_id=4324"},"modified":"2026-02-23T08:38:52","modified_gmt":"2026-02-23T07:38:52","slug":"politica-de-privacidad","status":"publish","type":"page","link":"https:\/\/www.sqinsertec.com\/es\/politica-de-privacidad\/","title":{"rendered":"Pol\u00edtica de privacidad"},"content":{"rendered":"<div class=\"row\"  id=\"row-325736322\">\n\n\t<div id=\"col-1282645001\" class=\"col small-12 large-12\"  >\n\t\t\t\t<div class=\"col-inner\"  >\n\t\t\t\n\t\t\t\n\t<div id=\"text-1309583823\" class=\"text\">\n\t\t\n<h1>Pol\u00edtica de privacidad<\/h1>\n\t\t\n<style>\n#text-1309583823 {\n  font-size: 1.5rem;\n}\n<\/style>\n\t<\/div>\n\t\n<span><span><a href=\"https:\/\/www.sqinsertec.com\/es\/\">SQInsertec<\/a><\/span><\/span>\n\t\t<\/div>\n\t\t\t\t\n<style>\n#col-1282645001 > .col-inner {\n  padding: 30px 0px 0px 0px;\n}\n<\/style>\n\t<\/div>\n\n\t\n<\/div>\n<div class=\"row\"  id=\"row-26422979\">\n\n\t<div id=\"col-1532662193\" class=\"col small-12 large-12\"  >\n\t\t\t\t<div class=\"col-inner text-left\"  >\n\t\t\t\n\t\t\t\n<p>En nuestra Entidad, hemos adaptado nuestros protocolos y pol\u00edticas de privacidad al Reglamento Europeo de Protecci\u00f3n de Datos 679\/2016 (RGPD) y a la LO 3\/2018, de 5 de diciembre, de Protecci\u00f3n de Datos personales y garant\u00eda de los derechos digitales, dado que nos preocupa la seguridad y la protecci\u00f3n de los datos que tratamos.<\/p>\n<h2>1.- Qui\u00e9n es el responsable del tratamiento de datos<\/h2>\n<p>SQ INSERTEC EUROPE, S.L., con domicilio en c\/La Bureba n\u00ba 2,CP 09007 Burgos es el responsable del correcto tratamiento de sus datos. Puede Vd. consultar sobre este tratamiento a trav\u00e9s del siguiente mail <a href=\"mailto:infosqi@sqinsertec.com\">infosqi@sqinsertec.com<\/a>.<\/p>\n<p><h2>2.- Para qu\u00e9 utilizamos sus datos<\/h2>\n<p>En SQ INSERTEC EUROPE, S.L. tratamos la informaci\u00f3n que nos facilitan las personas interesadas con el fin de:<\/p>\n<ul>\n<li>Cumplir con las prestaciones y servicios que suscribamos con el cliente.<\/li>\n<li>Tramitar y gestionar las solitudes realizadas en relaci\u00f3n a productos, servicios e incluso los curriculums vitae que pudi\u00e9ramos recibir y tratar.<\/li>\n<li>Gestionar la suscripci\u00f3n a nuestra Newsletter de forma peri\u00f3dica.<\/li>\n<\/ul>\n<h2>3.- Cu\u00e1l es la base legal para el tratamiento de los datos<\/h2>\n<p>La utilizaci\u00f3n de los datos que nos ha facilitado a trav\u00e9s del consentimiento, es necesaria para la correcta gesti\u00f3n de las relaciones con los usuarios y, adem\u00e1s, poder cumplir con las obligaciones legales.<\/p>\n<p>En cualquier momento puede manifestar su oposici\u00f3n al uso de sus datos y, por lo tanto, dejar sin efecto cualquier tipo de gesti\u00f3n con los mismos, quedando \u00fanicamente sus datos bloqueados durante el tiempo legalmente previsto. Comunicarle que el no consentimiento puede conllevar que los servicios sean imposibles de prestar.<\/p>\n<h2>4.- Comunicaci\u00f3n de datos<\/h2>\n<p>En principio no se ceder\u00e1n datos salvo obligaci\u00f3n legal.<\/p>\n<p>Ahora bien, compartiremos sus datos con prestadores de servicios que nos ayudan o dan soporte, o colaboradores externos con quien hemos llegado a acuerdos. <\/p>\n<h2>5.- Conservaci\u00f3n de datos <\/h2>\n<p>Solamente conservaremos sus datos personales durante el tiempo necesario para cumplir con la finalidad para la que se recaban, mientras que mantengamos una relaci\u00f3n contractual, mientras que exista un requisito legal que lo obligue o mientras que Vd. no ejerza ninguno de los derechos que hagan que no podamos tratar sus datos.<\/p>\n<h2>6.- C\u00f3mo puedo ejercer mis derechos<\/h2>\n<p>Como titular de derechos, Vd. tiene el control de sus datos y, por lo tanto, en cualquier momento puede ejercitar sus derechos, envi\u00e1ndonos un mail <a href=\"mailto:infosqi@sqinsertec.com\">infosqi@sqinsertec.com<\/a><\/p>\n<p>Los derechos que puede ejercitar son:<\/p>\n<ul>\n<li>Acceso \u2013 Podr\u00e1 consultar sus datos personales tratados por esta Entidad<\/li>\n<li>Rectificaci\u00f3n \u2013 Podr\u00e1 modificar sus datos personales cuando sean inexactos<\/li>\n<li>Supresi\u00f3n \u2013 Podr\u00e1 solicitar la eliminaci\u00f3n de sus datos personales<\/li>\n<li>Oposici\u00f3n \u2013 Podr\u00e1 solicitar que no se trate alguno de sus datos personales<\/li>\n<li>Limitaci\u00f3n del Tratamiento \u2013 Podr\u00e1 solicitar la limitaci\u00f3n al tratamiento de sus datos personales en determinadas circunstancias<\/li>\n<li>Portabilidad \u2013 Podr\u00e1 recibir los datos personales que nos haya facilitado o que hayamos obtenido en nuestra relaci\u00f3n contractual, as\u00ed como trasmitirlos a otra Entidad<\/li>\n<\/ul>\n<p>Se informa a los usuarios, que tiene derecho a revocar el consentimiento en cualquier momento, sin que ello afecte a la licitud del tratamiento basado en el consentimiento previo a su retirada.<\/p>\n<p><p>As\u00ed mismo se informa a los interesados de que pueden presentar una reclamaci\u00f3n ante la Autoridad de Control en materia de Protecci\u00f3n de Datos competente, especialmente cuando no haya obtenido satisfacci\u00f3n en el ejercicio de sus derechos.<\/p>\n<p><p>Para ejercitar sus derechos, acompa\u00f1e a su solicitud una copia de su DNI o documento equivalente acreditativo de su identidad.<\/p>\n\t\t<\/div>\n\t\t\t\t\t<\/div>\n\n\t\n<\/div>\n","protected":false},"excerpt":{"rendered":"","protected":false},"author":1,"featured_media":0,"parent":0,"menu_order":0,"comment_status":"closed","ping_status":"closed","template":"","meta":{"inline_featured_image":false,"footnotes":""},"class_list":["post-4324","page","type-page","status-publish","hentry"],"_links":{"self":[{"href":"https:\/\/www.sqinsertec.com\/es\/wp-json\/wp\/v2\/pages\/4324","targetHints":{"allow":["GET"]}}],"collection":[{"href":"https:\/\/www.sqinsertec.com\/es\/wp-json\/wp\/v2\/pages"}],"about":[{"href":"https:\/\/www.sqinsertec.com\/es\/wp-json\/wp\/v2\/types\/page"}],"author":[{"embeddable":true,"href":"https:\/\/www.sqinsertec.com\/es\/wp-json\/wp\/v2\/users\/1"}],"replies":[{"embeddable":true,"href":"https:\/\/www.sqinsertec.com\/es\/wp-json\/wp\/v2\/comments?post=4324"}],"version-history":[{"count":2,"href":"https:\/\/www.sqinsertec.com\/es\/wp-json\/wp\/v2\/pages\/4324\/revisions"}],"predecessor-version":[{"id":4348,"href":"https:\/\/www.sqinsertec.com\/es\/wp-json\/wp\/v2\/pages\/4324\/revisions\/4348"}],"wp:attachment":[{"href":"https:\/\/www.sqinsertec.com\/es\/wp-json\/wp\/v2\/media?parent=4324"}],"curies":[{"name":"wp","href":"https:\/\/api.w.org\/{rel}","templated":true}]}}