{"id":4334,"date":"2026-02-23T08:16:40","date_gmt":"2026-02-23T07:16:40","guid":{"rendered":"https:\/\/www.sqinsertec.com\/?page_id=4334"},"modified":"2026-02-23T08:17:16","modified_gmt":"2026-02-23T07:17:16","slug":"politica-de-cookies","status":"publish","type":"page","link":"https:\/\/www.sqinsertec.com\/es\/politica-de-cookies\/","title":{"rendered":"Pol\u00edtica de cookies"},"content":{"rendered":"<div class=\"row\"  id=\"row-1207804159\">\n\n\t<div id=\"col-1274171392\" class=\"col small-12 large-12\"  >\n\t\t\t\t<div class=\"col-inner\"  >\n\t\t\t\n\t\t\t\n<span><span><a href=\"https:\/\/www.sqinsertec.com\/es\/\">SQInsertec<\/a><\/span><\/span>\n\t\t<\/div>\n\t\t\t\t\n<style>\n#col-1274171392 > .col-inner {\n  padding: 30px 0px 0px 0px;\n}\n<\/style>\n\t<\/div>\n\n\t\n<\/div>\n<div class=\"row\"  id=\"row-1885571008\">\n\n\t<div id=\"col-329032617\" class=\"col small-12 large-12\"  >\n\t\t\t\t<div class=\"col-inner\"  >\n\t\t\t\n\t\t\t\n\t<div id=\"text-1813240265\" class=\"text\">\n\t\t\n<h1><i>Pol\u00edtica de cookies<\/i><\/h1>\n\t\t\n<style>\n#text-1813240265 {\n  font-size: 1.5rem;\n}\n<\/style>\n\t<\/div>\n\t\n\t\t<\/div>\n\t\t\t\t\n<style>\n#col-329032617 > .col-inner {\n  padding: 0 0px 0px 0px;\n}\n<\/style>\n\t<\/div>\n\n\t\n<\/div>\n<div class=\"row\"  id=\"row-4382699\">\n\n\t<div id=\"col-751027446\" class=\"col small-12 large-12\"  >\n\t\t\t\t<div class=\"col-inner\"  >\n\t\t\t\n\t\t\t\n<h2>\u00bfQu\u00e9 es una Cookie?<\/h2>\n<p>Una Cookie es un peque\u00f1o fichero de texto que un sitio web coloca en su PC, tel\u00e9fono o cualquier otro dispositivo, con informaci\u00f3n sobre su navegaci\u00f3n en dicho sitio. Las Cookies son necesarias para facilitar la navegaci\u00f3n y hacerla m\u00e1s amigable.<\/p>\n<p>Si bien en la presente pol\u00edtica se utiliza el termino general de \u201cCookie\u201d, pues es el principal m\u00e9todo de almacenamiento de informaci\u00f3n que utiliza este sitio web, tambi\u00e9n es utilizado el espacio de \u201cAlmacenamiento local\u201d del navegador para los mismos prop\u00f3sitos que las Cookies. En este sentido, toda la informaci\u00f3n incluida en esta secci\u00f3n es aplicable igualmente a este \u201cAlmacenamiento local\u201d.<\/p>\n<h2>\u00bfPara qu\u00e9 se utilizan las Cookies en este sitio web?<\/h2>\n<p>Las Cookies son una parte esencial de c\u00f3mo funciona nuestro sitio web. El objetivo principal de nuestras Cookies es mejorar su experiencia en la navegaci\u00f3n. Por ejemplo, son utilizadas para recordar sus preferencias durante la navegaci\u00f3n y en futuras visitas.<br \/>\nLa informaci\u00f3n recogida en las Cookies nos permite, adem\u00e1s, mejorar la web mediante estimaciones sobre n\u00fameros y patrones de uso, la adaptaci\u00f3n del sitio web a los intereses individuales de los usuarios, la aceleraci\u00f3n de las b\u00fasquedas, etc.<\/p>\n<h2>\u00bfQui\u00e9n utiliza la informaci\u00f3n almacenada en las Cookies?<\/h2>\n<p>La informaci\u00f3n almacenada en las Cookies de nuestro sitio web es utilizada exclusivamente por nosotros y no usamos \u201cCookies de terceros\u201d (gestionadas por entidades externas para proporcionar servicios solicitados para mejorar servicios y la experiencia del usuario al navegar en un sitio web).<\/p>\n<h2>\u00bfC\u00f3mo puedo evitar el uso de Cookies en este sitio web?<\/h2>\n<p>Si usted prefiere evitar el uso de Cookies en esta p\u00e1gina teniendo en cuenta las limitaciones anteriores debe, en primer lugar, deshabilitar en su navegador el uso de Cookies y, en segundo lugar, eliminar las Cookies guardadas en su navegador asociadas a este sitio web.<\/p>\n<p>Esta posibilidad de evitar el uso de Cookies puede ser llevada a cabo por usted en cualquier momento.<\/p>\n<p>Los diferentes navegadores proporcionan diferentes m\u00e9todos para bloquear y eliminar las cookies utilizadas por los sitios web. Puede cambiar la configuraci\u00f3n de su navegador para bloquear \/ eliminar las cookies. Para obtener m\u00e1s informaci\u00f3n sobre c\u00f3mo administrar y eliminar las cookies, visite <a href=\"https:\/\/en.wikipedia.org\/wiki\/HTTP_cookie\" target=\"_blank\" rel=\"nofollow noopener\"> wikipedia.org <\/a>. , <a href=\"http:\/\/www.allaboutcookies.org\/\" target=\"_blank\" rel=\"nofollow noopener\"> www.allaboutcookies.org. <\/a><\/p>\n<h2>\u00bfQu\u00e9 Cookies concretas utiliza este sitio web y para qu\u00e9 finalidades?<\/h2>\n<p>A continuaci\u00f3n, se incluye un cuadro con las Cookies, que podemos activar o desactivar las utilizadas por este sitio web, junto con la descripci\u00f3n y ejemplo de uso de las mismas:<\/p>\n<div>\n<h3>Necesaria<\/h3>\n<div>\n<p>Las cookies necesarias son fundamentales para el funcionamiento b\u00e1sico del sitio web. Sin ellas, el sitio no puede realizar tareas de seguridad o personalizaci\u00f3n de sesi\u00f3n. Estas cookies no almacenan informaci\u00f3n de identificaci\u00f3n personal.<\/p>\n<\/div>\n<div>\n<table>\n<thead>\n<tr>\n<th>Cookie<\/th>\n<th>Duraci\u00f3n<\/th>\n<th>Descripci\u00f3n<\/th>\n<\/tr>\n<\/thead>\n<tbody>\n<tr>\n<td>CookieConsent<\/td>\n<td>1 a\u00f1o<\/td>\n<td>Almacena el estado de consentimiento de cookies del usuario para que no tenga que volver a aceptarlas en cada visita.<\/td>\n<\/tr>\n<tr>\n<td>cf_clearance<\/td>\n<td>1 a\u00f1o<\/td>\n<td>Cookie t\u00e9cnica de seguridad de Cloudflare Turnstile. Ayuda a verificar que el usuario es un humano y protege el sitio contra spam y bots.<\/td>\n<\/tr>\n<tr>\n<td>wordpress_test_cookie<\/td>\n<td>Sesi\u00f3n<\/td>\n<td>Utilizada por WordPress para comprobar si el navegador del usuario permite el uso de cookies.<\/td>\n<\/tr>\n<tr>\n<td>wp-settings-*<\/td>\n<td>1 a\u00f1o<\/td>\n<td>Almacena las preferencias de configuraci\u00f3n y apariencia del usuario dentro del sitio.<\/td>\n<\/tr>\n<\/tbody>\n<\/table><\/div>\n<h3>Anal\u00edtica<\/h3>\n<div>\n<p>Las cookies anal\u00edticas nos ayudan a entender c\u00f3mo los visitantes interact\u00faan con la p\u00e1gina, permiti\u00e9ndonos medir el n\u00famero de visitas y las fuentes de tr\u00e1fico de forma agregada y an\u00f3nima.<\/p>\n<\/div>\n<div>\n<table>\n<thead>\n<tr>\n<th>Cookie<\/th>\n<th>Duraci\u00f3n<\/th>\n<th>Descripci\u00f3n<\/th>\n<\/tr>\n<\/thead>\n<tbody>\n<tr>\n<td>_ga<\/td>\n<td>1 a\u00f1o 1 mes<\/td>\n<td>Cookie principal de Google Analytics. Se utiliza para distinguir a los usuarios de forma an\u00f3nima para generar datos estad\u00edsticos.<\/td>\n<\/tr>\n<tr>\n<td>_ga_*<\/td>\n<td>1 a\u00f1o 1 mes<\/td>\n<td>Utilizada por Google Analytics para mantener el estado de la sesi\u00f3n y rastrear la navegaci\u00f3n del usuario.<\/td>\n<\/tr>\n<tr>\n<td>_gcl_au<\/td>\n<td>3 meses<\/td>\n<td>Utilizada por Google Tag Manager para almacenar y realizar un seguimiento de las conversiones de forma propia (first-party).<\/td>\n<\/tr>\n<\/tbody>\n<\/table><\/div>\n<\/div>\n\t\t<\/div>\n\t\t\t\t\t<\/div>\n\n\t\n<\/div>\n","protected":false},"excerpt":{"rendered":"","protected":false},"author":1,"featured_media":0,"parent":0,"menu_order":0,"comment_status":"closed","ping_status":"closed","template":"","meta":{"inline_featured_image":false,"footnotes":""},"class_list":["post-4334","page","type-page","status-publish","hentry"],"_links":{"self":[{"href":"https:\/\/www.sqinsertec.com\/es\/wp-json\/wp\/v2\/pages\/4334","targetHints":{"allow":["GET"]}}],"collection":[{"href":"https:\/\/www.sqinsertec.com\/es\/wp-json\/wp\/v2\/pages"}],"about":[{"href":"https:\/\/www.sqinsertec.com\/es\/wp-json\/wp\/v2\/types\/page"}],"author":[{"embeddable":true,"href":"https:\/\/www.sqinsertec.com\/es\/wp-json\/wp\/v2\/users\/1"}],"replies":[{"embeddable":true,"href":"https:\/\/www.sqinsertec.com\/es\/wp-json\/wp\/v2\/comments?post=4334"}],"version-history":[{"count":1,"href":"https:\/\/www.sqinsertec.com\/es\/wp-json\/wp\/v2\/pages\/4334\/revisions"}],"predecessor-version":[{"id":4335,"href":"https:\/\/www.sqinsertec.com\/es\/wp-json\/wp\/v2\/pages\/4334\/revisions\/4335"}],"wp:attachment":[{"href":"https:\/\/www.sqinsertec.com\/es\/wp-json\/wp\/v2\/media?parent=4334"}],"curies":[{"name":"wp","href":"https:\/\/api.w.org\/{rel}","templated":true}]}}