{"id":3819,"date":"2026-02-03T17:54:55","date_gmt":"2026-02-03T16:54:55","guid":{"rendered":"https:\/\/www.sqinsertec.com\/a-propos-dinsertec\/"},"modified":"2026-02-20T20:13:04","modified_gmt":"2026-02-20T19:13:04","slug":"a-propos-dinsertec","status":"publish","type":"page","link":"https:\/\/www.sqinsertec.com\/fr\/a-propos-de-nous\/a-propos-dinsertec\/","title":{"rendered":"A propos d\u2019Insertec"},"content":{"rendered":"\n  <div class=\"banner has-hover\" id=\"banner-860580191\">\n          <div class=\"banner-inner fill\">\n        <div class=\"banner-bg fill\" >\n            <img loading=\"lazy\" decoding=\"async\" width=\"1376\" height=\"465\" src=\"https:\/\/www.sqinsertec.com\/wp-content\/uploads\/img1-empresa-insertec.jpg\" class=\"bg attachment-original size-original\" alt=\"Img1 Empresa Insertec\" \/>                                    \n                    <\/div>\n\t\t\n        <div class=\"banner-layers container\">\n            <div class=\"fill banner-link\"><\/div>            \n   <div id=\"text-box-1413628067\" class=\"text-box banner-layer x50 md-x50 lg-x50 y50 md-y50 lg-y50 res-text\">\n                                <div class=\"text-box-content text dark\">\n              \n              <div class=\"text-inner text-center\">\n                  \n\t<div id=\"text-3703094430\" class=\"text center-section\">\n\t\t\n<h2>Nous sommes fabricants de fours industriels et de mat\u00e9riaux r\u00e9fractaires.<\/h2>\n<p>Nous proposons des solutions innovantes dans le secteur de la chaleur industrielle.<\/p>\n\t\t\t<\/div>\n\t\n              <\/div>\n           <\/div>\n                            \n<style>\n#text-box-1413628067 {\n  width: 60%;\n}\n#text-box-1413628067 .text-box-content {\n  font-size: 100%;\n}\n<\/style>\n    <\/div>\n \n        <\/div>\n      <\/div>\n\n            \n<style>\n#banner-860580191 {\n  padding-top: 500px;\n}\n<\/style>\n  <\/div>\n\n\n\n\t<section class=\"section dark\" id=\"section_1868131333\">\n\t\t<div class=\"section-bg fill\" >\n\t\t\t\t\t\t\t\t\t\n\t\t\t\n\n\t\t<\/div>\n\n\t\t\n\n\t\t<div class=\"section-content relative\">\n\t\t\t\n<div class=\"row\"  id=\"row-936089581\">\n\n\t<div id=\"col-1132121059\" class=\"col medium-6 large-6\"  >\n\t\t\t\t<div class=\"col-inner text-center\"  >\n\t\t\t\n\t\t\t\n<h2>\u00ab Depuis le commencement, le progr\u00e8s a \u00e9t\u00e9 le moteur d\u2019Instertec. \u00bb<\/h2>\n\t\t<\/div>\n\t\t\t\t\t<\/div>\n\n\t\n\n\t<div id=\"col-633633429\" class=\"col medium-6 large-6\"  >\n\t\t\t\t<div class=\"col-inner\"  >\n\t\t\t\n\t\t\t\n<p>Nous concevons et fabriquons des fours industriels et r\u00e9fractaires sur mesure.<\/p>\n<p>Une combinaison d\u2019activit\u00e9s devenue un v\u00e9ritable signe distinctif et un gage de qualit\u00e9 de nos services gr\u00e2ce \u00e0 ses synergies \u00e9videntes. Une fusion parfaite et l\u2019une des cl\u00e9s de notre r\u00e9ussite. <\/p>\n<p>A Insertec, nous \u0153uvrons \u00e0 transformer le monde, \u00e0 contribuer au progr\u00e8s de la soci\u00e9t\u00e9, car notre activit\u00e9 est essentielle dans des secteurs aussi divers que les \u00e9nergies renouvelables, les transports ou l&rsquo;industrie automobile, qui ont un impact consid\u00e9rable sur le progr\u00e8s et le bien-\u00eatre social d&rsquo;aujourd&rsquo;hui.<\/p>\n\t\t<\/div>\n\t\t\t\t\t<\/div>\n\n\t\n<\/div>\n\t\t<\/div>\n\n\t\t\n<style>\n#section_1868131333 {\n  padding-top: 100px;\n  padding-bottom: 100px;\n}\n<\/style>\n\t<\/section>\n\t\n\n\t<section class=\"section\" id=\"section_1043336149\">\n\t\t<div class=\"section-bg fill\" >\n\t\t\t\t\t\t\t\t\t\n\t\t\t\n\n\t\t<\/div>\n\n\t\t\n\n\t\t<div class=\"section-content relative\">\n\t\t\t\n<div class=\"row\"  id=\"row-1044882713\">\n\n\t<div id=\"col-1123540053\" class=\"col medium-6 large-6\"  >\n\t\t\t\t<div class=\"col-inner\"  >\n\t\t\t\n\t\t\t\n\t<div class=\"img has-hover x md-x lg-x y md-y lg-y\" id=\"image_636240422\">\n\t\t\t\t\t\t\t\t<div class=\"img-inner dark\" >\n\t\t\t<img loading=\"lazy\" decoding=\"async\" width=\"600\" height=\"400\" src=\"https:\/\/www.sqinsertec.com\/wp-content\/uploads\/insertec-2.jpg\" class=\"attachment-original size-original\" alt=\"Insertec 2\" srcset=\"https:\/\/www.sqinsertec.com\/wp-content\/uploads\/insertec-2.jpg 600w, https:\/\/www.sqinsertec.com\/wp-content\/uploads\/insertec-2-300x200.jpg 300w\" sizes=\"auto, (max-width: 600px) 100vw, 600px\" \/>\t\t\t\t\t\t\n\t\t\t\t\t<\/div>\n\t\t\t\t\t\t\t\t\n<style>\n#image_636240422 {\n  width: 100%;\n}\n<\/style>\n\t<\/div>\n\t\n\t\t<\/div>\n\t\t\t\t\t<\/div>\n\n\t\n\n\t<div id=\"col-829142886\" class=\"col medium-6 large-6\"  >\n\t\t\t\t<div class=\"col-inner\"  >\n\t\t\t\n\t\t\t\n\t<div class=\"img has-hover x md-x lg-x y md-y lg-y\" id=\"image_1604505971\">\n\t\t\t\t\t\t\t\t<div class=\"img-inner dark\" >\n\t\t\t<img loading=\"lazy\" decoding=\"async\" width=\"376\" height=\"237\" src=\"https:\/\/www.sqinsertec.com\/wp-content\/uploads\/insertec-3-1.jpg\" class=\"attachment-original size-original\" alt=\"Insertec 3\" srcset=\"https:\/\/www.sqinsertec.com\/wp-content\/uploads\/insertec-3-1.jpg 376w, https:\/\/www.sqinsertec.com\/wp-content\/uploads\/insertec-3-1-300x189.jpg 300w\" sizes=\"auto, (max-width: 376px) 100vw, 376px\" \/>\t\t\t\t\t\t\n\t\t\t\t\t<\/div>\n\t\t\t\t\t\t\t\t\n<style>\n#image_1604505971 {\n  width: 60%;\n}\n<\/style>\n\t<\/div>\n\t\n<h3> Processus de production integral<\/h3>\n<p>Nous cr\u00e9ons de la valeur pour nos clients gr\u00e2ce \u00e0 notre exp\u00e9rience et notre savoir-faire.<\/p>\n<p>Notre expertise en ing\u00e9nierie et fabrication de fours nous permet de produire des r\u00e9fractaires de meilleure qualit\u00e9, et notre connaissance approfondie des r\u00e9fractaires nous conduit \u00e0 concevoir des fours plus performants.<\/p>\n<p>A Insertec, nous ma\u00eetrisons l&rsquo;int\u00e9gralit\u00e9 du processus de production de nos produits gr\u00e2ce \u00e0 une approche int\u00e9gr\u00e9e. De l&rsquo;extraction des mati\u00e8res premi\u00e8res pour les r\u00e9fractaires dans notre propre mine, jusqu&rsquo;\u00e0 l&rsquo;assemblage et la mise en service des \u00e9quipements chez le client. <\/p>\n\t\t<\/div>\n\t\t\t\t\t<\/div>\n\n\t\n<\/div>\n\t\t<\/div>\n\n\t\t\n<style>\n#section_1043336149 {\n  padding-top: 30px;\n  padding-bottom: 30px;\n}\n<\/style>\n\t<\/section>\n\t\n\n\t<section class=\"section\" id=\"section_1435808876\">\n\t\t<div class=\"section-bg fill\" >\n\t\t\t\t\t\t\t\t\t\n\t\t\t\n\n\t\t<\/div>\n\n\t\t\n\n\t\t<div class=\"section-content relative\">\n\t\t\t\n<div class=\"row\"  id=\"row-141179141\">\n\n\t<div id=\"col-455217080\" class=\"col medium-6 large-6\"  >\n\t\t\t\t<div class=\"col-inner\"  >\n\t\t\t\n\t\t\t\n<h3 style=\"color:#0e357a;\">Groupe Insertec<\/h3>\n<p>Fond\u00e9e en 1980, Insertec est aujourd&rsquo;hui un groupe industriel international de premier plan, pr\u00e9sent dans 8 pays, avec son si\u00e8ge social en Biscaye (Espagne) et de nombreuses repr\u00e9sentations \u00e0 travers le monde.<\/p>\n<p>Nous disposons d&rsquo;une excellente \u00e9quipe de plus de 250 professionnels hautement qualifi\u00e9s.<\/p>\n<ul>\n<li>Une mine \u00e0 Guadalajara (Espagne), d&rsquo;o\u00f9 nous extrayons le minerai destin\u00e9 \u00e0 nos r\u00e9fractaires. En plus de notre si\u00e8ge social et nos d\u00e9l\u00e9gations, nous disposons de nos propres usines et infrastructures, telles que :<\/li>\n<li>Un laboratoire de chimie de pointe pour r\u00e9aliser les essais n\u00e9cessaires \u00e0 nos projets.<\/li>\n<\/ul>\n\t\t<\/div>\n\t\t\t\t\t<\/div>\n\n\t\n\n\t<div id=\"col-1050601503\" class=\"col medium-6 large-6\"  >\n\t\t\t\t<div class=\"col-inner\"  >\n\t\t\t\n\t\t\t\n\t<div class=\"img has-hover x md-x lg-x y md-y lg-y\" id=\"image_624950473\">\n\t\t\t\t\t\t\t\t<div class=\"img-inner dark\" >\n\t\t\t<img loading=\"lazy\" decoding=\"async\" width=\"718\" height=\"481\" src=\"https:\/\/www.sqinsertec.com\/wp-content\/uploads\/insertec-4-1.jpg\" class=\"attachment-original size-original\" alt=\"Insertec 4\" srcset=\"https:\/\/www.sqinsertec.com\/wp-content\/uploads\/insertec-4-1.jpg 718w, https:\/\/www.sqinsertec.com\/wp-content\/uploads\/insertec-4-1-300x201.jpg 300w\" sizes=\"auto, (max-width: 718px) 100vw, 718px\" \/>\t\t\t\t\t\t\n\t\t\t\t\t<\/div>\n\t\t\t\t\t\t\t\t\n<style>\n#image_624950473 {\n  width: 100%;\n}\n<\/style>\n\t<\/div>\n\t\n\t\t<\/div>\n\t\t\t\t\t<\/div>\n\n\t\n<\/div>\n\t\t<\/div>\n\n\t\t\n<style>\n#section_1435808876 {\n  padding-top: 30px;\n  padding-bottom: 30px;\n}\n<\/style>\n\t<\/section>\n\t\n\n\t<section class=\"section dark\" id=\"section_1402346250\">\n\t\t<div class=\"section-bg fill\" >\n\t\t\t\t\t\t\t\t\t\n\t\t\t\n\n\t\t<\/div>\n\n\t\t\n\n\t\t<div class=\"section-content relative\">\n\t\t\t\n<div class=\"row\"  id=\"row-1679585248\">\n\n\t<div id=\"col-1063089049\" class=\"col medium-6 large-6\"  >\n\t\t\t\t<div class=\"col-inner text-center\"  >\n\t\t\t\n\t\t\t\n<h2>Pr\u00e9parer l\u2019avenir<\/h2>\n\t\t<\/div>\n\t\t\t\t\t<\/div>\n\n\t\n\n\t<div id=\"col-932071310\" class=\"col medium-6 large-6\"  >\n\t\t\t\t<div class=\"col-inner\"  >\n\t\t\t\n\t\t\t\n<p>Chez Insertec, nous nous sommes engag\u00e9s \u00e0 apporter une r\u00e9ponse durable et responsable \u00e0 l&rsquo;impact de notre activit\u00e9 sur la plan\u00e8te.<\/p>\n<p>Notre \u00e9quipe R+D r\u00e9alise des projets de recherche autour de la production de r\u00e9g\u00e9n\u00e9ration des r\u00e9fractaires, ainsi que des solutions d&rsquo;efficacit\u00e9 \u00e9nerg\u00e9tique pour nos \u00e9quipes, qui peuvent apporter une r\u00e9ponse durable aux besoins futurs ou aux entreprises socialement responsables.<\/p>\n<p>De m\u00eame, nous fabriquons diff\u00e9rents types de fours industriels pour les proc\u00e9d\u00e9s de recyclage industriel.<\/p>\n\t\t<\/div>\n\t\t\t\t\t<\/div>\n\n\t\n\n<style>\n#row-1679585248 > .col > .col-inner {\n  padding: 60px 0px 60px 0px;\n}\n<\/style>\n<\/div>\n\t\t<\/div>\n\n\t\t\n<style>\n#section_1402346250 {\n  padding-top: 0px;\n  padding-bottom: 0px;\n}\n<\/style>\n\t<\/section>\n\t\n\n\t<section class=\"section\" id=\"section_1087556000\">\n\t\t<div class=\"section-bg fill\" >\n\t\t\t\t\t\t\t\t\t\n\t\t\t\n\n\t\t<\/div>\n\n\t\t\n\n\t\t<div class=\"section-content relative\">\n\t\t\t\n<div class=\"row row-collapse row-full-width\"  id=\"row-946829310\">\n\n\t<div id=\"col-1908771343\" class=\"col medium-6 large-6\"  >\n\t\t\t\t<div class=\"col-inner\"  >\n\t\t\t\n\t\t\t\n\t<div class=\"img has-hover x md-x lg-x y md-y lg-y\" id=\"image_1580702086\">\n\t\t\t\t\t\t\t\t<div class=\"img-inner dark\" >\n\t\t\t<img loading=\"lazy\" decoding=\"async\" width=\"800\" height=\"400\" src=\"https:\/\/www.sqinsertec.com\/wp-content\/uploads\/insertec-5-1.jpg\" class=\"attachment-original size-original\" alt=\"Insertec 5\" srcset=\"https:\/\/www.sqinsertec.com\/wp-content\/uploads\/insertec-5-1.jpg 800w, https:\/\/www.sqinsertec.com\/wp-content\/uploads\/insertec-5-1-300x150.jpg 300w, https:\/\/www.sqinsertec.com\/wp-content\/uploads\/insertec-5-1-768x384.jpg 768w\" sizes=\"auto, (max-width: 800px) 100vw, 800px\" \/>\t\t\t\t\t\t\n\t\t\t\t\t<\/div>\n\t\t\t\t\t\t\t\t\n<style>\n#image_1580702086 {\n  width: 100%;\n}\n<\/style>\n\t<\/div>\n\t\n\t\t<\/div>\n\t\t\t\t\t<\/div>\n\n\t\n\n\t<div id=\"col-2057866363\" class=\"col medium-6 large-6\"  >\n\t\t\t\t<div class=\"col-inner\"  >\n\t\t\t\n\t\t\t\n\t<div class=\"img has-hover x md-x lg-x y md-y lg-y\" id=\"image_1161276986\">\n\t\t\t\t\t\t\t\t<div class=\"img-inner dark\" >\n\t\t\t<img loading=\"lazy\" decoding=\"async\" width=\"800\" height=\"400\" src=\"https:\/\/www.sqinsertec.com\/wp-content\/uploads\/insertec-6.jpg\" class=\"attachment-original size-original\" alt=\"Insertec 6\" srcset=\"https:\/\/www.sqinsertec.com\/wp-content\/uploads\/insertec-6.jpg 800w, https:\/\/www.sqinsertec.com\/wp-content\/uploads\/insertec-6-300x150.jpg 300w, https:\/\/www.sqinsertec.com\/wp-content\/uploads\/insertec-6-768x384.jpg 768w\" sizes=\"auto, (max-width: 800px) 100vw, 800px\" \/>\t\t\t\t\t\t\n\t\t\t\t\t<\/div>\n\t\t\t\t\t\t\t\t\n<style>\n#image_1161276986 {\n  width: 100%;\n}\n<\/style>\n\t<\/div>\n\t\n\t\t<\/div>\n\t\t\t\t\t<\/div>\n\n\t\n<\/div>\n\t\t<\/div>\n\n\t\t\n<style>\n#section_1087556000 {\n  padding-top: 0;\n  padding-bottom: 0;\n}\n<\/style>\n\t<\/section>\n\t\n\n\t<section class=\"section\" id=\"section_720983616\">\n\t\t<div class=\"section-bg fill\" >\n\t\t\t\t\t\t\t\t\t\n\t\t\t\n\n\t\t<\/div>\n\n\t\t\n\n\t\t<div class=\"section-content relative\">\n\t\t\t\n<div class=\"row align-center\"  id=\"row-2112404820\">\n\n\t<div id=\"col-1915979273\" class=\"col medium-6 large-6\"  >\n\t\t\t\t<div class=\"col-inner text-center\"  >\n\t\t\t\n\t\t\t\n<div class=\"ux-logo has-hover align-middle ux_logo inline-block\" style=\"max-width: 100%!important; width: 260px!important\"><div class=\"ux-logo-link block image-\" title=\"\" href=\"\" style=\"padding: 15px;\"><img decoding=\"async\" src=\"https:\/\/www.sqinsertec.com\/wp-content\/uploads\/logo_insertec_es_2.png\" title=\"\" alt=\"\" class=\"ux-logo-image block\" style=\"height:65px;\" \/><\/div><\/div>\n\t<div id=\"gap-1943709583\" class=\"gap-element clearfix\" style=\"display:block; height:auto;\">\n\t\t\n<style>\n#gap-1943709583 {\n  padding-top: 60px;\n}\n<\/style>\n\t<\/div>\n\t\n<h3 style=\"color:#0e357a; text-align:center;\">\n\u201c Innover et b\u00e2tir sans rel\u00e2che \u00bb Car notre engagement est de fournir d\u2019ors de d\u00e9j\u00e0 et dans le futur des solutions innovantes dans le secteur de la chaleur industrielle.<br \/><\/h3>\n\t\t<\/div>\n\t\t\t\t\t<\/div>\n\n\t\n<\/div>\n\t\t<\/div>\n\n\t\t\n<style>\n#section_720983616 {\n  padding-top: 150px;\n  padding-bottom: 150px;\n  background-color: rgb(240, 240, 240);\n}\n<\/style>\n\t<\/section>\n\t\n","protected":false},"excerpt":{"rendered":"","protected":false},"author":1,"featured_media":0,"parent":3836,"menu_order":0,"comment_status":"closed","ping_status":"closed","template":"","meta":{"inline_featured_image":false,"footnotes":""},"class_list":["post-3819","page","type-page","status-publish","hentry"],"_links":{"self":[{"href":"https:\/\/www.sqinsertec.com\/fr\/wp-json\/wp\/v2\/pages\/3819","targetHints":{"allow":["GET"]}}],"collection":[{"href":"https:\/\/www.sqinsertec.com\/fr\/wp-json\/wp\/v2\/pages"}],"about":[{"href":"https:\/\/www.sqinsertec.com\/fr\/wp-json\/wp\/v2\/types\/page"}],"author":[{"embeddable":true,"href":"https:\/\/www.sqinsertec.com\/fr\/wp-json\/wp\/v2\/users\/1"}],"replies":[{"embeddable":true,"href":"https:\/\/www.sqinsertec.com\/fr\/wp-json\/wp\/v2\/comments?post=3819"}],"version-history":[{"count":3,"href":"https:\/\/www.sqinsertec.com\/fr\/wp-json\/wp\/v2\/pages\/3819\/revisions"}],"predecessor-version":[{"id":3822,"href":"https:\/\/www.sqinsertec.com\/fr\/wp-json\/wp\/v2\/pages\/3819\/revisions\/3822"}],"up":[{"embeddable":true,"href":"https:\/\/www.sqinsertec.com\/fr\/wp-json\/wp\/v2\/pages\/3836"}],"wp:attachment":[{"href":"https:\/\/www.sqinsertec.com\/fr\/wp-json\/wp\/v2\/media?parent=3819"}],"curies":[{"name":"wp","href":"https:\/\/api.w.org\/{rel}","templated":true}]}}