{"id":3827,"date":"2017-08-25T14:50:06","date_gmt":"2017-08-25T12:50:06","guid":{"rendered":"https:\/\/www.sqinsertec.com\/a-propos-du-groupe-sq\/"},"modified":"2026-02-20T20:13:04","modified_gmt":"2026-02-20T19:13:04","slug":"a-propos-du-groupe-sq","status":"publish","type":"page","link":"https:\/\/www.sqinsertec.com\/fr\/a-propos-de-nous\/a-propos-du-groupe-sq\/","title":{"rendered":"\u00c0 propos du Groupe SQ"},"content":{"rendered":"\n\t<section class=\"section\" id=\"section_1487482300\">\n\t\t<div class=\"section-bg fill\" >\n\t\t\t\t\t\t\t\t\t\n\t\t\t\n\n\t\t<\/div>\n\n\t\t\n\n\t\t<div class=\"section-content relative\">\n\t\t\t\n<div class=\"row align-center\"  id=\"row-151132388\">\n\n\t<div id=\"col-1581220057\" class=\"col medium-6 large-6\"  >\n\t\t\t\t<div class=\"col-inner text-center\"  >\n\t\t\t\n\t\t\t\n\t<div id=\"text-2363556381\" class=\"text\">\n\t\t\n<h1>\u00c0 propos du Groupe SQ<\/h1>\n\t\t\n<style>\n#text-2363556381 {\n  text-align: center;\n}\n<\/style>\n\t<\/div>\n\t\n\t<div id=\"text-2295410725\" class=\"text\">\n\t\t\n<span><span><a href=\"https:\/\/www.sqinsertec.com\/fr\/\">SQInsertec<\/a><\/span><\/span>\n\t\t\n<style>\n#text-2295410725 {\n  font-size: 0.75rem;\n  text-align: center;\n}\n<\/style>\n\t<\/div>\n\t\n\t<div id=\"gap-576125752\" class=\"gap-element clearfix\" style=\"display:block; height:auto;\">\n\t\t\n<style>\n#gap-576125752 {\n  padding-top: 30px;\n}\n<\/style>\n\t<\/div>\n\t\n\t<div id=\"text-4040573364\" class=\"text\">\n\t\t\n<p>Au cours de 30 ann\u00e9es de d\u00e9veloppement innovant et durable, le groupe Shengquan a obtenu des r\u00e9sultats d\u2019importance d\u00e9monstrative \u00e0 l\u2019\u00e9chelle mondiale dans la recherche, le d\u00e9veloppement et la valorisation des tiges v\u00e9g\u00e9tales, jouant un r\u00f4le de leader dans l\u2019industrie mondiale de la biomasse et des nouveaux mat\u00e9riaux biosourc\u00e9s. Il a \u00e9t\u00e9 class\u00e9 parmi les \u00ab 500 principales entreprises manufacturi\u00e8res priv\u00e9es de Chine<\/p>\n\t\t\n<style>\n#text-4040573364 {\n  text-align: center;\n}\n<\/style>\n\t<\/div>\n\t\n<a href=\"https:\/\/www.shengquan.com\/\" target=\"_blank\" class=\"button primary\" rel=\"noopener\" >\n\t\t<span>www.shengquan.com<\/span>\n\t<i class=\"icon-angle-right\" aria-hidden=\"true\"><\/i><\/a>\n\n\t\t<\/div>\n\t\t\t\t\t<\/div>\n\n\t\n<\/div>\n\t\t<\/div>\n\n\t\t\n<style>\n#section_1487482300 {\n  padding-top: 30px;\n  padding-bottom: 30px;\n  margin-bottom: 20px 0;\n}\n<\/style>\n\t<\/section>\n\t\n\n  <div class=\"banner has-hover\" id=\"banner-2031064417\">\n          <div class=\"banner-inner fill\">\n        <div class=\"banner-bg fill\" >\n            <img loading=\"lazy\" decoding=\"async\" width=\"1800\" height=\"598\" src=\"https:\/\/www.sqinsertec.com\/wp-content\/uploads\/plant-overview-sqgroup_compressed-1.jpg\" class=\"bg attachment-original size-original\" alt=\"Vue d\u2019ensemble de l\u2019usine Sqgroup\" \/>                                    \n                    <\/div>\n\t\t\n        <div class=\"banner-layers container\">\n            <div class=\"fill banner-link\"><\/div>            \n   <div id=\"text-box-1413081880\" class=\"text-box banner-layer x50 md-x50 lg-x50 y50 md-y50 lg-y50 res-text\">\n                                <div class=\"text-box-content text \">\n              \n              <div class=\"text-inner text-center\">\n                  \n<h2>Jinan Shengquan Group Share Holding Co., Ltd. a \u00e9t\u00e9 fond\u00e9e en 1979.<\/h2>\n              <\/div>\n           <\/div>\n                            \n<style>\n#text-box-1413081880 {\n  width: 60%;\n}\n#text-box-1413081880 .text-box-content {\n  font-size: 100%;\n}\n<\/style>\n    <\/div>\n \n        <\/div>\n      <\/div>\n\n            \n<style>\n#banner-2031064417 {\n  padding-top: 500px;\n}\n<\/style>\n  <\/div>\n\n\n\n\t<section class=\"section\" id=\"section_1471728278\">\n\t\t<div class=\"section-bg fill\" >\n\t\t\t\t\t\t\t\t\t\n\t\t\t\n\n\t\t<\/div>\n\n\t\t\n\n\t\t<div class=\"section-content relative\">\n\t\t\t\n<div class=\"row align-middle\"  id=\"row-473091359\">\n\n\t<div id=\"col-597842307\" class=\"col medium-6 large-6\"  >\n\t\t\t\t<div class=\"col-inner\"  >\n\t\t\t\n\t\t\t\n<h2>Divisions d&rsquo;activit\u00e9 du Groupe SQ<\/h2>\n\t<div class=\"img has-hover x md-x lg-x y md-y lg-y\" id=\"image_1640156445\">\n\t\t\t\t\t\t\t\t<div class=\"img-inner dark\" >\n\t\t\t<img loading=\"lazy\" decoding=\"async\" width=\"1155\" height=\"611\" src=\"https:\/\/www.sqinsertec.com\/wp-content\/uploads\/sqgroup-bussiness-divisions.png\" class=\"attachment-original size-original\" alt=\"Divisions d\u2019activit\u00e9 de Sqgroup\" srcset=\"https:\/\/www.sqinsertec.com\/wp-content\/uploads\/sqgroup-bussiness-divisions.png 1155w, https:\/\/www.sqinsertec.com\/wp-content\/uploads\/sqgroup-bussiness-divisions-300x159.png 300w, https:\/\/www.sqinsertec.com\/wp-content\/uploads\/sqgroup-bussiness-divisions-1024x542.png 1024w, https:\/\/www.sqinsertec.com\/wp-content\/uploads\/sqgroup-bussiness-divisions-768x406.png 768w\" sizes=\"auto, (max-width: 1155px) 100vw, 1155px\" \/>\t\t\t\t\t\t\n\t\t\t\t\t<\/div>\n\t\t\t\t\t\t\t\t\n<style>\n#image_1640156445 {\n  width: 100%;\n}\n<\/style>\n\t<\/div>\n\t\n\t\t<\/div>\n\t\t\t\t\t<\/div>\n\n\t\n\n\t<div id=\"col-157235284\" class=\"col medium-6 large-6\"  >\n\t\t\t\t<div class=\"col-inner\"  >\n\t\t\t\n\t\t\t\n<ul class=\"tick-list\">\n<li>Entreprise agricole nationale leader en Chine<\/li>\n<li>Entreprise pionni\u00e8re en mati\u00e8re d&rsquo;innovation technologique<\/li>\n<li>Usine de production \u00e9cologique<\/li>\n<li>Entreprise m\u00e9daill\u00e9e d&rsquo;or en responsabilit\u00e9 sociale des entreprises<\/li>\n<\/ul>\n\t\t<\/div>\n\t\t\t\t\t<\/div>\n\n\t\n<\/div>\n\t\t<\/div>\n\n\t\t\n<style>\n#section_1471728278 {\n  padding-top: 30px;\n  padding-bottom: 30px;\n}\n<\/style>\n\t<\/section>\n\t\n","protected":false},"excerpt":{"rendered":"","protected":false},"author":1,"featured_media":0,"parent":3836,"menu_order":0,"comment_status":"closed","ping_status":"closed","template":"","meta":{"inline_featured_image":false,"footnotes":""},"class_list":["post-3827","page","type-page","status-publish","hentry"],"_links":{"self":[{"href":"https:\/\/www.sqinsertec.com\/fr\/wp-json\/wp\/v2\/pages\/3827","targetHints":{"allow":["GET"]}}],"collection":[{"href":"https:\/\/www.sqinsertec.com\/fr\/wp-json\/wp\/v2\/pages"}],"about":[{"href":"https:\/\/www.sqinsertec.com\/fr\/wp-json\/wp\/v2\/types\/page"}],"author":[{"embeddable":true,"href":"https:\/\/www.sqinsertec.com\/fr\/wp-json\/wp\/v2\/users\/1"}],"replies":[{"embeddable":true,"href":"https:\/\/www.sqinsertec.com\/fr\/wp-json\/wp\/v2\/comments?post=3827"}],"version-history":[{"count":3,"href":"https:\/\/www.sqinsertec.com\/fr\/wp-json\/wp\/v2\/pages\/3827\/revisions"}],"predecessor-version":[{"id":3830,"href":"https:\/\/www.sqinsertec.com\/fr\/wp-json\/wp\/v2\/pages\/3827\/revisions\/3830"}],"up":[{"embeddable":true,"href":"https:\/\/www.sqinsertec.com\/fr\/wp-json\/wp\/v2\/pages\/3836"}],"wp:attachment":[{"href":"https:\/\/www.sqinsertec.com\/fr\/wp-json\/wp\/v2\/media?parent=3827"}],"curies":[{"name":"wp","href":"https:\/\/api.w.org\/{rel}","templated":true}]}}