{"id":3836,"date":"2017-09-14T17:02:30","date_gmt":"2017-09-14T15:02:30","guid":{"rendered":"https:\/\/www.sqinsertec.com\/a-propos-de-nous\/"},"modified":"2026-02-20T20:13:04","modified_gmt":"2026-02-20T19:13:04","slug":"a-propos-de-nous","status":"publish","type":"page","link":"https:\/\/www.sqinsertec.com\/fr\/a-propos-de-nous\/","title":{"rendered":"\u00c0 propos de nous"},"content":{"rendered":"\n  <div class=\"banner has-hover\" id=\"banner-1658357045\">\n          <div class=\"banner-inner fill\">\n        <div class=\"banner-bg fill\" >\n            <img loading=\"lazy\" decoding=\"async\" width=\"1796\" height=\"400\" src=\"https:\/\/www.sqinsertec.com\/wp-content\/uploads\/fachada-insertec.jpg\" class=\"bg attachment-original size-original\" alt=\"Fa\u00e7ade ext\u00e9rieure de SQ Insertec\" \/>                                    \n                    <\/div>\n\t\t\n        <div class=\"banner-layers container\">\n            <div class=\"fill banner-link\"><\/div>            \n        <\/div>\n      <\/div>\n\n            \n<style>\n#banner-1658357045 {\n  padding-top: 300px;\n}\n<\/style>\n  <\/div>\n\n\n\n\t<section class=\"section\" id=\"section_1499648722\">\n\t\t<div class=\"section-bg fill\" >\n\t\t\t\t\t\t\t\t\t\n\t\t\t\n\n\t\t<\/div>\n\n\t\t\n\n\t\t<div class=\"section-content relative\">\n\t\t\t\n<div class=\"row\"  id=\"row-1948355908\">\n\n\t<div id=\"col-1971921658\" class=\"col large-12\"  >\n\t\t\t\t<div class=\"col-inner text-left\"  >\n\t\t\t\n\t\t\t\n\t<div id=\"text-312483908\" class=\"text\">\n\t\t\n<span><span><a href=\"https:\/\/www.sqinsertec.com\/fr\/\">SQInsertec<\/a><\/span><\/span>\n\t\t\n<style>\n#text-312483908 {\n  font-size: 0.75rem;\n}\n<\/style>\n\t<\/div>\n\t\n\t\t<\/div>\n\t\t\t\t\t<\/div>\n\n\t\n<\/div>\n<div class=\"row align-center\"  id=\"row-550643973\">\n\n\t<div id=\"col-422776034\" class=\"col medium-10 large-10\"  >\n\t\t\t\t<div class=\"col-inner text-center\"  >\n\t\t\t\n\t\t\t\n<h1>\u00c0 propos de nous<\/h1>\n\t<div id=\"text-2410016888\" class=\"text center-section\">\n\t\t\n<p class=\"lead\">SQInsertec est une entreprise sp\u00e9cialis\u00e9e dans la fourniture de mat\u00e9riaux consommables pour l\u2019industrie de la fonderie et de la sid\u00e9rurgie.<\/p>\n\t\t\t<\/div>\n\t\n\t\t<\/div>\n\t\t\t\t\t<\/div>\n\n\t\n<\/div>\n\t\t<\/div>\n\n\t\t\n<style>\n#section_1499648722 {\n  padding-top: 0px;\n  padding-bottom: 0px;\n}\n<\/style>\n\t<\/section>\n\t\n\n\t<section class=\"section\" id=\"section_389712932\">\n\t\t<div class=\"section-bg fill\" >\n\t\t\t\t\t\t\t\t\t\n\t\t\t\n\n\t\t<\/div>\n\n\t\t\n\n\t\t<div class=\"section-content relative\">\n\t\t\t\n<div class=\"row\"  id=\"row-1172643391\">\n\n\t<div id=\"col-627072032\" class=\"col medium-6 large-6\"  >\n\t\t\t\t<div class=\"col-inner\"  >\n\t\t\t\n\t\t\t\n<h2>Notre entreprise<\/h2>\n<p>SQInsertec est n\u00e9 de l\u2019union du groupe multinational chinois SQ et de la soci\u00e9t\u00e9 basque Insertec, dans le but d\u2019offrir des solutions rentables \u00e0 l\u2019industrie de la fonderie et de la sid\u00e9rurgique.<\/p>\n<p> De l\u2019union des deux entreprises na\u00eet la force, l\u2019exp\u00e9rience et la connaissance approfondie des secteurs de la fonderie et de la sid\u00e9rurgie.<\/p>\n\t\t<\/div>\n\t\t\t\t\t<\/div>\n\n\t\n\n\t<div id=\"col-690925325\" class=\"col medium-6 large-6\"  >\n\t\t\t\t<div class=\"col-inner\"  >\n\t\t\t\n\t\t\t\n<h2>Nos valeurs<\/h2>\n<p>Chez SQInsertec, nous avons l\u2019ambition de fournir \u00e0 nos clients les meilleures solutions technico-\u00e9conomiques avec le meilleur service. Nos valeurs et nos fondations nous aideront \u00e0 atteindre cet objectif. <\/p>\n\n<ul class=\"tick-list\">\n<li>Nous sommes proches du client pour bien conna\u00eetre ses processus et ses besoins.<\/li>\n<li>Nous offrons un bon service, en \u00e9tant rapides et flexibles.<\/li>\n<li>Nous sommes honn\u00eates dans nos recommandations<\/li>\n<li>Nous travaillons intelligemment pour pouvoir offrir \u00e0 nos clients des mat\u00e9riaux au meilleur prix et offrant un bon rapport qualit\u00e9-prix.<\/li>\n<li>Nous proposons des produits de plus en plus respectueux de l\u2019environnement.<\/li>\n<\/ul>\n\n\t\t<\/div>\n\t\t\t\t\t<\/div>\n\n\t\n<\/div>\n\t\t<\/div>\n\n\t\t\n<style>\n#section_389712932 {\n  padding-top: 15px 0px 0px 0px;\n  padding-bottom: 15px 0px 0px 0px;\n  background-color: #f0f5fa;\n}\n<\/style>\n\t<\/section>\n\t\n\n  <div class=\"banner has-hover\" id=\"banner-1867226504\">\n          <div class=\"banner-inner fill\">\n        <div class=\"banner-bg fill\" >\n            <img loading=\"lazy\" decoding=\"async\" width=\"1800\" height=\"715\" src=\"https:\/\/www.sqinsertec.com\/wp-content\/uploads\/bola_verde-1.jpg\" class=\"bg attachment-original size-original\" alt=\"Bola Verde\" \/>                                    \n                    <\/div>\n\t\t\n        <div class=\"banner-layers container\">\n            <div class=\"fill banner-link\"><\/div>            \r\n\r\n   <div id=\"text-box-495904879\" class=\"text-box banner-layer x0 md-x0 lg-x0 y50 md-y50 lg-y50 res-text\">\n                                <div class=\"text-box-content text \">\n              \n              <div class=\"text-inner text-center\">\n                  \r\n\r\n<h2 style=\"text-align: center; margin: 0 0 15px 0;\">S\u00c9CURIT\u00c9 \/ SANT\u00c9 \/ ENVIRONNEMENT<\/h2>\r\n<ul class=\"tick-list\">\r\n<li>Certifi\u00e9 par le syst\u00e8me de management de la sant\u00e9 et de la s\u00e9curit\u00e9 au travail ISO 18001.<\/li>\r\n<li>Certifi\u00e9 par ISO14001 Syst\u00e8me de Gestion Environnementale ; chaque ann\u00e9e, nous investissons des dizaines de millions de RMB pour le traitement des effluents et des \u00e9missions.<\/li>\r\n<li>Certifi\u00e9 par \u00ab Entreprise nationale AAA avec bonnes pratiques en mati\u00e8re de standardisation \u00bb<\/li>\r\n<li>Entreprise d\u2019industrialisation de la recherche et du d\u00e9veloppement en technologies de la biomasse, visant \u00e0 construire une \u00e9conomie circulaire \u00e0 faible \u00e9mission de carbone.<\/li>\r\n<\/ul>\r\n<p style=\"margin-top: 15px;\">SQInsertec Europe, S.L. met \u00e0 disposition sa politique de qualit\u00e9, d\u2019environnement et de s\u00e9curit\u00e9 au travail. Si vous souhaitez obtenir plus d\u2019informations concernant cette politique, veuillez nous contacter. <br><a title=\"Contactez-nous\" href=\"\/fr\/contact-nous\/\">veuillez nous contacter<\/a><\/p>\r\n\r\n\r\n              <\/div>\n           <\/div>\n                            \n<style>\n#text-box-495904879 .text-box-content {\n  background-color: rgba(255, 255, 255, 0.5);\n  font-size: 100%;\n}\n#text-box-495904879 .text-inner {\n  padding: 15px 15px 15px 15px;\n}\n#text-box-495904879 {\n  width: 60%;\n}\n<\/style>\n    <\/div>\n \r\n\r\n        <\/div>\n      <\/div>\n\n            \n<style>\n#banner-1867226504 {\n  padding-top: 500px;\n}\n<\/style>\n  <\/div>\n\n\n","protected":false},"excerpt":{"rendered":"","protected":false},"author":1,"featured_media":0,"parent":0,"menu_order":0,"comment_status":"closed","ping_status":"closed","template":"","meta":{"inline_featured_image":false,"footnotes":""},"class_list":["post-3836","page","type-page","status-publish","hentry"],"_links":{"self":[{"href":"https:\/\/www.sqinsertec.com\/fr\/wp-json\/wp\/v2\/pages\/3836","targetHints":{"allow":["GET"]}}],"collection":[{"href":"https:\/\/www.sqinsertec.com\/fr\/wp-json\/wp\/v2\/pages"}],"about":[{"href":"https:\/\/www.sqinsertec.com\/fr\/wp-json\/wp\/v2\/types\/page"}],"author":[{"embeddable":true,"href":"https:\/\/www.sqinsertec.com\/fr\/wp-json\/wp\/v2\/users\/1"}],"replies":[{"embeddable":true,"href":"https:\/\/www.sqinsertec.com\/fr\/wp-json\/wp\/v2\/comments?post=3836"}],"version-history":[{"count":3,"href":"https:\/\/www.sqinsertec.com\/fr\/wp-json\/wp\/v2\/pages\/3836\/revisions"}],"predecessor-version":[{"id":3839,"href":"https:\/\/www.sqinsertec.com\/fr\/wp-json\/wp\/v2\/pages\/3836\/revisions\/3839"}],"wp:attachment":[{"href":"https:\/\/www.sqinsertec.com\/fr\/wp-json\/wp\/v2\/media?parent=3836"}],"curies":[{"name":"wp","href":"https:\/\/api.w.org\/{rel}","templated":true}]}}