{"id":3864,"date":"2026-02-03T21:42:57","date_gmt":"2026-02-03T20:42:57","guid":{"rendered":"https:\/\/www.sqinsertec.com\/nos-produits\/"},"modified":"2026-04-16T14:18:56","modified_gmt":"2026-04-16T12:18:56","slug":"nos-produits","status":"publish","type":"page","link":"https:\/\/www.sqinsertec.com\/fr\/nos-produits\/","title":{"rendered":"Nos produits"},"content":{"rendered":"\n\t<section class=\"section\" id=\"section_1966535927\">\n\t\t<div class=\"section-bg fill\" >\n\t\t\t\t\t\t\t\t\t\n\t\t\t\n\n\t\t<\/div>\n\n\t\t\n\n\t\t<div class=\"section-content relative\">\n\t\t\t\n<div class=\"row align-center\"  id=\"row-623195499\">\n\n\t<div id=\"col-1528875351\" class=\"col medium-6 large-6\"  >\n\t\t\t\t<div class=\"col-inner text-center\"  >\n\t\t\t\n\t\t\t\n\t<div id=\"text-3101315596\" class=\"text\">\n\t\t\n<h1>Nos produits<\/h1>\n\t\t\n<style>\n#text-3101315596 {\n  text-align: center;\n}\n<\/style>\n\t<\/div>\n\t\n\t<div id=\"text-2593240037\" class=\"text\">\n\t\t\n<span><span><a href=\"https:\/\/www.sqinsertec.com\/fr\/\">SQInsertec<\/a><\/span><\/span>\n\t\t\n<style>\n#text-2593240037 {\n  font-size: 0.75rem;\n  text-align: center;\n}\n<\/style>\n\t<\/div>\n\t\n\t<div id=\"gap-321184183\" class=\"gap-element clearfix\" style=\"display:block; height:auto;\">\n\t\t\n<style>\n#gap-321184183 {\n  padding-top: 30px;\n}\n<\/style>\n\t<\/div>\n\t\n<p style=\"text-align: justify;\">SQ Insertec ambitionne de devenir le premier fournisseur europ\u00e9en de produits et de r\u00e9sines pour l\u2019industrie de la fonderie. Ces produits comprennent : r\u00e9sines, couches, \u00e9difices de masselottage, filtres, et autres mat\u00e9riaux auxiliaires ainsi de des produits de traitement m\u00e9tallurgique. <\/p>\n\t\t<\/div>\n\t\t\t\t\t<\/div>\n\n\t\n<\/div>\n\t\t<\/div>\n\n\t\t\n<style>\n#section_1966535927 {\n  padding-top: 30px;\n  padding-bottom: 30px;\n  margin-bottom: 20px 0;\n}\n<\/style>\n\t<\/section>\n\t\n\n\t<section class=\"section\" id=\"section_1232884019\">\n\t\t<div class=\"section-bg fill\" >\n\t\t\t\t\t\t\t\t\t\n\t\t\t\n\n\t\t<\/div>\n\n\t\t\n\n\t\t<div class=\"section-content relative\">\n\t\t\t\n<div class=\"row\"  id=\"row-1926579846\">\n\n\t<div id=\"col-474346053\" class=\"col large-12\"  >\n\t\t\t\t<div class=\"col-inner text-center\"  >\n\t\t\t\n\t\t\t\n<h2 style=\"text-align: center;\">Produits pour la fonderie<\/h2>\n\t\t<\/div>\n\t\t\t\t\t<\/div>\n\n\t\n<\/div>\n\t\t<\/div>\n\n\t\t\n<style>\n#section_1232884019 {\n  padding-top: 0px;\n  padding-bottom: 0px;\n}\n<\/style>\n\t<\/section>\n\t\n\n\t<section class=\"section\" id=\"section_1117899507\">\n\t\t<div class=\"section-bg fill\" >\n\t\t\t\t\t\t\t\t\t\n\t\t\t\n\n\t\t<\/div>\n\n\t\t\n\n\t\t<div class=\"section-content relative\">\n\t\t\t\n<div class=\"row row-large\"  id=\"row-213556246\">\n\n\t<div id=\"col-445858987\" class=\"col medium-4 small-12 large-4\"  >\n\t\t\t\t<div class=\"col-inner text-center\"  >\n\t\t\t\n\t\t\t\n<p><span style=\"font-size: 1.5em; display:block; margin-bottom:10px;\"><strong>Liants<\/strong><\/span><\/p>\n\t<div class=\"img has-hover x md-x lg-x y md-y lg-y\" id=\"image_976287714\">\n\t\t<a class=\"\" href=\"https:\/\/www.sqinsertec.com\/fr\/nos-produits\/liants\/\" >\t\t\t\t\t\t<div class=\"img-inner dark\" >\n\t\t\t<img loading=\"lazy\" decoding=\"async\" width=\"400\" height=\"300\" src=\"https:\/\/www.sqinsertec.com\/wp-content\/uploads\/binders-2.jpg\" class=\"attachment-original size-original\" alt=\"Liants\" srcset=\"https:\/\/www.sqinsertec.com\/wp-content\/uploads\/binders-2.jpg 400w, https:\/\/www.sqinsertec.com\/wp-content\/uploads\/binders-2-300x225.jpg 300w\" sizes=\"auto, (max-width: 400px) 100vw, 400px\" \/>\t\t\t\t\t\t\n\t\t\t\t\t<\/div>\n\t\t\t\t\t\t<\/a>\t\t\n<style>\n#image_976287714 {\n  width: 100%;\n}\n<\/style>\n\t<\/div>\n\t\n\t<div id=\"gap-2000299467\" class=\"gap-element clearfix\" style=\"display:block; height:auto;\">\n\t\t\n<style>\n#gap-2000299467 {\n  padding-top: 15px;\n}\n<\/style>\n\t<\/div>\n\t\n<p>SQ Insertec fournit une large gamme de liants pour diff\u00e9rentes applications de la fonderie.<\/p>\n<a href=\"https:\/\/www.sqinsertec.com\/fr\/nos-produits\/liants\/\" class=\"button primary is-link is-small\" >\n\t\t<span>Tout au sujet des liants<\/span>\n\t<i class=\"icon-angle-right\" aria-hidden=\"true\"><\/i><\/a>\n\n\t\t<\/div>\n\t\t\t\t\t<\/div>\n\n\t\n\n\t<div id=\"col-511005977\" class=\"col medium-4 small-12 large-4\"  >\n\t\t\t\t<div class=\"col-inner text-center\"  >\n\t\t\t\n\t\t\t\n<p><span style=\"font-size: 1.5em; display:block; margin-bottom:10px;\"><strong>Couches<\/strong><\/span><\/p>\n\t<div class=\"img has-hover x md-x lg-x y md-y lg-y\" id=\"image_799129188\">\n\t\t<a class=\"\" href=\"https:\/\/www.sqinsertec.com\/fr\/nos-produits\/couches\/\" >\t\t\t\t\t\t<div class=\"img-inner dark\" >\n\t\t\t<img loading=\"lazy\" decoding=\"async\" width=\"400\" height=\"300\" src=\"https:\/\/www.sqinsertec.com\/wp-content\/uploads\/coatings-2.jpg\" class=\"attachment-original size-original\" alt=\"Coatings\" srcset=\"https:\/\/www.sqinsertec.com\/wp-content\/uploads\/coatings-2.jpg 400w, https:\/\/www.sqinsertec.com\/wp-content\/uploads\/coatings-2-300x225.jpg 300w\" sizes=\"auto, (max-width: 400px) 100vw, 400px\" \/>\t\t\t\t\t\t\n\t\t\t\t\t<\/div>\n\t\t\t\t\t\t<\/a>\t\t\n<style>\n#image_799129188 {\n  width: 100%;\n}\n<\/style>\n\t<\/div>\n\t\n\t<div id=\"gap-1416633584\" class=\"gap-element clearfix\" style=\"display:block; height:auto;\">\n\t\t\n<style>\n#gap-1416633584 {\n  padding-top: 15px;\n}\n<\/style>\n\t<\/div>\n\t\n<p>SQ Insertec fournit toutes sortes de couches aqueuses et alcooliques pour les fonderies.<\/p>\n<a href=\"https:\/\/www.sqinsertec.com\/fr\/nos-produits\/couches\/\" class=\"button primary is-link is-small\" >\n\t\t<span>Tout au sujet des couches<\/span>\n\t<i class=\"icon-angle-right\" aria-hidden=\"true\"><\/i><\/a>\n\n\t\t<\/div>\n\t\t\t\t\t<\/div>\n\n\t\n\n\t<div id=\"col-443843031\" class=\"col medium-4 small-12 large-4\"  >\n\t\t\t\t<div class=\"col-inner text-center\"  >\n\t\t\t\n\t\t\t\n<p><span style=\"font-size: 1.5em; display:block; margin-bottom:10px;\"><strong>Produits de masselottage<\/strong><\/span><\/p>\n\t<div class=\"img has-hover x md-x lg-x y md-y lg-y\" id=\"image_1077773543\">\n\t\t<a class=\"\" href=\"https:\/\/www.sqinsertec.com\/fr\/nos-produits\/produits-de-masselottage\/\" >\t\t\t\t\t\t<div class=\"img-inner dark\" >\n\t\t\t<img loading=\"lazy\" decoding=\"async\" width=\"400\" height=\"300\" src=\"https:\/\/www.sqinsertec.com\/wp-content\/uploads\/riser-sleeves-2-2.jpg\" class=\"attachment-original size-original\" alt=\"Produits de masselottage\" srcset=\"https:\/\/www.sqinsertec.com\/wp-content\/uploads\/riser-sleeves-2-2.jpg 400w, https:\/\/www.sqinsertec.com\/wp-content\/uploads\/riser-sleeves-2-2-300x225.jpg 300w\" sizes=\"auto, (max-width: 400px) 100vw, 400px\" \/>\t\t\t\t\t\t\n\t\t\t\t\t<\/div>\n\t\t\t\t\t\t<\/a>\t\t\n<style>\n#image_1077773543 {\n  width: 100%;\n}\n<\/style>\n\t<\/div>\n\t\n\t<div id=\"gap-1443364237\" class=\"gap-element clearfix\" style=\"display:block; height:auto;\">\n\t\t\n<style>\n#gap-1443364237 {\n  padding-top: 15px;\n}\n<\/style>\n\t<\/div>\n\t\n<p>SQ Insertec fournit une vaste gamme et de formes d\u2019\u00e9difices de masselottage pour les fonderies.<\/p>\n<a href=\"https:\/\/www.sqinsertec.com\/fr\/nos-produits\/produits-de-masselottage\/\" class=\"button primary is-link is-small\" >\n\t\t<span>Tout au sujet des manchons<\/span>\n\t<i class=\"icon-angle-right\" aria-hidden=\"true\"><\/i><\/a>\n\n\t\t<\/div>\n\t\t\t\t\t<\/div>\n\n\t\n\n\t<div id=\"col-1701613124\" class=\"col medium-4 small-12 large-4\"  >\n\t\t\t\t<div class=\"col-inner text-center\"  >\n\t\t\t\n\t\t\t\n<p><span style=\"font-size: 1.5em; display:block; margin-bottom:10px;\"><strong>Filtres<\/strong><\/span><\/p>\n\t<div class=\"img has-hover x md-x lg-x y md-y lg-y\" id=\"image_2125913806\">\n\t\t<a class=\"\" href=\"https:\/\/www.sqinsertec.com\/fr\/nos-produits\/filtres\/\" >\t\t\t\t\t\t<div class=\"img-inner dark\" >\n\t\t\t<img loading=\"lazy\" decoding=\"async\" width=\"400\" height=\"300\" src=\"https:\/\/www.sqinsertec.com\/wp-content\/uploads\/filters-3.jpg\" class=\"attachment-original size-original\" alt=\"Filtres\" srcset=\"https:\/\/www.sqinsertec.com\/wp-content\/uploads\/filters-3.jpg 400w, https:\/\/www.sqinsertec.com\/wp-content\/uploads\/filters-3-300x225.jpg 300w\" sizes=\"auto, (max-width: 400px) 100vw, 400px\" \/>\t\t\t\t\t\t\n\t\t\t\t\t<\/div>\n\t\t\t\t\t\t<\/a>\t\t\n<style>\n#image_2125913806 {\n  width: 100%;\n}\n<\/style>\n\t<\/div>\n\t\n\t<div id=\"gap-277276728\" class=\"gap-element clearfix\" style=\"display:block; height:auto;\">\n\t\t\n<style>\n#gap-277276728 {\n  padding-top: 15px;\n}\n<\/style>\n\t<\/div>\n\t\n<p>Filtres mousse au SiC, zircone, alumine, carbone et filtres press\u00e9s pour les fonderies.<\/p>\n<a href=\"https:\/\/www.sqinsertec.com\/fr\/nos-produits\/filtres\/\" class=\"button primary is-link is-small\" >\n\t\t<span>Tout au sujet des filtres<\/span>\n\t<i class=\"icon-angle-right\" aria-hidden=\"true\"><\/i><\/a>\n\n\t\t<\/div>\n\t\t\t\t\t<\/div>\n\n\t\n\n\t<div id=\"col-2088305573\" class=\"col medium-4 small-12 large-4\"  >\n\t\t\t\t<div class=\"col-inner text-center\"  >\n\t\t\t\n\t\t\t\n<p><span style=\"font-size: 1.5em; display:block; margin-bottom:10px;\"><strong>Produits auxiliaires<\/strong><\/span><\/p>\n\t<div class=\"img has-hover x md-x lg-x y md-y lg-y\" id=\"image_607608993\">\n\t\t<a class=\"\" href=\"https:\/\/www.sqinsertec.com\/fr\/nos-produits\/produits-auxiliaires\/\" >\t\t\t\t\t\t<div class=\"img-inner dark\" >\n\t\t\t<img loading=\"lazy\" decoding=\"async\" width=\"400\" height=\"300\" src=\"https:\/\/www.sqinsertec.com\/wp-content\/uploads\/auxiliary-materials-2.jpg\" class=\"attachment-original size-original\" alt=\"Produits auxiliaires\" srcset=\"https:\/\/www.sqinsertec.com\/wp-content\/uploads\/auxiliary-materials-2.jpg 400w, https:\/\/www.sqinsertec.com\/wp-content\/uploads\/auxiliary-materials-2-300x225.jpg 300w\" sizes=\"auto, (max-width: 400px) 100vw, 400px\" \/>\t\t\t\t\t\t\n\t\t\t\t\t<\/div>\n\t\t\t\t\t\t<\/a>\t\t\n<style>\n#image_607608993 {\n  width: 100%;\n}\n<\/style>\n\t<\/div>\n\t\n\t<div id=\"gap-2068914468\" class=\"gap-element clearfix\" style=\"display:block; height:auto;\">\n\t\t\n<style>\n#gap-2068914468 {\n  padding-top: 15px;\n}\n<\/style>\n\t<\/div>\n\t\n<p>Produits auxiliaires pour la fonderie. Contactez nous pour en conna\u00eetre plus sur ces produits. <\/p>\n<a href=\"https:\/\/www.sqinsertec.com\/fr\/nos-produits\/produits-auxiliaires\/\" class=\"button primary is-link is-small\" >\n\t\t<span>Tout au sujet des produits auxiliaires<\/span>\n\t<i class=\"icon-angle-right\" aria-hidden=\"true\"><\/i><\/a>\n\n\t\t<\/div>\n\t\t\t\t\t<\/div>\n\n\t\n\n\t<div id=\"col-366012983\" class=\"col medium-4 small-12 large-4\"  >\n\t\t\t\t<div class=\"col-inner text-center\"  >\n\t\t\t\n\t\t\t\n<p><span style=\"font-size: 1.5em; display:block; margin-bottom:10px;\"><strong>Produits de traitements m\u00e9tallurgiques<\/strong><\/span><\/p>\n\t<div class=\"img has-hover x md-x lg-x y md-y lg-y\" id=\"image_194988904\">\n\t\t<a class=\"\" href=\"https:\/\/www.sqinsertec.com\/fr\/nos-produits\/produits-metallurgiques\/\" >\t\t\t\t\t\t<div class=\"img-inner dark\" >\n\t\t\t<img loading=\"lazy\" decoding=\"async\" width=\"400\" height=\"300\" src=\"https:\/\/www.sqinsertec.com\/wp-content\/uploads\/metallurgical-materials-2-1.jpg\" class=\"attachment-original size-original\" alt=\"Produits de traitements m\u00e9tallurgiques\" srcset=\"https:\/\/www.sqinsertec.com\/wp-content\/uploads\/metallurgical-materials-2-1.jpg 400w, https:\/\/www.sqinsertec.com\/wp-content\/uploads\/metallurgical-materials-2-1-300x225.jpg 300w\" sizes=\"auto, (max-width: 400px) 100vw, 400px\" \/>\t\t\t\t\t\t\n\t\t\t\t\t<\/div>\n\t\t\t\t\t\t<\/a>\t\t\n<style>\n#image_194988904 {\n  width: 100%;\n}\n<\/style>\n\t<\/div>\n\t\n\t<div id=\"gap-14379126\" class=\"gap-element clearfix\" style=\"display:block; height:auto;\">\n\t\t\n<style>\n#gap-14379126 {\n  padding-top: 15px;\n}\n<\/style>\n\t<\/div>\n\t\n<p>SQ Insertec fournit diff\u00e9rents produits de traitements m\u00e9tallurgiques de haute performance. Inoculants et Nodulants <\/p>\n<a href=\"https:\/\/www.sqinsertec.com\/fr\/nos-produits\/produits-metallurgiques\/\" class=\"button primary is-link is-small\" >\n\t\t<span>Tout au sujet des produits de traitements m\u00e9tallurgiques<\/span>\n\t<i class=\"icon-angle-right\" aria-hidden=\"true\"><\/i><\/a>\n\n\t\t<\/div>\n\t\t\t\t\t<\/div>\n\n\t\n<\/div>\n\t\t<\/div>\n\n\t\t\n<style>\n#section_1117899507 {\n  padding-top: 20px;\n  padding-bottom: 20px;\n}\n<\/style>\n\t<\/section>\n\t\n\n\t<section class=\"section\" id=\"section_1585985092\">\n\t\t<div class=\"section-bg fill\" >\n\t\t\t\t\t\t\t\t\t\n\t\t\t\n\n\t\t<\/div>\n\n\t\t\n\n\t\t<div class=\"section-content relative\">\n\t\t\t\n<div class=\"row\"  id=\"row-1695447710\">\n\n\t<div id=\"col-853933208\" class=\"col medium-6 small-12 large-6\"  >\n\t\t\t\t<div class=\"col-inner\"  >\n\t\t\t\n\t\t\t\n<h2 style=\"text-align: center;\">Produits pour la coul\u00e9e continue<\/h2>\n<p>SQ Insertec fabrique et distribue une vaste gamme de produits r\u00e9farctaires pour la coul\u00e9e continue<\/p>\n<a href=\"https:\/\/www.sqinsertec.com\/fr\/nos-produits\/produits-pour-la-coulee-continue\/\" class=\"button primary is-primary\" >\n\t\t<span>Tout au sujet des produits pour la coul\u00e9e continue<\/span>\n\t<\/a>\n\n\t\t<\/div>\n\t\t\t\t\t<\/div>\n\n\t\n\n\t<div id=\"col-454349362\" class=\"col medium-6 small-12 large-6\"  >\n\t\t\t\t<div class=\"col-inner\"  >\n\t\t\t\n\t\t\t\n\t<div class=\"img has-hover x md-x lg-x y md-y lg-y\" id=\"image_494469929\">\n\t\t<a class=\"\" href=\"https:\/\/www.sqinsertec.com\/fr\/nos-produits\/produits-pour-la-coulee-continue\/\" >\t\t\t\t\t\t<div class=\"img-inner dark\" >\n\t\t\t<img loading=\"lazy\" decoding=\"async\" width=\"400\" height=\"300\" src=\"https:\/\/www.sqinsertec.com\/wp-content\/uploads\/continous-casting.jpg\" class=\"attachment-original size-original\" alt=\"Produits pour la coul\u00e9e continueCasting\" srcset=\"https:\/\/www.sqinsertec.com\/wp-content\/uploads\/continous-casting.jpg 400w, https:\/\/www.sqinsertec.com\/wp-content\/uploads\/continous-casting-300x225.jpg 300w\" sizes=\"auto, (max-width: 400px) 100vw, 400px\" \/>\t\t\t\t\t\t\n\t\t\t\t\t<\/div>\n\t\t\t\t\t\t<\/a>\t\t\n<style>\n#image_494469929 {\n  width: 60%;\n}\n<\/style>\n\t<\/div>\n\t\n\t\t<\/div>\n\t\t\t\t\t<\/div>\n\n\t\n<\/div>\n\t\t<\/div>\n\n\t\t\n<style>\n#section_1585985092 {\n  padding-top: 30px;\n  padding-bottom: 30px;\n}\n<\/style>\n\t<\/section>\n\t\n\n\t<section class=\"section\" id=\"section_1749954229\">\n\t\t<div class=\"section-bg fill\" >\n\t\t\t\t\t\t\t\t\t\n\t\t\t\n\n\t\t<\/div>\n\n\t\t\n\n\t\t<div class=\"section-content relative\">\n\t\t\t\n<div class=\"row\"  id=\"row-210274489\">\n\n\t<div id=\"col-75211146\" class=\"col medium-6 small-12 large-6\"  >\n\t\t\t\t<div class=\"col-inner\"  >\n\t\t\t\n\t\t\t\n<h2 style=\"text-align: center;\">Produits pour la coul\u00e9e en lingoti\u00e8res<\/h2>\n<p>SQ Insertec fabrique et distribue une vaste gamme de produits pour la coul\u00e9e de l\u2019acier en lingoti\u00e8res.<\/p>\n<a href=\"https:\/\/www.sqinsertec.com\/fr\/nos-produits\/produits-pour-la-coulee-en-lingotieres\/\" class=\"button primary is-primary\" >\n\t\t<span>Tout au sujet des produits pour la coul\u00e9e en lingoti\u00e8res<\/span>\n\t<\/a>\n\n\t\t<\/div>\n\t\t\t\t\t<\/div>\n\n\t\n\n\t<div id=\"col-1196603468\" class=\"col medium-6 small-12 large-6\"  >\n\t\t\t\t<div class=\"col-inner\"  >\n\t\t\t\n\t\t\t\n\t<div class=\"img has-hover x md-x lg-x y md-y lg-y\" id=\"image_2070389660\">\n\t\t<a class=\"\" href=\"https:\/\/www.sqinsertec.com\/fr\/nos-produits\/produits-pour-la-coulee-en-lingotieres\/\" >\t\t\t\t\t\t<div class=\"img-inner dark\" >\n\t\t\t<img loading=\"lazy\" decoding=\"async\" width=\"636\" height=\"417\" src=\"https:\/\/www.sqinsertec.com\/wp-content\/uploads\/Imagen7.png\" class=\"attachment-original size-original\" alt=\"Imagen7\" srcset=\"https:\/\/www.sqinsertec.com\/wp-content\/uploads\/Imagen7.png 636w, https:\/\/www.sqinsertec.com\/wp-content\/uploads\/Imagen7-300x197.png 300w\" sizes=\"auto, (max-width: 636px) 100vw, 636px\" \/>\t\t\t\t\t\t\n\t\t\t\t\t<\/div>\n\t\t\t\t\t\t<\/a>\t\t\n<style>\n#image_2070389660 {\n  width: 60%;\n}\n<\/style>\n\t<\/div>\n\t\n\t\t<\/div>\n\t\t\t\t\t<\/div>\n\n\t\n<\/div>\n\t\t<\/div>\n\n\t\t\n<style>\n#section_1749954229 {\n  padding-top: 30px;\n  padding-bottom: 30px;\n}\n<\/style>\n\t<\/section>\n\t\n\n\t<section class=\"section\" id=\"section_810926068\">\n\t\t<div class=\"section-bg fill\" >\n\t\t\t\t\t\t\t\t\t\n\t\t\t\n\n\t\t<\/div>\n\n\t\t\n\n\t\t<div class=\"section-content relative\">\n\t\t\t\r\n\r\n<div class=\"row align-center\"  id=\"row-1968938733\">\r\n\r\n\n\t<div id=\"col-429328341\" class=\"col medium-6 large-6\"  >\n\t\t\t\t<div class=\"col-inner text-center\"  >\n\t\t\t\n\t\t\t\r\n\r\n\t<div id=\"text-3806839894\" class=\"text\">\n\t\t\r\n\r\n<h2>D\u00e9couvrez SQ Insertec<\/h2>\r\n\t\t\n<style>\n#text-3806839894 {\n  text-align: center;\n}\n<\/style>\n\t<\/div>\n\t\r\n\t<div id=\"text-1229838779\" class=\"text center-section\">\n\t\t\r\n\r\n<p>Contactez-nous et nous vous aiderons dans les plus brefs d\u00e9lais.\r\n<\/p>\r\n\t\t\t<\/div>\n\t\r\n<a data-animate=\"flipInX\" href=\"https:\/\/www.sqinsertec.com\/fr\/contactez-nous\/\" class=\"button primary is-primary\" >\n\t\t<span>Contactez-nous<\/span>\n\t<i class=\"icon-angle-right\" aria-hidden=\"true\"><\/i><\/a>\n\r\n\r\n\r\n\t\t<\/div>\n\t\t\t\t\t<\/div>\n\n\t\r\n\r\n<\/div>\r\n\r\n\t\t<\/div>\n\n\t\t\n<style>\n#section_810926068 {\n  padding-top: 30px;\n  padding-bottom: 30px;\n  margin-bottom: 20px 0;\n}\n<\/style>\n\t<\/section>\n\t\n\n  <div class=\"banner has-hover\" id=\"banner-1867697985\">\n          <div class=\"banner-inner fill\">\n        <div class=\"banner-bg fill\" >\n            <img loading=\"lazy\" decoding=\"async\" width=\"1800\" height=\"715\" src=\"https:\/\/www.sqinsertec.com\/wp-content\/uploads\/bola_verde-1.jpg\" class=\"bg attachment-original size-original\" alt=\"Bola Verde\" \/>                                    \n                    <\/div>\n\t\t\n        <div class=\"banner-layers container\">\n            <div class=\"fill banner-link\"><\/div>            \r\n\r\n   <div id=\"text-box-1605439442\" class=\"text-box banner-layer x0 md-x0 lg-x0 y50 md-y50 lg-y50 res-text\">\n                                <div class=\"text-box-content text \">\n              \n              <div class=\"text-inner text-center\">\n                  \r\n\r\n<h2 style=\"text-align: center; margin: 0 0 15px 0;\">S\u00c9CURIT\u00c9 \/ SANT\u00c9 \/ ENVIRONNEMENT<\/h2>\r\n<ul class=\"tick-list\">\r\n<li>Certifi\u00e9 par le syst\u00e8me de management de la sant\u00e9 et de la s\u00e9curit\u00e9 au travail ISO 18001.<\/li>\r\n<li>Certifi\u00e9 par ISO14001 Syst\u00e8me de Gestion Environnementale ; chaque ann\u00e9e, nous investissons des dizaines de millions de RMB pour le traitement des effluents et des \u00e9missions.<\/li>\r\n<li>Certifi\u00e9 par \u00ab Entreprise nationale AAA avec bonnes pratiques en mati\u00e8re de standardisation \u00bb<\/li>\r\n<li>Entreprise d\u2019industrialisation de la recherche et du d\u00e9veloppement en technologies de la biomasse, visant \u00e0 construire une \u00e9conomie circulaire \u00e0 faible \u00e9mission de carbone.<\/li>\r\n<\/ul>\r\n<p style=\"margin-top: 15px;\">SQInsertec Europe, S.L. met \u00e0 disposition sa politique de qualit\u00e9, d\u2019environnement et de s\u00e9curit\u00e9 au travail. Si vous souhaitez obtenir plus d\u2019informations concernant cette politique, veuillez nous contacter. <br><a title=\"Contactez-nous\" href=\"\/fr\/contact-nous\/\">veuillez nous contacter<\/a><\/p>\r\n\r\n\r\n              <\/div>\n           <\/div>\n                            \n<style>\n#text-box-1605439442 .text-box-content {\n  background-color: rgba(255, 255, 255, 0.5);\n  font-size: 100%;\n}\n#text-box-1605439442 .text-inner {\n  padding: 15px 15px 15px 15px;\n}\n#text-box-1605439442 {\n  width: 60%;\n}\n<\/style>\n    <\/div>\n \r\n\r\n        <\/div>\n      <\/div>\n\n            \n<style>\n#banner-1867697985 {\n  padding-top: 500px;\n}\n<\/style>\n  <\/div>\n\n\n","protected":false},"excerpt":{"rendered":"","protected":false},"author":1,"featured_media":0,"parent":0,"menu_order":0,"comment_status":"closed","ping_status":"closed","template":"","meta":{"inline_featured_image":false,"footnotes":""},"class_list":["post-3864","page","type-page","status-publish","hentry"],"_links":{"self":[{"href":"https:\/\/www.sqinsertec.com\/fr\/wp-json\/wp\/v2\/pages\/3864","targetHints":{"allow":["GET"]}}],"collection":[{"href":"https:\/\/www.sqinsertec.com\/fr\/wp-json\/wp\/v2\/pages"}],"about":[{"href":"https:\/\/www.sqinsertec.com\/fr\/wp-json\/wp\/v2\/types\/page"}],"author":[{"embeddable":true,"href":"https:\/\/www.sqinsertec.com\/fr\/wp-json\/wp\/v2\/users\/1"}],"replies":[{"embeddable":true,"href":"https:\/\/www.sqinsertec.com\/fr\/wp-json\/wp\/v2\/comments?post=3864"}],"version-history":[{"count":5,"href":"https:\/\/www.sqinsertec.com\/fr\/wp-json\/wp\/v2\/pages\/3864\/revisions"}],"predecessor-version":[{"id":4610,"href":"https:\/\/www.sqinsertec.com\/fr\/wp-json\/wp\/v2\/pages\/3864\/revisions\/4610"}],"wp:attachment":[{"href":"https:\/\/www.sqinsertec.com\/fr\/wp-json\/wp\/v2\/media?parent=3864"}],"curies":[{"name":"wp","href":"https:\/\/api.w.org\/{rel}","templated":true}]}}