{"id":4019,"date":"2026-02-03T21:54:07","date_gmt":"2026-02-03T20:54:07","guid":{"rendered":"https:\/\/www.sqinsertec.com\/nos-produits\/descentes-de-coulee-en-papier\/"},"modified":"2026-02-21T11:10:42","modified_gmt":"2026-02-21T10:10:42","slug":"descentes-de-coulee-en-papier","status":"publish","type":"page","link":"https:\/\/www.sqinsertec.com\/fr\/nos-produits\/descentes-de-coulee-en-papier\/","title":{"rendered":"Descentes de coulee en papier"},"content":{"rendered":"\n\t<section class=\"section\" id=\"section_154124806\">\n\t\t<div class=\"section-bg fill\" >\n\t\t\t\t\t\t\t\t\t\n\t\t\t\n\n\t\t<\/div>\n\n\t\t\n\n\t\t<div class=\"section-content relative\">\n\t\t\t\n<div class=\"row align-center\"  id=\"row-1126860391\">\n\n\t<div id=\"col-883914193\" class=\"col medium-10 large-10\"  >\n\t\t\t\t<div class=\"col-inner text-center\"  >\n\t\t\t\n\t\t\t\n<h1>Descentes de coulee en papier<\/h1>\n\t<div id=\"text-3074283672\" class=\"text\">\n\t\t\n<span><span><a href=\"https:\/\/www.sqinsertec.com\/fr\/\">SQInsertec<\/a><\/span><\/span>\n\t\t\n<style>\n#text-3074283672 {\n  font-size: 0.75rem;\n}\n<\/style>\n\t<\/div>\n\t\n\t\t<\/div>\n\t\t\t\t\t<\/div>\n\n\t\n\n<style>\n#row-1126860391 > .col > .col-inner {\n  padding: 0px 0px 0px 0px;\n}\n<\/style>\n<\/div>\n\t\t<\/div>\n\n\t\t\n<style>\n#section_154124806 {\n  padding-top: 0px;\n  padding-bottom: 0px;\n}\n<\/style>\n\t<\/section>\n\t\n\n\t<section class=\"section blanco\" id=\"section_30436359\">\n\t\t<div class=\"section-bg fill\" >\n\t\t\t<img loading=\"lazy\" decoding=\"async\" width=\"1620\" height=\"1080\" src=\"https:\/\/www.sqinsertec.com\/wp-content\/uploads\/metal-castings-inside-the-factory-2023-02-16-01-49-13-utc.jpg\" class=\"bg attachment-original size-original\" alt=\"Metal Castings Inside The Factory\" \/>\t\t\t\t\t\t\n\t\t\t\n\n\t\t<\/div>\n\n\t\t\n\n\t\t<div class=\"section-content relative\">\n\t\t\t\n<div class=\"row align-middle align-center\"  id=\"row-1851994989\">\n\n\t<div id=\"col-1421913710\" class=\"col text-center medium-6 large-6\"  >\n\t\t\t\t<div class=\"col-inner\"  >\n\t\t\t\n\t\t\t\n\t<div id=\"text-348257356\" class=\"text\">\n\t\t\n<h2>Tubes de descente de coul\u00e9e en papier s\u00e9rie ZG<\/h2>\n\t\t\n<style>\n#text-348257356 {\n  text-align: center;\n}\n<\/style>\n\t<\/div>\n\t\n\t\t<\/div>\n\t\t\t\t\t<\/div>\n\n\t\n<\/div>\n\t\t<\/div>\n\n\t\t\n<style>\n#section_30436359 {\n  padding-top: 50px;\n  padding-bottom: 50px;\n}\n@media (min-width:550px) {\n  #section_30436359 {\n    padding-top: 70px;\n    padding-bottom: 70px;\n  }\n}\n@media (min-width:850px) {\n  #section_30436359 {\n    padding-top: 100px;\n    padding-bottom: 100px;\n  }\n}\n<\/style>\n\t<\/section>\n\t\n\n\t<section class=\"section dark\" id=\"section_1903034692\">\n\t\t<div class=\"section-bg fill\" >\n\t\t\t\t\t\t\t\t\t\n\t\t\t\n\n\t\t<\/div>\n\n\t\t\n\n\t\t<div class=\"section-content relative\">\n\t\t\t\n<div class=\"row align-middle align-center\"  id=\"row-533468749\">\n\n\t<div id=\"col-309966502\" class=\"col medium-4 large-4\"  >\n\t\t\t\t<div class=\"col-inner\"  >\n\t\t\t\n\t\t\t\n\t<div class=\"ux-menu stack stack-col justify-start ux-menu--divider-solid\">\n\t\t\n\t<div class=\"ux-menu-link flex menu-item\">\n\t\t<a class=\"ux-menu-link__link flex\" href=\"#ZG-straight-tube\" >\n\t\t\t<i class=\"ux-menu-link__icon text-center icon-plus\" aria-hidden=\"true\"><\/i>\t\t\t<span class=\"ux-menu-link__text\">\n\t\t\t\tZG-tubes droits\t\t\t<\/span>\n\t\t<\/a>\n\t<\/div>\n\t\n\t<div class=\"ux-menu-link flex menu-item\">\n\t\t<a class=\"ux-menu-link__link flex\" href=\"#ZG-elbow-tube\" >\n\t\t\t<i class=\"ux-menu-link__icon text-center icon-plus\" aria-hidden=\"true\"><\/i>\t\t\t<span class=\"ux-menu-link__text\">\n\t\t\t\tZG-elbow-tube\t\t\t<\/span>\n\t\t<\/a>\n\t<\/div>\n\t\n\t<div class=\"ux-menu-link flex menu-item\">\n\t\t<a class=\"ux-menu-link__link flex\" href=\"#ZG-tee-joint\" >\n\t\t\t<i class=\"ux-menu-link__icon text-center icon-plus\" aria-hidden=\"true\"><\/i>\t\t\t<span class=\"ux-menu-link__text\">\n\t\t\t\tZG-tee joint\t\t\t<\/span>\n\t\t<\/a>\n\t<\/div>\n\t\n\t<\/div>\n\t\n\t\t<\/div>\n\t\t\t\t\t<\/div>\n\n\t\n<\/div>\n\t\t<\/div>\n\n\t\t\n<style>\n#section_1903034692 {\n  padding-top: 20px;\n  padding-bottom: 20px;\n  background-color: #0e357a;\n}\n<\/style>\n\t<\/section>\n\t\n\n\t<section class=\"section\" id=\"section_1386028772\">\n\t\t<div class=\"section-bg fill\" >\n\t\t\t\t\t\t\t\t\t\n\t\t\t\n\n\t\t<\/div>\n\n\t\t\n\n\t\t<div class=\"section-content relative\">\n\t\t\t\n<div class=\"row align-middle align-center\"  id=\"row-1582129953\">\n\n\t<div id=\"col-1044243533\" class=\"col text-center medium-5 large-5\"  >\n\t\t\t\t<div class=\"col-inner\"  >\n\t\t\t\n\t\t\t\n<p>Les tubes de descente de coul\u00e9e en papier pour fonderie peuvent remplacer les tubes en c\u00e9ramique, ils sont principalement utilis\u00e9s pour le proc\u00e9d\u00e9 en mousse perdue, en moule permanent ou la coul\u00e9e traditionnelle en sable, etc., ils permettent d\u2019am\u00e9liorer la qualit\u00e9 des pi\u00e8ces moul\u00e9es, r\u00e9duire les rebuts, augmenter la productivit\u00e9, am\u00e9liorer la qualit\u00e9 du sable r\u00e9g\u00e9n\u00e9r\u00e9 ainsi que les conditions de travail des ouvriers.<\/p>\n\t\t<\/div>\n\t\t\t\t\t<\/div>\n\n\t\n\n\t<div id=\"col-728007969\" class=\"col text-center medium-3 large-3\"  >\n\t\t\t\t<div class=\"col-inner\"  >\n\t\t\t\n\t\t\t\n\t<div class=\"img has-hover x md-x lg-x y md-y lg-y\" id=\"image_1816371962\">\n\t\t\t\t\t\t\t\t<div class=\"img-inner dark\" >\n\t\t\t<img loading=\"lazy\" decoding=\"async\" width=\"351\" height=\"353\" src=\"https:\/\/www.sqinsertec.com\/wp-content\/uploads\/tubo-colada-papel.png\" class=\"attachment-original size-original\" alt=\"Tubo Colada Papel\" srcset=\"https:\/\/www.sqinsertec.com\/wp-content\/uploads\/tubo-colada-papel.png 351w, https:\/\/www.sqinsertec.com\/wp-content\/uploads\/tubo-colada-papel-298x300.png 298w, https:\/\/www.sqinsertec.com\/wp-content\/uploads\/tubo-colada-papel-150x150.png 150w\" sizes=\"auto, (max-width: 351px) 100vw, 351px\" \/>\t\t\t\t\t\t\n\t\t\t\t\t<\/div>\n\t\t\t\t\t\t\t\t\n<style>\n#image_1816371962 {\n  width: 100%;\n}\n<\/style>\n\t<\/div>\n\t\n\t\t<\/div>\n\t\t\t\t\t<\/div>\n\n\t\n<\/div>\n\t\t<\/div>\n\n\t\t\n<style>\n#section_1386028772 {\n  padding-top: 30px;\n  padding-bottom: 30px;\n}\n<\/style>\n\t<\/section>\n\t\n<span class=\"scroll-to\" data-label=\"Scroll to: #ZG-straight-tube\" data-bullet=\"false\" data-link=\"#ZG-straight-tube\" data-title=\"Change this\"><a name=\"ZG-straight-tube\"><\/a><\/span>\n\n\t<section class=\"section\" id=\"section_171309501\">\n\t\t<div class=\"section-bg fill\" >\n\t\t\t\t\t\t\t\t\t\n\t\t\t\n\n\t\t<\/div>\n\n\t\t\n\n\t\t<div class=\"section-content relative\">\n\t\t\t\n<div class=\"row align-center\"  id=\"row-1596912641\">\n\n\t<div id=\"col-1005741585\" class=\"col text-center medium-8 large-8\"  >\n\t\t\t\t<div class=\"col-inner\"  >\n\t\t\t\n\t\t\t\n<div class=\"container section-title-container\" ><h2 class=\"section-title section-title-center\"><b aria-hidden=\"true\"><\/b><span class=\"section-title-main\" >ZG-tubes droits<\/span><b aria-hidden=\"true\"><\/b><\/h2><\/div>\n\n<table cellspacing=\"0\" cellpadding=\"6\">\n<thead>\n<tr>\n<th rowspan=\"2\">Type<\/th>\n<th colspan=\"7\">Taille<\/th>\n<th rowspan=\"2\">Conditionnement <br \/>(pi\u00e8ce\/bo\u00eete)<\/th>\n<\/tr>\n<tr>\n<th>A (mm)<\/th>\n<th>B (mm)<\/th>\n<th>D1 (mm)<\/th>\n<th>D2 (mm)<\/th>\n<th>d1 (mm)<\/th>\n<th>d2 (mm)<\/th>\n<th>L (mm)<\/th>\n<\/tr>\n<\/thead>\n<tbody>\n<tr>\n<td>ZG-25Z<\/td>\n<td>22<\/td>\n<td>22<\/td>\n<td>29.5<\/td>\n<td>30<\/td>\n<td>30.5<\/td>\n<td>31<\/td>\n<td>310<\/td>\n<td>156<\/td>\n<\/tr>\n<tr>\n<td>ZG-30Z<\/td>\n<td>22<\/td>\n<td>22<\/td>\n<td>34.5<\/td>\n<td>35<\/td>\n<td>35.5<\/td>\n<td>36<\/td>\n<td>310<\/td>\n<td>156<\/td>\n<\/tr>\n<tr>\n<td>ZG-50Z<\/td>\n<td>27<\/td>\n<td>27<\/td>\n<td>52.4<\/td>\n<td>53<\/td>\n<td>53.4<\/td>\n<td>54<\/td>\n<td>310<\/td>\n<td>68<\/td>\n<\/tr>\n<tr>\n<td>ZG-70Z<\/td>\n<td>27<\/td>\n<td>27<\/td>\n<td>72.4<\/td>\n<td>73<\/td>\n<td>73.4<\/td>\n<td>74<\/td>\n<td>310<\/td>\n<td>39<\/td>\n<\/tr>\n<\/tbody>\n<\/table>\n\n\t<div class=\"img has-hover x md-x lg-x y md-y lg-y\" id=\"image_945808428\">\n\t\t\t\t\t\t\t\t<div class=\"img-inner dark\" >\n\t\t\t<img loading=\"lazy\" decoding=\"async\" width=\"1020\" height=\"164\" src=\"https:\/\/www.sqinsertec.com\/wp-content\/uploads\/zg-straight-1024x165.png\" class=\"attachment-large size-large\" alt=\"Zg Straight\" srcset=\"https:\/\/www.sqinsertec.com\/wp-content\/uploads\/zg-straight-1024x165.png 1024w, https:\/\/www.sqinsertec.com\/wp-content\/uploads\/zg-straight-300x48.png 300w, https:\/\/www.sqinsertec.com\/wp-content\/uploads\/zg-straight-768x124.png 768w, https:\/\/www.sqinsertec.com\/wp-content\/uploads\/zg-straight.png 1030w\" sizes=\"auto, (max-width: 1020px) 100vw, 1020px\" \/>\t\t\t\t\t\t\n\t\t\t\t\t<\/div>\n\t\t\t\t\t\t\t\t\n<style>\n#image_945808428 {\n  width: 100%;\n}\n<\/style>\n\t<\/div>\n\t\n\t\t<\/div>\n\t\t\t\t\t<\/div>\n\n\t\n<\/div>\n\t\t<\/div>\n\n\t\t\n<style>\n#section_171309501 {\n  padding-top: 30px;\n  padding-bottom: 30px;\n}\n<\/style>\n\t<\/section>\n\t\n<span class=\"scroll-to\" data-label=\"Scroll to: #ZG-elbow-tube\" data-bullet=\"false\" data-link=\"#ZG-elbow-tube\" data-title=\"Change this\"><a name=\"ZG-elbow-tube\"><\/a><\/span>\n\n\t<section class=\"section\" id=\"section_2048519779\">\n\t\t<div class=\"section-bg fill\" >\n\t\t\t\t\t\t\t\t\t\n\t\t\t\n\n\t\t<\/div>\n\n\t\t\n\n\t\t<div class=\"section-content relative\">\n\t\t\t\n<div class=\"row align-center\"  id=\"row-262261178\">\n\n\t<div id=\"col-652087061\" class=\"col medium-8 large-8\"  >\n\t\t\t\t<div class=\"col-inner\"  >\n\t\t\t\n\t\t\t\n<div class=\"container section-title-container\" ><h2 class=\"section-title section-title-center\"><b aria-hidden=\"true\"><\/b><span class=\"section-title-main\" >ZG-elbow tube<\/span><b aria-hidden=\"true\"><\/b><\/h2><\/div>\n\n<table cellspacing=\"0\" cellpadding=\"6\">\n<thead>\n<tr>\n<th rowspan=\"2\">Type<\/th>\n<th colspan=\"8\">Taille<\/th>\n<th rowspan=\"2\">Conditionnement <br \/>(pi\u00e8ce\/bo\u00eete)<\/th>\n<\/tr>\n<tr>\n<th>A (mm)<\/th>\n<th>B (mm)<\/th>\n<th>D1 (mm)<\/th>\n<th>D2 (mm)<\/th>\n<th>d1 (mm)<\/th>\n<th>d2 (mm)<\/th>\n<th>C (mm)<\/th>\n<th>R (mm)<\/th>\n<\/tr>\n<\/thead>\n<tbody>\n<tr>\n<td>ZG-25W<\/td>\n<td>22<\/td>\n<td>22<\/td>\n<td>29.5<\/td>\n<td>30<\/td>\n<td>30.5<\/td>\n<td>31<\/td>\n<td>52<\/td>\n<td>25<\/td>\n<td>126<\/td>\n<\/tr>\n<tr>\n<td>ZG-30W<\/td>\n<td>22<\/td>\n<td>22<\/td>\n<td>34.5<\/td>\n<td>35<\/td>\n<td>35.5<\/td>\n<td>36<\/td>\n<td>52<\/td>\n<td>30<\/td>\n<td>126<\/td>\n<\/tr>\n<tr>\n<td>ZG-50W<\/td>\n<td>27<\/td>\n<td>27<\/td>\n<td>52.4<\/td>\n<td>53<\/td>\n<td>53.4<\/td>\n<td>54<\/td>\n<td>65<\/td>\n<td>35<\/td>\n<td>50<\/td>\n<\/tr>\n<tr>\n<td>ZG-70W<\/td>\n<td>27<\/td>\n<td>27<\/td>\n<td>72.4<\/td>\n<td>73<\/td>\n<td>73.4<\/td>\n<td>74<\/td>\n<td>84<\/td>\n<td>50<\/td>\n<td>32<\/td>\n<\/tr>\n<\/tbody>\n<\/table>\n\n\t<div class=\"img has-hover x md-x lg-x y md-y lg-y\" id=\"image_846410656\">\n\t\t\t\t\t\t\t\t<div class=\"img-inner dark\" >\n\t\t\t<img loading=\"lazy\" decoding=\"async\" width=\"1040\" height=\"382\" src=\"https:\/\/www.sqinsertec.com\/wp-content\/uploads\/zg-elbow-tube.png\" class=\"attachment-original size-original\" alt=\"Zg Elbow Tube\" srcset=\"https:\/\/www.sqinsertec.com\/wp-content\/uploads\/zg-elbow-tube.png 1040w, https:\/\/www.sqinsertec.com\/wp-content\/uploads\/zg-elbow-tube-300x110.png 300w, https:\/\/www.sqinsertec.com\/wp-content\/uploads\/zg-elbow-tube-1024x376.png 1024w, https:\/\/www.sqinsertec.com\/wp-content\/uploads\/zg-elbow-tube-768x282.png 768w\" sizes=\"auto, (max-width: 1040px) 100vw, 1040px\" \/>\t\t\t\t\t\t\n\t\t\t\t\t<\/div>\n\t\t\t\t\t\t\t\t\n<style>\n#image_846410656 {\n  width: 100%;\n}\n<\/style>\n\t<\/div>\n\t\n\t\t<\/div>\n\t\t\t\t\t<\/div>\n\n\t\n<\/div>\n\t\t<\/div>\n\n\t\t\n<style>\n#section_2048519779 {\n  padding-top: 30px;\n  padding-bottom: 30px;\n  background-color: rgb(240, 245, 250);\n}\n<\/style>\n\t<\/section>\n\t\n<span class=\"scroll-to\" data-label=\"Scroll to: #ZG-tee-joint\" data-bullet=\"false\" data-link=\"#ZG-tee-joint\" data-title=\"Change this\"><a name=\"ZG-tee-joint\"><\/a><\/span>\n\n\t<section class=\"section\" id=\"section_341376359\">\n\t\t<div class=\"section-bg fill\" >\n\t\t\t\t\t\t\t\t\t\n\t\t\t\n\n\t\t<\/div>\n\n\t\t\n\n\t\t<div class=\"section-content relative\">\n\t\t\t\n<div class=\"row align-center\"  id=\"row-1305556807\">\n\n\t<div id=\"col-1471188877\" class=\"col medium-8 large-8\"  >\n\t\t\t\t<div class=\"col-inner\"  >\n\t\t\t\n\t\t\t\n<div class=\"container section-title-container\" ><h2 class=\"section-title section-title-center\"><b aria-hidden=\"true\"><\/b><span class=\"section-title-main\" >ZG-tee joint<\/span><b aria-hidden=\"true\"><\/b><\/h2><\/div>\n\n<table cellspacing=\"0\" cellpadding=\"6\">\n<thead>\n<tr>\n<th rowspan=\"2\">Type<\/th>\n<th colspan=\"8\">Taille<\/th>\n<th rowspan=\"2\">Conditionnement <br \/>(pi\u00e8ce\/bo\u00eete)<\/th>\n<\/tr>\n<tr>\n<th>A (mm)<\/th>\n<th>B (mm)<\/th>\n<th>D1 (mm)<\/th>\n<th>D2 (mm)<\/th>\n<th>d1 (mm)<\/th>\n<th>d2 (mm)<\/th>\n<th>C (mm)<\/th>\n<th>L (mm)<\/th>\n<\/tr>\n<\/thead>\n<tbody>\n<tr>\n<td>ZG-50\/30S<\/td>\n<td>22<\/td>\n<td>27<\/td>\n<td>34.5<\/td>\n<td>35<\/td>\n<td>53.4<\/td>\n<td>54<\/td>\n<td>52<\/td>\n<td>112<\/td>\n<td>62<\/td>\n<\/tr>\n<tr>\n<td>ZG-70\/50S<\/td>\n<td>27<\/td>\n<td>27<\/td>\n<td>52.4<\/td>\n<td>53<\/td>\n<td>73.4<\/td>\n<td>74<\/td>\n<td>84<\/td>\n<td>145<\/td>\n<td>36<\/td>\n<\/tr>\n<\/tbody>\n<\/table>\n\n\t<div class=\"img has-hover x md-x lg-x y md-y lg-y\" id=\"image_2008350691\">\n\t\t\t\t\t\t\t\t<div class=\"img-inner dark\" >\n\t\t\t<img loading=\"lazy\" decoding=\"async\" width=\"1041\" height=\"384\" src=\"https:\/\/www.sqinsertec.com\/wp-content\/uploads\/zg-tee-joint-1.png\" class=\"attachment-original size-original\" alt=\"Zg Tee Joint\" srcset=\"https:\/\/www.sqinsertec.com\/wp-content\/uploads\/zg-tee-joint-1.png 1041w, https:\/\/www.sqinsertec.com\/wp-content\/uploads\/zg-tee-joint-1-300x111.png 300w, https:\/\/www.sqinsertec.com\/wp-content\/uploads\/zg-tee-joint-1-1024x378.png 1024w, https:\/\/www.sqinsertec.com\/wp-content\/uploads\/zg-tee-joint-1-768x283.png 768w\" sizes=\"auto, (max-width: 1041px) 100vw, 1041px\" \/>\t\t\t\t\t\t\n\t\t\t\t\t<\/div>\n\t\t\t\t\t\t\t\t\n<style>\n#image_2008350691 {\n  width: 100%;\n}\n<\/style>\n\t<\/div>\n\t\n\t\t<\/div>\n\t\t\t\t\t<\/div>\n\n\t\n<\/div>\n<div class=\"row align-center\"  id=\"row-1323099774\">\n\n\t<div id=\"col-174840854\" class=\"col medium-8 large-8\"  >\n\t\t\t\t<div class=\"col-inner\"  >\n\t\t\t\n\t\t\t\n<div class=\"container section-title-container\" ><h4 class=\"section-title section-title-normal\"><b aria-hidden=\"true\"><\/b><span class=\"section-title-main\" >Application<\/span><b aria-hidden=\"true\"><\/b><\/h4><\/div>\n<ol>\n<li>Conform\u00e9ment au sch\u00e9ma de proc\u00e9d\u00e9, utiliser des tubes droits, des coudes et des raccords en T pour former le syst\u00e8me de coul\u00e9e<\/li>\n<li>Pour ajuster la longueur, couper le tube \u00e0 l\u2019aide d\u2019un cutter, puis l\u2019assembler<\/li>\n<li>Prot\u00e9ger les joints des parties coup\u00e9es au moyen d\u2019un ruban adh\u00e9sif afin d\u2019\u00e9viter tout interstice susceptible d\u2019affecter le bon fonctionnement du tube.<\/li>\n<\/ol>\n<div class=\"container section-title-container\" ><h4 class=\"section-title section-title-normal\"><b aria-hidden=\"true\"><\/b><span class=\"section-title-main\" >Stockage et dur\u00e9e de conservation<\/span><b aria-hidden=\"true\"><\/b><\/h4><\/div>\n<p>Conserver dans un endroit frais et sec, \u00e0 l\u2019\u00e9cart de l\u2019humidit\u00e9, \u00e9vitez la compression.<\/p>\n<p>Manipuler avec soin les cartons lors du chargement et du transport.<\/p>\n<div class=\"container section-title-container\" ><h4 class=\"section-title section-title-normal\"><b aria-hidden=\"true\"><\/b><span class=\"section-title-main\" >Dur\u00e9e de vie<\/span><b aria-hidden=\"true\"><\/b><\/h4><\/div>\n<p>Un an<\/p>\n\t\t<\/div>\n\t\t\t\t\t<\/div>\n\n\t\n<\/div>\n\t\t<\/div>\n\n\t\t\n<style>\n#section_341376359 {\n  padding-top: 30px;\n  padding-bottom: 30px;\n}\n<\/style>\n\t<\/section>\n\t\n\n\t<section class=\"section\" id=\"section_940203679\">\n\t\t<div class=\"section-bg fill\" >\n\t\t\t\t\t\t\t\t\t\n\t\t\t\n\n\t\t<\/div>\n\n\t\t\n\n\t\t<div class=\"section-content relative\">\n\t\t\t\r\n\r\n<div class=\"row align-center\"  id=\"row-1910929205\">\r\n\r\n\n\t<div id=\"col-273740002\" class=\"col medium-6 large-6\"  >\n\t\t\t\t<div class=\"col-inner text-center\"  >\n\t\t\t\n\t\t\t\r\n\r\n\t<div id=\"text-1500063447\" class=\"text\">\n\t\t\r\n\r\n<h2>D\u00e9couvrez SQ Insertec<\/h2>\r\n\t\t\n<style>\n#text-1500063447 {\n  text-align: center;\n}\n<\/style>\n\t<\/div>\n\t\r\n\t<div id=\"text-2694420796\" class=\"text center-section\">\n\t\t\r\n\r\n<p>Contactez-nous et nous vous aiderons dans les plus brefs d\u00e9lais.\r\n<\/p>\r\n\t\t\t<\/div>\n\t\r\n<a data-animate=\"flipInX\" href=\"https:\/\/www.sqinsertec.com\/fr\/contactez-nous\/\" class=\"button primary is-primary\" >\n\t\t<span>Contactez-nous<\/span>\n\t<i class=\"icon-angle-right\" aria-hidden=\"true\"><\/i><\/a>\n\r\n\r\n\r\n\t\t<\/div>\n\t\t\t\t\t<\/div>\n\n\t\r\n\r\n<\/div>\r\n\r\n\t\t<\/div>\n\n\t\t\n<style>\n#section_940203679 {\n  padding-top: 30px;\n  padding-bottom: 30px;\n  margin-bottom: 20px 0;\n}\n<\/style>\n\t<\/section>\n\t\n","protected":false},"excerpt":{"rendered":"","protected":false},"author":1,"featured_media":0,"parent":3864,"menu_order":0,"comment_status":"closed","ping_status":"closed","template":"","meta":{"inline_featured_image":false,"footnotes":""},"class_list":["post-4019","page","type-page","status-publish","hentry"],"_links":{"self":[{"href":"https:\/\/www.sqinsertec.com\/fr\/wp-json\/wp\/v2\/pages\/4019","targetHints":{"allow":["GET"]}}],"collection":[{"href":"https:\/\/www.sqinsertec.com\/fr\/wp-json\/wp\/v2\/pages"}],"about":[{"href":"https:\/\/www.sqinsertec.com\/fr\/wp-json\/wp\/v2\/types\/page"}],"author":[{"embeddable":true,"href":"https:\/\/www.sqinsertec.com\/fr\/wp-json\/wp\/v2\/users\/1"}],"replies":[{"embeddable":true,"href":"https:\/\/www.sqinsertec.com\/fr\/wp-json\/wp\/v2\/comments?post=4019"}],"version-history":[{"count":3,"href":"https:\/\/www.sqinsertec.com\/fr\/wp-json\/wp\/v2\/pages\/4019\/revisions"}],"predecessor-version":[{"id":4022,"href":"https:\/\/www.sqinsertec.com\/fr\/wp-json\/wp\/v2\/pages\/4019\/revisions\/4022"}],"up":[{"embeddable":true,"href":"https:\/\/www.sqinsertec.com\/fr\/wp-json\/wp\/v2\/pages\/3864"}],"wp:attachment":[{"href":"https:\/\/www.sqinsertec.com\/fr\/wp-json\/wp\/v2\/media?parent=4019"}],"curies":[{"name":"wp","href":"https:\/\/api.w.org\/{rel}","templated":true}]}}