{"id":4141,"date":"2026-02-03T21:54:46","date_gmt":"2026-02-03T20:54:46","guid":{"rendered":"https:\/\/www.sqinsertec.com\/nos-produits\/produits-pour-la-coulee-continue\/"},"modified":"2026-02-21T13:34:48","modified_gmt":"2026-02-21T12:34:48","slug":"produits-pour-la-coulee-continue","status":"publish","type":"page","link":"https:\/\/www.sqinsertec.com\/fr\/nos-produits\/produits-pour-la-coulee-continue\/","title":{"rendered":"Produits pour la coul\u00e9e continue"},"content":{"rendered":"\n\t<section class=\"section\" id=\"section_254206559\">\n\t\t<div class=\"section-bg fill\" >\n\t\t\t\t\t\t\t\t\t\n\t\t\t\n\n\t\t<\/div>\n\n\t\t\n\n\t\t<div class=\"section-content relative\">\n\t\t\t\n<div class=\"row align-center\"  id=\"row-518069864\">\n\n\t<div id=\"col-2074862051\" class=\"col medium-10 large-10\"  >\n\t\t\t\t<div class=\"col-inner text-center\"  >\n\t\t\t\n\t\t\t\n<h1>Produits pour la coul\u00e9e continue<\/h1>\n\t<div id=\"text-3938584911\" class=\"text\">\n\t\t\n<span><span><a href=\"https:\/\/www.sqinsertec.com\/fr\/\">SQInsertec<\/a><\/span><\/span>\n\t\t\n<style>\n#text-3938584911 {\n  font-size: 0.75rem;\n}\n<\/style>\n\t<\/div>\n\t\n\t\t<\/div>\n\t\t\t\t\t<\/div>\n\n\t\n\n<style>\n#row-518069864 > .col > .col-inner {\n  padding: 0px 0px 0px 0px;\n}\n<\/style>\n<\/div>\n\t\t<\/div>\n\n\t\t\n<style>\n#section_254206559 {\n  padding-top: 0px;\n  padding-bottom: 0px;\n}\n<\/style>\n\t<\/section>\n\t\n\n\t<section class=\"section cc-products\" id=\"section_1184567217\">\n\t\t<div class=\"section-bg fill\" >\n\t\t\t\t\t\t\t\t\t\n\t\t\t\n\n\t\t<\/div>\n\n\t\t\n\n\t\t<div class=\"section-content relative\">\n\t\t\t\n<div class=\"row align-center\"  id=\"row-1362382040\">\n\n\t<div id=\"col-1382981014\" class=\"col medium-6 small-12 large-6\"  >\n\t\t\t\t<div class=\"col-inner\"  >\n\t\t\t\n\t\t\t\n<h2>Produits \u00e9conomiques pour la coul\u00e9e continue<\/h2>\n<p>Le proc\u00e9d\u00e9 de coul\u00e9e continue exige des r\u00e9fractaires exceptionnels pour un fonctionnement optimal. SQ Insertec fabrique et distribue une vaste gamme de produits r\u00e9fractaires adapt\u00e9s aux diff\u00e9rents types de coul\u00e9e continue. <\/p>\n<div class=\"accordion\">\n\t<div id=\"accordion-3038132339\" class=\"accordion-item\">\n\t\t<a id=\"accordion-3038132339-label\" class=\"accordion-title plain\" href=\"#accordion-item-poudres-de-couverture-isolantes\" aria-expanded=\"false\" aria-controls=\"accordion-3038132339-content\">\n\t\t\t<button class=\"toggle\" aria-label=\"Basculer\"><i class=\"icon-angle-down\" aria-hidden=\"true\"><\/i><\/button>\n\t\t\t<span>Poudres de couverture isolantes<\/span>\n\t\t<\/a>\n\t\t<div id=\"accordion-3038132339-content\" class=\"accordion-inner\" aria-labelledby=\"accordion-3038132339-label\">\n\t\t\t\n<ul>\n<li>Poudres de couvertures pour poches et r\u00e9partiteurs<\/li>\n<li>Protection du bain de l\u2019oxydation et des pertes thermiques par radiation.<\/li>\n<li>Diff\u00e9rents produits suivant la basicit\u00e9 et la teneur en carbone.<\/li>\n<li>\n Large gamme suivant les demandes formul\u00e9s par les clients<\/p>\n<ul>\n<li><strong>ACIDES<\/strong>: MOLCOAT 250; MOLCOAT 350<\/li>\n<li><strong>BASIQUES<\/strong>: MOLCOAT 500; MOLCOAT 350<\/li>\n<li><strong>NEUTRES<\/strong>: MOLCOAT 50B, MOLCOAT 50B-EX; MOLCOAT 50L; MOLCOAT LC; ISOLAN A<\/li>\n<\/ul>\n<\/li>\n<\/ul>\n\t\t<\/div>\n\t<\/div>\n\t\n\t<div id=\"accordion-2233203853\" class=\"accordion-item\">\n\t\t<a id=\"accordion-2233203853-label\" class=\"accordion-title plain\" href=\"#accordion-item-plaques-de-r\u00e9partiteurs\" aria-expanded=\"false\" aria-controls=\"accordion-2233203853-content\">\n\t\t\t<button class=\"toggle\" aria-label=\"Basculer\"><i class=\"icon-angle-down\" aria-hidden=\"true\"><\/i><\/button>\n\t\t\t<span>Plaques de r\u00e9partiteurs<\/span>\n\t\t<\/a>\n\t\t<div id=\"accordion-2233203853-content\" class=\"accordion-inner\" aria-labelledby=\"accordion-2233203853-label\">\n\t\t\t\n<p>ACIDES\/BASIQUES <em>\u2013<\/em> Plaques pour d\u00e9marrage \u00e0 froid.<\/p>\n\t\t<\/div>\n\t<\/div>\n\t\n\t<div id=\"accordion-108194608\" class=\"accordion-item\">\n\t\t<a id=\"accordion-108194608-label\" class=\"accordion-title plain\" href=\"#accordion-item-tubes-de-d\u00e9marrage-\/-disques-flottants\" aria-expanded=\"false\" aria-controls=\"accordion-108194608-content\">\n\t\t\t<button class=\"toggle\" aria-label=\"Basculer\"><i class=\"icon-angle-down\" aria-hidden=\"true\"><\/i><\/button>\n\t\t\t<span>Tubes de d\u00e9marrage \/ Disques flottants<\/span>\n\t\t<\/a>\n\t\t<div id=\"accordion-108194608-content\" class=\"accordion-inner\" aria-labelledby=\"accordion-108194608-label\">\n\t\t\t\n<p>Pour assurer un d\u00e9marrage plus ais\u00e9.<\/p>\n\t\t<\/div>\n\t<\/div>\n\t\n\t<div id=\"accordion-1341225223\" class=\"accordion-item\">\n\t\t<a id=\"accordion-1341225223-label\" class=\"accordion-title plain\" href=\"#accordion-item-manchons-de-pr\u00e9chauffage\" aria-expanded=\"false\" aria-controls=\"accordion-1341225223-content\">\n\t\t\t<button class=\"toggle\" aria-label=\"Basculer\"><i class=\"icon-angle-down\" aria-hidden=\"true\"><\/i><\/button>\n\t\t\t<span>Manchons de pr\u00e9chauffage<\/span>\n\t\t<\/a>\n\t\t<div id=\"accordion-1341225223-content\" class=\"accordion-inner\" aria-labelledby=\"accordion-1341225223-label\">\n\t\t\t\n<p>Pour pr\u00e9chauffer les quenouilles avnt d\u00e9marrage.<\/p>\n\t\t<\/div>\n\t<\/div>\n\t\n\t<div id=\"accordion-2717174448\" class=\"accordion-item\">\n\t\t<a id=\"accordion-2717174448-label\" class=\"accordion-title plain\" href=\"#accordion-item-dalles-d\u2019impact\" aria-expanded=\"false\" aria-controls=\"accordion-2717174448-content\">\n\t\t\t<button class=\"toggle\" aria-label=\"Basculer\"><i class=\"icon-angle-down\" aria-hidden=\"true\"><\/i><\/button>\n\t\t\t<span>Dalles d\u2019impact<\/span>\n\t\t<\/a>\n\t\t<div id=\"accordion-2717174448-content\" class=\"accordion-inner\" aria-labelledby=\"accordion-2717174448-label\">\n\t\t\t\n<p>Plac\u00e9es au fond des r\u00e9partiteurs pour r\u00e9duire le choc thermique et l\u2019\u00e9rosion de premier jet de coul\u00e9e.<\/p>\n\t\t<\/div>\n\t<\/div>\n\t\n<\/div>\n\t\t<\/div>\n\t\t\t\t\t<\/div>\n\n\t\n\n\t<div id=\"col-286315501\" class=\"col medium-6 small-12 large-6\"  >\n\t\t\t\t<div class=\"col-inner\"  >\n\t\t\t\n\t\t\t\n\t<div class=\"img has-hover x md-x lg-x y md-y lg-y\" id=\"image_1002773474\">\n\t\t\t\t\t\t\t\t<div class=\"img-inner dark\" >\n\t\t\t<img loading=\"lazy\" decoding=\"async\" width=\"2560\" height=\"1920\" src=\"https:\/\/www.sqinsertec.com\/wp-content\/uploads\/DSC01715-1-scaled-1.jpg\" class=\"attachment-original size-original\" alt=\"Dsc01715 1\" srcset=\"https:\/\/www.sqinsertec.com\/wp-content\/uploads\/DSC01715-1-scaled-1.jpg 2560w, https:\/\/www.sqinsertec.com\/wp-content\/uploads\/DSC01715-1-scaled-1-300x225.jpg 300w, https:\/\/www.sqinsertec.com\/wp-content\/uploads\/DSC01715-1-scaled-1-1024x768.jpg 1024w, https:\/\/www.sqinsertec.com\/wp-content\/uploads\/DSC01715-1-scaled-1-768x576.jpg 768w, https:\/\/www.sqinsertec.com\/wp-content\/uploads\/DSC01715-1-scaled-1-1536x1152.jpg 1536w, https:\/\/www.sqinsertec.com\/wp-content\/uploads\/DSC01715-1-scaled-1-2048x1536.jpg 2048w\" sizes=\"auto, (max-width: 2560px) 100vw, 2560px\" \/>\t\t\t\t\t\t\n\t\t\t\t\t<\/div>\n\t\t\t\t\t\t\t\t\n<style>\n#image_1002773474 {\n  width: 100%;\n}\n<\/style>\n\t<\/div>\n\t\n\t\t<\/div>\n\t\t\t\t\t<\/div>\n\n\t\n<\/div>\n\t\t<\/div>\n\n\t\t\n<style>\n#section_1184567217 {\n  padding-top: 0px;\n  padding-bottom: 0px;\n}\n<\/style>\n\t<\/section>\n\t\n\n\t<section class=\"section cc-block-1\" id=\"section_1739606938\">\n\t\t<div class=\"section-bg fill\" >\n\t\t\t\t\t\t\t\t\t\n\t\t\t\n\n\t\t<\/div>\n\n\t\t\n\n\t\t<div class=\"section-content relative\">\n\t\t\t\n<div class=\"row\"  id=\"row-742342431\">\n\n\t<div id=\"col-1278525880\" class=\"col medium-6 small-12 large-6\"  >\n\t\t\t\t<div class=\"col-inner\"  >\n\t\t\t\n\t\t\t\n\t<div class=\"img has-hover x md-x lg-x y md-y lg-y\" id=\"image_1547453337\">\n\t\t\t\t\t\t\t\t<div class=\"img-inner dark\" >\n\t\t\t<img loading=\"lazy\" decoding=\"async\" width=\"725\" height=\"499\" src=\"https:\/\/www.sqinsertec.com\/wp-content\/uploads\/continous-casting-1-1.png\" class=\"attachment-original size-original\" alt=\"Continous Casting 1\" srcset=\"https:\/\/www.sqinsertec.com\/wp-content\/uploads\/continous-casting-1-1.png 725w, https:\/\/www.sqinsertec.com\/wp-content\/uploads\/continous-casting-1-1-300x206.png 300w\" sizes=\"auto, (max-width: 725px) 100vw, 725px\" \/>\t\t\t\t\t\t\n\t\t\t\t\t<\/div>\n\t\t\t\t\t\t\t\t\n<style>\n#image_1547453337 {\n  width: 100%;\n}\n<\/style>\n\t<\/div>\n\t\n\t\t<\/div>\n\t\t\t\t\t<\/div>\n\n\t\n\n\t<div id=\"col-702819305\" class=\"col medium-6 small-12 large-6\"  >\n\t\t\t\t<div class=\"col-inner\"  >\n\t\t\t\n\t\t\t\n<h3>Garnissage de r\u00e9partiteurs -TUNSIL<\/h3>\n<ul class=\"arrow-list\">\n<li>Plaques isolantes et r\u00e9fractaires . Acides ( silice) g\u00e9n\u00e9ralement utilis\u00e9es pour les petits \u00e0 moyens r\u00e9partiteurs et pour production de billettes. Excellent \u00ab d\u00e9loupage \u00bb.  <\/li>\n<li>Pas besoin de pr\u00e9chauffer avant le d\u00e9marrage.<\/li>\n<\/ul>\n\t\t<\/div>\n\t\t\t\t\t<\/div>\n\n\t\n<\/div>\n\t\t<\/div>\n\n\t\t\n<style>\n#section_1739606938 {\n  padding-top: 100px 0px;\n  padding-bottom: 100px 0px;\n  background-color: #f0f5fa;\n}\n<\/style>\n\t<\/section>\n\t\n\n\t<section class=\"section cc-block-2\" id=\"section_1968297362\">\n\t\t<div class=\"section-bg fill\" >\n\t\t\t\t\t\t\t\t\t\n\t\t\t\n\n\t\t<\/div>\n\n\t\t\n\n\t\t<div class=\"section-content relative\">\n\t\t\t\n<div class=\"row\"  id=\"row-989662808\">\n\n\t<div id=\"col-831271070\" class=\"col medium-6 small-12 large-6\"  >\n\t\t\t\t<div class=\"col-inner\"  >\n\t\t\t\n\t\t\t\n<h3>Garnissage de r\u00e9partiteurs &#8211; TUNMAG<\/h3>\n<ul class=\"arrow-list\">\n<li>Plaques r\u00e9fractaires. Basiques (MgO), sont utilis\u00e9es normalement pour les moyens \u00e0 grands r\u00e9partiteurs. Utilis\u00e9es pour les coul\u00e9es s\u00e9quentielles.  <\/li>\n<li>Pas besoin de pr\u00e9chauffer avant le d\u00e9marrage. Excellent \u00ab d\u00e9loupage \u00bb <\/li>\n<\/ul>\n\t\t<\/div>\n\t\t\t\t\t<\/div>\n\n\t\n\n\t<div id=\"col-949869364\" class=\"col medium-6 small-12 large-6\"  >\n\t\t\t\t<div class=\"col-inner\"  >\n\t\t\t\n\t\t\t\n\t<div class=\"img has-hover x md-x lg-x y md-y lg-y\" id=\"image_1963247625\">\n\t\t\t\t\t\t\t\t<div class=\"img-inner dark\" >\n\t\t\t<img loading=\"lazy\" decoding=\"async\" width=\"640\" height=\"480\" src=\"https:\/\/www.sqinsertec.com\/wp-content\/uploads\/continous-casting-2.png\" class=\"attachment-original size-original\" alt=\"Continous Casting 2\" srcset=\"https:\/\/www.sqinsertec.com\/wp-content\/uploads\/continous-casting-2.png 640w, https:\/\/www.sqinsertec.com\/wp-content\/uploads\/continous-casting-2-300x225.png 300w\" sizes=\"auto, (max-width: 640px) 100vw, 640px\" \/>\t\t\t\t\t\t\n\t\t\t\t\t<\/div>\n\t\t\t\t\t\t\t\t\n<style>\n#image_1963247625 {\n  width: 100%;\n}\n<\/style>\n\t<\/div>\n\t\n\t\t<\/div>\n\t\t\t\t\t<\/div>\n\n\t\n<\/div>\n\t\t<\/div>\n\n\t\t\n<style>\n#section_1968297362 {\n  padding-top: 30px 0px;\n  padding-bottom: 30px 0px;\n}\n<\/style>\n\t<\/section>\n\t\n\n\t<section class=\"section cc-block-3\" id=\"section_1929190764\">\n\t\t<div class=\"section-bg fill\" >\n\t\t\t\t\t\t\t\t\t\n\t\t\t\n\n\t\t<\/div>\n\n\t\t\n\n\t\t<div class=\"section-content relative\">\n\t\t\t\n<div class=\"row\"  id=\"row-1094207036\">\n\n\t<div id=\"col-1328282104\" class=\"col medium-6 small-12 large-6\"  >\n\t\t\t\t<div class=\"col-inner\"  >\n\t\t\t\n\t\t\t\n\t<div class=\"img has-hover x md-x lg-x y md-y lg-y\" id=\"image_2011932973\">\n\t\t\t\t\t\t\t\t<div class=\"img-inner dark\" >\n\t\t\t<img loading=\"lazy\" decoding=\"async\" width=\"824\" height=\"562\" src=\"https:\/\/www.sqinsertec.com\/wp-content\/uploads\/continous-casting-3-1.png\" class=\"attachment-original size-original\" alt=\"Continous Casting 3\" srcset=\"https:\/\/www.sqinsertec.com\/wp-content\/uploads\/continous-casting-3-1.png 824w, https:\/\/www.sqinsertec.com\/wp-content\/uploads\/continous-casting-3-1-300x205.png 300w, https:\/\/www.sqinsertec.com\/wp-content\/uploads\/continous-casting-3-1-768x524.png 768w\" sizes=\"auto, (max-width: 824px) 100vw, 824px\" \/>\t\t\t\t\t\t\n\t\t\t\t\t<\/div>\n\t\t\t\t\t\t\t\t\n<style>\n#image_2011932973 {\n  width: 100%;\n}\n<\/style>\n\t<\/div>\n\t\n\t\t<\/div>\n\t\t\t\t\t<\/div>\n\n\t\n\n\t<div id=\"col-2058983443\" class=\"col medium-6 small-12 large-6\"  >\n\t\t\t\t<div class=\"col-inner\"  >\n\t\t\t\n\t\t\t\n<h3>Ciment de jointoiement &#8211; SIDERCOL<\/h3>\n<ul class=\"arrow-list\">\n<li>Plusieurs formulations suivant les applications.<\/li>\n<li>Ce sont des colles ou des ciments r\u00e9fractaires servant \u00e0 r\u00e9aliser des joints entre les plaques isolantes assembl\u00e9es afin d&#8217;emp\u00eacher la p\u00e9n\u00e9tration du m\u00e9tal lors de la coul\u00e9e.<\/li>\n<\/ul>\n\t\t<\/div>\n\t\t\t\t\t<\/div>\n\n\t\n<\/div>\n\t\t<\/div>\n\n\t\t\n<style>\n#section_1929190764 {\n  padding-top: 100px 0px;\n  padding-bottom: 100px 0px;\n  background-color: #f0f5fa;\n}\n<\/style>\n\t<\/section>\n\t\n\n\t<section class=\"section cc-block-4\" id=\"section_1658304095\">\n\t\t<div class=\"section-bg fill\" >\n\t\t\t\t\t\t\t\t\t\n\t\t\t\n\n\t\t<\/div>\n\n\t\t\n\n\t\t<div class=\"section-content relative\">\n\t\t\t\n<div class=\"row\"  id=\"row-62796155\">\n\n\t<div id=\"col-1993203268\" class=\"col medium-6 small-12 large-6\"  >\n\t\t\t\t<div class=\"col-inner\"  >\n\t\t\t\n\t\t\t\n<h3>Poudres de couverture de r\u00e9partiteurs &#8211; MOLDCOAT<\/h3>\n<ul class=\"arrow-list\">\n<li>Poudres isolantes de couverture pour prot\u00e9ger la surface de l\u2019acier de l\u2019oxydation et des radiations.<\/li>\n<li>Diff\u00e9rentes formulations sont disponibles suivant la nature du rev\u00eatement ( basique ou acide) et les nuances d\u2019acier coul\u00e9es.<\/li>\n<\/ul>\n\t\t<\/div>\n\t\t\t\t\t<\/div>\n\n\t\n\n\t<div id=\"col-1385219607\" class=\"col medium-6 small-12 large-6\"  >\n\t\t\t\t<div class=\"col-inner\"  >\n\t\t\t\n\t\t\t\n\t<div class=\"img has-hover x md-x lg-x y md-y lg-y\" id=\"image_1701573324\">\n\t\t\t\t\t\t\t\t<div class=\"img-inner dark\" >\n\t\t\t<img loading=\"lazy\" decoding=\"async\" width=\"823\" height=\"561\" src=\"https:\/\/www.sqinsertec.com\/wp-content\/uploads\/continous-casting-4.png\" class=\"attachment-original size-original\" alt=\"Continous Casting 4\" srcset=\"https:\/\/www.sqinsertec.com\/wp-content\/uploads\/continous-casting-4.png 823w, https:\/\/www.sqinsertec.com\/wp-content\/uploads\/continous-casting-4-300x204.png 300w, https:\/\/www.sqinsertec.com\/wp-content\/uploads\/continous-casting-4-768x524.png 768w\" sizes=\"auto, (max-width: 823px) 100vw, 823px\" \/>\t\t\t\t\t\t\n\t\t\t\t\t<\/div>\n\t\t\t\t\t\t\t\t\n<style>\n#image_1701573324 {\n  width: 100%;\n}\n<\/style>\n\t<\/div>\n\t\n\t\t<\/div>\n\t\t\t\t\t<\/div>\n\n\t\n<\/div>\n\t\t<\/div>\n\n\t\t\n<style>\n#section_1658304095 {\n  padding-top: 30px 0px;\n  padding-bottom: 30px 0px;\n}\n<\/style>\n\t<\/section>\n\t\n\n\t<section class=\"section cc-block-5\" id=\"section_1324770508\">\n\t\t<div class=\"section-bg fill\" >\n\t\t\t\t\t\t\t\t\t\n\t\t\t\n\n\t\t<\/div>\n\n\t\t\n\n\t\t<div class=\"section-content relative\">\n\t\t\t\n<div class=\"row\"  id=\"row-1527242888\">\n\n\t<div id=\"col-1412472565\" class=\"col medium-6 small-12 large-6\"  >\n\t\t\t\t<div class=\"col-inner\"  >\n\t\t\t\n\t\t\t\n\t<div class=\"img has-hover x md-x lg-x y md-y lg-y\" id=\"image_875487491\">\n\t\t\t\t\t\t\t\t<div class=\"img-inner dark\" >\n\t\t\t<img loading=\"lazy\" decoding=\"async\" width=\"564\" height=\"442\" src=\"https:\/\/www.sqinsertec.com\/wp-content\/uploads\/continous-casting-5.png\" class=\"attachment-original size-original\" alt=\"Continous Casting 5\" srcset=\"https:\/\/www.sqinsertec.com\/wp-content\/uploads\/continous-casting-5.png 564w, https:\/\/www.sqinsertec.com\/wp-content\/uploads\/continous-casting-5-300x235.png 300w\" sizes=\"auto, (max-width: 564px) 100vw, 564px\" \/>\t\t\t\t\t\t\n\t\t\t\t\t<\/div>\n\t\t\t\t\t\t\t\t\n<style>\n#image_875487491 {\n  width: 100%;\n}\n<\/style>\n\t<\/div>\n\t\n\t\t<\/div>\n\t\t\t\t\t<\/div>\n\n\t\n\n\t<div id=\"col-1615796272\" class=\"col medium-6 small-12 large-6\"  >\n\t\t\t\t<div class=\"col-inner\"  >\n\t\t\t\n\t\t\t\n<h3>Produits de d\u00e9marrage- ALUVAC<\/h3>\n<p>Avant le d\u00e9marrage, les quenouilles et busettes de coul\u00e9e doivent \u00eatre pr\u00e9chauff\u00e9es pour \u00e9viter les probl\u00e8me d\u2019ouverture lors du d\u00e9marrage .<\/p>\n<ul class=\"arrow-list\">\n<li>C\u00f4nes de pr\u00e9chauffage (fabriqu\u00e9s \u00e0 partir de produits hautement isolants). De tels c\u00f4nes concentrent la chaleur sur le nez des quenouilles et l\u2019orifice des busettes. <\/li>\n<li><strong>Tubes et disques de d\u00e9marrage<\/strong> : L&rsquo;objectif est, qu\u2019au d\u00e9but de la coul\u00e9e, de cr\u00e9er un pied de bain au fond du r\u00e9partiteur afin d&rsquo;\u00e9viter que l&rsquo;acier se solidifie et p\u00e9n\u00e8tre ais\u00e9ment dans les busettes du r\u00e9partiteur.<\/li>\n<\/ul>\n\t\t<\/div>\n\t\t\t\t\t<\/div>\n\n\t\n<\/div>\n\t\t<\/div>\n\n\t\t\n<style>\n#section_1324770508 {\n  padding-top: 30px 0px;\n  padding-bottom: 30px 0px;\n  background-color: #f0f5fa;\n}\n<\/style>\n\t<\/section>\n\t\n\n\t<section class=\"section\" id=\"section_116834051\">\n\t\t<div class=\"section-bg fill\" >\n\t\t\t\t\t\t\t\t\t\n\t\t\t\n\n\t\t<\/div>\n\n\t\t\n\n\t\t<div class=\"section-content relative\">\n\t\t\t\r\n\r\n<div class=\"row align-center\"  id=\"row-1689059667\">\r\n\r\n\n\t<div id=\"col-2114034125\" class=\"col medium-6 large-6\"  >\n\t\t\t\t<div class=\"col-inner text-center\"  >\n\t\t\t\n\t\t\t\r\n\r\n\t<div id=\"text-2327486233\" class=\"text\">\n\t\t\r\n\r\n<h2>D\u00e9couvrez SQ Insertec<\/h2>\r\n\t\t\n<style>\n#text-2327486233 {\n  text-align: center;\n}\n<\/style>\n\t<\/div>\n\t\r\n\t<div id=\"text-1097283224\" class=\"text center-section\">\n\t\t\r\n\r\n<p>Contactez-nous et nous vous aiderons dans les plus brefs d\u00e9lais.\r\n<\/p>\r\n\t\t\t<\/div>\n\t\r\n<a data-animate=\"flipInX\" href=\"https:\/\/www.sqinsertec.com\/fr\/contactez-nous\/\" class=\"button primary is-primary\" >\n\t\t<span>Contactez-nous<\/span>\n\t<i class=\"icon-angle-right\" aria-hidden=\"true\"><\/i><\/a>\n\r\n\r\n\r\n\t\t<\/div>\n\t\t\t\t\t<\/div>\n\n\t\r\n\r\n<\/div>\r\n\r\n\t\t<\/div>\n\n\t\t\n<style>\n#section_116834051 {\n  padding-top: 30px;\n  padding-bottom: 30px;\n  margin-bottom: 20px 0;\n}\n<\/style>\n\t<\/section>\n\t\n","protected":false},"excerpt":{"rendered":"","protected":false},"author":1,"featured_media":0,"parent":3864,"menu_order":0,"comment_status":"closed","ping_status":"closed","template":"","meta":{"inline_featured_image":false,"footnotes":""},"class_list":["post-4141","page","type-page","status-publish","hentry"],"_links":{"self":[{"href":"https:\/\/www.sqinsertec.com\/fr\/wp-json\/wp\/v2\/pages\/4141","targetHints":{"allow":["GET"]}}],"collection":[{"href":"https:\/\/www.sqinsertec.com\/fr\/wp-json\/wp\/v2\/pages"}],"about":[{"href":"https:\/\/www.sqinsertec.com\/fr\/wp-json\/wp\/v2\/types\/page"}],"author":[{"embeddable":true,"href":"https:\/\/www.sqinsertec.com\/fr\/wp-json\/wp\/v2\/users\/1"}],"replies":[{"embeddable":true,"href":"https:\/\/www.sqinsertec.com\/fr\/wp-json\/wp\/v2\/comments?post=4141"}],"version-history":[{"count":3,"href":"https:\/\/www.sqinsertec.com\/fr\/wp-json\/wp\/v2\/pages\/4141\/revisions"}],"predecessor-version":[{"id":4144,"href":"https:\/\/www.sqinsertec.com\/fr\/wp-json\/wp\/v2\/pages\/4141\/revisions\/4144"}],"up":[{"embeddable":true,"href":"https:\/\/www.sqinsertec.com\/fr\/wp-json\/wp\/v2\/pages\/3864"}],"wp:attachment":[{"href":"https:\/\/www.sqinsertec.com\/fr\/wp-json\/wp\/v2\/media?parent=4141"}],"curies":[{"name":"wp","href":"https:\/\/api.w.org\/{rel}","templated":true}]}}