{"id":4173,"date":"2026-02-03T21:55:34","date_gmt":"2026-02-03T20:55:34","guid":{"rendered":"https:\/\/www.sqinsertec.com\/nos-produits\/produits-pour-la-coulee-en-lingotieres\/"},"modified":"2026-03-12T13:52:50","modified_gmt":"2026-03-12T12:52:50","slug":"produits-pour-la-coulee-en-lingotieres","status":"publish","type":"page","link":"https:\/\/www.sqinsertec.com\/fr\/nos-produits\/produits-pour-la-coulee-en-lingotieres\/","title":{"rendered":"Produits pour la coul\u00e9e en lingoti\u00e8res"},"content":{"rendered":"\n\t<section class=\"section\" id=\"section_536428713\">\n\t\t<div class=\"section-bg fill\" >\n\t\t\t\t\t\t\t\t\t\n\t\t\t\n\n\t\t<\/div>\n\n\t\t\n\n\t\t<div class=\"section-content relative\">\n\t\t\t\n<div class=\"row align-center\"  id=\"row-694877832\">\n\n\t<div id=\"col-267858502\" class=\"col medium-10 large-10\"  >\n\t\t\t\t<div class=\"col-inner text-center\"  >\n\t\t\t\n\t\t\t\n<h1>Produits pour la coul\u00e9e en lingoti\u00e8res<\/h1>\n\t<div id=\"text-1516151047\" class=\"text\">\n\t\t\n<span><span><a href=\"https:\/\/www.sqinsertec.com\/fr\/\">SQInsertec<\/a><\/span><\/span>\n\t\t\n<style>\n#text-1516151047 {\n  font-size: 0.75rem;\n}\n<\/style>\n\t<\/div>\n\t\n\t\t<\/div>\n\t\t\t\t\t<\/div>\n\n\t\n\n<style>\n#row-694877832 > .col > .col-inner {\n  padding: 0px 0px 0px 0px;\n}\n<\/style>\n<\/div>\n\t\t<\/div>\n\n\t\t\n<style>\n#section_536428713 {\n  padding-top: 0px;\n  padding-bottom: 0px;\n}\n<\/style>\n\t<\/section>\n\t\n\n\t<section class=\"section\" id=\"section_594854138\">\n\t\t<div class=\"section-bg fill\" >\n\t\t\t\t\t\t\t\t\t\n\t\t\t\n\n\t\t<\/div>\n\n\t\t\n\n\t\t<div class=\"section-content relative\">\n\t\t\t\n<div class=\"row align-stretch align-center\"  id=\"row-560455631\">\n\n\t<div id=\"col-1436489740\" class=\"col medium-6 small-12 large-6\"  >\n\t\t\t\t<div class=\"col-inner text-left\"  >\n\t\t\t\n\t\t\t\n<h2>Produits \u00e9conomiques pour la coul\u00e9e en lingoti\u00e8re<\/h2>\n<p> L\u2019acier coul\u00e9 en lingoti\u00e8res exige des produits r\u00e9fractaires et autres produits sp\u00e9cifiques de la plus haute qualit\u00e9 pour un rendement optimal. SQ Insertec fabrique et distribue une vaste gamme de produits r\u00e9fractaires pour la coul\u00e9e de l\u2019acier en lingoti\u00e8res. <\/p>\n<div class=\"accordion\">\n\t<div id=\"accordion-2428873517\" class=\"accordion-item\">\n\t\t<a id=\"accordion-2428873517-label\" class=\"accordion-title plain active\" href=\"#accordion-item-edifices-de-masselottage\" aria-expanded=\"true\" aria-controls=\"accordion-2428873517-content\">\n\t\t\t<button class=\"toggle\" aria-label=\"Basculer\"><i class=\"icon-angle-down\" aria-hidden=\"true\"><\/i><\/button>\n\t\t\t<span>Edifices de masselottage<\/span>\n\t\t<\/a>\n\t\t<div id=\"accordion-2428873517-content\" class=\"accordion-inner\" style=\"display: block;\" aria-labelledby=\"accordion-2428873517-label\">\n\t\t\t\n<ul>\n<li>Isolants et exothermiques.<\/li>\n<li>Grande varit\u00e9 d\u2019\u00e9difices isolants et exothermiques pour la coulee en lingots.<\/li>\n<\/ul>\n\t\t<\/div>\n\t<\/div>\n\t\n\t<div id=\"accordion-1724991508\" class=\"accordion-item\">\n\t\t<a id=\"accordion-1724991508-label\" class=\"accordion-title plain\" href=\"#accordion-item-produits-de-couverture-isolants-et-exothermiques\" aria-expanded=\"false\" aria-controls=\"accordion-1724991508-content\">\n\t\t\t<button class=\"toggle\" aria-label=\"Basculer\"><i class=\"icon-angle-down\" aria-hidden=\"true\"><\/i><\/button>\n\t\t\t<span>Produits de couverture isolants et exothermiques<\/span>\n\t\t<\/a>\n\t\t<div id=\"accordion-1724991508-content\" class=\"accordion-inner\" aria-labelledby=\"accordion-1724991508-label\">\n\t\t\t\n<p><strong>De forme ( couvercles)<\/strong><br \/>Produits confectionn\u00e9s de diff\u00e9rentes g\u00e9om\u00e9tries<\/p>\n<p>          <strong>Poudres.<\/strong><br \/>Ajout\u00e9s juste apr\u00e8s la coul\u00e9e, ils garantissent une bonne alimentation en minimisant les retassures, ils permettent d&rsquo;obtenir des lingots sains.<\/p>\n\t\t<\/div>\n\t<\/div>\n\t\n\t<div id=\"accordion-1009097333\" class=\"accordion-item\">\n\t\t<a id=\"accordion-1009097333-label\" class=\"accordion-title plain\" href=\"#accordion-item-etanch\u00e9it\u00e9-de-plaque-de-base\" aria-expanded=\"false\" aria-controls=\"accordion-1009097333-content\">\n\t\t\t<button class=\"toggle\" aria-label=\"Basculer\"><i class=\"icon-angle-down\" aria-hidden=\"true\"><\/i><\/button>\n\t\t\t<span>Etanch\u00e9it\u00e9 de plaque de base<\/span>\n\t\t<\/a>\n\t\t<div id=\"accordion-1009097333-content\" class=\"accordion-inner\" aria-labelledby=\"accordion-1009097333-label\">\n\t\t\t\n<ul>\n<li>Joint d&rsquo;\u00e9tanch\u00e9it\u00e9 entre la plaque de base et la lingoti\u00e8re, minimisant les probl\u00e8mes de contamination introduits par l&rsquo;atmosph\u00e8re ainsi que les risques de fuite.<\/li>\n<li>Prolonge la dur\u00e9e de vie des plaques de vase et lingoti\u00e8res<\/li>\n<\/ul>\n\t\t<\/div>\n\t<\/div>\n\t\n\t<div id=\"accordion-2726357226\" class=\"accordion-item\">\n\t\t<a id=\"accordion-2726357226-label\" class=\"accordion-title plain\" href=\"#accordion-item-flux-lubrifiants\" aria-expanded=\"false\" aria-controls=\"accordion-2726357226-content\">\n\t\t\t<button class=\"toggle\" aria-label=\"Basculer\"><i class=\"icon-angle-down\" aria-hidden=\"true\"><\/i><\/button>\n\t\t\t<span>Flux lubrifiants<\/span>\n\t\t<\/a>\n\t\t<div id=\"accordion-2726357226-content\" class=\"accordion-inner\" aria-labelledby=\"accordion-2726357226-label\">\n\t\t\t\n<ul>\n<li>Poudres lubrifiantes permettant l\u2019obtention d\u2019une belle peau des lingots.\n<ul>\n<li>KOLAN 111-R<\/li>\n<li>KOLAN 963<\/li>\n<\/ul>\n<\/li>\n<\/ul>\n\t\t<\/div>\n\t<\/div>\n\t\n\t<div id=\"accordion-4217105980\" class=\"accordion-item\">\n\t\t<a id=\"accordion-4217105980-label\" class=\"accordion-title plain\" href=\"#accordion-item-ciments-r\u00e9fractaires\" aria-expanded=\"false\" aria-controls=\"accordion-4217105980-content\">\n\t\t\t<button class=\"toggle\" aria-label=\"Basculer\"><i class=\"icon-angle-down\" aria-hidden=\"true\"><\/i><\/button>\n\t\t\t<span>Ciments r\u00e9fractaires<\/span>\n\t\t<\/a>\n\t\t<div id=\"accordion-4217105980-content\" class=\"accordion-inner\" aria-labelledby=\"accordion-4217105980-label\">\n\t\t\t\n<p>Ciment pour jointoiement et ma\u00e7onnerie en general.<\/p>\n<p>          <strong>SIDERCOL 3<\/strong><br \/>Assemblage des pi\u00e8ces en silice et silico-alumineux<br \/>A base de silice. Prise \u00e0 l\u2019air <\/p>\n<p>          <strong>SIDERCOL 6<\/strong><br \/>Assemblage des pi\u00e8ces en r\u00e9fractaire haut-alumine (poches, busettes, \u2026)<br \/>70% Alumine, Prise \u00e0 froid.<\/p>\n<p>          <strong>SIDERCOL 611 \u2013P<\/strong><br \/>Mortier de reparation pour faibles \u00e9paisseurs dans les r\u00e9parteurs,<br \/>Fine granulom\u00e9trie. Application facile <\/p>\n<p>          <strong>SIDERCOL 620<\/strong><br \/>Colle pour busettes \u00e0 tiroir.<br \/>Utilisation jusqu\u2019\u00e0 1750\u00baC.<\/p>\n<p>          <strong>SIDERCOL 25 GA1<\/strong><br \/>Collage des busettes, et plaques<br \/>30% ciment. Evite l\u2019adh\u00e9rence.<\/p>\n<p>          <strong>SIDERCOL 26 ASG<\/strong><br \/>Assemblage des bouchons poreux<br \/>Grain fin, quick . Application ais\u00e9e et rapide<\/p>\n\t\t<\/div>\n\t<\/div>\n\t\n<\/div>\n\t\t<\/div>\n\t\t\t\t\t<\/div>\n\n\t\n\n\t<div id=\"col-1732965307\" class=\"col medium-6 small-12 large-6\"  >\n\t\t\t\t<div class=\"col-inner text-right\"  >\n\t\t\t\n\t\t\t\n\t<div class=\"img has-hover x md-x lg-x y md-y lg-y\" id=\"image_1607591345\">\n\t\t\t\t\t\t\t\t<div class=\"img-inner dark\" >\n\t\t\t<img loading=\"lazy\" decoding=\"async\" width=\"636\" height=\"417\" src=\"https:\/\/www.sqinsertec.com\/wp-content\/uploads\/Imagen7.png\" class=\"attachment-original size-original\" alt=\"Imagen7\" srcset=\"https:\/\/www.sqinsertec.com\/wp-content\/uploads\/Imagen7.png 636w, https:\/\/www.sqinsertec.com\/wp-content\/uploads\/Imagen7-300x197.png 300w\" sizes=\"auto, (max-width: 636px) 100vw, 636px\" \/>\t\t\t\t\t\t\n\t\t\t\t\t<\/div>\n\t\t\t\t\t\t\t\t\n<style>\n#image_1607591345 {\n  width: 100%;\n}\n<\/style>\n\t<\/div>\n\t\n\t\t<\/div>\n\t\t\t\t\t<\/div>\n\n\t\n<\/div>\n\t\t<\/div>\n\n\t\t\n<style>\n#section_594854138 {\n  padding-top: 0px;\n  padding-bottom: 0px;\n}\n<\/style>\n\t<\/section>\n\t\n\n\t<section class=\"section cc-block-2\" id=\"section_1122014323\">\n\t\t<div class=\"section-bg fill\" >\n\t\t\t\t\t\t\t\t\t\n\t\t\t\n\n\t\t<\/div>\n\n\t\t\n\n\t\t<div class=\"section-content relative\">\n\t\t\t\n<div class=\"row\"  id=\"row-1647622415\">\n\n\t<div id=\"col-1455343451\" class=\"col small-12 large-12\"  >\n\t\t\t\t<div class=\"col-inner\"  >\n\t\t\t\n\t\t\t\n<div class=\"container section-title-container\" ><h2 class=\"section-title section-title-center\"><b aria-hidden=\"true\"><\/b><span class=\"section-title-main\" >Masselottage<\/span><b aria-hidden=\"true\"><\/b><\/h2><\/div>\n\t\t<\/div>\n\t\t\t\t\t<\/div>\n\n\t\n<\/div>\n<div class=\"row\"  id=\"row-720245250\">\n\n\t<div id=\"col-1192025596\" class=\"col medium-6 small-12 large-6\"  >\n\t\t\t\t<div class=\"col-inner\"  >\n\t\t\t\n\t\t\t\n<h3>Produits de masselottage &#8211; ISOINGOT<\/h3>\n<p>Gr\u00e2ce \u00e0 leur pouvoir isolant, ces \u00e9difices de masselottage minimisent les retassures des lingots.\n<\/p>\n<ul class=\"arrow-list\">\n<li>Edifices isolants (plaques, coins, formes sp\u00e9ciales, bandes articul\u00e9es, etc..), de faible densit\u00e9 et bonne r\u00e9sistance.<\/li>\n<li>Destin\u00e9s \u00e0 tous types de lingoti\u00e8res et particuli\u00e8rement les plus grosses<\/li>\n<\/ul>\n\t\t<\/div>\n\t\t\t\t\t<\/div>\n\n\t\n\n\t<div id=\"col-1852773185\" class=\"col medium-6 small-12 large-6\"  >\n\t\t\t\t<div class=\"col-inner\"  >\n\t\t\t\n\t\t\t\n\t<div class=\"img has-hover x md-x lg-x y md-y lg-y\" id=\"image_437130087\">\n\t\t\t\t\t\t\t\t<div class=\"img-inner dark\" >\n\t\t\t<img loading=\"lazy\" decoding=\"async\" width=\"824\" height=\"566\" src=\"https:\/\/www.sqinsertec.com\/wp-content\/uploads\/ingots-1-1.png\" class=\"attachment-original size-original\" alt=\"Ingots 1\" srcset=\"https:\/\/www.sqinsertec.com\/wp-content\/uploads\/ingots-1-1.png 824w, https:\/\/www.sqinsertec.com\/wp-content\/uploads\/ingots-1-1-300x206.png 300w, https:\/\/www.sqinsertec.com\/wp-content\/uploads\/ingots-1-1-768x528.png 768w\" sizes=\"auto, (max-width: 824px) 100vw, 824px\" \/>\t\t\t\t\t\t\n\t\t\t\t\t<\/div>\n\t\t\t\t\t\t\t\t\n<style>\n#image_437130087 {\n  width: 100%;\n}\n<\/style>\n\t<\/div>\n\t\n\t\t<\/div>\n\t\t\t\t\t<\/div>\n\n\t\n<\/div>\n<div class=\"row\"  id=\"row-835554326\">\n\n\t<div id=\"col-2055199459\" class=\"col medium-6 small-12 large-6\"  >\n\t\t\t\t<div class=\"col-inner\"  >\n\t\t\t\n\t\t\t\n\t<div class=\"img has-hover x md-x lg-x y md-y lg-y\" id=\"image_379613507\">\n\t\t\t\t\t\t\t\t<div class=\"img-inner dark\" >\n\t\t\t<img loading=\"lazy\" decoding=\"async\" width=\"823\" height=\"535\" src=\"https:\/\/www.sqinsertec.com\/wp-content\/uploads\/ingots-2.png\" class=\"attachment-original size-original\" alt=\"Ingots 2\" srcset=\"https:\/\/www.sqinsertec.com\/wp-content\/uploads\/ingots-2.png 823w, https:\/\/www.sqinsertec.com\/wp-content\/uploads\/ingots-2-300x195.png 300w, https:\/\/www.sqinsertec.com\/wp-content\/uploads\/ingots-2-768x499.png 768w\" sizes=\"auto, (max-width: 823px) 100vw, 823px\" \/>\t\t\t\t\t\t\n\t\t\t\t\t<\/div>\n\t\t\t\t\t\t\t\t\n<style>\n#image_379613507 {\n  width: 100%;\n}\n<\/style>\n\t<\/div>\n\t\n\t\t<\/div>\n\t\t\t\t\t<\/div>\n\n\t\n\n\t<div id=\"col-895247097\" class=\"col medium-6 small-12 large-6\"  >\n\t\t\t\t<div class=\"col-inner\"  >\n\t\t\t\n\t\t\t\n<h3>Produits de masselottage &#8211; ISOINGOT L<\/h3>\n<p>Gr\u00e2ce \u00e0 leur pouvoir isolant, ces \u00e9difices de masselottage minimisent les retassures des lingots.<\/p>\n<ul class=\"arrow-list\">\n<li>\u00c9l\u00e9ments isolants, panneaux et formes sp\u00e9ciales \u00e0 faible densit\u00e9 offrant d\u2019excellentes performances d\u2019isolation.<\/li>\n<li>Destin\u00e9s aux lingoti\u00e8res de taille moyennes.<\/li>\n<\/ul>\n\t\t<\/div>\n\t\t\t\t\t<\/div>\n\n\t\n<\/div>\n<div class=\"row\"  id=\"row-80311168\">\n\n\t<div id=\"col-2111396262\" class=\"col medium-6 small-12 large-6\"  >\n\t\t\t\t<div class=\"col-inner\"  >\n\t\t\t\n\t\t\t\n<h3>Produits de masselottage- EXOINGOT<\/h3>\n<p>Gr\u00e2ce \u00e0 leur pouvoir isolant, ces \u00e9difices de masselottage minimisent les retassures des lingots.<\/p>\n<ul class=\"arrow-list\">\n<li>Edifices exothermiques et isolants ( plaques, formes sp\u00e9ciales, coins ,bandes articul\u00e9es,\u2026).<\/li>\n<li>Destin\u00e9s aux petites \u00e0 moyennes lingoti\u00e8res.<\/li>\n<\/ul>\n\t\t<\/div>\n\t\t\t\t\t<\/div>\n\n\t\n\n\t<div id=\"col-290725554\" class=\"col medium-6 small-12 large-6\"  >\n\t\t\t\t<div class=\"col-inner\"  >\n\t\t\t\n\t\t\t\n\t<div class=\"img has-hover x md-x lg-x y md-y lg-y\" id=\"image_704466392\">\n\t\t\t\t\t\t\t\t<div class=\"img-inner dark\" >\n\t\t\t<img loading=\"lazy\" decoding=\"async\" width=\"824\" height=\"566\" src=\"https:\/\/www.sqinsertec.com\/wp-content\/uploads\/ingots-1-1.png\" class=\"attachment-original size-original\" alt=\"Ingots 1\" srcset=\"https:\/\/www.sqinsertec.com\/wp-content\/uploads\/ingots-1-1.png 824w, https:\/\/www.sqinsertec.com\/wp-content\/uploads\/ingots-1-1-300x206.png 300w, https:\/\/www.sqinsertec.com\/wp-content\/uploads\/ingots-1-1-768x528.png 768w\" sizes=\"auto, (max-width: 824px) 100vw, 824px\" \/>\t\t\t\t\t\t\n\t\t\t\t\t<\/div>\n\t\t\t\t\t\t\t\t\n<style>\n#image_704466392 {\n  width: 100%;\n}\n<\/style>\n\t<\/div>\n\t\n\t\t<\/div>\n\t\t\t\t\t<\/div>\n\n\t\n<\/div>\n\t\t<\/div>\n\n\t\t\n<style>\n#section_1122014323 {\n  padding-top: 30px 0px;\n  padding-bottom: 30px 0px;\n}\n<\/style>\n\t<\/section>\n\t\n\n\t<section class=\"section cc-block-1\" id=\"section_1615166338\">\n\t\t<div class=\"section-bg fill\" >\n\t\t\t\t\t\t\t\t\t\n\t\t\t\n\n\t\t<\/div>\n\n\t\t\n\n\t\t<div class=\"section-content relative\">\n\t\t\t\n<div class=\"row\"  id=\"row-719879359\">\n\n\t<div id=\"col-2033638247\" class=\"col small-12 large-12\"  >\n\t\t\t\t<div class=\"col-inner\"  >\n\t\t\t\n\t\t\t\n<div class=\"container section-title-container\" ><h2 class=\"section-title section-title-center\"><b aria-hidden=\"true\"><\/b><span class=\"section-title-main\" >Produits anti-retassures<\/span><b aria-hidden=\"true\"><\/b><\/h2><\/div>\n\t\t<\/div>\n\t\t\t\t\t<\/div>\n\n\t\n<\/div>\n<div class=\"row\"  id=\"row-1880801632\">\n\n\t<div id=\"col-447351618\" class=\"col medium-6 small-12 large-6\"  >\n\t\t\t\t<div class=\"col-inner\"  >\n\t\t\t\n\t\t\t\n\t<div class=\"img has-hover x md-x lg-x y md-y lg-y\" id=\"image_55916093\">\n\t\t\t\t\t\t\t\t<div class=\"img-inner dark\" >\n\t\t\t<img loading=\"lazy\" decoding=\"async\" width=\"392\" height=\"504\" src=\"https:\/\/www.sqinsertec.com\/wp-content\/uploads\/ingots-dibujo.png\" class=\"attachment-original size-original\" alt=\"Ingots Dibujo\" srcset=\"https:\/\/www.sqinsertec.com\/wp-content\/uploads\/ingots-dibujo.png 392w, https:\/\/www.sqinsertec.com\/wp-content\/uploads\/ingots-dibujo-233x300.png 233w\" sizes=\"auto, (max-width: 392px) 100vw, 392px\" \/>\t\t\t\t\t\t\n\t\t\t\t\t<\/div>\n\t\t\t\t\t\t\t\t\n<style>\n#image_55916093 {\n  width: 45%;\n}\n<\/style>\n\t<\/div>\n\t\n\t\t<\/div>\n\t\t\t\t\t<\/div>\n\n\t\n\n\t<div id=\"col-378134838\" class=\"col medium-6 small-12 large-6\"  >\n\t\t\t\t<div class=\"col-inner\"  >\n\t\t\t\n\t\t\t\n<h3>INGOTERM LE-EX<\/h3>\n<p>\u00c9vite la perte de chaleur par la surface sup\u00e9rieure du lingot permet de minimiser le retrait et d&rsquo;obtenir des lingots de bonne qualit\u00e9.<\/p>\n<ul class=\"arrow-list\">\n<li>Poudre exothermique et \u00e0 bonne capacit\u00e9 isolante pour tous types de lingots.<\/li>\n<li>Ajout\u00e9 imm\u00e9diatement apr\u00e8s la coul\u00e9e, il prot\u00e9ge et isole parfaitement la surface sup\u00e9rieure du lingot.<\/li>\n<li>Permet l\u2019obtention de lingots sains avec un minimum de retrait.<\/li>\n<\/ul>\n\t\t<\/div>\n\t\t\t\t\t<\/div>\n\n\t\n<\/div>\n<div class=\"row\"  id=\"row-1851372093\">\n\n\t<div id=\"col-2070232156\" class=\"col medium-6 small-12 large-6\"  >\n\t\t\t\t<div class=\"col-inner\"  >\n\t\t\t\n\t\t\t\n<h3>EXOTOP<\/h3>\n<p>Plaques de formes particuli\u00e8res, \u00e9vitent la perte de chaleur par la surface sup\u00e9rieure du lingot permettent de minimiser le retrait et d&rsquo;obtenir des lingots de bonne qualit\u00e9.<\/p>\n<ul class=\"arrow-list\">\n<li>Plaques exothermiques et isolantes de forme particuli\u00e8re adapt\u00e9es \u00e0 la surface sup\u00e9rieure des lingots<\/li>\n<li>Ils prot\u00e9gent et isolent parfaitement la surface sup\u00e9rieure du lingot, permettant l\u2019obtention de lingots sains avec un minimum de retrait, ne fait pas de poussi\u00e8re.<\/li>\n<\/ul>\n\t\t<\/div>\n\t\t\t\t\t<\/div>\n\n\t\n\n\t<div id=\"col-95401771\" class=\"col medium-6 small-12 large-6\"  >\n\t\t\t\t<div class=\"col-inner\"  >\n\t\t\t\n\t\t\t\n\t<div class=\"img has-hover x md-x lg-x y md-y lg-y\" id=\"image_734461383\">\n\t\t\t\t\t\t\t\t<div class=\"img-inner dark\" >\n\t\t\t<img loading=\"lazy\" decoding=\"async\" width=\"496\" height=\"456\" src=\"https:\/\/www.sqinsertec.com\/wp-content\/uploads\/ingots-4-1.png\" class=\"attachment-original size-original\" alt=\"Ingots 4\" srcset=\"https:\/\/www.sqinsertec.com\/wp-content\/uploads\/ingots-4-1.png 496w, https:\/\/www.sqinsertec.com\/wp-content\/uploads\/ingots-4-1-300x276.png 300w\" sizes=\"auto, (max-width: 496px) 100vw, 496px\" \/>\t\t\t\t\t\t\n\t\t\t\t\t<\/div>\n\t\t\t\t\t\t\t\t\n<style>\n#image_734461383 {\n  width: 100%;\n}\n<\/style>\n\t<\/div>\n\t\n\t\t<\/div>\n\t\t\t\t\t<\/div>\n\n\t\n<\/div>\n<div class=\"row\"  id=\"row-1961377108\">\n\n\t<div id=\"col-79552992\" class=\"col medium-6 small-12 large-6\"  >\n\t\t\t\t<div class=\"col-inner\"  >\n\t\t\t\n\t\t\t\n\t<div id=\"text-765485203\" class=\"text\">\n\t\t\n<h3>Flux lubrifiants<\/h3>\n\t\t\n<style>\n#text-765485203 {\n  text-align: center;\n}\n<\/style>\n\t<\/div>\n\t\n<ul class=\"arrow-list\">\n<li>Ces poudres sont g\u00e9n\u00e9ralement plac\u00e9es dans un petit sac au fond de la lingoti\u00e8re avant la coul\u00e9e<\/li>\n<li>Elles commencent \u00e0 fondre, lubrifiant le m\u00e9nisque de l&rsquo;acier en fusion am\u00e9liorant ainsi l&rsquo;\u00e9tat de surface des lingots.<\/li>\n<\/ul>\n\t\t<\/div>\n\t\t\t\t\t<\/div>\n\n\t\n\n\t<div id=\"col-411080456\" class=\"col medium-6 small-12 large-6\"  >\n\t\t\t\t<div class=\"col-inner\"  >\n\t\t\t\n\t\t\t\n\t<div id=\"text-1455186500\" class=\"text\">\n\t\t\n<h3>Etanch\u00e9it\u00e9 de plaques de base &#8211; INGOBOT<\/h3>\n\t\t\n<style>\n#text-1455186500 {\n  text-align: center;\n}\n<\/style>\n\t<\/div>\n\t\n<p>Plaques pr\u00e9form\u00e9es plac\u00e9es entre la lingoti\u00e8re et la plaque de base pour \u00e9viter les bavures et les fuites d&rsquo;acier pendant la coul\u00e9e.<\/p>\n\n  \n    <div class=\"row large-columns-3 medium-columns- small-columns-2\" >\n  <div class=\"gallery-col col\" >\n          <div class=\"col-inner\">\n            <a class=\"image-lightbox lightbox-gallery\" href=\"https:\/\/www.sqinsertec.com\/wp-content\/uploads\/ingots-5.png\" title=\"Ingots 5\">            <div class=\"box has-hover gallery-box box-overlay dark\">\n              <div class=\"box-image\" >\n                <img loading=\"lazy\" decoding=\"async\" width=\"300\" height=\"242\" src=\"https:\/\/www.sqinsertec.com\/wp-content\/uploads\/ingots-5-300x242.png\" class=\"attachment-medium size-medium\" alt=\"Ingots 5\" ids=\"4166,4167\" lightbox_image_size=\"original\" columns=\"3\" text_hover=\"fade-in\" srcset=\"https:\/\/www.sqinsertec.com\/wp-content\/uploads\/ingots-5-300x242.png 300w, https:\/\/www.sqinsertec.com\/wp-content\/uploads\/ingots-5.png 525w\" sizes=\"auto, (max-width: 300px) 100vw, 300px\" \/>                                  <div class=\"overlay fill\"\n                      style=\"background-color: rgba(0,0,0,.15)\">\n                  <\/div>\n                                                              <\/div>\n              <div class=\"box-text show-on-hover hover-fade-in text-left\" >\n                 <p>Ingots 5<\/p>\n              <\/div>\n            <\/div>\n            <\/a>          <\/div>\n         <\/div><div class=\"gallery-col col\" >\n          <div class=\"col-inner\">\n            <a class=\"image-lightbox lightbox-gallery\" href=\"https:\/\/www.sqinsertec.com\/wp-content\/uploads\/ingots-6-1.png\" title=\"Ingots 6\">            <div class=\"box has-hover gallery-box box-overlay dark\">\n              <div class=\"box-image\" >\n                <img loading=\"lazy\" decoding=\"async\" width=\"300\" height=\"244\" src=\"https:\/\/www.sqinsertec.com\/wp-content\/uploads\/ingots-6-1-300x244.png\" class=\"attachment-medium size-medium\" alt=\"Ingots 6\" ids=\"4166,4167\" lightbox_image_size=\"original\" columns=\"3\" text_hover=\"fade-in\" srcset=\"https:\/\/www.sqinsertec.com\/wp-content\/uploads\/ingots-6-1-300x244.png 300w, https:\/\/www.sqinsertec.com\/wp-content\/uploads\/ingots-6-1.png 522w\" sizes=\"auto, (max-width: 300px) 100vw, 300px\" \/>                                  <div class=\"overlay fill\"\n                      style=\"background-color: rgba(0,0,0,.15)\">\n                  <\/div>\n                                                              <\/div>\n              <div class=\"box-text show-on-hover hover-fade-in text-left\" >\n                 <p>Ingots 6<\/p>\n              <\/div>\n            <\/div>\n            <\/a>          <\/div>\n         <\/div><\/div>\n\t\t<\/div>\n\t\t\t\t\t<\/div>\n\n\t\n<\/div>\n\t\t<\/div>\n\n\t\t\n<style>\n#section_1615166338 {\n  padding-top: 100px 0px;\n  padding-bottom: 100px 0px;\n  background-color: #f0f5fa;\n}\n<\/style>\n\t<\/section>\n\t\n\n\t<section class=\"section\" id=\"section_1866443418\">\n\t\t<div class=\"section-bg fill\" >\n\t\t\t\t\t\t\t\t\t\n\t\t\t\n\n\t\t<\/div>\n\n\t\t\n\n\t\t<div class=\"section-content relative\">\n\t\t\t\r\n\r\n<div class=\"row align-center\"  id=\"row-370839126\">\r\n\r\n\n\t<div id=\"col-1387550935\" class=\"col medium-6 large-6\"  >\n\t\t\t\t<div class=\"col-inner text-center\"  >\n\t\t\t\n\t\t\t\r\n\r\n\t<div id=\"text-358608525\" class=\"text\">\n\t\t\r\n\r\n<h2>D\u00e9couvrez SQ Insertec<\/h2>\r\n\t\t\n<style>\n#text-358608525 {\n  text-align: center;\n}\n<\/style>\n\t<\/div>\n\t\r\n\t<div id=\"text-3080077216\" class=\"text center-section\">\n\t\t\r\n\r\n<p>Contactez-nous et nous vous aiderons dans les plus brefs d\u00e9lais.\r\n<\/p>\r\n\t\t\t<\/div>\n\t\r\n<a data-animate=\"flipInX\" href=\"https:\/\/www.sqinsertec.com\/fr\/contactez-nous\/\" class=\"button primary is-primary\" >\n\t\t<span>Contactez-nous<\/span>\n\t<i class=\"icon-angle-right\" aria-hidden=\"true\"><\/i><\/a>\n\r\n\r\n\r\n\t\t<\/div>\n\t\t\t\t\t<\/div>\n\n\t\r\n\r\n<\/div>\r\n\r\n\t\t<\/div>\n\n\t\t\n<style>\n#section_1866443418 {\n  padding-top: 30px;\n  padding-bottom: 30px;\n  margin-bottom: 20px 0;\n}\n<\/style>\n\t<\/section>\n\t\n","protected":false},"excerpt":{"rendered":"","protected":false},"author":1,"featured_media":0,"parent":3864,"menu_order":0,"comment_status":"closed","ping_status":"closed","template":"","meta":{"inline_featured_image":false,"footnotes":""},"class_list":["post-4173","page","type-page","status-publish","hentry"],"_links":{"self":[{"href":"https:\/\/www.sqinsertec.com\/fr\/wp-json\/wp\/v2\/pages\/4173","targetHints":{"allow":["GET"]}}],"collection":[{"href":"https:\/\/www.sqinsertec.com\/fr\/wp-json\/wp\/v2\/pages"}],"about":[{"href":"https:\/\/www.sqinsertec.com\/fr\/wp-json\/wp\/v2\/types\/page"}],"author":[{"embeddable":true,"href":"https:\/\/www.sqinsertec.com\/fr\/wp-json\/wp\/v2\/users\/1"}],"replies":[{"embeddable":true,"href":"https:\/\/www.sqinsertec.com\/fr\/wp-json\/wp\/v2\/comments?post=4173"}],"version-history":[{"count":5,"href":"https:\/\/www.sqinsertec.com\/fr\/wp-json\/wp\/v2\/pages\/4173\/revisions"}],"predecessor-version":[{"id":4502,"href":"https:\/\/www.sqinsertec.com\/fr\/wp-json\/wp\/v2\/pages\/4173\/revisions\/4502"}],"up":[{"embeddable":true,"href":"https:\/\/www.sqinsertec.com\/fr\/wp-json\/wp\/v2\/pages\/3864"}],"wp:attachment":[{"href":"https:\/\/www.sqinsertec.com\/fr\/wp-json\/wp\/v2\/media?parent=4173"}],"curies":[{"name":"wp","href":"https:\/\/api.w.org\/{rel}","templated":true}]}}