{"id":4238,"date":"2026-02-03T21:56:42","date_gmt":"2026-02-03T20:56:42","guid":{"rendered":"https:\/\/www.sqinsertec.com\/nos-produits\/recaburant\/"},"modified":"2026-03-12T14:27:05","modified_gmt":"2026-03-12T13:27:05","slug":"recaburant","status":"publish","type":"page","link":"https:\/\/www.sqinsertec.com\/fr\/nos-produits\/recaburant\/","title":{"rendered":"Recarburant"},"content":{"rendered":"\n\t<section class=\"section\" id=\"section_264184701\">\n\t\t<div class=\"section-bg fill\" >\n\t\t\t\t\t\t\t\t\t\n\t\t\t\n\n\t\t<\/div>\n\n\t\t\n\n\t\t<div class=\"section-content relative\">\n\t\t\t\n<div class=\"row align-center\"  id=\"row-1478564990\">\n\n\t<div id=\"col-214019270\" class=\"col medium-10 large-10\"  >\n\t\t\t\t<div class=\"col-inner text-center\"  >\n\t\t\t\n\t\t\t\n<h1>Recarburant<\/h1>\n\t<div id=\"text-1958133959\" class=\"text\">\n\t\t\n<span><span><a href=\"https:\/\/www.sqinsertec.com\/fr\/\">SQInsertec<\/a><\/span><\/span>\n\t\t\n<style>\n#text-1958133959 {\n  font-size: 0.75rem;\n}\n<\/style>\n\t<\/div>\n\t\n\t\t<\/div>\n\t\t\t\t\t<\/div>\n\n\t\n\n<style>\n#row-1478564990 > .col > .col-inner {\n  padding: 0px 0px 0px 0px;\n}\n<\/style>\n<\/div>\n\t\t<\/div>\n\n\t\t\n<style>\n#section_264184701 {\n  padding-top: 0px;\n  padding-bottom: 0px;\n}\n<\/style>\n\t<\/section>\n\t\n\n\t<section class=\"section blanco\" id=\"section_600568532\">\n\t\t<div class=\"section-bg fill\" >\n\t\t\t<img loading=\"lazy\" decoding=\"async\" width=\"1591\" height=\"1080\" src=\"https:\/\/www.sqinsertec.com\/wp-content\/uploads\/finished-eight-cylinder-cylinder-blocks-made-of-ca-2022-10-28-22-12-59-utc-1.jpg\" class=\"bg attachment-original size-original\" alt=\"Finished Eight Cylinder Cylinder Blocks Made Of Cast Iron In The Workshop Of An Old Machine Building Plant\" \/>\t\t\t\t\t\t\n\t\t\t\n\n\t\t<\/div>\n\n\t\t\n\n\t\t<div class=\"section-content relative\">\n\t\t\t\n<div class=\"row align-middle align-center\"  id=\"row-33320869\">\n\n\t<div id=\"col-1067908977\" class=\"col text-center medium-6 large-6\"  >\n\t\t\t\t<div class=\"col-inner\"  >\n\t\t\t\n\t\t\t\n\t\t<\/div>\n\t\t\t\t\t<\/div>\n\n\t\n<\/div>\n\t\t<\/div>\n\n\t\t\n<style>\n#section_600568532 {\n  padding-top: 50px;\n  padding-bottom: 50px;\n}\n@media (min-width:550px) {\n  #section_600568532 {\n    padding-top: 70px;\n    padding-bottom: 70px;\n  }\n}\n@media (min-width:850px) {\n  #section_600568532 {\n    padding-top: 100px;\n    padding-bottom: 100px;\n  }\n}\n<\/style>\n\t<\/section>\n\t\n\n\t<section class=\"section dark\" id=\"section_274434614\">\n\t\t<div class=\"section-bg fill\" >\n\t\t\t\t\t\t\t\t\t\n\t\t\t\n\n\t\t<\/div>\n\n\t\t\n\n\t\t<div class=\"section-content relative\">\n\t\t\t\n<div class=\"row align-middle align-center\"  id=\"row-221931703\">\n\n\t<div id=\"col-2017189404\" class=\"col medium-4 large-4\"  >\n\t\t\t\t<div class=\"col-inner\"  >\n\t\t\t\n\t\t\t\n\t<div class=\"ux-menu stack stack-col justify-start ux-menu--divider-solid\">\n\t\t\n\t<div class=\"ux-menu-link flex menu-item\">\n\t\t<a class=\"ux-menu-link__link flex\" href=\"#JDZ-05\" >\n\t\t\t<i class=\"ux-menu-link__icon text-center icon-plus\" aria-hidden=\"true\"><\/i>\t\t\t<span class=\"ux-menu-link__text\">\n\t\t\t\tRecarburant JDZ-05\t\t\t<\/span>\n\t\t<\/a>\n\t<\/div>\n\t\n\t<div class=\"ux-menu-link flex menu-item\">\n\t\t<a class=\"ux-menu-link__link flex\" href=\"#JDZ-07-02\" >\n\t\t\t<i class=\"ux-menu-link__icon text-center icon-plus\" aria-hidden=\"true\"><\/i>\t\t\t<span class=\"ux-menu-link__text\">\n\t\t\t\tRecarburant JDZ-07-02\t\t\t<\/span>\n\t\t<\/a>\n\t<\/div>\n\t\n\t<div class=\"ux-menu-link flex menu-item\">\n\t\t<a class=\"ux-menu-link__link flex\" href=\"#JDZ-17\" >\n\t\t\t<i class=\"ux-menu-link__icon text-center icon-plus\" aria-hidden=\"true\"><\/i>\t\t\t<span class=\"ux-menu-link__text\">\n\t\t\t\tRecarburant JDZ-17\t\t\t<\/span>\n\t\t<\/a>\n\t<\/div>\n\t\n\t<div class=\"ux-menu-link flex menu-item\">\n\t\t<a class=\"ux-menu-link__link flex\" href=\"#JDZ-17-02\" >\n\t\t\t<i class=\"ux-menu-link__icon text-center icon-plus\" aria-hidden=\"true\"><\/i>\t\t\t<span class=\"ux-menu-link__text\">\n\t\t\t\tRecarburant JDZ-17-02\t\t\t<\/span>\n\t\t<\/a>\n\t<\/div>\n\t\n\t<div class=\"ux-menu-link flex menu-item\">\n\t\t<a class=\"ux-menu-link__link flex\" href=\"#JDZ-20\" >\n\t\t\t<i class=\"ux-menu-link__icon text-center icon-plus\" aria-hidden=\"true\"><\/i>\t\t\t<span class=\"ux-menu-link__text\">\n\t\t\t\tRecarburant JDZ-20\t\t\t<\/span>\n\t\t<\/a>\n\t<\/div>\n\t\n\t<\/div>\n\t\n\t\t<\/div>\n\t\t\t\t\t<\/div>\n\n\t\n<\/div>\n\t\t<\/div>\n\n\t\t\n<style>\n#section_274434614 {\n  padding-top: 20px;\n  padding-bottom: 20px;\n  background-color: #0e357a;\n}\n<\/style>\n\t<\/section>\n\t\n<span class=\"scroll-to\" data-label=\"Scroll to: #JDZ-05\" data-bullet=\"false\" data-link=\"#JDZ-05\" data-title=\"Change this\"><a name=\"JDZ-05\"><\/a><\/span>\n\n\t<section class=\"section\" id=\"section_67686057\">\n\t\t<div class=\"section-bg fill\" >\n\t\t\t\t\t\t\t\t\t\n\t\t\t\n\n\t\t<\/div>\n\n\t\t\n\n\t\t<div class=\"section-content relative\">\n\t\t\t\n<div class=\"row align-center\"  id=\"row-478566780\">\n\n\t<div id=\"col-1973990988\" class=\"col text-center medium-8 large-8\"  >\n\t\t\t\t<div class=\"col-inner\"  >\n\t\t\t\n\t\t\t\n<div class=\"container section-title-container\" ><h2 class=\"section-title section-title-center\"><b aria-hidden=\"true\"><\/b><span class=\"section-title-main\" >Recarburant JDZ-05<\/span><b aria-hidden=\"true\"><\/b><\/h2><\/div>\n<ul>\n<li>Produit \u00e0 partir de coke spongieux de haute qualit\u00e9 et soumis \u00e0 un processus de calcination \u00e0 1350 \u00b0C, garantissant une puret\u00e9 exceptionnelle.<\/li>\n<li>Am\u00e9liore les propri\u00e9t\u00e9s m\u00e9caniques des pi\u00e8ces moul\u00e9es tout en r\u00e9duisant le recours aux alliages.<\/li>\n<li>Assure un contr\u00f4le pr\u00e9cis et rigoureux de la teneur en azote.<\/li>\n<\/ul>\n\t\t<\/div>\n\t\t\t\t\t<\/div>\n\n\t\n<\/div>\n<div class=\"row\"  id=\"row-2108104406\">\n\n\t<div id=\"col-924954713\" class=\"col medium-3 large-3\"  >\n\t\t\t\t<div class=\"col-inner\"  >\n\t\t\t\n\t\t\t\n\t<div class=\"img has-hover x md-x lg-x y md-y lg-y\" id=\"image_2089763532\">\n\t\t\t\t\t\t\t\t<div class=\"img-inner dark\" >\n\t\t\t<img loading=\"lazy\" decoding=\"async\" width=\"221\" height=\"216\" src=\"https:\/\/www.sqinsertec.com\/wp-content\/uploads\/jdz-05.jpg\" class=\"attachment-original size-original\" alt=\"Jdz 05\" \/>\t\t\t\t\t\t\n\t\t\t\t\t<\/div>\n\t\t\t\t\t\t\t\t\n<style>\n#image_2089763532 {\n  width: 100%;\n}\n<\/style>\n\t<\/div>\n\t\n\t\t<\/div>\n\t\t\t\t\t<\/div>\n\n\t\n\n\t<div id=\"col-840253213\" class=\"col medium-9 large-9\"  >\n\t\t\t\t<div class=\"col-inner\"  >\n\t\t\t\n\t\t\t\n<div class=\"container section-title-container\" ><h4 class=\"section-title section-title-normal\"><b aria-hidden=\"true\"><\/b><span class=\"section-title-main\" >Domaines d\u2019application<\/span><b aria-hidden=\"true\"><\/b><\/h4><\/div>\n<ul class=\"arrow-list\">\n<li>Pi\u00e8ces en fonte grise, blocs et culasses de moteur, machines-outils, disques de frein, etc.\n<\/li>\n<\/ul>\n<div class=\"container section-title-container\" ><h4 class=\"section-title section-title-normal\"><b aria-hidden=\"true\"><\/b><span class=\"section-title-main\" >Sp\u00e9cifications<\/span><b aria-hidden=\"true\"><\/b><\/h4><\/div>\n\n<table width=\"100%\">\n<tbody>\n<tr>\n<th>Carbone fixe<\/th>\n<th>Cendres<\/th>\n<th>Mati\u00e8res volatiles<\/th>\n<th>Humidit\u00e9<\/th>\n<th>Soufre<\/th>\n<th>Azote<\/th>\n<\/tr>\n<tr>\n<td>\u226598.5%<\/td>\n<td>\u22640.8%<\/td>\n<td>\u22640.7%<\/td>\n<td>\u22640.5%<\/td>\n<td>\u22641.5%<\/td>\n<td>\u22648000ppm<\/td>\n<\/tr>\n<\/tbody>\n<\/table>\n\n<div class=\"container section-title-container\" ><h4 class=\"section-title section-title-normal\"><b aria-hidden=\"true\"><\/b><span class=\"section-title-main\" >Sizing<\/span><b aria-hidden=\"true\"><\/b><\/h4><\/div>\n<p>1-5mm, 70% within 2-4mm<\/p>\n\t\t<\/div>\n\t\t\t\t\t<\/div>\n\n\t\n<\/div>\n\t\t<\/div>\n\n\t\t\n<style>\n#section_67686057 {\n  padding-top: 30px;\n  padding-bottom: 30px;\n}\n<\/style>\n\t<\/section>\n\t\n<span class=\"scroll-to\" data-label=\"Scroll to: #JDZ-07-02\" data-bullet=\"false\" data-link=\"#JDZ-07-02\" data-title=\"Change this\"><a name=\"JDZ-07-02\"><\/a><\/span>\n\n\t<section class=\"section\" id=\"section_1299303726\">\n\t\t<div class=\"section-bg fill\" >\n\t\t\t\t\t\t\t\t\t\n\t\t\t\n\n\t\t<\/div>\n\n\t\t\n\n\t\t<div class=\"section-content relative\">\n\t\t\t\n<div class=\"row align-center\"  id=\"row-1083963346\">\n\n\t<div id=\"col-1701159781\" class=\"col medium-8 large-8\"  >\n\t\t\t\t<div class=\"col-inner\"  >\n\t\t\t\n\t\t\t\n<div class=\"container section-title-container\" ><h2 class=\"section-title section-title-center\"><b aria-hidden=\"true\"><\/b><span class=\"section-title-main\" >Recarburant JDZ-07-02<\/span><b aria-hidden=\"true\"><\/b><\/h2><\/div>\n<ul>\n<li>Fabriqu\u00e9 \u00e0 partir de coke spongieux de haute qualit\u00e9, \u00e0 texture dure, am\u00e9liorant significativement la r\u00e9sistance des pi\u00e8ces en fonte grise.<\/li>\n<li>Degr\u00e9 de graphitisation \u00e9lev\u00e9 et faible teneur en impuret\u00e9s.<\/li>\n<li>Contr\u00f4le stable de la teneur en azote \u00e0 l\u2019aide d\u2019un analyseur LECO d\u2019oxyg\u00e8ne et d\u2019azote.<\/li>\n<li>Am\u00e9liore les propri\u00e9t\u00e9s m\u00e9caniques des pi\u00e8ces moul\u00e9es tout en r\u00e9duisant la d\u00e9pendance aux alliages.<\/li>\n<\/ul>\n\t\t<\/div>\n\t\t\t\t\t<\/div>\n\n\t\n<\/div>\n<div class=\"row\"  id=\"row-1254540419\">\n\n\t<div id=\"col-1558105439\" class=\"col medium-3 large-3\"  >\n\t\t\t\t<div class=\"col-inner\"  >\n\t\t\t\n\t\t\t\n\t<div class=\"img has-hover x md-x lg-x y md-y lg-y\" id=\"image_489264759\">\n\t\t\t\t\t\t\t\t<div class=\"img-inner dark\" >\n\t\t\t<img loading=\"lazy\" decoding=\"async\" width=\"225\" height=\"224\" src=\"https:\/\/www.sqinsertec.com\/wp-content\/uploads\/jdz-07-02-1.jpg\" class=\"attachment-original size-original\" alt=\"Jdz 07 02\" srcset=\"https:\/\/www.sqinsertec.com\/wp-content\/uploads\/jdz-07-02-1.jpg 225w, https:\/\/www.sqinsertec.com\/wp-content\/uploads\/jdz-07-02-1-150x150.jpg 150w\" sizes=\"auto, (max-width: 225px) 100vw, 225px\" \/>\t\t\t\t\t\t\n\t\t\t\t\t<\/div>\n\t\t\t\t\t\t\t\t\n<style>\n#image_489264759 {\n  width: 100%;\n}\n<\/style>\n\t<\/div>\n\t\n\t\t<\/div>\n\t\t\t\t\t<\/div>\n\n\t\n\n\t<div id=\"col-289479058\" class=\"col medium-9 large-9\"  >\n\t\t\t\t<div class=\"col-inner\"  >\n\t\t\t\n\t\t\t\n<div class=\"container section-title-container\" ><h4 class=\"section-title section-title-normal\"><b aria-hidden=\"true\"><\/b><span class=\"section-title-main\" >Domaines d\u2019application<\/span><b aria-hidden=\"true\"><\/b><\/h4><\/div>\n<ul class=\"arrow-list\">\n<li>Blocs et culasses de moteur, machines-outils, disques de frein et autres pi\u00e8ces en fonte grise pr\u00e9sentant des exigences strictes en mati\u00e8re de propri\u00e9t\u00e9s m\u00e9caniques.<\/li>\n<\/ul>\n<div class=\"container section-title-container\" ><h4 class=\"section-title section-title-normal\"><b aria-hidden=\"true\"><\/b><span class=\"section-title-main\" >Sp\u00e9cifications<\/span><b aria-hidden=\"true\"><\/b><\/h4><\/div>\n\n<table width=\"100%\">\n<tbody>\n<tr>\n<th>Carbone fixe<\/th>\n<th>Cendres<\/th>\n<th>Mati\u00e8res volatiles<\/th>\n<th>Humidit\u00e9<\/th>\n<th>Soufre<\/th>\n<th>Azote<\/th>\n<\/tr>\n<tr>\n<td>\u226599%<\/td>\n<td>\u22640.5%<\/td>\n<td>\u22640.5%<\/td>\n<td>\u22640.1%<\/td>\n<td>\u22640.03%<\/td>\n<td>\u2264100ppm<\/td>\n<\/tr>\n<\/tbody>\n<\/table>\n\n<div class=\"container section-title-container\" ><h4 class=\"section-title section-title-normal\"><b aria-hidden=\"true\"><\/b><span class=\"section-title-main\" >Sizing<\/span><b aria-hidden=\"true\"><\/b><\/h4><\/div>\n<p>1-5mm, 70% within 2-4mm\n<\/p>\n\t\t<\/div>\n\t\t\t\t\t<\/div>\n\n\t\n<\/div>\n\t\t<\/div>\n\n\t\t\n<style>\n#section_1299303726 {\n  padding-top: 30px;\n  padding-bottom: 30px;\n  background-color: rgb(240, 245, 250);\n}\n<\/style>\n\t<\/section>\n\t\n<span class=\"scroll-to\" data-label=\"Scroll to: #JDZ-17\" data-bullet=\"false\" data-link=\"#JDZ-17\" data-title=\"Change this\"><a name=\"JDZ-17\"><\/a><\/span>\n\n\t<section class=\"section\" id=\"section_566693794\">\n\t\t<div class=\"section-bg fill\" >\n\t\t\t\t\t\t\t\t\t\n\t\t\t\n\n\t\t<\/div>\n\n\t\t\n\n\t\t<div class=\"section-content relative\">\n\t\t\t\n<div class=\"row align-center\"  id=\"row-1696587201\">\n\n\t<div id=\"col-1389540908\" class=\"col text-center medium-8 large-8\"  >\n\t\t\t\t<div class=\"col-inner\"  >\n\t\t\t\n\t\t\t\n<div class=\"container section-title-container\" ><h2 class=\"section-title section-title-center\"><b aria-hidden=\"true\"><\/b><span class=\"section-title-main\" >Recarburant JDZ-17<\/span><b aria-hidden=\"true\"><\/b><\/h2><\/div>\n<ul>\n<li>Fabriqu\u00e9 \u00e0 partir de coke spongieux de haute qualit\u00e9, \u00e0 structure de grain poreuse, \u00e0 dissolution rapide et \u00e0 taux d\u2019absorption \u00e9lev\u00e9 (\u2265 92 %)<\/li>\n<li>Degr\u00e9 de graphitisation \u00e9lev\u00e9 et faible teneur en impuret\u00e9s<\/li>\n<li>Granulom\u00e9tries homog\u00e8nes<\/li>\n<li>Taux de carburisation stable<\/li>\n<\/ul>\n\t\t<\/div>\n\t\t\t\t\t<\/div>\n\n\t\n<\/div>\n<div class=\"row\"  id=\"row-368974199\">\n\n\t<div id=\"col-1615910906\" class=\"col medium-3 large-3\"  >\n\t\t\t\t<div class=\"col-inner\"  >\n\t\t\t\n\t\t\t\n\t<div class=\"img has-hover x md-x lg-x y md-y lg-y\" id=\"image_1003263581\">\n\t\t\t\t\t\t\t\t<div class=\"img-inner dark\" >\n\t\t\t<img loading=\"lazy\" decoding=\"async\" width=\"221\" height=\"216\" src=\"https:\/\/www.sqinsertec.com\/wp-content\/uploads\/jdz-17.jpg\" class=\"attachment-original size-original\" alt=\"Jdz 17\" \/>\t\t\t\t\t\t\n\t\t\t\t\t<\/div>\n\t\t\t\t\t\t\t\t\n<style>\n#image_1003263581 {\n  width: 100%;\n}\n<\/style>\n\t<\/div>\n\t\n\t\t<\/div>\n\t\t\t\t\t<\/div>\n\n\t\n\n\t<div id=\"col-395223630\" class=\"col medium-9 large-9\"  >\n\t\t\t\t<div class=\"col-inner\"  >\n\t\t\t\n\t\t\t\n<div class=\"container section-title-container\" ><h4 class=\"section-title section-title-normal\"><b aria-hidden=\"true\"><\/b><span class=\"section-title-main\" >Domaines d\u2019application<\/span><b aria-hidden=\"true\"><\/b><\/h4><\/div>\n<ul class=\"arrow-list\">\n<li>Adapt\u00e9 \u00e0 une large gamme de pi\u00e8ces moul\u00e9es de haute qualit\u00e9, notamment de grands composants d\u2019\u00e9oliennes, des pi\u00e8ces hydrauliques, des pi\u00e8ces utilis\u00e9es dans les applications ferroviaires \u00e0 grande vitesse, des collecteurs d\u2019\u00e9chappement, des cylindres et blocs moteur, ainsi que divers composants automobiles, entre autres.<\/li>\n<\/ul>\n<div class=\"container section-title-container\" ><h4 class=\"section-title section-title-normal\"><b aria-hidden=\"true\"><\/b><span class=\"section-title-main\" >Sp\u00e9cifications<\/span><b aria-hidden=\"true\"><\/b><\/h4><\/div>\n\n<table width=\"100%\">\n<tbody>\n<tr>\n<th>Carbone fixe<\/th>\n<th>Cendres<\/th>\n<th>Mati\u00e8res volatiles<\/th>\n<th>Humidit\u00e9<\/th>\n<th>Soufre<\/th>\n<th>Azote<\/th>\n<\/tr>\n<tr>\n<td>\u226599%<\/td>\n<td>\u22640.5%<\/td>\n<td>\u22640.5%<\/td>\n<td>\u22640.1%<\/td>\n<td>\u22640.03%<\/td>\n<td>\u2264100ppm<\/td>\n<\/tr>\n<\/tbody>\n<\/table>\n\n<div class=\"container section-title-container\" ><h4 class=\"section-title section-title-normal\"><b aria-hidden=\"true\"><\/b><span class=\"section-title-main\" >Sizing<\/span><b aria-hidden=\"true\"><\/b><\/h4><\/div>\n<p>1-5mm, 60% with 3mm\n<\/p>\n\t\t<\/div>\n\t\t\t\t\t<\/div>\n\n\t\n<\/div>\n\t\t<\/div>\n\n\t\t\n<style>\n#section_566693794 {\n  padding-top: 30px;\n  padding-bottom: 30px;\n}\n<\/style>\n\t<\/section>\n\t\n<span class=\"scroll-to\" data-label=\"Scroll to: #JDZ-17-02\" data-bullet=\"false\" data-link=\"#JDZ-17-02\" data-title=\"Change this\"><a name=\"JDZ-17-02\"><\/a><\/span>\n\n\t<section class=\"section\" id=\"section_78772512\">\n\t\t<div class=\"section-bg fill\" >\n\t\t\t\t\t\t\t\t\t\n\t\t\t\n\n\t\t<\/div>\n\n\t\t\n\n\t\t<div class=\"section-content relative\">\n\t\t\t\n<div class=\"row align-center\"  id=\"row-1874094508\">\n\n\t<div id=\"col-859158098\" class=\"col medium-8 large-8\"  >\n\t\t\t\t<div class=\"col-inner\"  >\n\t\t\t\n\t\t\t\n<div class=\"container section-title-container\" ><h2 class=\"section-title section-title-center\"><b aria-hidden=\"true\"><\/b><span class=\"section-title-main\" >Recarburant JDZ-17-02<\/span><b aria-hidden=\"true\"><\/b><\/h2><\/div>\n<ul>\n<li>Issu de coke spongieux de haute qualit\u00e9, caract\u00e9ris\u00e9 par une structure de grain poreuse, une dissolution rapide et un excellent taux d\u2019absorption (\u2265 85 %).<\/li>\n<li>Faible teneur en soufre.<\/li>\n<li>Pr\u00e9sente un effet de pr\u00e9traitement sur la fonte en fusion.<\/li>\n<\/ul>\n\t\t<\/div>\n\t\t\t\t\t<\/div>\n\n\t\n<\/div>\n<div class=\"row\"  id=\"row-607027944\">\n\n\t<div id=\"col-1696279766\" class=\"col medium-3 large-3\"  >\n\t\t\t\t<div class=\"col-inner\"  >\n\t\t\t\n\t\t\t\n\t<div class=\"img has-hover x md-x lg-x y md-y lg-y\" id=\"image_647517760\">\n\t\t\t\t\t\t\t\t<div class=\"img-inner dark\" >\n\t\t\t<img loading=\"lazy\" decoding=\"async\" width=\"223\" height=\"198\" src=\"https:\/\/www.sqinsertec.com\/wp-content\/uploads\/jdz-17-02-1.jpg\" class=\"attachment-original size-original\" alt=\"Jdz 17 02\" \/>\t\t\t\t\t\t\n\t\t\t\t\t<\/div>\n\t\t\t\t\t\t\t\t\n<style>\n#image_647517760 {\n  width: 100%;\n}\n<\/style>\n\t<\/div>\n\t\n\t\t<\/div>\n\t\t\t\t\t<\/div>\n\n\t\n\n\t<div id=\"col-512719839\" class=\"col medium-9 large-9\"  >\n\t\t\t\t<div class=\"col-inner\"  >\n\t\t\t\n\t\t\t\n<div class=\"container section-title-container\" ><h4 class=\"section-title section-title-normal\"><b aria-hidden=\"true\"><\/b><span class=\"section-title-main\" >Domaines d\u2019application<\/span><b aria-hidden=\"true\"><\/b><\/h4><\/div>\n<ul class=\"arrow-list\">\n<li>Adapt\u00e9 \u00e0 une large gamme de pi\u00e8ces moul\u00e9es de haute qualit\u00e9, notamment de grands composants d\u2019\u00e9oliennes, des pi\u00e8ces hydrauliques, des pi\u00e8ces utilis\u00e9es dans les applications ferroviaires \u00e0 grande vitesse, des collecteurs d\u2019\u00e9chappement, des cylindres et blocs moteur, ainsi que divers composants automobiles, entre autres.<\/li>\n<\/ul>\n<div class=\"container section-title-container\" ><h4 class=\"section-title section-title-normal\"><b aria-hidden=\"true\"><\/b><span class=\"section-title-main\" >Sp\u00e9cifications<\/span><b aria-hidden=\"true\"><\/b><\/h4><\/div>\n\n<table width=\"100%\">\n<tbody>\n<tr>\n<th>Carbone fixe<\/th>\n<th>Cendres<\/th>\n<th>Mati\u00e8res volatiles<\/th>\n<th>Humidit\u00e9<\/th>\n<th>Soufre<\/th>\n<th>Azote<\/th>\n<\/tr>\n<tr>\n<td>\u226598.5%<\/td>\n<td>\u22640.8%<\/td>\n<td>\u22640.7%<\/td>\n<td>\u22640.1%<\/td>\n<td>\u22640.04%<\/td>\n<td>\u2264200ppm<\/td>\n<\/tr>\n<\/tbody>\n<\/table>\n\n<div class=\"container section-title-container\" ><h4 class=\"section-title section-title-normal\"><b aria-hidden=\"true\"><\/b><span class=\"section-title-main\" >Sizing<\/span><b aria-hidden=\"true\"><\/b><\/h4><\/div>\n<p>0.2-1mm<\/p>\n\t\t<\/div>\n\t\t\t\t\t<\/div>\n\n\t\n<\/div>\n\t\t<\/div>\n\n\t\t\n<style>\n#section_78772512 {\n  padding-top: 30px;\n  padding-bottom: 30px;\n  background-color: rgb(240, 245, 250);\n}\n<\/style>\n\t<\/section>\n\t\n<span class=\"scroll-to\" data-label=\"Scroll to: #JDZ-20\" data-bullet=\"false\" data-link=\"#JDZ-20\" data-title=\"Change this\"><a name=\"JDZ-20\"><\/a><\/span>\n\n\t<section class=\"section\" id=\"section_1147488297\">\n\t\t<div class=\"section-bg fill\" >\n\t\t\t\t\t\t\t\t\t\n\t\t\t\n\n\t\t<\/div>\n\n\t\t\n\n\t\t<div class=\"section-content relative\">\n\t\t\t\n<div class=\"row align-center\"  id=\"row-384638877\">\n\n\t<div id=\"col-1928097250\" class=\"col text-center medium-8 large-8\"  >\n\t\t\t\t<div class=\"col-inner\"  >\n\t\t\t\n\t\t\t\n<div class=\"container section-title-container\" ><h2 class=\"section-title section-title-center\"><b aria-hidden=\"true\"><\/b><span class=\"section-title-main\" >Recarburant JDZ-20<\/span><b aria-hidden=\"true\"><\/b><\/h2><\/div>\n<ul>\n<li>Fabriqu\u00e9 \u00e0 partir de coke spongieux de haute qualit\u00e9, \u00e0 structure de grain poreuse, \u00e0 dissolution rapide et \u00e0 taux d\u2019absorption \u00e9lev\u00e9 (\u2265 90 %).<\/li>\n<li>Faible teneur en soufre.<\/li>\n<li>Granulom\u00e9trie uniforme avec un taux de carburisation stable<\/li>\n<\/ul>\n\t\t<\/div>\n\t\t\t\t\t<\/div>\n\n\t\n<\/div>\n<div class=\"row\"  id=\"row-6274875\">\n\n\t<div id=\"col-1825793630\" class=\"col medium-3 large-3\"  >\n\t\t\t\t<div class=\"col-inner\"  >\n\t\t\t\n\t\t\t\n\t<div class=\"img has-hover x md-x lg-x y md-y lg-y\" id=\"image_615110724\">\n\t\t\t\t\t\t\t\t<div class=\"img-inner dark\" >\n\t\t\t<img loading=\"lazy\" decoding=\"async\" width=\"222\" height=\"187\" src=\"https:\/\/www.sqinsertec.com\/wp-content\/uploads\/jdz-20-1.jpg\" class=\"attachment-original size-original\" alt=\"Jdz 20\" \/>\t\t\t\t\t\t\n\t\t\t\t\t<\/div>\n\t\t\t\t\t\t\t\t\n<style>\n#image_615110724 {\n  width: 100%;\n}\n<\/style>\n\t<\/div>\n\t\n\t\t<\/div>\n\t\t\t\t\t<\/div>\n\n\t\n\n\t<div id=\"col-1074257440\" class=\"col medium-9 large-9\"  >\n\t\t\t\t<div class=\"col-inner\"  >\n\t\t\t\n\t\t\t\n<div class=\"container section-title-container\" ><h4 class=\"section-title section-title-normal\"><b aria-hidden=\"true\"><\/b><span class=\"section-title-main\" >Domaines d\u2019application<\/span><b aria-hidden=\"true\"><\/b><\/h4><\/div>\n<ul class=\"arrow-list\">\n<li>Largement utilis\u00e9 dans les composants en fonte GS et en fonte grise, notamment les blocs et culasses de moteur, les machines-outils, les disques de frein et les carters de turbocompresseurs.<\/li>\n<\/ul>\n<div class=\"container section-title-container\" ><h4 class=\"section-title section-title-normal\"><b aria-hidden=\"true\"><\/b><span class=\"section-title-main\" >Sp\u00e9cifications<\/span><b aria-hidden=\"true\"><\/b><\/h4><\/div>\n\n<table width=\"100%\">\n<tbody>\n<tr>\n<th>Carbone fixe<\/th>\n<th>Cendres<\/th>\n<th>Mati\u00e8res volatiles<\/th>\n<th>Humidit\u00e9<\/th>\n<th>Soufre<\/th>\n<th>Azote<\/th>\n<\/tr>\n<tr>\n<td>\u226598.5%<\/td>\n<td>\u22640.8%<\/td>\n<td>\u22640.7%<\/td>\n<td>\u22640.1%<\/td>\n<td>\u22640.1%<\/td>\n<td>\u2264800ppm<\/td>\n<\/tr>\n<\/tbody>\n<\/table>\n\n<div class=\"container section-title-container\" ><h4 class=\"section-title section-title-normal\"><b aria-hidden=\"true\"><\/b><span class=\"section-title-main\" >Sizing<\/span><b aria-hidden=\"true\"><\/b><\/h4><\/div>\n<p>1-5mm, 70% within 3-4mm\n<\/p>\n\t\t<\/div>\n\t\t\t\t\t<\/div>\n\n\t\n<\/div>\n\t\t<\/div>\n\n\t\t\n<style>\n#section_1147488297 {\n  padding-top: 30px;\n  padding-bottom: 30px;\n}\n<\/style>\n\t<\/section>\n\t\n\n\t<section class=\"section\" id=\"section_433078847\">\n\t\t<div class=\"section-bg fill\" >\n\t\t\t\t\t\t\t\t\t\n\t\t\t\n\n\t\t<\/div>\n\n\t\t\n\n\t\t<div class=\"section-content relative\">\n\t\t\t\r\n\r\n<div class=\"row align-center\"  id=\"row-833600675\">\r\n\r\n\n\t<div id=\"col-2107736945\" class=\"col medium-6 large-6\"  >\n\t\t\t\t<div class=\"col-inner text-center\"  >\n\t\t\t\n\t\t\t\r\n\r\n\t<div id=\"text-2530194567\" class=\"text\">\n\t\t\r\n\r\n<h2>D\u00e9couvrez SQ Insertec<\/h2>\r\n\t\t\n<style>\n#text-2530194567 {\n  text-align: center;\n}\n<\/style>\n\t<\/div>\n\t\r\n\t<div id=\"text-1161383357\" class=\"text center-section\">\n\t\t\r\n\r\n<p>Contactez-nous et nous vous aiderons dans les plus brefs d\u00e9lais.\r\n<\/p>\r\n\t\t\t<\/div>\n\t\r\n<a data-animate=\"flipInX\" href=\"https:\/\/www.sqinsertec.com\/fr\/contactez-nous\/\" class=\"button primary is-primary\" >\n\t\t<span>Contactez-nous<\/span>\n\t<i class=\"icon-angle-right\" aria-hidden=\"true\"><\/i><\/a>\n\r\n\r\n\r\n\t\t<\/div>\n\t\t\t\t\t<\/div>\n\n\t\r\n\r\n<\/div>\r\n\r\n\t\t<\/div>\n\n\t\t\n<style>\n#section_433078847 {\n  padding-top: 30px;\n  padding-bottom: 30px;\n  margin-bottom: 20px 0;\n}\n<\/style>\n\t<\/section>\n\t\n","protected":false},"excerpt":{"rendered":"","protected":false},"author":1,"featured_media":0,"parent":3864,"menu_order":0,"comment_status":"closed","ping_status":"closed","template":"","meta":{"inline_featured_image":false,"footnotes":""},"class_list":["post-4238","page","type-page","status-publish","hentry"],"_links":{"self":[{"href":"https:\/\/www.sqinsertec.com\/fr\/wp-json\/wp\/v2\/pages\/4238","targetHints":{"allow":["GET"]}}],"collection":[{"href":"https:\/\/www.sqinsertec.com\/fr\/wp-json\/wp\/v2\/pages"}],"about":[{"href":"https:\/\/www.sqinsertec.com\/fr\/wp-json\/wp\/v2\/types\/page"}],"author":[{"embeddable":true,"href":"https:\/\/www.sqinsertec.com\/fr\/wp-json\/wp\/v2\/users\/1"}],"replies":[{"embeddable":true,"href":"https:\/\/www.sqinsertec.com\/fr\/wp-json\/wp\/v2\/comments?post=4238"}],"version-history":[{"count":5,"href":"https:\/\/www.sqinsertec.com\/fr\/wp-json\/wp\/v2\/pages\/4238\/revisions"}],"predecessor-version":[{"id":4522,"href":"https:\/\/www.sqinsertec.com\/fr\/wp-json\/wp\/v2\/pages\/4238\/revisions\/4522"}],"up":[{"embeddable":true,"href":"https:\/\/www.sqinsertec.com\/fr\/wp-json\/wp\/v2\/pages\/3864"}],"wp:attachment":[{"href":"https:\/\/www.sqinsertec.com\/fr\/wp-json\/wp\/v2\/media?parent=4238"}],"curies":[{"name":"wp","href":"https:\/\/api.w.org\/{rel}","templated":true}]}}