{"id":4252,"date":"2026-02-03T21:57:32","date_gmt":"2026-02-03T20:57:32","guid":{"rendered":"https:\/\/www.sqinsertec.com\/nos-produits\/carbure-de-silicium\/"},"modified":"2026-03-12T14:01:21","modified_gmt":"2026-03-12T13:01:21","slug":"carbure-de-silicium","status":"publish","type":"page","link":"https:\/\/www.sqinsertec.com\/fr\/nos-produits\/carbure-de-silicium\/","title":{"rendered":"Carbure de silicium"},"content":{"rendered":"\n\t<section class=\"section\" id=\"section_640760053\">\n\t\t<div class=\"section-bg fill\" >\n\t\t\t\t\t\t\t\t\t\n\t\t\t\n\n\t\t<\/div>\n\n\t\t\n\n\t\t<div class=\"section-content relative\">\n\t\t\t\n<div class=\"row align-center\"  id=\"row-766061035\">\n\n\t<div id=\"col-1357153380\" class=\"col medium-10 large-10\"  >\n\t\t\t\t<div class=\"col-inner text-center\"  >\n\t\t\t\n\t\t\t\n<h1>Carbure de silicium<\/h1>\n\t<div id=\"text-37260612\" class=\"text\">\n\t\t\n<span><span><a href=\"https:\/\/www.sqinsertec.com\/fr\/\">SQInsertec<\/a><\/span><\/span>\n\t\t\n<style>\n#text-37260612 {\n  font-size: 0.75rem;\n}\n<\/style>\n\t<\/div>\n\t\n\t\t<\/div>\n\t\t\t\t\t<\/div>\n\n\t\n\n<style>\n#row-766061035 > .col > .col-inner {\n  padding: 0px 0px 0px 0px;\n}\n<\/style>\n<\/div>\n\t\t<\/div>\n\n\t\t\n<style>\n#section_640760053 {\n  padding-top: 0px;\n  padding-bottom: 0px;\n}\n<\/style>\n\t<\/section>\n\t\n\n\t<section class=\"section blanco\" id=\"section_1688857987\">\n\t\t<div class=\"section-bg fill\" >\n\t\t\t<img loading=\"lazy\" decoding=\"async\" width=\"1620\" height=\"1080\" src=\"https:\/\/www.sqinsertec.com\/wp-content\/uploads\/elements-of-exhaust-pipes-stored-away-2021-08-26-15-42-58-utc.jpg\" class=\"bg attachment-original size-original\" alt=\"Elements Of Exhaust Pipes, Stored Away\" \/>\t\t\t\t\t\t\n\t\t\t\n\n\t\t<\/div>\n\n\t\t\n\n\t\t<div class=\"section-content relative\">\n\t\t\t\n<div class=\"row align-middle align-center\"  id=\"row-1880013366\">\n\n\t<div id=\"col-1264893708\" class=\"col text-center medium-6 large-6\"  >\n\t\t\t\t<div class=\"col-inner\"  >\n\t\t\t\n\t\t\t\n\t\t<\/div>\n\t\t\t\t\t<\/div>\n\n\t\n<\/div>\n\t\t<\/div>\n\n\t\t\n<style>\n#section_1688857987 {\n  padding-top: 50px;\n  padding-bottom: 50px;\n}\n@media (min-width:550px) {\n  #section_1688857987 {\n    padding-top: 70px;\n    padding-bottom: 70px;\n  }\n}\n@media (min-width:850px) {\n  #section_1688857987 {\n    padding-top: 100px;\n    padding-bottom: 100px;\n  }\n}\n<\/style>\n\t<\/section>\n\t\n\n\t<section class=\"section dark\" id=\"section_1044400101\">\n\t\t<div class=\"section-bg fill\" >\n\t\t\t\t\t\t\t\t\t\n\t\t\t\n\n\t\t<\/div>\n\n\t\t\n\n\t\t<div class=\"section-content relative\">\n\t\t\t\n<div class=\"row align-middle align-center\"  id=\"row-1971135946\">\n\n\t<div id=\"col-953721651\" class=\"col medium-4 large-4\"  >\n\t\t\t\t<div class=\"col-inner\"  >\n\t\t\t\n\t\t\t\n\t<div class=\"ux-menu stack stack-col justify-start ux-menu--divider-solid\">\n\t\t\n\t<div class=\"ux-menu-link flex menu-item\">\n\t\t<a class=\"ux-menu-link__link flex\" href=\"#JDX-99\" >\n\t\t\t<i class=\"ux-menu-link__icon text-center icon-plus\" aria-hidden=\"true\"><\/i>\t\t\t<span class=\"ux-menu-link__text\">\n\t\t\t\tCarbure de silicium JDX-99\t\t\t<\/span>\n\t\t<\/a>\n\t<\/div>\n\t\n\t<div class=\"ux-menu-link flex menu-item\">\n\t\t<a class=\"ux-menu-link__link flex\" href=\"#JDX-90\" >\n\t\t\t<i class=\"ux-menu-link__icon text-center icon-plus\" aria-hidden=\"true\"><\/i>\t\t\t<span class=\"ux-menu-link__text\">\n\t\t\t\tCarbure de silicium JDX-90\t\t\t<\/span>\n\t\t<\/a>\n\t<\/div>\n\t\n\t<\/div>\n\t\n\t\t<\/div>\n\t\t\t\t\t<\/div>\n\n\t\n<\/div>\n\t\t<\/div>\n\n\t\t\n<style>\n#section_1044400101 {\n  padding-top: 20px;\n  padding-bottom: 20px;\n  background-color: #0e357a;\n}\n<\/style>\n\t<\/section>\n\t\n<span class=\"scroll-to\" data-label=\"Scroll to: #JDX-99\" data-bullet=\"false\" data-link=\"#JDX-99\" data-title=\"Change this\"><a name=\"JDX-99\"><\/a><\/span>\n\n\t<section class=\"section\" id=\"section_1774805001\">\n\t\t<div class=\"section-bg fill\" >\n\t\t\t\t\t\t\t\t\t\n\t\t\t\n\n\t\t<\/div>\n\n\t\t\n\n\t\t<div class=\"section-content relative\">\n\t\t\t\n<div class=\"row align-center\"  id=\"row-859065499\">\n\n\t<div id=\"col-1672337327\" class=\"col text-center medium-8 large-8\"  >\n\t\t\t\t<div class=\"col-inner\"  >\n\t\t\t\n\t\t\t\n<div class=\"container section-title-container\" ><h2 class=\"section-title section-title-center\"><b aria-hidden=\"true\"><\/b><span class=\"section-title-main\" >Carbure de silicium JDX-99<\/span><b aria-hidden=\"true\"><\/b><\/h2><\/div>\n<p>Faible teneur en impuret\u00e9s, fusion rapide, permettant une analyse homog\u00e8ne et constante des alliages en fusion.<\/p>\n\t\t<\/div>\n\t\t\t\t\t<\/div>\n\n\t\n<\/div>\n<div class=\"row\"  id=\"row-918011128\">\n\n\t<div id=\"col-667268888\" class=\"col medium-6 large-6\"  >\n\t\t\t\t<div class=\"col-inner\"  >\n\t\t\t\n\t\t\t\n<div class=\"container section-title-container\" ><h4 class=\"section-title section-title-normal\"><b aria-hidden=\"true\"><\/b><span class=\"section-title-main\" >Domaines d\u2019application<\/span><b aria-hidden=\"true\"><\/b><\/h4><\/div>\n<p>Fontes GS, notamment, les pi\u00e8ces de turbo, d\u2019\u00e9oliennes, de freins, tuyaux, etc&#8230;<br \/>Fontes vermiculaire (blocks moteurs, culasses, corps de pompe hydraulique, tambours de frein,&#8230;<br \/>Fonte grise, comme les machines-outils, les machines de g\u00e9nie m\u00e9canique, etc.<\/p>\n\t<div class=\"img has-hover x md-x lg-x y md-y lg-y\" id=\"image_1216634261\">\n\t\t\t\t\t\t\t\t<div class=\"img-inner dark\" >\n\t\t\t<img loading=\"lazy\" decoding=\"async\" width=\"424\" height=\"304\" src=\"https:\/\/www.sqinsertec.com\/wp-content\/uploads\/jdx-99-1.jpg\" class=\"attachment-original size-original\" alt=\"Jdx 99\" srcset=\"https:\/\/www.sqinsertec.com\/wp-content\/uploads\/jdx-99-1.jpg 424w, https:\/\/www.sqinsertec.com\/wp-content\/uploads\/jdx-99-1-300x215.jpg 300w\" sizes=\"auto, (max-width: 424px) 100vw, 424px\" \/>\t\t\t\t\t\t\n\t\t\t\t\t<\/div>\n\t\t\t\t\t\t\t\t\n<style>\n#image_1216634261 {\n  width: 65%;\n}\n<\/style>\n\t<\/div>\n\t\n\t\t<\/div>\n\t\t\t\t\t<\/div>\n\n\t\n\n\t<div id=\"col-819514506\" class=\"col medium-6 large-6\"  >\n\t\t\t\t<div class=\"col-inner\"  >\n\t\t\t\n\t\t\t\n<div class=\"container section-title-container\" ><h4 class=\"section-title section-title-normal\"><b aria-hidden=\"true\"><\/b><span class=\"section-title-main\" >Instructions d\u2019utilisation<\/span><b aria-hidden=\"true\"><\/b><\/h4><\/div>\n<ul class=\"arrow-list\">\n<li>JDX-99 1\u20135 mm principalement utilis\u00e9 dans le four, taux d\u2019ajout recommand\u00e9 : 0,8\u20131,2 %.<\/li>\n<li>JDX-99 0,2\u20131 mm principalement utilis\u00e9 pour le pr\u00e9traitement en poche, taux d\u2019ajout recommand\u00e9 : 0,1\u20130,3 %.<\/li>\n<\/ul>\n<div class=\"container section-title-container\" ><h4 class=\"section-title section-title-normal\"><b aria-hidden=\"true\"><\/b><span class=\"section-title-main\" >Sp\u00e9cifications<\/span><b aria-hidden=\"true\"><\/b><\/h4><\/div>\n\n<table width=\"100%\">\n<tbody>\n<tr>\n<th>SIC<\/th>\n<th>Fe2O3<\/th>\n<th>F.C.<\/th>\n<th>S<\/th>\n<th>Al<\/th>\n<\/tr>\n<tr>\n<td>98.5-99.5%<\/td>\n<td>\u22640.3%<\/td>\n<td>\u22640.3%<\/td>\n<td>\u22640.01%<\/td>\n<td>0.01%<\/td>\n<\/tr>\n<\/tbody>\n<\/table>\n\n<div class=\"container section-title-container\" ><h4 class=\"section-title section-title-normal\"><b aria-hidden=\"true\"><\/b><span class=\"section-title-main\" >Granulom\u00e9trie<\/span><b aria-hidden=\"true\"><\/b><\/h4><\/div>\n<p>0.2-1 mm or 1-5 mm<\/p>\n\t\t<\/div>\n\t\t\t\t\t<\/div>\n\n\t\n<\/div>\n\t\t<\/div>\n\n\t\t\n<style>\n#section_1774805001 {\n  padding-top: 30px;\n  padding-bottom: 30px;\n}\n<\/style>\n\t<\/section>\n\t\n<span class=\"scroll-to\" data-label=\"Scroll to: #JDX-90\" data-bullet=\"false\" data-link=\"#JDX-90\" data-title=\"Change this\"><a name=\"JDX-90\"><\/a><\/span>\n\n\t<section class=\"section\" id=\"section_870446192\">\n\t\t<div class=\"section-bg fill\" >\n\t\t\t\t\t\t\t\t\t\n\t\t\t\n\n\t\t<\/div>\n\n\t\t\n\n\t\t<div class=\"section-content relative\">\n\t\t\t\n<div class=\"row align-center\"  id=\"row-677008563\">\n\n\t<div id=\"col-336195734\" class=\"col medium-8 large-8\"  >\n\t\t\t\t<div class=\"col-inner\"  >\n\t\t\t\n\t\t\t\n<div class=\"container section-title-container\" ><h2 class=\"section-title section-title-center\"><b aria-hidden=\"true\"><\/b><span class=\"section-title-main\" >Carbure de silicium JDX-90<\/span><b aria-hidden=\"true\"><\/b><\/h2><\/div>\n<p>Produit \u00e9conomique, \u00e0 dissolution rapide dans le alliages en fusion, particuli\u00e8rement pour le fonte GS.\n<\/p>\n\t\t<\/div>\n\t\t\t\t\t<\/div>\n\n\t\n<\/div>\n<div class=\"row\"  id=\"row-431658637\">\n\n\t<div id=\"col-741375966\" class=\"col medium-6 large-6\"  >\n\t\t\t\t<div class=\"col-inner\"  >\n\t\t\t\n\t\t\t\n<div class=\"container section-title-container\" ><h4 class=\"section-title section-title-normal\"><b aria-hidden=\"true\"><\/b><span class=\"section-title-main\" >Domaines d\u2019application<\/span><b aria-hidden=\"true\"><\/b><\/h4><\/div>\n<p>Fontes GS : raccords de vannes, machines agricoles, machines de g\u00e9nie m\u00e9canique, fus\u00e9es de direction de suspension automobile, etc.<br \/>Fonte vermiculaire : blocs et culasses de moteur, corps de vannes hydrauliques, etc.<br \/>Fonte grise : disques de frein, machines-outils, etc.<\/p>\n\t<div class=\"img has-hover x md-x lg-x y md-y lg-y\" id=\"image_1291363398\">\n\t\t\t\t\t\t\t\t<div class=\"img-inner dark\" >\n\t\t\t<img loading=\"lazy\" decoding=\"async\" width=\"463\" height=\"322\" src=\"https:\/\/www.sqinsertec.com\/wp-content\/uploads\/jdx-90.jpg\" class=\"attachment-original size-original\" alt=\"Jdx 90\" srcset=\"https:\/\/www.sqinsertec.com\/wp-content\/uploads\/jdx-90.jpg 463w, https:\/\/www.sqinsertec.com\/wp-content\/uploads\/jdx-90-300x209.jpg 300w\" sizes=\"auto, (max-width: 463px) 100vw, 463px\" \/>\t\t\t\t\t\t\n\t\t\t\t\t<\/div>\n\t\t\t\t\t\t\t\t\n<style>\n#image_1291363398 {\n  width: 65%;\n}\n<\/style>\n\t<\/div>\n\t\n\t\t<\/div>\n\t\t\t\t\t<\/div>\n\n\t\n\n\t<div id=\"col-1065007144\" class=\"col medium-6 large-6\"  >\n\t\t\t\t<div class=\"col-inner\"  >\n\t\t\t\n\t\t\t\n<div class=\"container section-title-container\" ><h4 class=\"section-title section-title-normal\"><b aria-hidden=\"true\"><\/b><span class=\"section-title-main\" >Instructions d\u2019utilisation<\/span><b aria-hidden=\"true\"><\/b><\/h4><\/div>\n<ul class=\"arrow-list\">\n<li>JDX-90 1\u20135 mm principalement utilis\u00e9 pour les fours \u00e0 induction, taux d\u2019ajout recommand\u00e9 : 0,8\u20131,2 %.<\/li>\n<li>JDX-90 0,5\u20131 mm principalement utilis\u00e9 pour le pr\u00e9traitement en poche, taux d\u2019ajout recommand\u00e9 : 0,1\u20130,3 %.<\/li>\n<li>JDX-90 40\u201390 mm principalement utilis\u00e9 pour les cubilots, taux d\u2019ajout recommand\u00e9 : 0,8\u20131,5 %.<\/li>\n<\/ul>\n<div class=\"container section-title-container\" ><h4 class=\"section-title section-title-normal\"><b aria-hidden=\"true\"><\/b><span class=\"section-title-main\" >Sp\u00e9cifications<\/span><b aria-hidden=\"true\"><\/b><\/h4><\/div>\n\n<table width=\"100%\">\n<tbody>\n<tr>\n<th>SIC<\/th>\n<th>Fe2O3<\/th>\n<th>F.C.<\/th>\n<th>S<\/th>\n<th>Al<\/th>\n<\/tr>\n<tr>\n<td>90-92%<\/td>\n<td>\u22642%<\/td>\n<td>\u22642%<\/td>\n<td>\u22640.03%<\/td>\n<td>0.01%<\/td>\n<\/tr>\n<\/tbody>\n<\/table>\n\n<div class=\"container section-title-container\" ><h4 class=\"section-title section-title-normal\"><b aria-hidden=\"true\"><\/b><span class=\"section-title-main\" >Granulom\u00e9trie<\/span><b aria-hidden=\"true\"><\/b><\/h4><\/div>\n<p>0,5\u20131 mm ou 1\u20135 mm pour fours \u00e0 induction, 40\u201390 mm pour cubilots<\/p>\n\t\t<\/div>\n\t\t\t\t\t<\/div>\n\n\t\n<\/div>\n\t\t<\/div>\n\n\t\t\n<style>\n#section_870446192 {\n  padding-top: 30px;\n  padding-bottom: 30px;\n  background-color: rgb(240, 245, 250);\n}\n<\/style>\n\t<\/section>\n\t\n\n\t<section class=\"section\" id=\"section_2008888528\">\n\t\t<div class=\"section-bg fill\" >\n\t\t\t\t\t\t\t\t\t\n\t\t\t\n\n\t\t<\/div>\n\n\t\t\n\n\t\t<div class=\"section-content relative\">\n\t\t\t\r\n\r\n<div class=\"row align-center\"  id=\"row-929718088\">\r\n\r\n\n\t<div id=\"col-579304354\" class=\"col medium-6 large-6\"  >\n\t\t\t\t<div class=\"col-inner text-center\"  >\n\t\t\t\n\t\t\t\r\n\r\n\t<div id=\"text-1076089222\" class=\"text\">\n\t\t\r\n\r\n<h2>D\u00e9couvrez SQ Insertec<\/h2>\r\n\t\t\n<style>\n#text-1076089222 {\n  text-align: center;\n}\n<\/style>\n\t<\/div>\n\t\r\n\t<div id=\"text-3347594171\" class=\"text center-section\">\n\t\t\r\n\r\n<p>Contactez-nous et nous vous aiderons dans les plus brefs d\u00e9lais.\r\n<\/p>\r\n\t\t\t<\/div>\n\t\r\n<a data-animate=\"flipInX\" href=\"https:\/\/www.sqinsertec.com\/fr\/contactez-nous\/\" class=\"button primary is-primary\" >\n\t\t<span>Contactez-nous<\/span>\n\t<i class=\"icon-angle-right\" aria-hidden=\"true\"><\/i><\/a>\n\r\n\r\n\r\n\t\t<\/div>\n\t\t\t\t\t<\/div>\n\n\t\r\n\r\n<\/div>\r\n\r\n\t\t<\/div>\n\n\t\t\n<style>\n#section_2008888528 {\n  padding-top: 30px;\n  padding-bottom: 30px;\n  margin-bottom: 20px 0;\n}\n<\/style>\n\t<\/section>\n\t\n","protected":false},"excerpt":{"rendered":"","protected":false},"author":1,"featured_media":0,"parent":3864,"menu_order":0,"comment_status":"closed","ping_status":"closed","template":"","meta":{"inline_featured_image":false,"footnotes":""},"class_list":["post-4252","page","type-page","status-publish","hentry"],"_links":{"self":[{"href":"https:\/\/www.sqinsertec.com\/fr\/wp-json\/wp\/v2\/pages\/4252","targetHints":{"allow":["GET"]}}],"collection":[{"href":"https:\/\/www.sqinsertec.com\/fr\/wp-json\/wp\/v2\/pages"}],"about":[{"href":"https:\/\/www.sqinsertec.com\/fr\/wp-json\/wp\/v2\/types\/page"}],"author":[{"embeddable":true,"href":"https:\/\/www.sqinsertec.com\/fr\/wp-json\/wp\/v2\/users\/1"}],"replies":[{"embeddable":true,"href":"https:\/\/www.sqinsertec.com\/fr\/wp-json\/wp\/v2\/comments?post=4252"}],"version-history":[{"count":5,"href":"https:\/\/www.sqinsertec.com\/fr\/wp-json\/wp\/v2\/pages\/4252\/revisions"}],"predecessor-version":[{"id":4510,"href":"https:\/\/www.sqinsertec.com\/fr\/wp-json\/wp\/v2\/pages\/4252\/revisions\/4510"}],"up":[{"embeddable":true,"href":"https:\/\/www.sqinsertec.com\/fr\/wp-json\/wp\/v2\/pages\/3864"}],"wp:attachment":[{"href":"https:\/\/www.sqinsertec.com\/fr\/wp-json\/wp\/v2\/media?parent=4252"}],"curies":[{"name":"wp","href":"https:\/\/api.w.org\/{rel}","templated":true}]}}