{"id":4266,"date":"2026-02-03T21:37:24","date_gmt":"2026-02-03T20:37:24","guid":{"rendered":"https:\/\/www.sqinsertec.com\/sq-insertec\/"},"modified":"2026-03-12T12:18:11","modified_gmt":"2026-03-12T11:18:11","slug":"sq-insertec","status":"publish","type":"page","link":"https:\/\/www.sqinsertec.com\/fr\/","title":{"rendered":"SQ Insertec"},"content":{"rendered":"<div class=\"slider-wrapper relative\" id=\"slider-1034157905\" >\n    <div class=\"slider slider-nav-circle slider-nav-large slider-nav-light slider-style-normal slider-show-nav\"\n        data-flickity-options='{\n            \"cellAlign\": \"center\",\n            \"imagesLoaded\": true,\n            \"lazyLoad\": 1,\n            \"freeScroll\": false,\n            \"wrapAround\": true,\n            \"autoPlay\": 6000,\n            \"pauseAutoPlayOnHover\" : true,\n            \"prevNextButtons\": true,\n            \"contain\" : true,\n            \"adaptiveHeight\" : true,\n            \"dragThreshold\" : 10,\n            \"percentPosition\": true,\n            \"pageDots\": true,\n            \"rightToLeft\": false,\n            \"draggable\": true,\n            \"selectedAttraction\": 0.1,\n            \"parallax\" : 0,\n            \"friction\": 0.6        }'\n        >\n        \n\n  <div class=\"banner has-hover\" id=\"banner-900032328\">\n          <div class=\"banner-inner fill\">\n        <div class=\"banner-bg fill\" >\n            <img loading=\"lazy\" decoding=\"async\" width=\"2319\" height=\"500\" src=\"https:\/\/www.sqinsertec.com\/wp-content\/uploads\/SQInsertec-banner3-28-03-2019-1.jpg\" class=\"bg attachment-original size-original\" alt=\"Sqinsertec Banner3 28 03 2019\" \/>                                    \n                    <\/div>\n\t\t\n        <div class=\"banner-layers container\">\n            <div class=\"fill banner-link\"><\/div>            \n   <div id=\"text-box-1881872789\" class=\"text-box banner-layer x50 md-x50 lg-x50 y50 md-y50 lg-y50 res-text\">\n                                <div class=\"text-box-content text dark\">\n              \n              <div class=\"text-inner text-center\">\n                  \n\t<div id=\"text-3769859266\" class=\"text\">\n\t\t\n<h1 class=\"uppercase\"><strong>PROGR\u00c8S \/ INNOVATION<\/strong><\/h1>\n\t\t\n<style>\n#text-3769859266 {\n  text-align: center;\n}\n<\/style>\n\t<\/div>\n\t\n\t<div id=\"text-1566726779\" class=\"text center-section\">\n\t\t\n<p>Notre d\u00e9fi<\/p>\n\t\t\n<style>\n#text-1566726779 {\n  font-size: 2.75rem;\n  text-align: center;\n}\n<\/style>\n\t<\/div>\n\t\n              <\/div>\n           <\/div>\n                            \n<style>\n#text-box-1881872789 .text-box-content {\n  background-color: rgba(14, 14, 14, 0.547);\n  font-size: 100%;\n}\n#text-box-1881872789 .text-inner {\n  padding: 50px 50px 50px 50px;\n}\n#text-box-1881872789 {\n  width: 60%;\n}\n<\/style>\n    <\/div>\n \n        <\/div>\n      <\/div>\n\n            \n<style>\n#banner-900032328 {\n  padding-top: 600px;\n}\n<\/style>\n  <\/div>\n\n\n\n  <div class=\"banner has-hover\" id=\"banner-289854472\">\n          <div class=\"banner-inner fill\">\n        <div class=\"banner-bg fill\" >\n            <img loading=\"lazy\" decoding=\"async\" width=\"2319\" height=\"500\" src=\"https:\/\/www.sqinsertec.com\/wp-content\/uploads\/SQInsertec-banner1-28-03-2019.jpg\" class=\"bg attachment-original size-original\" alt=\"Sqinsertec Banner1 28 03 2019\" \/>                                    \n                    <\/div>\n\t\t\n        <div class=\"banner-layers container\">\n            <div class=\"fill banner-link\"><\/div>            \n   <div id=\"text-box-1907108658\" class=\"text-box banner-layer x50 md-x50 lg-x50 y50 md-y50 lg-y50 res-text\">\n                                <div class=\"text-box-content text dark\">\n              \n              <div class=\"text-inner text-center\">\n                  \n\t<div id=\"text-4225177704\" class=\"text\">\n\t\t\n<h1 class=\"uppercase\"><strong>FOURNISSEUR EUROP\u00c9EN DE PRODUITS POUR FONDERIES ET SID\u00c9RURGIE<\/strong><\/h1>\n\t\t\n<style>\n#text-4225177704 {\n  text-align: center;\n}\n<\/style>\n\t<\/div>\n\t\n\t<div id=\"text-3619669276\" class=\"text center-section\">\n\t\t\n<p>Construire l\u2019avenir ensemble<\/p>\n\t\t\n<style>\n#text-3619669276 {\n  font-size: 2.75rem;\n  text-align: center;\n}\n<\/style>\n\t<\/div>\n\t\n              <\/div>\n           <\/div>\n                            \n<style>\n#text-box-1907108658 .text-box-content {\n  background-color: rgba(14, 14, 14, 0.547);\n  font-size: 100%;\n}\n#text-box-1907108658 .text-inner {\n  padding: 50px 50px 50px 50px;\n}\n#text-box-1907108658 {\n  width: 60%;\n}\n<\/style>\n    <\/div>\n \n        <\/div>\n      <\/div>\n\n            \n<style>\n#banner-289854472 {\n  padding-top: 600px;\n}\n<\/style>\n  <\/div>\n\n\n     <\/div>\n\n     <div class=\"loading-spin dark large centered\"><\/div>\n\n\t<\/div>\n\n\n\n\t<section class=\"section\" id=\"section_1439483314\">\n\t\t<div class=\"section-bg fill\" >\n\t\t\t\t\t\t\t\t\t\n\t\t\t\n\n\t\t<\/div>\n\n\t\t\n\n\t\t<div class=\"section-content relative\">\n\t\t\t\n<div class=\"row\"  id=\"row-1476521528\">\n\n\t<div id=\"col-175393479\" class=\"col small-12 large-12\"  data-animate=\"fadeInRight\">\n\t\t\t\t<div class=\"col-inner text-center\"  >\n\t\t\t\n\t\t\t\n<h2>Des solutions rentables pour de nombreuses applications<\/h2>\n<a href=\"https:\/\/www.sqinsertec.com\/fr\/nos-produits\/\" class=\"button primary is-outline is-medium\" >\n\t\t<span>Voir les produits<\/span>\n\t<\/a>\n\n\t\t<\/div>\n\t\t\t\t\n<style>\n#col-175393479 > .col-inner {\n  padding: 70px 0px 0px 70px;\n}\n<\/style>\n\t<\/div>\n\n\t\n<\/div>\n\t\t<\/div>\n\n\t\t\n<style>\n#section_1439483314 {\n  padding-top: 20px;\n  padding-bottom: 20px;\n  background-color: rgb(240, 245, 250);\n}\n<\/style>\n\t<\/section>\n\t\n\n  <div class=\"banner has-hover\" id=\"banner-988562844\">\n          <div class=\"banner-inner fill\">\n        <div class=\"banner-bg fill\" >\n            <img loading=\"lazy\" decoding=\"async\" width=\"1800\" height=\"715\" src=\"https:\/\/www.sqinsertec.com\/wp-content\/uploads\/bola_verde-1.jpg\" class=\"bg attachment-original size-original\" alt=\"Bola Verde\" \/>                                    \n                    <\/div>\n\t\t\n        <div class=\"banner-layers container\">\n            <div class=\"fill banner-link\"><\/div>            \n   <div id=\"text-box-1986292733\" class=\"text-box banner-layer x0 md-x0 lg-x0 y50 md-y50 lg-y50 res-text\">\n                                <div class=\"text-box-content text \">\n              \n              <div class=\"text-inner text-center\">\n                  \n<h2 style=\"text-align: center;\">QUALIT\u00c9 \/ ENVIRONNEMENT<\/h2>\n<ul class=\"tick-list\">\n<li>SQ Insertec dispose d\u2019un syst\u00e8me de management de la qualit\u00e9 certifi\u00e9 selon la norme <a href=\"\/wp-content\/uploads\/2025\/07\/Certificado_SQ-INSERTEC-EUROPE-ISO-9001.pdf\" target=\"_blank\" rel=\"noopener\">ISO 9001 : 2015<\/a>.<\/li>\n<li>SQ Insertec dispose d\u2019un syst\u00e8me de management environnemental certifi\u00e9 selon la norme <a href=\"\/wp-content\/uploads\/2025\/07\/Certificado_SQ-INSERTEC-EUROPE-ISO-14001.pdf\" target=\"_blank\" rel=\"noopener\">ISO 14001: 2015<\/a><\/li>\n<\/ul>\n<p>SQInsertec Europe, S.L. met \u00e0 disposition sa politique en mati\u00e8re de qualit\u00e9, d\u2019environnement et de s\u00e9curit\u00e9 au travail. Pour toute information compl\u00e9mentaire concernant cette politique, <a href=\"https:\/\/www.sqinsertec.com\/fr\/contactez-nous\/\">veuillez nous contacter<\/a>. <\/p>\n              <\/div>\n           <\/div>\n                            \n<style>\n#text-box-1986292733 .text-box-content {\n  background-color: rgba(255, 255, 255, 0.5);\n  font-size: 100%;\n}\n#text-box-1986292733 .text-inner {\n  padding: 15px 15px 15px 15px;\n}\n#text-box-1986292733 {\n  width: 60%;\n}\n<\/style>\n    <\/div>\n \n        <\/div>\n      <\/div>\n\n            \n<style>\n#banner-988562844 {\n  padding-top: 500px;\n}\n<\/style>\n  <\/div>\n\n\n","protected":false},"excerpt":{"rendered":"","protected":false},"author":1,"featured_media":0,"parent":0,"menu_order":0,"comment_status":"closed","ping_status":"closed","template":"","meta":{"inline_featured_image":false,"footnotes":""},"class_list":["post-4266","page","type-page","status-publish","hentry"],"_links":{"self":[{"href":"https:\/\/www.sqinsertec.com\/fr\/wp-json\/wp\/v2\/pages\/4266","targetHints":{"allow":["GET"]}}],"collection":[{"href":"https:\/\/www.sqinsertec.com\/fr\/wp-json\/wp\/v2\/pages"}],"about":[{"href":"https:\/\/www.sqinsertec.com\/fr\/wp-json\/wp\/v2\/types\/page"}],"author":[{"embeddable":true,"href":"https:\/\/www.sqinsertec.com\/fr\/wp-json\/wp\/v2\/users\/1"}],"replies":[{"embeddable":true,"href":"https:\/\/www.sqinsertec.com\/fr\/wp-json\/wp\/v2\/comments?post=4266"}],"version-history":[{"count":5,"href":"https:\/\/www.sqinsertec.com\/fr\/wp-json\/wp\/v2\/pages\/4266\/revisions"}],"predecessor-version":[{"id":4375,"href":"https:\/\/www.sqinsertec.com\/fr\/wp-json\/wp\/v2\/pages\/4266\/revisions\/4375"}],"wp:attachment":[{"href":"https:\/\/www.sqinsertec.com\/fr\/wp-json\/wp\/v2\/media?parent=4266"}],"curies":[{"name":"wp","href":"https:\/\/api.w.org\/{rel}","templated":true}]}}