{"id":4327,"date":"2026-02-23T08:13:00","date_gmt":"2026-02-23T07:13:00","guid":{"rendered":"https:\/\/www.sqinsertec.com\/?page_id=4327"},"modified":"2026-02-23T08:38:50","modified_gmt":"2026-02-23T07:38:50","slug":"politique-de-confidentialite","status":"publish","type":"page","link":"https:\/\/www.sqinsertec.com\/fr\/politique-de-confidentialite\/","title":{"rendered":"Politique de confidentialit\u00e9"},"content":{"rendered":"<div class=\"row\"  id=\"row-2047697788\">\n\n\t<div id=\"col-1336928521\" class=\"col small-12 large-12\"  >\n\t\t\t\t<div class=\"col-inner\"  >\n\t\t\t\n\t\t\t\n\t<div id=\"text-719289476\" class=\"text\">\n\t\t\n<h1>Politique de confidentialit\u00e9<\/h1>\n\t\t\n<style>\n#text-719289476 {\n  font-size: 1.5rem;\n}\n<\/style>\n\t<\/div>\n\t\n<span><span><a href=\"https:\/\/www.sqinsertec.com\/fr\/\">SQInsertec<\/a><\/span><\/span>\n\t\t<\/div>\n\t\t\t\t\n<style>\n#col-1336928521 > .col-inner {\n  padding: 30px 0px 0px 0px;\n}\n<\/style>\n\t<\/div>\n\n\t\n<\/div>\n<div class=\"row\"  id=\"row-734940847\">\n\n\t<div id=\"col-433086315\" class=\"col small-12 large-12\"  >\n\t\t\t\t<div class=\"col-inner text-left\"  >\n\t\t\t\n\t\t\t\n<p>Dans notre Entit\u00e9, nous avons adapt\u00e9 nos protocoles et politiques de confidentialit\u00e9 au R\u00e8glement europ\u00e9en sur la protection des donn\u00e9es 679\/2016 (RGPD) et LO 3\/2018, du 5 d\u00e9cembre, sur la protection des donn\u00e9es personnelles et la garantie des droits num\u00e9riques, \u00e9tant donn\u00e9 que nous sommes pr\u00e9occup\u00e9s sur la s\u00e9curit\u00e9 et la protection des donn\u00e9es que nous traitons.<\/p>\n<h2>1.- Qui est responsable du traitement des donn\u00e9es<\/h2>\n<p>SQ INSERTEC EUROPE, S.L., dont l&rsquo;adresse est c\/La Bureba n\u00ba 2,CP 09007 Burgos est responsable du traitement correct de vos donn\u00e9es. Vous pouvez consulter sur ce traitement via l&rsquo;e-mail suivant <a href=\"mailto:infosqi@sqinsertec.com\">infosqi@sqinsertec.com<\/a>.  <\/p>\n<p><h2>2.- \u00c0 quelle fin utilisons-nous vos donn\u00e9es ?<\/h2>\n<p>Chez SQ INSERTEC EUROPE, S.L., nous traitons les informations qui nous sont fournies par les parties int\u00e9ress\u00e9es afin de :<\/p>\n<ul>\n<li>Respecter les avantages et services que nous souscrivons avec le client.<\/li>\n<li>Traiter et g\u00e9rer les demandes relatives aux produits, services et m\u00eame aux CV que nous pouvons recevoir et traiter.<\/li>\n<li>G\u00e9rez p\u00e9riodiquement l&rsquo;abonnement \u00e0 notre Newsletter.<\/li>\n<\/ul>\n<h2>3.- Quelle est la base juridique du traitement des donn\u00e9es<\/h2>\n<p>L&rsquo;utilisation des donn\u00e9es que vous nous avez fournies avec votre consentement est n\u00e9cessaire \u00e0 la bonne gestion des relations avec les utilisateurs et, en outre, pour pouvoir respecter les obligations l\u00e9gales.<\/p>\n<p>\u00c0 tout moment, vous pouvez exprimer votre opposition \u00e0 l&rsquo;utilisation de vos donn\u00e9es et, par cons\u00e9quent, annuler tout type de gestion avec celles-ci, en laissant uniquement vos donn\u00e9es bloqu\u00e9es pendant le temps l\u00e9galement pr\u00e9vu. Vous informer que le non-consentement peut entra\u00eener l&rsquo;impossibilit\u00e9 de fournir les services. <\/p>\n<h2>4.- Communication des donn\u00e9es<\/h2>\n<p>En principe, aucune donn\u00e9e ne sera transf\u00e9r\u00e9e sauf si la loi l&rsquo;exige.<\/p>\n<p>Cependant, nous partagerons vos donn\u00e9es avec des prestataires de services qui nous aident ou nous soutiennent, ou avec des collaborateurs externes avec lesquels nous avons conclu des accords. <\/p>\n<h2>5.- Conservation des donn\u00e9es <\/h2>\n<p>Nous ne conserverons vos donn\u00e9es personnelles que pendant le temps n\u00e9cessaire pour atteindre la finalit\u00e9 pour laquelle elles ont \u00e9t\u00e9 collect\u00e9es, tant que nous entretenons une relation contractuelle, tant qu&rsquo;il existe une obligation l\u00e9gale qui l&rsquo;y oblige ou tant que vous n&rsquo;exercez aucun des droits qui nous obligent. ne peut pas traiter vos donn\u00e9es.<\/p>\n<h2>6.- Comment puis-je exercer mes droits<\/h2>\n<p>En tant que titulaire des droits, vous avez le contr\u00f4le de vos donn\u00e9es et, par cons\u00e9quent, vous pouvez \u00e0 tout moment exercer vos droits en nous envoyant un email \u00e0 <a href=\"mailto:infosqi@sqinsertec.com\">infosqi@sqinsertec.com<\/a><\/p>\n<p>Les droits que vous pouvez exercer sont :<\/p>\n<ul>\n<li>Acc\u00e8s \u2013 Vous pouvez consulter vos donn\u00e9es personnelles trait\u00e9es par cette entit\u00e9<\/li>\n<li>Rectification \u2013 Vous pouvez modifier vos donn\u00e9es personnelles lorsqu&rsquo;elles sont inexactes<\/li>\n<li>Suppression \u2013 Vous pouvez demander la suppression de vos donn\u00e9es personnelles<\/li>\n<li>Opposition \u2013 Vous pouvez demander qu\u2019aucune de vos donn\u00e9es personnelles ne soit trait\u00e9e<\/li>\n<li>Limitation du traitement \u2013 Vous pouvez demander la limitation du traitement de vos donn\u00e9es personnelles dans certaines circonstances.<\/li>\n<li>Portabilit\u00e9 \u2013 Vous pouvez recevoir les donn\u00e9es personnelles que vous nous avez fournies ou que nous avons obtenues dans le cadre de notre relation contractuelle, ainsi que les transmettre \u00e0 une autre entit\u00e9.<\/li>\n<\/ul>\n<p>Les utilisateurs sont inform\u00e9s qu&rsquo;ils ont le droit de r\u00e9voquer leur consentement \u00e0 tout moment, sans que cela n&rsquo;affecte la lic\u00e9it\u00e9 du traitement fond\u00e9 sur le consentement pr\u00e9alable \u00e0 son retrait.<\/p>\n<p>De m\u00eame, les int\u00e9ress\u00e9s sont inform\u00e9s qu&rsquo;ils peuvent introduire une r\u00e9clamation aupr\u00e8s de l&rsquo;autorit\u00e9 comp\u00e9tente en mati\u00e8re de contr\u00f4le de la protection des donn\u00e9es, notamment lorsqu&rsquo;ils n&rsquo;ont pas obtenu satisfaction dans l&rsquo;exercice de leurs droits.<\/p>\n<p>Pour exercer vos droits, joignez \u00e0 votre demande une copie de votre DNI ou document \u00e9quivalent prouvant votre identit\u00e9.<\/p>\n\t\t<\/div>\n\t\t\t\t\t<\/div>\n\n\t\n<\/div>\n","protected":false},"excerpt":{"rendered":"","protected":false},"author":1,"featured_media":0,"parent":0,"menu_order":0,"comment_status":"closed","ping_status":"closed","template":"","meta":{"inline_featured_image":false,"footnotes":""},"class_list":["post-4327","page","type-page","status-publish","hentry"],"_links":{"self":[{"href":"https:\/\/www.sqinsertec.com\/fr\/wp-json\/wp\/v2\/pages\/4327","targetHints":{"allow":["GET"]}}],"collection":[{"href":"https:\/\/www.sqinsertec.com\/fr\/wp-json\/wp\/v2\/pages"}],"about":[{"href":"https:\/\/www.sqinsertec.com\/fr\/wp-json\/wp\/v2\/types\/page"}],"author":[{"embeddable":true,"href":"https:\/\/www.sqinsertec.com\/fr\/wp-json\/wp\/v2\/users\/1"}],"replies":[{"embeddable":true,"href":"https:\/\/www.sqinsertec.com\/fr\/wp-json\/wp\/v2\/comments?post=4327"}],"version-history":[{"count":5,"href":"https:\/\/www.sqinsertec.com\/fr\/wp-json\/wp\/v2\/pages\/4327\/revisions"}],"predecessor-version":[{"id":4347,"href":"https:\/\/www.sqinsertec.com\/fr\/wp-json\/wp\/v2\/pages\/4327\/revisions\/4347"}],"wp:attachment":[{"href":"https:\/\/www.sqinsertec.com\/fr\/wp-json\/wp\/v2\/media?parent=4327"}],"curies":[{"name":"wp","href":"https:\/\/api.w.org\/{rel}","templated":true}]}}