{"id":4336,"date":"2026-02-23T08:16:40","date_gmt":"2026-02-23T07:16:40","guid":{"rendered":"https:\/\/www.sqinsertec.com\/?page_id=4336"},"modified":"2026-02-23T08:18:03","modified_gmt":"2026-02-23T07:18:03","slug":"politique-de-cookies","status":"publish","type":"page","link":"https:\/\/www.sqinsertec.com\/fr\/politique-de-cookies\/","title":{"rendered":"Politique de cookies"},"content":{"rendered":"<div class=\"row\"  id=\"row-653559668\">\n\n\t<div id=\"col-206782378\" class=\"col small-12 large-12\"  >\n\t\t\t\t<div class=\"col-inner\"  >\n\t\t\t\n\t\t\t\n<span><span><a href=\"https:\/\/www.sqinsertec.com\/fr\/\">SQInsertec<\/a><\/span><\/span>\n\t\t<\/div>\n\t\t\t\t\n<style>\n#col-206782378 > .col-inner {\n  padding: 30px 0px 0px 0px;\n}\n<\/style>\n\t<\/div>\n\n\t\n<\/div>\n<div class=\"row\"  id=\"row-1109435806\">\n\n\t<div id=\"col-455873278\" class=\"col small-12 large-12\"  >\n\t\t\t\t<div class=\"col-inner\"  >\n\t\t\t\n\t\t\t\n\t<div id=\"text-2073334532\" class=\"text\">\n\t\t\n<h1><i>Politique de cookies<\/i><\/h1>\n\t\t\n<style>\n#text-2073334532 {\n  font-size: 1.5rem;\n}\n<\/style>\n\t<\/div>\n\t\n\t\t<\/div>\n\t\t\t\t\n<style>\n#col-455873278 > .col-inner {\n  padding: 0 0px 0px 0px;\n}\n<\/style>\n\t<\/div>\n\n\t\n<\/div>\n<div class=\"row\"  id=\"row-519993396\">\n\n\t<div id=\"col-919847219\" class=\"col small-12 large-12\"  >\n\t\t\t\t<div class=\"col-inner\"  >\n\t\t\t\n\t\t\t\n<h2>Qu&rsquo;est-ce qu&rsquo;un cookie ?<\/h2>\n<p>Un Cookie est un petit fichier texte qu&rsquo;un site Internet d\u00e9pose sur votre ordinateur, t\u00e9l\u00e9phone ou tout autre appareil, contenant des informations relatives \u00e0 votre navigation sur ledit site. Les cookies sont n\u00e9cessaires pour faciliter la navigation et la rendre plus conviviale. <\/p>\n<p>Bien que le terme g\u00e9n\u00e9ral \u00ab Cookie \u00bb soit utilis\u00e9 dans cette politique, puisqu&rsquo;il s&rsquo;agit du principal mode de stockage d&rsquo;informations utilis\u00e9 par ce site Internet, l&rsquo;espace \u00ab Stockage Local \u00bb du navigateur est \u00e9galement utilis\u00e9 aux m\u00eames fins que les Cookies. En ce sens, toutes les informations incluses dans cette section sont \u00e9galement applicables \u00e0 ce \u00ab Stockage Local \u00bb. <\/p>\n<h2>A quoi servent les cookies sur ce site ?<\/h2>\n<p>Les cookies sont un \u00e9l\u00e9ment essentiel du fonctionnement de notre site Web. L&rsquo;objectif principal de nos Cookies est d&rsquo;am\u00e9liorer votre exp\u00e9rience de navigation. Par exemple, ils sont utilis\u00e9s pour m\u00e9moriser vos pr\u00e9f\u00e9rences lors de la navigation et lors de visites ult\u00e9rieures.  <br \/> Les informations collect\u00e9es dans les cookies nous permettent \u00e9galement d&rsquo;am\u00e9liorer le site Web en estimant les chiffres et les mod\u00e8les d&rsquo;utilisation, en adaptant le site Web aux int\u00e9r\u00eats individuels des utilisateurs, en acc\u00e9l\u00e9rant les recherches, etc. <\/p>\n<h2>Qui utilise les informations stock\u00e9es dans les cookies ? <\/h2>\n<p>Les informations stock\u00e9es dans les cookies de notre site Web sont utilis\u00e9es exclusivement par nous et nous n&rsquo;utilisons pas de \u00ab cookies tiers \u00bb (g\u00e9r\u00e9s par des entit\u00e9s externes pour fournir les services demand\u00e9s afin d&rsquo;am\u00e9liorer les services et l&rsquo;exp\u00e9rience utilisateur lors de la navigation sur un site Web). <\/p>\n<h2>Comment puis-je emp\u00eacher l&rsquo;utilisation de cookies sur ce site Web ?<\/h2>\n<p>Si vous pr\u00e9f\u00e9rez \u00e9viter l&rsquo;utilisation de cookies sur cette page en tenant compte des limitations ci-dessus, vous devez, d&rsquo;une part, d\u00e9sactiver l&rsquo;utilisation de cookies dans votre navigateur et, d&rsquo;autre part, supprimer les cookies enregistr\u00e9s dans votre navigateur associ\u00e9 \u00e0 ce site Internet.<\/p>\n<p>Cette possibilit\u00e9 d&rsquo;\u00e9viter l&rsquo;utilisation de Cookies peut \u00eatre exerc\u00e9e par vous \u00e0 tout moment.<\/p>\n<p>Diff\u00e9rents navigateurs proposent diff\u00e9rentes m\u00e9thodes pour bloquer et supprimer les cookies utilis\u00e9s par les sites Web. Vous pouvez modifier les param\u00e8tres de votre navigateur pour bloquer\/supprimer les cookies. Pour plus d&rsquo;informations sur la fa\u00e7on de g\u00e9rer et de supprimer les cookies, visitez <a href=\"https:\/\/en.wikipedia.org\/wiki\/HTTP_cookie\" rel=\"nofollow noopener\" target=\"_blank\">wikipedia.org<\/a>. , <a href=\"http:\/\/www.allaboutcookies.org\/\" rel=\"nofollow noopener\" target=\"_blank\">www.allaboutcookies.org<\/a>.    <\/p>\n<h2>Quels cookies sp\u00e9cifiques ce site Web utilise-t-il et \u00e0 quelles fins ?<\/h2>\n<p>Vous trouverez ci-dessous un tableau des cookies que nous pouvons activer ou d\u00e9sactiver, ceux utilis\u00e9s par ce site Web, ainsi que la description et un exemple de leur utilisation :<\/p>\n<div>\n<h3>Necesaria<\/h3>\n<div>\n<p>Las cookies necesarias son fundamentales para el funcionamiento b\u00e1sico del sitio web. Sin ellas, el sitio no puede realizar tareas de seguridad o personalizaci\u00f3n de sesi\u00f3n. Estas cookies no almacenan informaci\u00f3n de identificaci\u00f3n personal.<\/p>\n<\/div>\n<div>\n<table>\n<thead>\n<tr>\n<th>Cookie<\/th>\n<th>Duraci\u00f3n<\/th>\n<th>Descripci\u00f3n<\/th>\n<\/tr>\n<\/thead>\n<tbody>\n<tr>\n<td>CookieConsent<\/td>\n<td>1 a\u00f1o<\/td>\n<td>Almacena el estado de consentimiento de cookies del usuario para que no tenga que volver a aceptarlas en cada visita.<\/td>\n<\/tr>\n<tr>\n<td>cf_clearance<\/td>\n<td>1 a\u00f1o<\/td>\n<td>Cookie t\u00e9cnica de seguridad de Cloudflare Turnstile. Ayuda a verificar que el usuario es un humano y protege el sitio contra spam y bots.<\/td>\n<\/tr>\n<tr>\n<td>wordpress_test_cookie<\/td>\n<td>Sesi\u00f3n<\/td>\n<td>Utilizada por WordPress para comprobar si el navegador del usuario permite el uso de cookies.<\/td>\n<\/tr>\n<tr>\n<td>wp-settings-*<\/td>\n<td>1 a\u00f1o<\/td>\n<td>Almacena las preferencias de configuraci\u00f3n y apariencia del usuario dentro del sitio.<\/td>\n<\/tr>\n<\/tbody>\n<\/table><\/div>\n<h3>Anal\u00edtica<\/h3>\n<div>\n<p>Las cookies anal\u00edticas nos ayudan a entender c\u00f3mo los visitantes interact\u00faan con la p\u00e1gina, permiti\u00e9ndonos medir el n\u00famero de visitas y las fuentes de tr\u00e1fico de forma agregada y an\u00f3nima.<\/p>\n<\/div>\n<div>\n<table>\n<thead>\n<tr>\n<th>Cookie<\/th>\n<th>Duraci\u00f3n<\/th>\n<th>Descripci\u00f3n<\/th>\n<\/tr>\n<\/thead>\n<tbody>\n<tr>\n<td>_ga<\/td>\n<td>1 a\u00f1o 1 mes<\/td>\n<td>Cookie principal de Google Analytics. Se utiliza para distinguir a los usuarios de forma an\u00f3nima para generar datos estad\u00edsticos.<\/td>\n<\/tr>\n<tr>\n<td>_ga_*<\/td>\n<td>1 a\u00f1o 1 mes<\/td>\n<td>Utilizada por Google Analytics para mantener el estado de la sesi\u00f3n y rastrear la navegaci\u00f3n del usuario.<\/td>\n<\/tr>\n<tr>\n<td>_gcl_au<\/td>\n<td>3 meses<\/td>\n<td>Utilizada por Google Tag Manager para almacenar y realizar un seguimiento de las conversiones de forma propia (first-party).<\/td>\n<\/tr>\n<\/tbody>\n<\/table><\/div>\n<\/div>\n\t\t<\/div>\n\t\t\t\t\t<\/div>\n\n\t\n<\/div>\n","protected":false},"excerpt":{"rendered":"","protected":false},"author":1,"featured_media":0,"parent":0,"menu_order":0,"comment_status":"closed","ping_status":"closed","template":"","meta":{"inline_featured_image":false,"footnotes":""},"class_list":["post-4336","page","type-page","status-publish","hentry"],"_links":{"self":[{"href":"https:\/\/www.sqinsertec.com\/fr\/wp-json\/wp\/v2\/pages\/4336","targetHints":{"allow":["GET"]}}],"collection":[{"href":"https:\/\/www.sqinsertec.com\/fr\/wp-json\/wp\/v2\/pages"}],"about":[{"href":"https:\/\/www.sqinsertec.com\/fr\/wp-json\/wp\/v2\/types\/page"}],"author":[{"embeddable":true,"href":"https:\/\/www.sqinsertec.com\/fr\/wp-json\/wp\/v2\/users\/1"}],"replies":[{"embeddable":true,"href":"https:\/\/www.sqinsertec.com\/fr\/wp-json\/wp\/v2\/comments?post=4336"}],"version-history":[{"count":1,"href":"https:\/\/www.sqinsertec.com\/fr\/wp-json\/wp\/v2\/pages\/4336\/revisions"}],"predecessor-version":[{"id":4337,"href":"https:\/\/www.sqinsertec.com\/fr\/wp-json\/wp\/v2\/pages\/4336\/revisions\/4337"}],"wp:attachment":[{"href":"https:\/\/www.sqinsertec.com\/fr\/wp-json\/wp\/v2\/media?parent=4336"}],"curies":[{"name":"wp","href":"https:\/\/api.w.org\/{rel}","templated":true}]}}